{"id":150,"date":"2023-03-17T15:39:18","date_gmt":"2023-03-17T18:39:18","guid":{"rendered":"https:\/\/webapp378541.ip-194-195-223-103.cloudezapp.io\/\/?page_id=150"},"modified":"2025-06-04T10:42:30","modified_gmt":"2025-06-04T13:42:30","slug":"home","status":"publish","type":"page","link":"https:\/\/publicacoes.estadao.com.br\/melhores-servicos\/","title":{"rendered":"Home"},"content":{"rendered":"\n<h2 class=\"wp-block-heading has-text-align-center\">Qualidade que faz a diferen\u00e7a<\/h2>\n\n\n\n<p class=\"has-text-align-center\"><strong>Consumidor escolhe as marcas que mais ecoam em seus segmentos<\/strong><\/p>\n\n\n\n<p class=\"has-text-align-center\"> Para os nomes que encabe\u00e7am a <strong>8<sup>a<\/sup> edi\u00e7\u00e3o do ranking Estad\u00e3o Melhores Servi\u00e7os<\/strong>, al\u00e9m do reconhecimento, trabalhos muitas vezes consistentes de relacionamento com os clientes est\u00e3o dando resultado.&nbsp;&nbsp;A rigorosa metodologia adotada durante todos os anos continua. Entre outubro e novembro de 2022, foram realizadas 10 mil entrevistas, que resultaram em 62 mil avalia\u00e7\u00f5es. \u00c0 disposi\u00e7\u00e3o do leitor, portanto, existe um mapa da hist\u00f3ria do mercado de servi\u00e7os nacional.&nbsp;<\/p>\n\n\n\n<div class=\"wp-block-buttons is-content-justification-center is-layout-flex wp-container-core-buttons-is-layout-16018d1d wp-block-buttons-is-layout-flex\">\n<div class=\"wp-block-button\"><a class=\"wp-block-button__link wp-element-button\" href=\"https:\/\/webapp378541.ip-194-195-223-103.cloudezapp.io\/\/metodologia\/\">Leia Mais<\/a><\/div>\n<\/div>\n\n\n\n<h2 class=\"wp-block-heading has-text-align-center\">Categorias<\/h2>\n\n\n\n<p class=\"has-text-align-center\">Por meio de um question\u00e1rio online, que capta percep\u00e7\u00f5es objetivas e subjetivas dos entrevistados, consumidores definem as principais marcas que atuam no Brasil em 35 categorias diferentes.<\/p>\n\n\n\n<p class=\"has-text-align-center\"><a href=\"https:\/\/webapp378541.ip-194-195-223-103.cloudezapp.io\/categorias\/\" data-type=\"URL\" data-id=\"https:\/\/webapp378541.ip-194-195-223-103.cloudezapp.io\/categorias\/\">Ver todas as categorias \u2192<\/a><\/p>\n","protected":false},"excerpt":{"rendered":"<p>Qualidade que faz a diferen\u00e7a Consumidor escolhe as marcas que mais ecoam em seus segmentos Para os nomes que encabe\u00e7am a 8a edi\u00e7\u00e3o do ranking Estad\u00e3o Melhores Servi\u00e7os, al\u00e9m do reconhecimento,<\/p>\n","protected":false},"author":1,"featured_media":0,"parent":0,"menu_order":0,"comment_status":"closed","ping_status":"closed","template":"templates\/home2024.php","meta":{"_acf_changed":false,"footnotes":""},"class_list":["post-150","page","type-page","status-publish","hentry"],"acf":[],"_links":{"self":[{"href":"https:\/\/publicacoes.estadao.com.br\/melhores-servicos\/wp-json\/wp\/v2\/pages\/150","targetHints":{"allow":["GET"]}}],"collection":[{"href":"https:\/\/publicacoes.estadao.com.br\/melhores-servicos\/wp-json\/wp\/v2\/pages"}],"about":[{"href":"https:\/\/publicacoes.estadao.com.br\/melhores-servicos\/wp-json\/wp\/v2\/types\/page"}],"author":[{"embeddable":true,"href":"https:\/\/publicacoes.estadao.com.br\/melhores-servicos\/wp-json\/wp\/v2\/users\/1"}],"replies":[{"embeddable":true,"href":"https:\/\/publicacoes.estadao.com.br\/melhores-servicos\/wp-json\/wp\/v2\/comments?post=150"}],"version-history":[{"count":16,"href":"https:\/\/publicacoes.estadao.com.br\/melhores-servicos\/wp-json\/wp\/v2\/pages\/150\/revisions"}],"predecessor-version":[{"id":1254,"href":"https:\/\/publicacoes.estadao.com.br\/melhores-servicos\/wp-json\/wp\/v2\/pages\/150\/revisions\/1254"}],"wp:attachment":[{"href":"https:\/\/publicacoes.estadao.com.br\/melhores-servicos\/wp-json\/wp\/v2\/media?parent=150"}],"curies":[{"name":"wp","href":"https:\/\/api.w.org\/{rel}","templated":true}]}}