{"id":71,"date":"2020-12-08T16:16:35","date_gmt":"2020-12-08T19:16:35","guid":{"rendered":"http:\/\/publicacoes.estadao.com.br\/melhores-servicos\/?page_id=71"},"modified":"2022-03-26T18:33:27","modified_gmt":"2022-03-26T21:33:27","slug":"metodologia","status":"publish","type":"page","link":"https:\/\/publicacoes.estadao.com.br\/melhores-servicos\/2022\/metodologia\/","title":{"rendered":"Metodologia"},"content":{"rendered":"<p>Os resultados da <strong>7\u00aa edi\u00e7\u00e3o do ranking Estad\u00e3o Melhores Servi\u00e7os<\/strong> indicam que os humores e prefer\u00eancias dos consumidores s\u00e3o menos sujeitos a arroubos e instabilidades do que o senso comum costuma supor. Das 26 categorias que se repetiram em rela\u00e7\u00e3o \u00e0 edi\u00e7\u00e3o anterior, nada menos que 18 tiveram as mesmas empresas no topo do p\u00f3dio. \u201cIsso indica trabalhos consistentes de relacionamento com o p\u00fablico\u201d, diz Lucas Pestalozzi, fundador da empresa de pesquisas Blend New Research \u2013 HSR, respons\u00e1vel pelo estudo.<\/p>\n<p>Para chegar aos resultados, foram realizadas <strong>10.832 entrevistas<\/strong>, que resultaram em <strong>92.478 avalia\u00e7\u00f5es<\/strong> \u2013 m\u00e9dia de 8,5 avalia\u00e7\u00f5es por entrevistado. As pessoas entrevistadas v\u00e3o sendo selecionadas ao longo do ano, considerando-se estratos de idade, classe social, etnia e regi\u00e3o. O conjunto selecionado representa a totalidade da popula\u00e7\u00e3o brasileira.<\/p>\n<p>As entrevistas foram realizadas entre setembro e outubro do ano passado, por meio de um question\u00e1rio online. \u201c\u00c9 sempre nessa mesma \u00e9poca, para possibilitar a compara\u00e7\u00e3o com os anos anteriores. A mesma avalia\u00e7\u00e3o feita em outras \u00e9pocas do ano poderia gerar distor\u00e7\u00f5es\u201d, explica Pestalozzi. Outro cuidado para manter a coer\u00eancia dos resultados \u00e9 que, ao enviar o question\u00e1rio para cada entrevistado, o sistema embaralha a ordem das categorias, para que as pessoas n\u00e3o comecem sempre pelas mesmas, o que tamb\u00e9m poderia causar alguma distor\u00e7\u00e3o.<\/p>\n<blockquote><p><em>\u00c9 preciso continuar inovando e surpreendendo os consumidores, pois as concorrentes certamente estar\u00e3o fazendo isso para buscar o topo\u201d<\/em><br \/>\n<strong>&#8211; Lucas Pestalozzi,<\/strong> fundador da Blend New Research \u2013 HSR<\/p><\/blockquote>\n<p>Os entrevistados s\u00e3o apresentados a algumas marcas em cada categoria e, caso tenham sido consumidores da empresa ao longo do ano anterior, s\u00e3o convidados a avaliar a experi\u00eancia. \u00c9 poss\u00edvel tamb\u00e9m incluir marcas que n\u00e3o fazem parte da pr\u00e9-lista, mas s\u00f3 empresas que alcan\u00e7am um determinado n\u00famero de avalia\u00e7\u00f5es s\u00e3o consideradas para o ranking.<\/p>\n<p>\u201cO que a gente mede, em \u00faltima an\u00e1lise, \u00e9 a experi\u00eancia percebida pelo cliente, o que envolve tanto aspectos objetivos quanto subjetivos\u201d, diz Pestalozzi. Ele ressalta que as empresas l\u00edderes na pesquisa n\u00e3o devem se acomodar nessa posi\u00e7\u00e3o de destaque.<\/p>\n<h3>BASE CONCEITUAL DO SELO<\/h3>\n<p><strong>PERFORMANCE<br \/>\n<\/strong>Capacidade de satisfazer os clientes, avaliados por suas pr\u00f3prias experi\u00eancias (racional)<\/p>\n<p><strong>SABER SERVIR<br \/>\n<\/strong>Habilidade de \u201cservir\u201d e relacionar-se (emocional)<\/p>\n<p><img loading=\"lazy\" decoding=\"async\" class=\"alignnone wp-image-192 size-full\" src=\"http:\/\/publicacoes.estadao.com.br\/melhores-servicos\/wp-content\/uploads\/2020\/12\/base-conceitual-do-selo.jpg\" alt=\"\" width=\"690\" height=\"179\" srcset=\"https:\/\/publicacoes.estadao.com.br\/melhores-servicos\/2022\/wp-content\/uploads\/2020\/12\/base-conceitual-do-selo.jpg 690w, https:\/\/publicacoes.estadao.com.br\/melhores-servicos\/2022\/wp-content\/uploads\/2020\/12\/base-conceitual-do-selo-300x78.jpg 300w\" sizes=\"auto, (max-width: 690px) 100vw, 690px\" \/><\/p>\n<blockquote class=\"direita\"><p>10.832<br \/>\nENTREVISTAS<br \/>\n92.478<br \/>\nAVALIA\u00c7\u00d5ES<br \/>\n31<br \/>\nCATEGORIAS<\/p><\/blockquote>\n<h3>COMBINA\u00c7\u00c3O DE FATORES<\/h3>\n<p>Para avaliar a real experi\u00eancia do consumidor, o estudo pondera elementos racionais e emocionais<\/p>\n<p><strong>COMPETENTE<br \/>\n<\/strong>Capacidade de satisfazer seus clientes<br \/>\n<strong><br \/>\nRacionalmente<br \/>\n<\/strong><strong> <img loading=\"lazy\" decoding=\"async\" class=\"alignnone size-full wp-image-194\" src=\"http:\/\/publicacoes.estadao.com.br\/melhores-servicos\/wp-content\/uploads\/2020\/12\/estrelas.jpg\" alt=\"\" width=\"145\" height=\"29\" \/> <\/strong><\/p>\n<p><strong>Emocionalmente<br \/>\n<img loading=\"lazy\" decoding=\"async\" class=\"alignnone size-full wp-image-195\" src=\"http:\/\/publicacoes.estadao.com.br\/melhores-servicos\/wp-content\/uploads\/2020\/12\/emocionalmente.jpg\" alt=\"\" width=\"180\" height=\"27\" \/><\/strong><\/p>\n<p>&nbsp;<\/p>\n<h3>O RACIONAL E O EMOCIONAL DA SATISFA\u00c7\u00c3O<\/h3>\n<p>Geralmente, a satisfa\u00e7\u00e3o \u00e9 estudada apenas por seu lado racional, quando, na verdade, ela \u00e9 mais do que isso. A compreens\u00e3o do aspecto emocional da satisfa\u00e7\u00e3o \u00e9 fundamental para direcionar o tipo de a\u00e7\u00e3o a ser tomada. A combina\u00e7\u00e3o do aspecto emocional e do racional da satisfa\u00e7\u00e3o gera quatro estados de relacionamento diferentes, cada qual necessitando de um padr\u00e3o espec\u00edfico de a\u00e7\u00e3o.<\/p>\n<p><img loading=\"lazy\" decoding=\"async\" class=\"alignnone wp-image-246 size-full\" src=\"http:\/\/publicacoes.estadao.com.br\/melhores-servicos\/wp-content\/uploads\/2020\/12\/racional-emocional.png\" alt=\"\" width=\"583\" height=\"407\" srcset=\"https:\/\/publicacoes.estadao.com.br\/melhores-servicos\/2022\/wp-content\/uploads\/2020\/12\/racional-emocional.png 583w, https:\/\/publicacoes.estadao.com.br\/melhores-servicos\/2022\/wp-content\/uploads\/2020\/12\/racional-emocional-300x209.png 300w\" sizes=\"auto, (max-width: 583px) 100vw, 583px\" \/><\/p>\n","protected":false},"excerpt":{"rendered":"<p>Os resultados da 7\u00aa edi\u00e7\u00e3o do ranking Estad\u00e3o Melhores Servi\u00e7os indicam que os humores e prefer\u00eancias dos consumidores s\u00e3o menos sujeitos a arroubos e instabilidades do que o senso comum costuma supor. Das 26 categorias que se repetiram em rela\u00e7\u00e3o \u00e0 edi\u00e7\u00e3o anterior, nada menos que 18 tiveram as mesmas empresas no topo do p\u00f3dio. [&hellip;]<\/p>\n","protected":false},"author":2,"featured_media":372,"parent":0,"menu_order":0,"comment_status":"closed","ping_status":"closed","template":"","meta":{"_acf_changed":false,"footnotes":""},"class_list":["post-71","page","type-page","status-publish","has-post-thumbnail","hentry"],"acf":[],"aioseo_notices":[],"_links":{"self":[{"href":"https:\/\/publicacoes.estadao.com.br\/melhores-servicos\/2022\/wp-json\/wp\/v2\/pages\/71","targetHints":{"allow":["GET"]}}],"collection":[{"href":"https:\/\/publicacoes.estadao.com.br\/melhores-servicos\/2022\/wp-json\/wp\/v2\/pages"}],"about":[{"href":"https:\/\/publicacoes.estadao.com.br\/melhores-servicos\/2022\/wp-json\/wp\/v2\/types\/page"}],"author":[{"embeddable":true,"href":"https:\/\/publicacoes.estadao.com.br\/melhores-servicos\/2022\/wp-json\/wp\/v2\/users\/2"}],"replies":[{"embeddable":true,"href":"https:\/\/publicacoes.estadao.com.br\/melhores-servicos\/2022\/wp-json\/wp\/v2\/comments?post=71"}],"version-history":[{"count":22,"href":"https:\/\/publicacoes.estadao.com.br\/melhores-servicos\/2022\/wp-json\/wp\/v2\/pages\/71\/revisions"}],"predecessor-version":[{"id":369,"href":"https:\/\/publicacoes.estadao.com.br\/melhores-servicos\/2022\/wp-json\/wp\/v2\/pages\/71\/revisions\/369"}],"wp:featuredmedia":[{"embeddable":true,"href":"https:\/\/publicacoes.estadao.com.br\/melhores-servicos\/2022\/wp-json\/wp\/v2\/media\/372"}],"wp:attachment":[{"href":"https:\/\/publicacoes.estadao.com.br\/melhores-servicos\/2022\/wp-json\/wp\/v2\/media?parent=71"}],"curies":[{"name":"wp","href":"https:\/\/api.w.org\/{rel}","templated":true}]}}