{"id":59,"date":"2020-12-08T16:15:37","date_gmt":"2020-12-08T19:15:37","guid":{"rendered":"http:\/\/publicacoes.estadao.com.br\/melhores-servicos\/?page_id=59"},"modified":"2022-03-26T18:38:02","modified_gmt":"2022-03-26T21:38:02","slug":"home-page","status":"publish","type":"page","link":"https:\/\/publicacoes.estadao.com.br\/melhores-servicos\/2022\/","title":{"rendered":"Home Page"},"content":{"rendered":"<p>&nbsp;<\/p>\n<h3 style=\"text-align: center;\">REPUTA\u00c7\u00c3O<br \/>\n<strong>Transformada em n\u00fameros<\/strong><\/h3>\n<p style=\"text-align: center;\"><strong> Trabalhos consistentes de relacionamento com o p\u00fablico s\u00e3o os mais premiados pelos consumidores<\/strong><\/p>\n<p style=\"text-align: center;\"><span style=\"font-weight: 400;\">Os resultados da 7\u00aa edi\u00e7\u00e3o do ranking <\/span><b>Estad\u00e3o Melhores Servi\u00e7os <\/b><span style=\"font-weight: 400;\">indicam que os humores e prefer\u00eancias dos consumidores s\u00e3o menos sujeitos a arroubos e instabilidades do que o senso comum costuma supor. Das 26 categorias que se repetiram em rela\u00e7\u00e3o \u00e0 edi\u00e7\u00e3o anterior, nada menos que 18 tiveram as mesmas empresas no topo do p\u00f3dio. \u201cIsso indica trabalhos consistentes de relacionamento com o p\u00fablico\u201d, diz Lucas Pestalozzi, fundador da empresa de pesquisas Blend New Research \u2013 HSR, respons\u00e1vel pelo estudo. <\/span><\/p>\n<p><a href=\"https:\/\/publicacoes.estadao.com.br\/melhores-servicos\/2022\/metodologia\/\">LEIA MAIS<\/a><\/p>\n","protected":false},"excerpt":{"rendered":"<p>&nbsp; REPUTA\u00c7\u00c3O Transformada em n\u00fameros Trabalhos consistentes de relacionamento com o p\u00fablico s\u00e3o os mais premiados pelos consumidores Os resultados da 7\u00aa edi\u00e7\u00e3o do ranking Estad\u00e3o Melhores Servi\u00e7os indicam que os humores e prefer\u00eancias dos consumidores s\u00e3o menos sujeitos a arroubos e instabilidades do que o senso comum costuma supor. Das 26 categorias que se [&hellip;]<\/p>\n","protected":false},"author":2,"featured_media":0,"parent":0,"menu_order":0,"comment_status":"closed","ping_status":"closed","template":"template-home.php","meta":{"_acf_changed":false,"footnotes":""},"class_list":["post-59","page","type-page","status-publish","hentry"],"acf":[],"aioseo_notices":[],"_links":{"self":[{"href":"https:\/\/publicacoes.estadao.com.br\/melhores-servicos\/2022\/wp-json\/wp\/v2\/pages\/59","targetHints":{"allow":["GET"]}}],"collection":[{"href":"https:\/\/publicacoes.estadao.com.br\/melhores-servicos\/2022\/wp-json\/wp\/v2\/pages"}],"about":[{"href":"https:\/\/publicacoes.estadao.com.br\/melhores-servicos\/2022\/wp-json\/wp\/v2\/types\/page"}],"author":[{"embeddable":true,"href":"https:\/\/publicacoes.estadao.com.br\/melhores-servicos\/2022\/wp-json\/wp\/v2\/users\/2"}],"replies":[{"embeddable":true,"href":"https:\/\/publicacoes.estadao.com.br\/melhores-servicos\/2022\/wp-json\/wp\/v2\/comments?post=59"}],"version-history":[{"count":7,"href":"https:\/\/publicacoes.estadao.com.br\/melhores-servicos\/2022\/wp-json\/wp\/v2\/pages\/59\/revisions"}],"predecessor-version":[{"id":368,"href":"https:\/\/publicacoes.estadao.com.br\/melhores-servicos\/2022\/wp-json\/wp\/v2\/pages\/59\/revisions\/368"}],"wp:attachment":[{"href":"https:\/\/publicacoes.estadao.com.br\/melhores-servicos\/2022\/wp-json\/wp\/v2\/media?parent=59"}],"curies":[{"name":"wp","href":"https:\/\/api.w.org\/{rel}","templated":true}]}}