{"id":59,"date":"2020-12-08T16:15:37","date_gmt":"2020-12-08T19:15:37","guid":{"rendered":"http:\/\/publicacoes.estadao.com.br\/melhores-servicos\/?page_id=59"},"modified":"2020-12-10T00:21:02","modified_gmt":"2020-12-10T03:21:02","slug":"home-page","status":"publish","type":"page","link":"https:\/\/publicacoes.estadao.com.br\/melhores-servicos\/2020\/","title":{"rendered":"Home Page"},"content":{"rendered":"<h3 style=\"text-align: center;\">Tudo<br \/>\n<strong>ONLINE<\/strong><\/h3>\n<p style=\"text-align: center;\"><strong>Os resultados mostram que, \u00e0 medida que o acesso \u00e0 plataformas digitais acelerou muito em 2020, a expectativa do consumidor foi jogada l\u00e1 para cima<\/strong><\/p>\n<p style=\"text-align: center;\">O consumidor quer ser atendido em ambientes online amig\u00e1veis e por empresas que cumprem a promessa de agilidade e efici\u00eancia em produtos e servi\u00e7os. Demonstrar preocupa\u00e7\u00e3o com o bem-estar coletivo \u00e9 outra condi\u00e7\u00e3o de confian\u00e7a. Neste per\u00edodo de ansiedade intensa e rotinas transformadas, ganha pontos quem estabelece uma conex\u00e3o direta entre desempenho, responsabilidade e aten\u00e7\u00e3o a detalhes e emo\u00e7\u00f5es.<\/p>\n","protected":false},"excerpt":{"rendered":"<p>Tudo ONLINE Os resultados mostram que, \u00e0 medida que o acesso \u00e0 plataformas digitais acelerou muito em 2020, a expectativa do consumidor foi jogada l\u00e1 para cima O consumidor quer ser atendido em ambientes online amig\u00e1veis e por empresas que cumprem a promessa de agilidade e efici\u00eancia em produtos e servi\u00e7os. Demonstrar preocupa\u00e7\u00e3o com o [&hellip;]<\/p>\n","protected":false},"author":2,"featured_media":0,"parent":0,"menu_order":0,"comment_status":"closed","ping_status":"closed","template":"template-home.php","meta":{"_acf_changed":false,"footnotes":""},"class_list":["post-59","page","type-page","status-publish","hentry"],"acf":[],"aioseo_notices":[],"_links":{"self":[{"href":"https:\/\/publicacoes.estadao.com.br\/melhores-servicos\/2020\/wp-json\/wp\/v2\/pages\/59","targetHints":{"allow":["GET"]}}],"collection":[{"href":"https:\/\/publicacoes.estadao.com.br\/melhores-servicos\/2020\/wp-json\/wp\/v2\/pages"}],"about":[{"href":"https:\/\/publicacoes.estadao.com.br\/melhores-servicos\/2020\/wp-json\/wp\/v2\/types\/page"}],"author":[{"embeddable":true,"href":"https:\/\/publicacoes.estadao.com.br\/melhores-servicos\/2020\/wp-json\/wp\/v2\/users\/2"}],"replies":[{"embeddable":true,"href":"https:\/\/publicacoes.estadao.com.br\/melhores-servicos\/2020\/wp-json\/wp\/v2\/comments?post=59"}],"version-history":[{"count":6,"href":"https:\/\/publicacoes.estadao.com.br\/melhores-servicos\/2020\/wp-json\/wp\/v2\/pages\/59\/revisions"}],"predecessor-version":[{"id":216,"href":"https:\/\/publicacoes.estadao.com.br\/melhores-servicos\/2020\/wp-json\/wp\/v2\/pages\/59\/revisions\/216"}],"wp:attachment":[{"href":"https:\/\/publicacoes.estadao.com.br\/melhores-servicos\/2020\/wp-json\/wp\/v2\/media?parent=59"}],"curies":[{"name":"wp","href":"https:\/\/api.w.org\/{rel}","templated":true}]}}