{"id":1301,"date":"2022-11-11T17:48:53","date_gmt":"2022-11-11T20:48:53","guid":{"rendered":"https:\/\/webapp334164.ip-194-195-223-103.cloudezapp.io\/?page_id=1301"},"modified":"2023-09-21T09:21:30","modified_gmt":"2023-09-21T12:21:30","slug":"metodologia","status":"publish","type":"page","link":"https:\/\/publicacoes.estadao.com.br\/marcasmais\/metodologia\/","title":{"rendered":"Metodologia"},"content":{"rendered":"<p class=\"v1v1v1MsoNormal\">O grau de envolvimento emocional do consumidor com a marca \u00e9 algo mais poderoso do que a simples posi\u00e7\u00e3o de lembran\u00e7a.<\/p>\n<p class=\"v1v1v1MsoNormal\">Essa \u00e9 a raz\u00e3o de ser do nome do estudo:\u00a0<strong>Marcas Mais<\/strong>. Ou seja, as marcas que demonstram estabelecer maior envolvimento com o mercado consumidor.\u00a0Entendemos por envolvimento o resultado final de um conjunto de percep\u00e7\u00f5es e sentimentos em rela\u00e7\u00e3o a essas marcas.<\/p>\n<p class=\"v1v1v1MsoNormal\">\n<p class=\"v1v1v1MsoNormal\">A metodologia criada pela\u00a0<strong>TroianoBranding<\/strong>\u00a0identifica com precis\u00e3o o n\u00edvel de envolvimento que o consumidor tem com as marcas avaliadas de uma mesma categoria.<\/p>\n<p class=\"v1v1v1MsoNormal\">\n<h3 class=\"v1v1v1MsoNormal\">IDEALIZA\u00c7\u00c3O<\/h3>\n<p class=\"v1v1v1MsoNormal\">Maior n\u00edvel de envolvimento com a marca: escolha natural, advogados da marca.<\/p>\n<p class=\"v1v1v1MsoNormal\">\n<h3 class=\"v1v1v1MsoNormal\">PREFER\u00caNCIA<\/h3>\n<p class=\"v1v1v1MsoNormal\">Uma das op\u00e7\u00f5es mais prov\u00e1veis de compra. Atitudes mais positivas.<\/p>\n<p class=\"v1v1v1MsoNormal\">\n<h3 class=\"v1v1v1MsoNormal\">FAMILIARIDADE<\/h3>\n<p class=\"v1v1v1MsoNormal\">Apenas uma entre as muitas op\u00e7\u00f5es existentes no mercado.<\/p>\n<p class=\"v1v1v1MsoNormal\">\n<h3 class=\"v1v1v1MsoNormal\">REJEI\u00c7\u00c3O<\/h3>\n<p class=\"v1v1v1MsoNormal\">N\u00e3o consideram utilizar a marca.<\/p>\n<p class=\"v1v1v1MsoNormal\">\n<h3 class=\"v1v1v1MsoNormal\">DESCONHECIMENTO<\/h3>\n<p class=\"v1v1v1MsoNormal\">Consci\u00eancia de marca ausente<\/p>\n<p class=\"v1v1v1MsoNormal\">\n","protected":false},"excerpt":{"rendered":"<p>O grau de envolvimento emocional do consumidor com a marca \u00e9 algo mais poderoso do que a simples posi\u00e7\u00e3o de lembran\u00e7a. Essa \u00e9 a raz\u00e3o de ser do nome do estudo:\u00a0Marcas Mais. Ou seja, as marcas<\/p>\n","protected":false},"author":7,"featured_media":0,"parent":0,"menu_order":0,"comment_status":"closed","ping_status":"closed","template":"page-metodologia.php","meta":{"_acf_changed":false,"footnotes":""},"class_list":["post-1301","page","type-page","status-publish","hentry"],"acf":[],"_links":{"self":[{"href":"https:\/\/publicacoes.estadao.com.br\/marcasmais\/wp-json\/wp\/v2\/pages\/1301","targetHints":{"allow":["GET"]}}],"collection":[{"href":"https:\/\/publicacoes.estadao.com.br\/marcasmais\/wp-json\/wp\/v2\/pages"}],"about":[{"href":"https:\/\/publicacoes.estadao.com.br\/marcasmais\/wp-json\/wp\/v2\/types\/page"}],"author":[{"embeddable":true,"href":"https:\/\/publicacoes.estadao.com.br\/marcasmais\/wp-json\/wp\/v2\/users\/7"}],"replies":[{"embeddable":true,"href":"https:\/\/publicacoes.estadao.com.br\/marcasmais\/wp-json\/wp\/v2\/comments?post=1301"}],"version-history":[{"count":5,"href":"https:\/\/publicacoes.estadao.com.br\/marcasmais\/wp-json\/wp\/v2\/pages\/1301\/revisions"}],"predecessor-version":[{"id":1447,"href":"https:\/\/publicacoes.estadao.com.br\/marcasmais\/wp-json\/wp\/v2\/pages\/1301\/revisions\/1447"}],"wp:attachment":[{"href":"https:\/\/publicacoes.estadao.com.br\/marcasmais\/wp-json\/wp\/v2\/media?parent=1301"}],"curies":[{"name":"wp","href":"https:\/\/api.w.org\/{rel}","templated":true}]}}