{"id":1301,"date":"2022-11-11T17:48:53","date_gmt":"2022-11-11T20:48:53","guid":{"rendered":"https:\/\/webapp334164.ip-194-195-223-103.cloudezapp.io\/?page_id=1301"},"modified":"2022-11-11T21:26:46","modified_gmt":"2022-11-12T00:26:46","slug":"metodologia-2022","status":"publish","type":"page","link":"https:\/\/publicacoes.estadao.com.br\/marcasmais\/2022\/metodologia-2022\/","title":{"rendered":"Metodologia"},"content":{"rendered":"<p>Levantamento <strong>Estad\u00e3o Marcas Mais<\/strong>, realizado em parceria com a <strong>TroianoBranding<\/strong>, chega \u00e0 sua oitava edi\u00e7\u00e3o. O objetivo desta an\u00e1lise de marcas de produtos e servi\u00e7os \u00e9 identificar aquelas com as quais os consumidores demonstram maior envolvimento \u2013 \u00e9 importante frisar que envolvimento n\u00e3o \u00e9 um indicador direto de market share nem de penetra\u00e7\u00e3o de mercado, e sim um indicador de interesse potencial pela marca.<\/p>\n<p>Entendemos por envolvimento, portanto, o resultado final de um conjunto de percep\u00e7\u00f5es e sentimentos. Quanto maior for o envolvimento com a marca, maior ser\u00e1 a propens\u00e3o do consumidor a ter acesso a ela (e traz\u00ea-la para sua vida).<\/p>\n<p>Neste ano, mais uma vez, o estudo teve cobertura nacional. A an\u00e1lise foi gerada a partir de um banco de dados, fruto de 11.782 question\u00e1rios respondidos. As entrevistas foram realizadas por m\u00e9todo online com brasileiros de todo o Pa\u00eds. Responderam pessoas das classes sociais A, B e C do Crit\u00e9rio Brasil. S\u00e3o representantes de diversas faixas et\u00e1rias. No conjunto, a amostra se aproxima do perfil da pr\u00f3pria popula\u00e7\u00e3o com acesso \u00e0 internet.<\/p>\n","protected":false},"excerpt":{"rendered":"<p>Levantamento Estad\u00e3o Marcas Mais, realizado em parceria com a TroianoBranding, chega \u00e0 sua oitava edi\u00e7\u00e3o. O objetivo desta an\u00e1lise de marcas de produtos e servi\u00e7os \u00e9 identificar aquelas com as quais os consumidores demonstram maior envolvimento \u2013 \u00e9 importante frisar que envolvimento n\u00e3o \u00e9 um indicador direto de market share nem de penetra\u00e7\u00e3o de mercado, [&hellip;]<\/p>\n","protected":false},"author":2,"featured_media":0,"parent":0,"menu_order":0,"comment_status":"closed","ping_status":"closed","template":"page-metodologia-2022.php","meta":{"footnotes":""},"class_list":["post-1301","page","type-page","status-publish","hentry"],"_links":{"self":[{"href":"https:\/\/publicacoes.estadao.com.br\/marcasmais\/2022\/wp-json\/wp\/v2\/pages\/1301","targetHints":{"allow":["GET"]}}],"collection":[{"href":"https:\/\/publicacoes.estadao.com.br\/marcasmais\/2022\/wp-json\/wp\/v2\/pages"}],"about":[{"href":"https:\/\/publicacoes.estadao.com.br\/marcasmais\/2022\/wp-json\/wp\/v2\/types\/page"}],"author":[{"embeddable":true,"href":"https:\/\/publicacoes.estadao.com.br\/marcasmais\/2022\/wp-json\/wp\/v2\/users\/2"}],"replies":[{"embeddable":true,"href":"https:\/\/publicacoes.estadao.com.br\/marcasmais\/2022\/wp-json\/wp\/v2\/comments?post=1301"}],"version-history":[{"count":3,"href":"https:\/\/publicacoes.estadao.com.br\/marcasmais\/2022\/wp-json\/wp\/v2\/pages\/1301\/revisions"}],"predecessor-version":[{"id":1337,"href":"https:\/\/publicacoes.estadao.com.br\/marcasmais\/2022\/wp-json\/wp\/v2\/pages\/1301\/revisions\/1337"}],"wp:attachment":[{"href":"https:\/\/publicacoes.estadao.com.br\/marcasmais\/2022\/wp-json\/wp\/v2\/media?parent=1301"}],"curies":[{"name":"wp","href":"https:\/\/api.w.org\/{rel}","templated":true}]}}