{"id":1057,"date":"2021-11-05T14:40:54","date_gmt":"2021-11-05T17:40:54","guid":{"rendered":"https:\/\/publicacoes.estadao.com.br\/marcasmais\/?page_id=1057"},"modified":"2021-11-09T20:16:46","modified_gmt":"2021-11-09T23:16:46","slug":"destaque-2021","status":"publish","type":"page","link":"https:\/\/publicacoes.estadao.com.br\/marcasmais\/2021\/destaque-2021\/","title":{"rendered":"Destaque"},"content":{"rendered":"<h2>Marcas mais lembradas apostaram na praticidade e na seguran\u00e7a no abastecimento<\/h2>\n<p>Observando a lista das dez mais citadas, \u00e9 poss\u00edvel identificar que h\u00e1 uma prefer\u00eancia por empresas que colocaram a tecnologia a servi\u00e7o da agilidade e da praticidade na entrega de produtos e servi\u00e7os.<\/p>\n<p>Sintom\u00e1tico que a primeira colocada tenha sido o Nubank, banco digital que alcan\u00e7ou mais de 40 milh\u00f5es de contas ativas. Tarifas menores que as dos bancos tradicionais e oferta de produtos como cart\u00e3o de cr\u00e9dito sem cobran\u00e7a de anuidade fizeram a diferen\u00e7a.<\/p>\n<p>Em segundo lugar aparece outra nativa digital, o iFood, que, al\u00e9m de fechar parcerias com grandes redes varejistas, ainda participou de um movimento de valoriza\u00e7\u00e3o do com\u00e9rcio local essencial nos per\u00edodos mais complicados do distanciamento social.<\/p>\n<p>A pandemia agregou outras exig\u00eancias dos consumidores ligadas ao bem-estar, \u00e0 sa\u00fade e \u00e0 empatia, o que colocou empresas aliment\u00edcias entre as mais procuradas no per\u00edodo. A Nestl\u00e9, em 3\u00ba lugar, aproveitou a comemora\u00e7\u00e3o dos 100 anos no Brasil para fazer uma promo\u00e7\u00e3o e distribuir R$ 100 mil por dia em pr\u00eamios. A Piracanjuba, em 6\u00ba, usou a for\u00e7a da imagem da cantora Ivete Sangalo para valorizar o ambiente familiar em torno das cozinhas, enquanto a Danone (7\u00aa posi\u00e7\u00e3o) apostou alto na saudabilidade de seus produtos.<\/p>\n<p>Entre as varejistas, um destaque foi o Magazine Luiza, em 4\u00ba lugar, com uma estrat\u00e9gia que mostrou sua for\u00e7a digital e sua log\u00edstica eficiente, al\u00e9m de um programa de<\/p>\n<p>market place que permitiu a sobreviv\u00eancia de milhares de pequenos neg\u00f3cios. Em 9\u00ba lugar ficou a Lojas Americanas, cuja capilaridade de lojas f\u00edsicas, aliada \u00e0 opera\u00e7\u00e3o multicanal, foi uma garantia de abastecimento r\u00e1pido e seguro.<\/p>\n<p>Natura (5\u00ba lugar), Cacau Show (8\u00ba) e O Botic\u00e1rio (10\u00ba) tamb\u00e9m mostraram resili\u00eancia durante os meses em que a opera\u00e7\u00e3o f\u00edsica esteve impossibilitada, inovando nas vendas eletr\u00f4nicas e lan\u00e7ando novos produtos.<\/p>\n<p>&nbsp;<\/p>\n<p>&nbsp;<\/p>\n","protected":false},"excerpt":{"rendered":"<p>Marcas mais lembradas apostaram na praticidade e na seguran\u00e7a no abastecimento Observando a lista das dez mais citadas, \u00e9 poss\u00edvel identificar que h\u00e1 uma prefer\u00eancia por empresas que colocaram a tecnologia a servi\u00e7o da agilidade e da praticidade na entrega de produtos e servi\u00e7os. Sintom\u00e1tico que a primeira colocada tenha sido o Nubank, banco digital [&hellip;]<\/p>\n","protected":false},"author":2,"featured_media":0,"parent":0,"menu_order":0,"comment_status":"closed","ping_status":"closed","template":"page-destaque-2021.php","meta":{"footnotes":""},"class_list":["post-1057","page","type-page","status-publish","hentry"],"_links":{"self":[{"href":"https:\/\/publicacoes.estadao.com.br\/marcasmais\/2021\/wp-json\/wp\/v2\/pages\/1057","targetHints":{"allow":["GET"]}}],"collection":[{"href":"https:\/\/publicacoes.estadao.com.br\/marcasmais\/2021\/wp-json\/wp\/v2\/pages"}],"about":[{"href":"https:\/\/publicacoes.estadao.com.br\/marcasmais\/2021\/wp-json\/wp\/v2\/types\/page"}],"author":[{"embeddable":true,"href":"https:\/\/publicacoes.estadao.com.br\/marcasmais\/2021\/wp-json\/wp\/v2\/users\/2"}],"replies":[{"embeddable":true,"href":"https:\/\/publicacoes.estadao.com.br\/marcasmais\/2021\/wp-json\/wp\/v2\/comments?post=1057"}],"version-history":[{"count":11,"href":"https:\/\/publicacoes.estadao.com.br\/marcasmais\/2021\/wp-json\/wp\/v2\/pages\/1057\/revisions"}],"predecessor-version":[{"id":1175,"href":"https:\/\/publicacoes.estadao.com.br\/marcasmais\/2021\/wp-json\/wp\/v2\/pages\/1057\/revisions\/1175"}],"wp:attachment":[{"href":"https:\/\/publicacoes.estadao.com.br\/marcasmais\/2021\/wp-json\/wp\/v2\/media?parent=1057"}],"curies":[{"name":"wp","href":"https:\/\/api.w.org\/{rel}","templated":true}]}}