{"id":95,"date":"2020-11-20T09:45:08","date_gmt":"2020-11-20T12:45:08","guid":{"rendered":"http:\/\/publicacoes.estadao.com.br\/guiadomba\/?page_id=95"},"modified":"2023-11-24T23:14:51","modified_gmt":"2023-11-25T02:14:51","slug":"metodologia","status":"publish","type":"page","link":"https:\/\/publicacoes.estadao.com.br\/guiadomba2023\/metodologia\/","title":{"rendered":"Foco na Qualidade"},"content":{"rendered":"\n<h2 class=\"has-text-align-center wp-block-heading\">Conhe\u00e7a a metodologia utilizada nas escolhas dos cursos<\/h2>\n\n\n\n<p class=\"has-text-align-center\">Leque de op\u00e7\u00f5es para quem pretende se aprofundar ao longo da vida mescla tradi\u00e7\u00e3o e novas \u00e1reas do conhecimento. Busca pelo conhecimento \u00e9 cada vez mais essencial.<\/p>\n\n\n<div class=\"wp-block-image\">\n<figure class=\"aligncenter size-full\"><img decoding=\"async\" src=\"https:\/\/webapp335552.ip-194-195-223-103.cloudezapp.io\/wp-content\/uploads\/2023\/11\/Illustration.jpg\" alt=\"\" class=\"wp-image-14741\"\/><\/figure>\n<\/div>\n\n\n<h3 class=\"wp-block-heading\">Passo a passo<\/h3>\n\n\n\n<p>O caminho percorrido para chegar \u00e0 vers\u00e3o de 2023 deste Guia foi bem similar aos dos anos anteriores. Veja os principais pontos:<\/p>\n\n\n\n<p><strong>BASE DE DADOS<\/strong><\/p>\n\n\n\n<p>O Guia obteve informa\u00e7\u00f5es em todo o Pa\u00eds, partindo da lista de cursos de p\u00f3s-gradua\u00e7\u00e3o lato sensu registrados no Minist\u00e9rio da Educa\u00e7\u00e3o e tamb\u00e9m oferecidos em escolas internacionais. Na sequ\u00eancia, foram enviados pela internet question\u00e1rios com 50 perguntas. As respostas alimentaram uma base de dados com cerca de 1.200 cursos. No total, 20% das respostas foram validadas e checadas por amostragem. O question\u00e1rio continha perguntas de m\u00faltipla escolha e quest\u00f5es abertas, sobre diferentes temas relativos aos programas de p\u00f3s-gradua\u00e7\u00e3o.<\/p>\n\n\n\n<p><strong>ATRIBUTOS<\/strong><br>Para mapear os cursos e contribuir para que o aluno fa\u00e7a uma escolha acertada e um bom investimento, foram analisados seis atributos:<\/p>\n\n\n\n<ul class=\"wp-block-list\"><li>Viv\u00eancia internacional<\/li><li>Conhecimentos oferecidos<\/li><li>Cria\u00e7\u00e3o de networking<\/li><li>Selos de qualidade<\/li><li>Processo seletivo<\/li><li>Investimento<br><\/li><\/ul>\n\n\n\n<div class=\"wp-block-columns is-layout-flex wp-container-core-columns-is-layout-9d6595d7 wp-block-columns-is-layout-flex\">\n<div class=\"wp-block-column has-white-color has-text-color has-background is-layout-flow wp-block-column-is-layout-flow\" style=\"background-color:#194453\">\n<h3 class=\"has-text-color wp-block-heading\" style=\"color:#e6a700\">Investimento<\/h3>\n\n\n\n<p class=\"has-white-color has-text-color\">Al\u00e9m de apresentar o valor do investimento para frequentar cada curso, foram estabelecidas cinco faixas de pre\u00e7o:<\/p>\n\n\n\n<p class=\"has-white-color has-text-color\"><br><strong>$ <\/strong>\u2013 At\u00e9 R$ 10 mil<br><strong>$$ <\/strong>\u2013 Acima de R$ 10 mil e at\u00e9 R$ 20 mil<br><strong>$$$ <\/strong>\u2013 Acima de R$ 20 mil e at\u00e9 R$ 50 mil<br><strong>$$$$<\/strong> \u2013 Acima de R$ 50 mil e at\u00e9 R$ 100 mil<br><strong>$$$$$<\/strong> \u2013 Acima de R$ 100 mil<\/p>\n<\/div>\n\n\n\n<div class=\"wp-block-column has-white-color has-text-color has-background is-layout-flow wp-block-column-is-layout-flow\" style=\"background-color:#194453\">\n<h3 class=\"has-text-color wp-block-heading\" style=\"color:#e6a700\">Crit\u00e9rios Relacionados<\/h3>\n\n\n\n<p class=\"has-white-color has-text-color\">Cada um dos atributos \u00e9 composto por determinados crit\u00e9rios. Colocados em um algoritmo, esses crit\u00e9rios receberam tratamento estat\u00edstico e geraram, para cada atributo, \u00edcones de classifica\u00e7\u00e3o que v\u00e3o de zero a cinco estrelas (como em um guia gastron\u00f4mico ou de hotelaria, por exemplo). Essa informa\u00e7\u00e3o \u00e9 considerada eficiente para a tomada de decis\u00e3o porque mostra o que se destaca em cada um dos cursos apresentados.<\/p>\n<\/div>\n<\/div>\n\n\n\n<div class=\"wp-block-columns is-layout-flex wp-container-core-columns-is-layout-9d6595d7 wp-block-columns-is-layout-flex\">\n<div class=\"wp-block-column has-background is-layout-flow wp-block-column-is-layout-flow\" style=\"background-color:#e9f0ee\">\n<h3 class=\"has-text-color wp-block-heading\" style=\"color:#e6a700\">Classifica\u00e7\u00e3o garantida<\/h3>\n\n\n\n<p class=\"has-text-color\" style=\"color:#3f4e55\">O Guia do MBA mant\u00e9m a parceria estrat\u00e9gica com a CV Trust, empresa europeia que, desde 2013, desenvolve uma solu\u00e7\u00e3o focada na armazenagem segura e certifica\u00e7\u00e3o digital de documentos acad\u00eamicos, chamada Smart Certificate. Com esse processo, a seguran\u00e7a e a credibilidade dos resultados s\u00e3o garantidas. As institui\u00e7\u00f5es receber\u00e3o em formato digital o certificado dos cursos listados no Guia do MBA e poder\u00e3o distribui-los por meio da plataforma.<\/p>\n<\/div>\n<\/div>\n\n\n\n<h3 class=\"wp-block-heading\">PESOS E MEDIDAS<\/h3>\n\n\n\n<p>O que foi considerado no levantamento dos cursos<\/p>\n\n\n\n<p><strong>NETWORKING<\/strong><br>Amplia\u00e7\u00e3o dos contatos que contribuem para acesso a informa\u00e7\u00f5es atualizadas e novas oportunidades de trabalho e promo\u00e7\u00f5es (estudantes com cargos de lideran\u00e7a, atividades para ex-alunos, idade do curso, quantidade de alunos graduados, centro de apoio \u00e0 carreira).<\/p>\n\n\n\n<p><strong>CONHECIMENTO<\/strong><br>Objetivos e conte\u00fado atualizados por professores experientes, modelos de\u00a0 aprendizagem com metodologias que permitem a troca de conhecimentos entre alunos e docentes de forma aplicada \u00e0 din\u00e2mica do mercado (carga hor\u00e1ria, experi\u00eancia profissional dos participantes, alunos com cargos de lideran\u00e7a, n\u00famero de disciplinas e perfil dos docentes).<\/p>\n\n\n\n<p><strong>PROCESSO SELETIVO<\/strong><br>Requisitos de informa\u00e7\u00f5es e instrumentos para an\u00e1lise das caracter\u00edsticas dos candidatos com o intuito de admitir estudantes dentro do perfil dos alunos do curso (experi\u00eancia m\u00ednima exigida, testes, entrevista, an\u00e1lise curricular e cartas de recomenda\u00e7\u00e3o).<\/p>\n\n\n\n<p><strong>VIV\u00caNCIA INTERNACIONAL<\/strong><br>Exposi\u00e7\u00e3o a outras culturas, mercados e geografias, contribuindo para&nbsp; aumentar a maturidade, a flexibilidade e a capacidade de comunica\u00e7\u00e3o e adapta\u00e7\u00e3o a mudan\u00e7as e ao entendimento da diversidade global (obrigatoriedade e dura\u00e7\u00e3o dos m\u00f3dulos, n\u00famero de alunos enviados, presen\u00e7a<br>de estudantes e professores estrangeiros, idioma principal do curso e presen\u00e7a em rankings internacionais).<\/p>\n\n\n\n<p><strong>SELOS DE QUALIDADE<\/strong><br>Selos de qualidade obtidos e em processo, espec\u00edficos para cursos de MBA ou Escolas de Neg\u00f3cios (AACSB, ACBSP, Amba, Anamba, Equaa, Equis e Epas).<strong><br><\/strong><\/p>\n\n\n\n<h3 class=\"wp-block-heading\"><strong>\u00cdCONES<\/strong><\/h3>\n\n\n\n<p>O que determina o n\u00famero de \u00edcones ao lado de cada atributo? Alguns dos&nbsp; crit\u00e9rios s\u00e3o objetivos. \u00c9 o caso de \u201cselos de qualidade\u201d. Como na obten\u00e7\u00e3o de uma certifica\u00e7\u00e3o ISO (conjunto de normas padronizadas de funcionamento), esse tipo de certifica\u00e7\u00e3o \u00e9 dado por institui\u00e7\u00f5es credenciadas, ap\u00f3s um processo rigoroso de auditoria. Outros atributos, por\u00e9m, t\u00eam crit\u00e9rios menos exatos. Para medir a for\u00e7a do networking, por exemplo, s\u00e3o considerados: posi\u00e7\u00e3o hier\u00e1rquica dos alunos, tamanho da classe, tempo de exist\u00eancia do curso, intera\u00e7\u00e3o com ex-alunos, etc.<\/p>\n\n\n\n<h3 class=\"wp-block-heading\"><strong>TIPOS DE MBA<\/strong><\/h3>\n\n\n\n<p>Conhe\u00e7a os tipos de MBA abrangidos pela busca:<\/p>\n\n\n\n<p><strong>CL\u00c1SSICO<\/strong><br>MBA com foco em Administra\u00e7\u00e3o e Gest\u00e3o sem uma especializa\u00e7\u00e3o.<\/p>\n\n\n\n<p><strong>Internacional<\/strong><br> MBA com foco em Administra\u00e7\u00e3o e Gest\u00e3o, com disciplinas ou m\u00f3dulos ministrados no exterior por uma ou mais Institui\u00e7\u00f5es, sendo parte obrigat\u00f3ria do curr\u00edculo do curso.<\/p>\n\n\n\n<p><strong>Especializado<\/strong><br> MBA com foco em uma especializa\u00e7\u00e3o al\u00e9m de Administra\u00e7\u00e3o e Gest\u00e3o.<\/p>\n\n\n\n<h3 class=\"wp-block-heading\"><strong>CONSELHO EDITORIAL<\/strong><\/h3>\n\n\n\n<p>O conselho editorial \u00e9 composto por especialistas reconhecidos pelo mercado. Eles acompanham o trabalho e d\u00e3o seu aval sobre a metodologia de elabora\u00e7\u00e3o do Guia. S\u00e3o diretores de algumas das principais associa\u00e7\u00f5es que zelam pela qualidade e excel\u00eancia dos cursos, bem como pelo desenvolvimento da competitividade brasileira.<\/p>\n\n\n\n<div style=\"height:60px\" aria-hidden=\"true\" class=\"wp-block-spacer\"><\/div>\n\n\n\n<h3 class=\"wp-block-heading\"><strong>CONSELHEIROS DO GUIA DO MBA<\/strong><\/h3>\n\n\n\n<div style=\"height:60px\" aria-hidden=\"true\" class=\"wp-block-spacer\"><\/div>\n\n\n\n<div class=\"wp-block-media-text alignwide is-stacked-on-mobile\"><figure class=\"wp-block-media-text__media\"><img loading=\"lazy\" decoding=\"async\" width=\"128\" height=\"128\" src=\"http:\/\/localhost:8888\/wp-content\/uploads\/2021\/12\/armando.jpg\" alt=\"\" class=\"wp-image-11155 size-full\" srcset=\"https:\/\/publicacoes.estadao.com.br\/guiadomba2023\/wp-content\/uploads\/2021\/12\/armando.jpg 128w, https:\/\/publicacoes.estadao.com.br\/guiadomba2023\/wp-content\/uploads\/2021\/12\/armando-125x125.jpg 125w\" sizes=\"auto, (max-width: 128px) 100vw, 128px\" \/><\/figure><div class=\"wp-block-media-text__content\">\n<p><strong>Armando Dal Colletto<\/strong> \u00e9 coordenador do Estad\u00e3o Guia do MBA, vice-presidente do Conselho Consultivo da Anamba, diretor acad\u00eamico do Institute of Performance and Leadership (IPL), diretor financeiro do Instituto Prospectiva \u2013 Inspro e diretor de parcerias internacionais da CVTrust.<\/p>\n<\/div><\/div>\n\n\n\n<div class=\"wp-block-media-text alignwide is-stacked-on-mobile\"><figure class=\"wp-block-media-text__media\"><img loading=\"lazy\" decoding=\"async\" width=\"128\" height=\"128\" src=\"http:\/\/localhost:8888\/wp-content\/uploads\/2021\/12\/Alessandra.jpg\" alt=\"\" class=\"wp-image-11154 size-full\" srcset=\"https:\/\/publicacoes.estadao.com.br\/guiadomba2023\/wp-content\/uploads\/2021\/12\/Alessandra.jpg 128w, https:\/\/publicacoes.estadao.com.br\/guiadomba2023\/wp-content\/uploads\/2021\/12\/Alessandra-125x125.jpg 125w\" sizes=\"auto, (max-width: 128px) 100vw, 128px\" \/><\/figure><div class=\"wp-block-media-text__content\">\n<p><strong>Alessandra Costenaro Maciel<\/strong>, Ph.D e Diretora Executiva e de Afilia\u00e7\u00f5es da ANAMBA, Docente na IMED, Mentora e Empres\u00e1ria.<\/p>\n<\/div><\/div>\n\n\n\n<div class=\"wp-block-media-text alignwide is-stacked-on-mobile\"><figure class=\"wp-block-media-text__media\"><img loading=\"lazy\" decoding=\"async\" width=\"128\" height=\"128\" src=\"http:\/\/localhost:8888\/wp-content\/uploads\/2021\/12\/Friedemann.jpg\" alt=\"\" class=\"wp-image-11153 size-full\" srcset=\"https:\/\/publicacoes.estadao.com.br\/guiadomba2023\/wp-content\/uploads\/2021\/12\/Friedemann.jpg 128w, https:\/\/publicacoes.estadao.com.br\/guiadomba2023\/wp-content\/uploads\/2021\/12\/Friedemann-125x125.jpg 125w\" sizes=\"auto, (max-width: 128px) 100vw, 128px\" \/><\/figure><div class=\"wp-block-media-text__content\">\n<p><strong>Friedemann Schulze-Fielitz<\/strong> \u00e9 Director, Business School Services do EFMD- European Foundation for Management Development.<\/p>\n<\/div><\/div>\n","protected":false},"excerpt":{"rendered":"<p>Conhe\u00e7a a metodologia utilizada nas escolhas dos cursos Leque de op\u00e7\u00f5es para quem pretende se aprofundar [&hellip;]<\/p>\n","protected":false},"author":2,"featured_media":0,"parent":0,"menu_order":0,"comment_status":"closed","ping_status":"closed","template":"page-metodologia.php","meta":{"footnotes":""},"class_list":["post-95","page","type-page","status-publish","hentry"],"_links":{"self":[{"href":"https:\/\/publicacoes.estadao.com.br\/guiadomba2023\/wp-json\/wp\/v2\/pages\/95","targetHints":{"allow":["GET"]}}],"collection":[{"href":"https:\/\/publicacoes.estadao.com.br\/guiadomba2023\/wp-json\/wp\/v2\/pages"}],"about":[{"href":"https:\/\/publicacoes.estadao.com.br\/guiadomba2023\/wp-json\/wp\/v2\/types\/page"}],"author":[{"embeddable":true,"href":"https:\/\/publicacoes.estadao.com.br\/guiadomba2023\/wp-json\/wp\/v2\/users\/2"}],"replies":[{"embeddable":true,"href":"https:\/\/publicacoes.estadao.com.br\/guiadomba2023\/wp-json\/wp\/v2\/comments?post=95"}],"version-history":[{"count":51,"href":"https:\/\/publicacoes.estadao.com.br\/guiadomba2023\/wp-json\/wp\/v2\/pages\/95\/revisions"}],"predecessor-version":[{"id":16586,"href":"https:\/\/publicacoes.estadao.com.br\/guiadomba2023\/wp-json\/wp\/v2\/pages\/95\/revisions\/16586"}],"wp:attachment":[{"href":"https:\/\/publicacoes.estadao.com.br\/guiadomba2023\/wp-json\/wp\/v2\/media?parent=95"}],"curies":[{"name":"wp","href":"https:\/\/api.w.org\/{rel}","templated":true}]}}