{"id":95,"date":"2020-11-20T09:45:08","date_gmt":"2020-11-20T12:45:08","guid":{"rendered":"http:\/\/publicacoes.estadao.com.br\/guiadomba\/?page_id=95"},"modified":"2021-12-04T22:05:06","modified_gmt":"2021-12-05T01:05:06","slug":"metodologia","status":"publish","type":"page","link":"https:\/\/publicacoes.estadao.com.br\/guiadomba2021\/metodologia\/","title":{"rendered":"Reconhecer, entender e adaptar"},"content":{"rendered":"<p class=\"normal\" style=\"text-align: center;\"><strong><em>Conhe\u00e7a a metodologia utilizada nas escolhas dos cursos<\/em><\/strong><\/p>\n<p>Aperfei\u00e7oar a apura\u00e7\u00e3o \u00e9 uma busca constante desde a primeira edi\u00e7\u00e3o do Estad\u00e3o Guia do MBA, publicada em 2016, e desde sempre conservando a coer\u00eancia na avalia\u00e7\u00e3o de crit\u00e9rios e atributos para continuar a ser o melhor manual de orienta\u00e7\u00e3o aos candidatos no Brasil.<\/p>\n<p>Assim, seria imposs\u00edvel neste 2021 prescindir dos aprendizados e desafios trazidos pela pandemia e pelo isolamento social. Mesmo com o ambiente f\u00edsico das escolas voltando gradativamente ao pleno funcionamento, \u00e9 natural e necess\u00e1rio ampliar o escopo da pesquisa e incluir os cursos totalmente digitais, uma vez que a presen\u00e7a do ensino remoto \u00e9 algo irrevers\u00edvel.<\/p>\n<p>Entre outras adapta\u00e7\u00f5es, uma coisa n\u00e3o mudou: o Guia n\u00e3o \u00e9 um ranking, porque a escolha de um curso depende das necessidades de cada candidato. Quem precisa de um MBA internacional, por exemplo, n\u00e3o tem os mesmos objetivos de quem est\u00e1 mais interessado no networking dentro de uma \u00e1rea de atua\u00e7\u00e3o espec\u00edfica.<\/p>\n<p>Com a interrup\u00e7\u00e3o das aulas presenciais e o surgimento de novas formas de trabalhar e estudar, a pesquisa foi ampliada e passou a mapear tamb\u00e9m os cursos 100% online. At\u00e9 2020 s\u00f3 entravam no levantamento os programas com no m\u00e1ximo 20% da carga hor\u00e1ria de atividade online. \u201cPassamos a considerar neste ano qualquer combina\u00e7\u00e3o de presencial e online. Temos alguns que s\u00e3o 100% digitais, outros no conceito h\u00edbrido e os 100% presenciais\u201d, explica Armando Dal Colletto, coordenador do Guia e vice-presidente do Conselho da Associa\u00e7\u00e3o Nacional de MBA (Anamba).<\/p>\n<p>Dessa mudan\u00e7a surgiram outras adapta\u00e7\u00f5es. Algumas das perguntas do question\u00e1rio enviado \u00e0s institui\u00e7\u00f5es tiveram de ser modificadas para detalhar a acelerada transforma\u00e7\u00e3o digital.<\/p>\n<p><strong>Passo a passo<\/strong><\/p>\n<p>O caminho percorrido para chegar \u00e0 vers\u00e3o de 2021 deste Guia foi bem similar aos dos anos anteriores. Veja os principais pontos:<\/p>\n<p><span style=\"color: #00aeef;\"><strong>BASE DE DADOS<\/strong><\/span><\/p>\n<p class=\"normal\">O Guia obteve informa\u00e7\u00f5es em todo o Pa\u00eds, partindo da lista de cursos de p\u00f3s-gradua\u00e7\u00e3o lato sensu registrados no Minist\u00e9rio da Educa\u00e7\u00e3o e tamb\u00e9m oferecidos em escolas internacionais. Na sequ\u00eancia, foram enviados pela internet question\u00e1rios com 50 perguntas. As respostas alimentaram uma base de dados com mais de 1.900 cursos. No total, 20% das respostas foram validadas e checadas por amostragem. O question\u00e1rio continha perguntas de m\u00faltipla escolha e quest\u00f5es abertas, sobre diferentes temas relativos aos programas de p\u00f3s-gradua\u00e7\u00e3o.<\/p>\n<p><span style=\"color: #00aeef;\"><strong>ATRIBUTOS<\/strong><\/span><br \/>\nPara mapear os cursos e contribuir para que o aluno fa\u00e7a uma escolha acertada e um bom investimento, foram analisados seis atributos:<\/p>\n<ul>\n<li>viv\u00eancia internacional<\/li>\n<li>conhecimentos oferecidos<\/li>\n<li>cria\u00e7\u00e3o de networking<\/li>\n<li>selos de qualidade<\/li>\n<li>processo seletivo<\/li>\n<li>investimento<\/li>\n<\/ul>\n<div class=\"d_flex\">\n<div class=\"box\"><span style=\"color: #ffffff;\"><strong>INVESTIMENTO<\/strong><\/span><br \/>\n<span style=\"color: #ffffff;\">Al\u00e9m de apresentar o valor do investimento para frequentar cada curso, foram estabelecidas cinco faixas de pre\u00e7o:<\/span><br \/>\n<span style=\"color: #ffffff;\"><span style=\"color: #00aeef;\"><strong>($)<\/strong><\/span> \u2013 At\u00e9 R$ 10 mil<\/span><br \/>\n<span style=\"color: #ffffff;\"><span style=\"color: #00aeef;\"><strong>($$)<\/strong><\/span> \u2013 Acima de R$ 10 mil e at\u00e9 R$ 20 mil<\/span><br \/>\n<span style=\"color: #ffffff;\"><span style=\"color: #00aeef;\"><strong>($$$)<\/strong><\/span> \u2013 Acima de R$ 20 mil e at\u00e9 R$ 50 mil<\/span><br \/>\n<span style=\"color: #ffffff;\"><span style=\"color: #00aeef;\"><strong>($$$$)<\/strong><\/span> \u2013 Acima de R$ 50 mil e at\u00e9 R$ 100 mil<\/span><br \/>\n<span style=\"color: #ffffff;\"><span style=\"color: #00aeef;\"><strong>($$$$$)<\/strong><\/span> \u2013 Acima de R$ 100 mil<\/span><\/div>\n<p><!-- .box --><\/p>\n<div class=\"box\"><span style=\"color: #ffffff;\"><strong>CRIT\u00c9RIOS RELACIONADOS<\/strong><\/span><br \/>\n<span style=\"color: #ffffff;\">Cada um dos atributos \u00e9 composto por determinados crit\u00e9rios. Colocados em um algoritmo, esses crit\u00e9rios receberam tratamento estat\u00edstico e geraram, para cada atributo, \u00edcones de classifica\u00e7\u00e3o que v\u00e3o de zero a cinco estrelas (como em um guia gastron\u00f4mico ou de hotelaria, por exemplo). Essa informa\u00e7\u00e3o \u00e9 considerada eficiente para a tomada de decis\u00e3o porque mostra o que se destaca em cada um dos cursos apresentados.<\/span><\/div>\n<\/div>\n<p><!-- .d_flex --><\/p>\n<div class=\"certificacao\" style=\"background: #eca1bf; padding: 15px;\">\n<div id=\"smart-certificate\" class=\"box\"><span style=\"color: #351e4a;\"><strong>CERTIFICA\u00c7\u00c3O GARANTIDA<\/strong><\/span><br \/>\nNesta edi\u00e7\u00e3o, o <em>Guia do MBA<\/em> inicia uma parceria estrat\u00e9gica com a CV Trust, empresa europeia que, desde 2013, desenvolve uma solu\u00e7\u00e3o focada na armazenagem segura e certifica\u00e7\u00e3o digital de documentos acad\u00eamicos, chamada Smart Certificate. Com esse processo, a seguran\u00e7a e a credibilidade dos resultados s\u00e3o garantidas. A partir desta edic\u00e3o, portanto, as institui\u00e7\u00f5es receber\u00e3o em formato digital o certificado dos cursos listados no <em>Guia do MBA<\/em> e poder\u00e3o distribui-los por meio da plataforma.<\/div>\n<\/div>\n<div><\/div>\n<div><\/div>\n<p><strong>PESOS E MEDIDAS<\/strong><br \/>\n<strong><span style=\"color: #00aeef;\">O que foi considerado no levantamento dos cursos<\/span><\/strong><\/p>\n<p><strong><span style=\"color: #00aeef;\">\u00bb\u00a0NETWORKING<\/span><\/strong><br \/>\nAmplia\u00e7\u00e3o dos contatos que contribuem para acesso a informa\u00e7\u00f5es atualizadas e novas oportunidades de trabalho e promo\u00e7\u00f5es (estudantes com cargos de lideran\u00e7a, atividades para ex-alunos, idade do curso, quantidade de alunos<br \/>\ngraduados, centro de apoio \u00e0 carreira).<\/p>\n<p><strong><span style=\"color: #00aeef;\">\u00bb\u00a0CONHECIMENTO<\/span><\/strong><br \/>\nObjetivos e conte\u00fado atualizados por professores experientes, modelos de\u00a0 aprendizagem com metodologias que permitem a troca de conhecimentos entre alunos e docentes de forma aplicada \u00e0 din\u00e2mica do mercado (carga hor\u00e1ria, experi\u00eancia profissional dos participantes, alunos com cargos de lideran\u00e7a,<br \/>\nn\u00famero de disciplinas e perfil dos docentes).<\/p>\n<p><strong><span style=\"color: #00aeef;\">\u00bb\u00a0PROCESSO SELETIVO<\/span><\/strong><br \/>\nRequisitos de informa\u00e7\u00f5es e instrumentos para an\u00e1lise das caracter\u00edsticas dos candidatos com o intuito de admitir estudantes dentro do perfil dos alunos do curso (experi\u00eancia m\u00ednima exigida, testes, entrevista, an\u00e1lise curricular e cartas de recomenda\u00e7\u00e3o).<\/p>\n<p><strong><span style=\"color: #00aeef;\">\u00bb\u00a0VIV\u00caNCIA INTERNACIONAL<\/span><\/strong><br \/>\nExposi\u00e7\u00e3o a outras culturas, mercados e geografias, contribuindo para\u00a0 aumentar a maturidade, a flexibilidade e a capacidade de comunica\u00e7\u00e3o e adapta\u00e7\u00e3o a mudan\u00e7as e ao entendimento da diversidade global (obrigatoriedade e dura\u00e7\u00e3o dos m\u00f3dulos, n\u00famero de alunos enviados, presen\u00e7a<br \/>\nde estudantes e professores estrangeiros, idioma principal do curso e presen\u00e7a em rankings internacionais).<\/p>\n<p><strong><span style=\"color: #00aeef;\">\u00bb\u00a0SELOS DE QUALIDADE<\/span><\/strong><br \/>\nSelos de qualidade obtidos e em processo, espec\u00edficos para cursos de MBA ou Escolas de Neg\u00f3cios (AACSB, ACBSP, Amba, Anamba, Equaa, Equis e Epas).<strong><br \/>\n<\/strong><\/p>\n<p><strong>\u00cdCONES<\/strong><\/p>\n<p>O que determina o n\u00famero de \u00edcones ao lado de cada atributo? Alguns dos\u00a0 crit\u00e9rios s\u00e3o objetivos. \u00c9 o caso de \u201cselos de qualidade\u201d. Como na obten\u00e7\u00e3o de uma certifica\u00e7\u00e3o ISO (conjunto de normas padronizadas de funcionamento), esse tipo de certifica\u00e7\u00e3o \u00e9 dado por institui\u00e7\u00f5es credenciadas, ap\u00f3s um processo rigoroso de auditoria. Outros atributos, por\u00e9m, t\u00eam crit\u00e9rios menos exatos. Para medir a for\u00e7a do networking, por exemplo, s\u00e3o considerados: posi\u00e7\u00e3o hier\u00e1rquica dos alunos, tamanho da classe, tempo de exist\u00eancia do curso, intera\u00e7\u00e3o com ex-alunos, etc.<\/p>\n<p><strong>TIPOS DE MBA<br \/>\n<\/strong><\/p>\n<p>Conhe\u00e7a os tipos de MBA abrangidos pela busca:<\/p>\n<p><strong>Cl\u00e1ssico<\/strong>: MBA com foco em Administra\u00e7\u00e3o e Gest\u00e3o sem uma especializa\u00e7\u00e3o.<br \/>\n<strong>Internacional<\/strong>: MBA com foco em Administra\u00e7\u00e3o e Gest\u00e3o, com disciplinas ou m\u00f3dulos ministrados no exterior por uma ou mais Institui\u00e7\u00f5es, sendo parte obrigat\u00f3ria do curr\u00edculo do curso.<br \/>\n<strong>Especializado<\/strong>: MBA com foco em uma especializa\u00e7\u00e3o al\u00e9m de Administra\u00e7\u00e3o e Gest\u00e3o.<\/p>\n<p><strong>CONSELHO EDITORIAL<\/strong><\/p>\n<p>O conselho editorial \u00e9 composto por especialistas reconhecidos pelo mercado. Eles acompanham o trabalho e d\u00e3o seu aval sobre a metodologia de elabora\u00e7\u00e3o do Guia. S\u00e3o diretores de algumas das principais associa\u00e7\u00f5es que zelam pela qualidade e excel\u00eancia dos cursos, bem como pelo desenvolvimento da competitividade brasileira.<\/p>\n<p><strong><span style=\"color: #00aeef;\">CONSELHEIROS DO GUIA DO MBA<\/span><\/strong><\/p>\n<p><strong><img loading=\"lazy\" decoding=\"async\" class=\"size-full wp-image-11155 alignleft\" src=\"https:\/\/publicacoes.estadao.com.br\/guiadomba2021\/wp-content\/uploads\/2021\/12\/armando.jpg\" alt=\"\" width=\"128\" height=\"128\" srcset=\"https:\/\/publicacoes.estadao.com.br\/guiadomba2021\/wp-content\/uploads\/2021\/12\/armando.jpg 128w, https:\/\/publicacoes.estadao.com.br\/guiadomba2021\/wp-content\/uploads\/2021\/12\/armando-125x125.jpg 125w\" sizes=\"auto, (max-width: 128px) 100vw, 128px\" \/><\/strong><\/p>\n<p>&nbsp;<\/p>\n<p><strong>Armando Dal Colletto<\/strong> \u00e9 coordenador do Estad\u00e3o Guia do MBA, vice-presidente do Conselho Consultivo da Anamba, diretor acad\u00eamico do Institute of Performance and Leadership (IPL), diretor financeiro do Instituto Prospectiva \u2013 Inspro e diretor de parcerias internacionais da CVTrust.<\/p>\n<p>&nbsp;<\/p>\n<p><img loading=\"lazy\" decoding=\"async\" class=\"size-full wp-image-11154 alignleft\" src=\"https:\/\/publicacoes.estadao.com.br\/guiadomba2021\/wp-content\/uploads\/2021\/12\/Alessandra.jpg\" alt=\"\" width=\"128\" height=\"128\" srcset=\"https:\/\/publicacoes.estadao.com.br\/guiadomba2021\/wp-content\/uploads\/2021\/12\/Alessandra.jpg 128w, https:\/\/publicacoes.estadao.com.br\/guiadomba2021\/wp-content\/uploads\/2021\/12\/Alessandra-125x125.jpg 125w\" sizes=\"auto, (max-width: 128px) 100vw, 128px\" \/><\/p>\n<p>&nbsp;<\/p>\n<p><strong>Alessandra Costenaro Maciel<\/strong>, Ph.D e Diretora Executiva e de Afilia\u00e7\u00f5es da ANAMBA, Docente na IMED, Mentora e Empres\u00e1ria.<\/p>\n<p>&nbsp;<\/p>\n<p>&nbsp;<\/p>\n<p style=\"text-align: left;\"><strong><img loading=\"lazy\" decoding=\"async\" class=\"size-full wp-image-11153 alignleft\" src=\"https:\/\/publicacoes.estadao.com.br\/guiadomba2021\/wp-content\/uploads\/2021\/12\/Friedemann.jpg\" alt=\"\" width=\"128\" height=\"128\" srcset=\"https:\/\/publicacoes.estadao.com.br\/guiadomba2021\/wp-content\/uploads\/2021\/12\/Friedemann.jpg 128w, https:\/\/publicacoes.estadao.com.br\/guiadomba2021\/wp-content\/uploads\/2021\/12\/Friedemann-125x125.jpg 125w\" sizes=\"auto, (max-width: 128px) 100vw, 128px\" \/><\/strong><\/p>\n<p>&nbsp;<\/p>\n<p style=\"text-align: left;\"><strong>Friedemann Schulze-Fielitz<\/strong> \u00e9 Director, Business School Services do EFMD- European Foundation for Management Development.<\/p>\n<p>&nbsp;<\/p>\n","protected":false},"excerpt":{"rendered":"<p>Conhe\u00e7a a metodologia utilizada nas escolhas dos cursos Aperfei\u00e7oar a apura\u00e7\u00e3o \u00e9 uma busca constante desde a primeira edi\u00e7\u00e3o do Estad\u00e3o Guia do MBA, publicada em 2016, e desde sempre conservando a coer\u00eancia na avalia\u00e7\u00e3o de crit\u00e9rios e atributos para continuar a ser o melhor manual de orienta\u00e7\u00e3o aos candidatos no Brasil. Assim, seria imposs\u00edvel [&hellip;]<\/p>\n","protected":false},"author":2,"featured_media":0,"parent":0,"menu_order":0,"comment_status":"closed","ping_status":"closed","template":"page-metodologia.php","meta":{"footnotes":""},"class_list":["post-95","page","type-page","status-publish","hentry"],"_links":{"self":[{"href":"https:\/\/publicacoes.estadao.com.br\/guiadomba2021\/wp-json\/wp\/v2\/pages\/95","targetHints":{"allow":["GET"]}}],"collection":[{"href":"https:\/\/publicacoes.estadao.com.br\/guiadomba2021\/wp-json\/wp\/v2\/pages"}],"about":[{"href":"https:\/\/publicacoes.estadao.com.br\/guiadomba2021\/wp-json\/wp\/v2\/types\/page"}],"author":[{"embeddable":true,"href":"https:\/\/publicacoes.estadao.com.br\/guiadomba2021\/wp-json\/wp\/v2\/users\/2"}],"replies":[{"embeddable":true,"href":"https:\/\/publicacoes.estadao.com.br\/guiadomba2021\/wp-json\/wp\/v2\/comments?post=95"}],"version-history":[{"count":44,"href":"https:\/\/publicacoes.estadao.com.br\/guiadomba2021\/wp-json\/wp\/v2\/pages\/95\/revisions"}],"predecessor-version":[{"id":12914,"href":"https:\/\/publicacoes.estadao.com.br\/guiadomba2021\/wp-json\/wp\/v2\/pages\/95\/revisions\/12914"}],"wp:attachment":[{"href":"https:\/\/publicacoes.estadao.com.br\/guiadomba2021\/wp-json\/wp\/v2\/media?parent=95"}],"curies":[{"name":"wp","href":"https:\/\/api.w.org\/{rel}","templated":true}]}}