{"id":95,"date":"2020-11-20T09:45:08","date_gmt":"2020-11-20T12:45:08","guid":{"rendered":"http:\/\/publicacoes.estadao.com.br\/guiadomba\/?page_id=95"},"modified":"2020-12-05T21:56:29","modified_gmt":"2020-12-06T00:56:29","slug":"metodologia","status":"publish","type":"page","link":"https:\/\/publicacoes.estadao.com.br\/guiadomba2020\/metodologia\/","title":{"rendered":"Reconhecer, entender e adaptar"},"content":{"rendered":"<p>Com a interrup\u00e7\u00e3o das aulas presenciais e o surgimento de novas formas de trabalhar e estudar, a pesquisa foi ampliada e passou a mapear tamb\u00e9m os cursos 100% online.<\/p>\n<p>Aperfei\u00e7oar a apura\u00e7\u00e3o \u00e9 uma busca constante desde a primeira edi\u00e7\u00e3o do <strong>Estad\u00e3o Guia do MBA<\/strong>, publicada em 2016, e desde sempre conservando a coer\u00eancia na avalia\u00e7\u00e3o de crit\u00e9rios e atributos para continuar a ser o <strong>melhor manual de orienta\u00e7\u00e3o aos candidatos no Brasil<\/strong>.<\/p>\n<p>Assim, seria imposs\u00edvel neste 2020 esquivar-se dos desafios trazidos pelo isolamento social devido \u00e0 pandemia do novo coronav\u00edrus. Com o ambiente f\u00edsico das escolas interditado, \u00e9 natural e necess\u00e1rio ampliar o escopo da pesquisa e incluir os cursos totalmente digitais.<\/p>\n<p>At\u00e9 2019, s\u00f3 entravam no levantamento os programas com no m\u00e1ximo 20% da carga hor\u00e1ria de atividade online. \u201c<em>Passamos a considerar neste ano qualquer combina\u00e7\u00e3o de presencial e online. Temos alguns que s\u00e3o 100% digitais, outros no conceito h\u00edbrido e os 100% presenciais<\/em>\u201d, explica Armando Dal Colletto, coordenador do Guia e vice-presidente do Conselho da Associa\u00e7\u00e3o Nacional de MBA (Anamba).<\/p>\n<p>Dessa mudan\u00e7a surgiram outras adapta\u00e7\u00f5es. Algumas das perguntas do question\u00e1rio enviado \u00e0s institui\u00e7\u00f5es tiveram de ser modificadas para detalhar a acelerada transforma\u00e7\u00e3o digital.<\/p>\n<p>Tamb\u00e9m houve um natural reajuste nos valores de investimento dos cursos em todas as faixas de pre\u00e7o abrangidas. Uma coisa n\u00e3o mudou: o <strong>Guia<\/strong> n\u00e3o \u00e9 feito no formato de ranking porque seus idealizadores defendem que a escolha de um curso depende das necessidades de cada candidato. Quem precisa de um MBA internacional, por exemplo, n\u00e3o tem os mesmos objetivos de quem est\u00e1 mais interessado no networking dentro de uma \u00e1rea de atua\u00e7\u00e3o espec\u00edfica.<\/p>\n<p>O caminho percorrido para chegar \u00e0 vers\u00e3o de 2020 deste Guia foi bem similar aos do s anos anteriores.<\/p>\n<p><strong>Veja os principais pontos:<\/strong><\/p>\n<p><strong><img loading=\"lazy\" decoding=\"async\" class=\"size-full wp-image-6969 alignright\" src=\"https:\/\/publicacoes.estadao.com.br\/guiadomba\/wp-content\/uploads\/2020\/12\/Cursos-mapeados.png\" alt=\"\" width=\"246\" height=\"546\" srcset=\"https:\/\/publicacoes.estadao.com.br\/guiadomba2020\/wp-content\/uploads\/2020\/12\/Cursos-mapeados.png 246w, https:\/\/publicacoes.estadao.com.br\/guiadomba2020\/wp-content\/uploads\/2020\/12\/Cursos-mapeados-135x300.png 135w\" sizes=\"auto, (max-width: 246px) 100vw, 246px\" \/>BASE DE DADOS<\/strong><br \/>\nO Guia obteve informa\u00e7\u00f5es em todo o Pa\u00eds, partindo da lista de cursos de p\u00f3s-gradua\u00e7\u00e3o lato sensu registrados no Minist\u00e9rio da Educa\u00e7\u00e3o e tamb\u00e9m oferecidos em escolas internacionais. Na sequ\u00eancia, foram enviados pela internet question\u00e1rios com 50 perguntas. As respostas alimentaram uma base de dados com mais de 1.900 cursos. No total, 20% das respostas foram validadas e checadas por amostragem. O question\u00e1rio continha perguntas de m\u00faltipla escolha e quest\u00f5es abertas, sobre diferentes temas relativos aos programas de p\u00f3s-gradua\u00e7\u00e3o.<\/p>\n<p><strong>ATRIBUTOS<\/strong><br \/>\nPara mapear os cursos e contribuir para que o aluno fa\u00e7a uma escolha acertada e um bom investimento, foram analisados seis atributos:<\/p>\n<ul>\n<li>viv\u00eancia internacional<\/li>\n<li>conhecimentos oferecidos<\/li>\n<li>cria\u00e7\u00e3o de networking<\/li>\n<li>selos de qualidade<\/li>\n<li>processo seletivo<\/li>\n<li>investimento<\/li>\n<\/ul>\n<p><strong>CRIT\u00c9RIOS RELACIONADOS<\/strong><br \/>\nCada um dos atributos \u00e9 composto por determinados crit\u00e9rios. Colocados em um algoritmo, esses crit\u00e9rios receberam tratamento estat\u00edstico e geraram, para cada atributo, \u00edcones de classifica\u00e7\u00e3o que v\u00e3o de zero a cinco estrelas (como em um guia gastron\u00f4mico ou de hotelaria, por exemplo). Essa informa\u00e7\u00e3o \u00e9 considerada eficiente para a tomada de decis\u00e3o porque mostra o que se destaca em cada um dos cursos apresentados.<\/p>\n<div class=\"d_flex\">\n<div class=\"box\"><span style=\"color: #ffffff;\"><strong>INVESTIMENTO<\/strong><\/span><br \/>\n<span style=\"color: #ffffff;\">Al\u00e9m de apresentar o valor do investimento para frequentar cada curso, foram estabelecidas cinco faixas de pre\u00e7o:<\/span><br \/>\n<span style=\"color: #ffffff;\"><span style=\"color: #00aeef;\"><strong>($)<\/strong><\/span> \u2013 At\u00e9 R$ 10 mil<\/span><br \/>\n<span style=\"color: #ffffff;\"><span style=\"color: #00aeef;\"><strong>($$)<\/strong><\/span> \u2013 Acima de R$ 10 mil e at\u00e9 R$ 20 mil<\/span><br \/>\n<span style=\"color: #ffffff;\"><span style=\"color: #00aeef;\"><strong>($$$)<\/strong><\/span> \u2013 Acima de R$ 20 mil e at\u00e9 R$ 50 mil<\/span><br \/>\n<span style=\"color: #ffffff;\"><span style=\"color: #00aeef;\"><strong>($$$$)<\/strong><\/span> \u2013 Acima de R$ 50 mil e at\u00e9 R$ 100 mil<\/span><br \/>\n<span style=\"color: #ffffff;\"><span style=\"color: #00aeef;\"><strong>($$$$$)<\/strong><\/span> \u2013 Acima de R$ 100 mil<\/span><\/div>\n<p><!-- .box --><\/p>\n<div class=\"box\"><span style=\"color: #ffffff;\">O Guia n\u00e3o usa notas para formar um ranking. As necessidades de cada aluno s\u00e3o diferentes, de acordo com o que ele busca para sua vida. O fato de um MBA ter mais \u00edcones no atributo viv\u00eancia internacional pode torn\u00e1-lo mais interessante para um estudante que deseja investir fortemente nesse tipo de experi\u00eancia, mas n\u00e3o para todos. Do modo como foi organizado o estudo, o candidato consegue ter base comparativa que coloca lado a lado os melhores, entre os que t\u00eam ofertas parecidas.<\/span><\/div>\n<p><!-- .box --><\/p>\n<\/div>\n<p><!-- .d_flex --><\/p>\n<p><strong>PESOS E MEDIDAS<\/strong><br \/>\n<strong><span style=\"color: #00aeef;\">O que foi considerado no levantamento dos cursos<\/span><\/strong><\/p>\n<p><img loading=\"lazy\" decoding=\"async\" class=\"size-full wp-image-6974 alignright\" src=\"https:\/\/publicacoes.estadao.com.br\/guiadomba\/wp-content\/uploads\/2020\/12\/Conselheiros.png\" alt=\"\" width=\"247\" height=\"799\" srcset=\"https:\/\/publicacoes.estadao.com.br\/guiadomba2020\/wp-content\/uploads\/2020\/12\/Conselheiros.png 247w, https:\/\/publicacoes.estadao.com.br\/guiadomba2020\/wp-content\/uploads\/2020\/12\/Conselheiros-93x300.png 93w\" sizes=\"auto, (max-width: 247px) 100vw, 247px\" \/><\/p>\n<p><strong><span style=\"color: #00aeef;\">\u00bb\u00a0NETWORKING<\/span><\/strong><br \/>\nAmplia\u00e7\u00e3o dos contatos que contribuem para acesso a informa\u00e7\u00f5es atualizadas e novas oportunidades de trabalho e promo\u00e7\u00f5es (estudantes com cargos de lideran\u00e7a, atividades para ex-alunos, idade do curso, quantidade de alunos<br \/>\ngraduados, centro de apoio \u00e0 carreira).<\/p>\n<p><strong><span style=\"color: #00aeef;\">\u00bb\u00a0CONHECIMENTO<\/span><\/strong><br \/>\nObjetivos e conte\u00fado atualizados por professores experientes, modelos de\u00a0 aprendizagem com metodologias que permitem a troca de conhecimentos entre alunos e docentes de forma aplicada \u00e0 din\u00e2mica do mercado (carga hor\u00e1ria, experi\u00eancia profissional dos participantes, alunos com cargos de lideran\u00e7a,<br \/>\nn\u00famero de disciplinas e perfil dos docentes).<\/p>\n<p><strong><span style=\"color: #00aeef;\">\u00bb\u00a0PROCESSO SELETIVO<\/span><\/strong><br \/>\nRequisitos de informa\u00e7\u00f5es e instrumentos para an\u00e1lise das caracter\u00edsticas dos candidatos com o intuito de admitir estudantes dentro do perfil dos alunos do curso (experi\u00eancia m\u00ednima exigida, testes, entrevista, an\u00e1lise curricular e cartas de recomenda\u00e7\u00e3o).<\/p>\n<p><strong><span style=\"color: #00aeef;\">\u00bb\u00a0VIV\u00caNCIA INTERNACIONAL<\/span><\/strong><br \/>\nExposi\u00e7\u00e3o a outras culturas, mercados e geografias, contribuindo para\u00a0 aumentar a maturidade, a flexibilidade e a capacidade de comunica\u00e7\u00e3o e adapta\u00e7\u00e3o a mudan\u00e7as e ao entendimento da diversidade global (obrigatoriedade e dura\u00e7\u00e3o dos m\u00f3dulos, n\u00famero de alunos enviados, presen\u00e7a<br \/>\nde estudantes e professores estrangeiros, idioma principal do curso e presen\u00e7a em rankings internacionais).<\/p>\n<p><strong><span style=\"color: #00aeef;\">\u00bb\u00a0SELOS DE QUALIDADE<\/span><\/strong><br \/>\nSelos de qualidade obtidos e em processo, espec\u00edficos para cursos de MBA ou Escolas de Neg\u00f3cios (AACSB, ACBSP, Amba, Anamba, Equaa, Equis e Epas).<\/p>\n<p><strong><br \/>\n\u00cdCONES<\/strong><\/p>\n<p>O que determina o n\u00famero de \u00edcones ao lado de cada atributo? Alguns dos\u00a0 crit\u00e9rios s\u00e3o objetivos. \u00c9 o caso de \u201cselos de qualidade\u201d. Como na obten\u00e7\u00e3o de uma certifica\u00e7\u00e3o ISO (conjunto de normas padronizadas de funcionamento), esse tipo de certifica\u00e7\u00e3o \u00e9 dado por institui\u00e7\u00f5es credenciadas, ap\u00f3s um processo rigoroso de auditoria. Outros atributos, por\u00e9m, t\u00eam crit\u00e9rios menos exatos. Para medir a for\u00e7a do networking, por exemplo, s\u00e3o considerados: posi\u00e7\u00e3o hier\u00e1rquica dos alunos, tamanho da classe, tempo de exist\u00eancia do curso, intera\u00e7\u00e3o com ex-alunos, etc.<\/p>\n<p><strong>CONSELHO EDITORIAL<\/strong><\/p>\n<p>O conselho editorial \u00e9 composto por especialistas reconhecidos pelo mercado. Eles acompanham o trabalho e d\u00e3o seu aval sobre a metodologia de elabora\u00e7\u00e3o do Guia. S\u00e3o diretores de algumas das principais associa\u00e7\u00f5es que zelam pela qualidade e excel\u00eancia dos cursos, bem como pelo desenvolvimento da competitividade brasileira.<\/p>\n","protected":false},"excerpt":{"rendered":"<p>Com a interrup\u00e7\u00e3o das aulas presenciais e o surgimento de novas formas de trabalhar e estudar, a pesquisa foi ampliada e passou a mapear tamb\u00e9m os cursos 100% online. Aperfei\u00e7oar a apura\u00e7\u00e3o \u00e9 uma busca constante desde a primeira edi\u00e7\u00e3o do Estad\u00e3o Guia do MBA, publicada em 2016, e desde sempre conservando a coer\u00eancia na [&hellip;]<\/p>\n","protected":false},"author":2,"featured_media":0,"parent":0,"menu_order":0,"comment_status":"closed","ping_status":"closed","template":"page-metodologia.php","meta":{"_acf_changed":false,"footnotes":""},"class_list":["post-95","page","type-page","status-publish","hentry"],"acf":[],"aioseo_notices":[],"_links":{"self":[{"href":"https:\/\/publicacoes.estadao.com.br\/guiadomba2020\/wp-json\/wp\/v2\/pages\/95","targetHints":{"allow":["GET"]}}],"collection":[{"href":"https:\/\/publicacoes.estadao.com.br\/guiadomba2020\/wp-json\/wp\/v2\/pages"}],"about":[{"href":"https:\/\/publicacoes.estadao.com.br\/guiadomba2020\/wp-json\/wp\/v2\/types\/page"}],"author":[{"embeddable":true,"href":"https:\/\/publicacoes.estadao.com.br\/guiadomba2020\/wp-json\/wp\/v2\/users\/2"}],"replies":[{"embeddable":true,"href":"https:\/\/publicacoes.estadao.com.br\/guiadomba2020\/wp-json\/wp\/v2\/comments?post=95"}],"version-history":[{"count":24,"href":"https:\/\/publicacoes.estadao.com.br\/guiadomba2020\/wp-json\/wp\/v2\/pages\/95\/revisions"}],"predecessor-version":[{"id":7063,"href":"https:\/\/publicacoes.estadao.com.br\/guiadomba2020\/wp-json\/wp\/v2\/pages\/95\/revisions\/7063"}],"wp:attachment":[{"href":"https:\/\/publicacoes.estadao.com.br\/guiadomba2020\/wp-json\/wp\/v2\/media?parent=95"}],"curies":[{"name":"wp","href":"https:\/\/api.w.org\/{rel}","templated":true}]}}