{"id":146,"date":"2024-11-06T15:25:21","date_gmt":"2024-11-06T18:25:21","guid":{"rendered":"http:\/\/localhost:8888\/perguntas-frequentes\/"},"modified":"2024-11-19T14:18:34","modified_gmt":"2024-11-19T17:18:34","slug":"duvidas","status":"publish","type":"page","link":"https:\/\/publicacoes.estadao.com.br\/guia-de-pos-mba2024\/duvidas\/","title":{"rendered":"Perguntas frequentes sobre o Guia de P\u00f3s + MBA"},"content":{"rendered":"\r\n<p><strong>Como a institui\u00e7\u00e3o pode aparecer no guia?<\/strong><br \/>Para participar do guia, as institui\u00e7\u00f5es devem inscrever os cursos, de acordo com os crit\u00e9rios preestabelecidos pela curadoria da publica\u00e7\u00e3o e responder ao question\u00e1rio dispon\u00edvel no site <a href=\"https:\/\/publicacoes.estadao.com.br\/guia-de-pos-mba\/painel-das-instituicoes\/\"><u>https:\/\/publicacoes.estadao.com.br\/guia-de-pos-mba\/painel-das-instituicoes\/<\/u><\/a><\/p>\r\n\r\n\r\n\r\n<p><strong>Quais tipos de cursos podem fazer parte do guia?<\/strong><br \/>Ser\u00e3o considerados cursos de MBA em Gest\u00e3o (Cl\u00e1ssico), Internacional e\u00a0Especializado e cursos de p\u00f3s-gradua\u00e7\u00e3o em Administra\u00e7\u00e3o e Gest\u00e3o de Neg\u00f3cios, Especializado\u00a0e Internacional.\u00a0Em caso de d\u00favidas, consulte o <strong><u><strong><a title=\"http:\/\/portal.mec.gov.br\/expansao-da-rede-federal\/180-estudantes-108009469\/pos-graduacao-500454045\/387-lato-sensu-saiba-mais\" href=\"http:\/\/portal.mec.gov.br\/expansao-da-rede-federal\/180-estudantes-108009469\/pos-graduacao-500454045\/387-lato-sensu-saiba-mais\" target=\"_blank\" rel=\"noreferrer noopener\">site do MEC<\/a><\/strong><\/u><\/strong><\/p>\r\n\r\n\r\n\r\n<p><strong>Tem custo para participar do guia?<\/strong><br \/>A figura\u00e7\u00e3o no guia n\u00e3o \u00e9 vendida. Ser\u00e3o contemplados os cursos devidamente informados pela institui\u00e7\u00e3o e s\u00f3 ser\u00e3o considerados os que estiverem com o question\u00e1rio totalmente preenchido\u00a0e dentro das\u00a0categorias abrangidas pelo Guia.<\/p>\r\n\r\n\r\n\r\n<p><strong>\u00c9 poss\u00edvel indicar porta-vozes para participar das entrevistas?<\/strong><br \/>A publica\u00e7\u00e3o anual possui pautas de acordo com o tema central definido pela Reda\u00e7\u00e3o do Estad\u00e3o e s\u00e3o selecionados porta-vozes que tenham experi\u00eancias para compartilhar e contribuir para o enriquecimento do conte\u00fado. As indica\u00e7\u00f5es de porta-vozes podem ser enviadas para o e-mail <a href=\"mailto:publica\u00e7\u00f5es@estadao.com\"><u>publica\u00e7\u00f5es@estadao.com<\/u><\/a>, com as informa\u00e7\u00f5es: nome, cargo e empresa, minibio e tema a ser explorado.<\/p>\r\n\r\n\r\n\r\n<p><strong>Como as empresas podem ter maior visibilidade na publica\u00e7\u00e3o?<\/strong><br \/>\u00c9 poss\u00edvel atrelar a marca \u00e0 publica\u00e7\u00e3o com oportunidades comerciais que se adaptam \u00e0s estrat\u00e9gias e necessidades de cada empresa.<\/p>\r\n\r\n\r\n\r\n<p><strong>As institui\u00e7\u00f5es podem patrocinar a publica\u00e7\u00e3o?<\/strong><br \/>Sim, o Estad\u00e3o possui diferentes modalidades de patroc\u00ednio. Se quiser conhecer as oportunidades, escreva para publicacoes@estadao.com<\/p>\r\n","protected":false},"excerpt":{"rendered":"<p>Como a institui\u00e7\u00e3o pode aparecer no guia?Para participar do guia, as institui\u00e7\u00f5es devem inscrever os cursos, [&hellip;]<\/p>\n","protected":false},"author":1,"featured_media":0,"parent":0,"menu_order":0,"comment_status":"open","ping_status":"closed","template":"page-duvidas.php","meta":{"_acf_changed":false,"footnotes":""},"class_list":["post-146","page","type-page","status-publish","hentry"],"acf":[],"yoast_head":"<!-- This site is optimized with the Yoast SEO plugin v23.9 - https:\/\/yoast.com\/wordpress\/plugins\/seo\/ -->\n<title>Perguntas frequentes sobre o Guia de P\u00f3s + MBA - Guia de P\u00d3S + MBA Estad\u00e3o 2024<\/title>\n<meta name=\"robots\" content=\"index, follow, max-snippet:-1, max-image-preview:large, max-video-preview:-1\" \/>\n<link rel=\"canonical\" href=\"https:\/\/publicacoes.estadao.com.br\/guia-de-pos-mba\/duvidas\/\" \/>\n<meta property=\"og:locale\" content=\"pt_BR\" \/>\n<meta property=\"og:type\" content=\"article\" \/>\n<meta property=\"og:title\" content=\"Perguntas frequentes sobre o Guia de P\u00f3s + MBA - Guia de P\u00d3S + MBA Estad\u00e3o 2024\" \/>\n<meta property=\"og:description\" content=\"Como a institui\u00e7\u00e3o pode aparecer no guia?Para participar do guia, as institui\u00e7\u00f5es devem inscrever os cursos, [&hellip;]\" \/>\n<meta property=\"og:url\" content=\"https:\/\/publicacoes.estadao.com.br\/guia-de-pos-mba\/duvidas\/\" \/>\n<meta property=\"og:site_name\" content=\"Guia de P\u00d3S + MBA Estad\u00e3o 2024\" \/>\n<meta property=\"article:modified_time\" content=\"2024-11-19T17:18:34+00:00\" \/>\n<meta name=\"twitter:card\" content=\"summary_large_image\" \/>\n<meta name=\"twitter:label1\" content=\"Est. tempo de leitura\" \/>\n\t<meta name=\"twitter:data1\" content=\"1 minuto\" \/>\n<script type=\"application\/ld+json\" class=\"yoast-schema-graph\">{\"@context\":\"https:\/\/schema.org\",\"@graph\":[{\"@type\":\"WebPage\",\"@id\":\"https:\/\/publicacoes.estadao.com.br\/guia-de-pos-mba\/duvidas\/\",\"url\":\"https:\/\/publicacoes.estadao.com.br\/guia-de-pos-mba\/duvidas\/\",\"name\":\"Perguntas frequentes sobre o Guia de P\u00f3s + MBA - Guia de P\u00d3S + MBA Estad\u00e3o 2024\",\"isPartOf\":{\"@id\":\"https:\/\/publicacoes.estadao.com.br\/guia-de-pos-mba\/#website\"},\"datePublished\":\"2024-11-06T18:25:21+00:00\",\"dateModified\":\"2024-11-19T17:18:34+00:00\",\"breadcrumb\":{\"@id\":\"https:\/\/publicacoes.estadao.com.br\/guia-de-pos-mba\/duvidas\/#breadcrumb\"},\"inLanguage\":\"pt-BR\",\"potentialAction\":[{\"@type\":\"ReadAction\",\"target\":[\"https:\/\/publicacoes.estadao.com.br\/guia-de-pos-mba\/duvidas\/\"]}]},{\"@type\":\"BreadcrumbList\",\"@id\":\"https:\/\/publicacoes.estadao.com.br\/guia-de-pos-mba\/duvidas\/#breadcrumb\",\"itemListElement\":[{\"@type\":\"ListItem\",\"position\":1,\"name\":\"In\u00edcio\",\"item\":\"https:\/\/publicacoes.estadao.com.br\/guia-de-pos-mba\/\"},{\"@type\":\"ListItem\",\"position\":2,\"name\":\"Perguntas frequentes sobre o Guia de P\u00f3s + MBA\"}]},{\"@type\":\"WebSite\",\"@id\":\"https:\/\/publicacoes.estadao.com.br\/guia-de-pos-mba\/#website\",\"url\":\"https:\/\/publicacoes.estadao.com.br\/guia-de-pos-mba\/\",\"name\":\"Guia de P\u00d3S + MBA Estad\u00e3o 2024\",\"description\":\"\",\"potentialAction\":[{\"@type\":\"SearchAction\",\"target\":{\"@type\":\"EntryPoint\",\"urlTemplate\":\"https:\/\/publicacoes.estadao.com.br\/guia-de-pos-mba\/?s={search_term_string}\"},\"query-input\":{\"@type\":\"PropertyValueSpecification\",\"valueRequired\":true,\"valueName\":\"search_term_string\"}}],\"inLanguage\":\"pt-BR\"}]}<\/script>\n<!-- \/ Yoast SEO plugin. -->","yoast_head_json":{"title":"Perguntas frequentes sobre o Guia de P\u00f3s + MBA - Guia de P\u00d3S + MBA Estad\u00e3o 2024","robots":{"index":"index","follow":"follow","max-snippet":"max-snippet:-1","max-image-preview":"max-image-preview:large","max-video-preview":"max-video-preview:-1"},"canonical":"https:\/\/publicacoes.estadao.com.br\/guia-de-pos-mba\/duvidas\/","og_locale":"pt_BR","og_type":"article","og_title":"Perguntas frequentes sobre o Guia de P\u00f3s + MBA - Guia de P\u00d3S + MBA Estad\u00e3o 2024","og_description":"Como a institui\u00e7\u00e3o pode aparecer no guia?Para participar do guia, as institui\u00e7\u00f5es devem inscrever os cursos, [&hellip;]","og_url":"https:\/\/publicacoes.estadao.com.br\/guia-de-pos-mba\/duvidas\/","og_site_name":"Guia de P\u00d3S + MBA Estad\u00e3o 2024","article_modified_time":"2024-11-19T17:18:34+00:00","twitter_card":"summary_large_image","twitter_misc":{"Est. tempo de leitura":"1 minuto"},"schema":{"@context":"https:\/\/schema.org","@graph":[{"@type":"WebPage","@id":"https:\/\/publicacoes.estadao.com.br\/guia-de-pos-mba\/duvidas\/","url":"https:\/\/publicacoes.estadao.com.br\/guia-de-pos-mba\/duvidas\/","name":"Perguntas frequentes sobre o Guia de P\u00f3s + MBA - Guia de P\u00d3S + MBA Estad\u00e3o 2024","isPartOf":{"@id":"https:\/\/publicacoes.estadao.com.br\/guia-de-pos-mba\/#website"},"datePublished":"2024-11-06T18:25:21+00:00","dateModified":"2024-11-19T17:18:34+00:00","breadcrumb":{"@id":"https:\/\/publicacoes.estadao.com.br\/guia-de-pos-mba\/duvidas\/#breadcrumb"},"inLanguage":"pt-BR","potentialAction":[{"@type":"ReadAction","target":["https:\/\/publicacoes.estadao.com.br\/guia-de-pos-mba\/duvidas\/"]}]},{"@type":"BreadcrumbList","@id":"https:\/\/publicacoes.estadao.com.br\/guia-de-pos-mba\/duvidas\/#breadcrumb","itemListElement":[{"@type":"ListItem","position":1,"name":"In\u00edcio","item":"https:\/\/publicacoes.estadao.com.br\/guia-de-pos-mba\/"},{"@type":"ListItem","position":2,"name":"Perguntas frequentes sobre o Guia de P\u00f3s + MBA"}]},{"@type":"WebSite","@id":"https:\/\/publicacoes.estadao.com.br\/guia-de-pos-mba\/#website","url":"https:\/\/publicacoes.estadao.com.br\/guia-de-pos-mba\/","name":"Guia de P\u00d3S + MBA Estad\u00e3o 2024","description":"","potentialAction":[{"@type":"SearchAction","target":{"@type":"EntryPoint","urlTemplate":"https:\/\/publicacoes.estadao.com.br\/guia-de-pos-mba\/?s={search_term_string}"},"query-input":{"@type":"PropertyValueSpecification","valueRequired":true,"valueName":"search_term_string"}}],"inLanguage":"pt-BR"}]}},"_links":{"self":[{"href":"https:\/\/publicacoes.estadao.com.br\/guia-de-pos-mba2024\/wp-json\/wp\/v2\/pages\/146","targetHints":{"allow":["GET"]}}],"collection":[{"href":"https:\/\/publicacoes.estadao.com.br\/guia-de-pos-mba2024\/wp-json\/wp\/v2\/pages"}],"about":[{"href":"https:\/\/publicacoes.estadao.com.br\/guia-de-pos-mba2024\/wp-json\/wp\/v2\/types\/page"}],"author":[{"embeddable":true,"href":"https:\/\/publicacoes.estadao.com.br\/guia-de-pos-mba2024\/wp-json\/wp\/v2\/users\/1"}],"replies":[{"embeddable":true,"href":"https:\/\/publicacoes.estadao.com.br\/guia-de-pos-mba2024\/wp-json\/wp\/v2\/comments?post=146"}],"version-history":[{"count":4,"href":"https:\/\/publicacoes.estadao.com.br\/guia-de-pos-mba2024\/wp-json\/wp\/v2\/pages\/146\/revisions"}],"predecessor-version":[{"id":2181,"href":"https:\/\/publicacoes.estadao.com.br\/guia-de-pos-mba2024\/wp-json\/wp\/v2\/pages\/146\/revisions\/2181"}],"wp:attachment":[{"href":"https:\/\/publicacoes.estadao.com.br\/guia-de-pos-mba2024\/wp-json\/wp\/v2\/media?parent=146"}],"curies":[{"name":"wp","href":"https:\/\/api.w.org\/{rel}","templated":true}]}}