{"id":140,"date":"2024-11-06T15:25:21","date_gmt":"2024-11-06T18:25:21","guid":{"rendered":"http:\/\/localhost:8888\/foco-na-qualidade\/"},"modified":"2024-11-25T10:21:44","modified_gmt":"2024-11-25T13:21:44","slug":"sobre-o-guia","status":"publish","type":"page","link":"https:\/\/publicacoes.estadao.com.br\/guia-de-pos-mba2024\/sobre-o-guia\/","title":{"rendered":"Foco na Qualidade"},"content":{"rendered":"\r\n\r\n<div class=\"wp-block-image\">\r\n<figure class=\"aligncenter size-full\"><img decoding=\"async\" class=\"wp-image-14741\" src=\"https:\/\/webapp335552.ip-194-195-223-103.cloudezapp.io\/wp-content\/uploads\/2023\/11\/Illustration.jpg\" alt=\"\" \/><\/figure><\/div>\r\n\r\n\r\n<h3 class=\"wp-block-heading\"><strong>BASE DE DADOS<\/strong><\/h3>\r\n\r\n\r\n\r\n<p>O objetivo do guia \u00e9 oferecer informa\u00e7\u00f5es de cursos de p\u00f3s-gradua\u00e7\u00e3o <em>lato sensu<\/em>\u00a0em Administra\u00e7\u00e3o, registrados no Minist\u00e9rio da Educa\u00e7\u00e3o, dispon\u00edveis em todo o Pa\u00eds e tamb\u00e9m aqueles oferecidos no Brasil por escolas internacionais.<\/p>\r\n\r\n\r\n\r\n<p>S\u00e3o os cursos\u00a0denominados\u00a0de especializa\u00e7\u00e3o, classificados na \u00e1rea 4 do Cadastro e-MEC\u00a0\u2013 Neg\u00f3cios, Administra\u00e7\u00e3o e Direito. <a href=\"http:\/\/portal.mec.gov.br\/expansao-da-rede-federal\/180-estudantes-108009469\/pos-graduacao-500454045\/387-lato-sensu-saiba-mais\" target=\"_blank\" rel=\"noreferrer noopener\"><strong><u>Saiba mais<\/u><\/strong>.<\/a><\/p>\r\n\r\n\r\n\r\n<p>Os cursos de especializa\u00e7\u00e3o poder\u00e3o ser ofertados exclusivamente por Institui\u00e7\u00f5es de Educa\u00e7\u00e3o Superior &#8211; IES, devidamente credenciadas no MEC e n\u00e3o inclui os cursos de curta dura\u00e7\u00e3o (educa\u00e7\u00e3o executiva, extens\u00e3o, livres).<\/p>\r\n\r\n\r\n\r\n<div class=\"wp-block-spacer\" style=\"height: 60px;\" aria-hidden=\"true\">\u00a0<\/div>\r\n\r\n\r\n\r\n<h3 class=\"wp-block-heading\"><strong>TIPOS DE CURSOS<\/strong><\/h3>\r\n\r\n\r\n\r\n<p><strong>Conhe\u00e7a os tipos de cursos abrangidos pela busca:<\/strong><\/p>\r\n\r\n\r\n\r\n<p><strong>\u00bb MBA em Gest\u00e3o (Cl\u00e1ssico)<\/strong><br \/>MBA com foco em administra\u00e7\u00e3o e gest\u00e3o sem uma especializa\u00e7\u00e3o declarada<\/p>\r\n\r\n\r\n\r\n<p><strong>\u00bb MBA Especializado<\/strong><br \/>MBA com foco em uma especializa\u00e7\u00e3o al\u00e9m de obrigatoriamente abordar administra\u00e7\u00e3o e gest\u00e3o.<\/p>\r\n\r\n\r\n\r\n<p><strong>\u00bb MBA Internacional<\/strong><br \/>MBA com foco em administra\u00e7\u00e3o e gest\u00e3o, com disciplinas ou m\u00f3dulos ministrados no exterior por uma ou mais institui\u00e7\u00f5es, sendo parte obrigat\u00f3ria do curr\u00edculo do curso.<\/p>\r\n\r\n\r\n\r\n<p><strong>\u00bb P\u00f3s em Gest\u00e3o <\/strong><br \/>Foco em administra\u00e7\u00e3o e gest\u00e3o sem uma especializa\u00e7\u00e3o declarada.<\/p>\r\n\r\n\r\n\r\n<p><strong>\u00bb P\u00f3s Especializada<\/strong><br \/>Foco em uma especializa\u00e7\u00e3o sem obrigatoriamente abordar administra\u00e7\u00e3o e gest\u00e3o.<\/p>\r\n\r\n\r\n\r\n<p><strong>\u00bb P\u00f3s Internacional<\/strong><br \/>Foco em administra\u00e7\u00e3o e gest\u00e3o, com disciplinas ou m\u00f3dulos ministrados no exterior por uma ou mais institui\u00e7\u00f5es, sendo parte obrigat\u00f3ria do curr\u00edculo do curso.<\/p>\r\n\r\n\r\n\r\n<div class=\"wp-block-spacer\" style=\"height: 60px;\" aria-hidden=\"true\">\u00a0<\/div>\r\n\r\n\r\n\r\n<h3 class=\"wp-block-heading\"><strong>ATRIBUTOS<\/strong><\/h3>\r\n\r\n\r\n\r\n<p>Para mapear os cursos e contribuir para que o candidato fa\u00e7a uma escolha acertada e um bom investimento, s\u00e3o analisados seis atributos:<\/p>\r\n\r\n\r\n\r\n<ul class=\"wp-block-list\">\r\n<li>Viv\u00eancia internacional<\/li>\r\n\r\n\r\n\r\n<li>Conhecimentos oferecidos<\/li>\r\n\r\n\r\n\r\n<li>Cria\u00e7\u00e3o de networking<\/li>\r\n\r\n\r\n\r\n<li>Selos de qualidade<\/li>\r\n\r\n\r\n\r\n<li>Processo seletivo<\/li>\r\n\r\n\r\n\r\n<li>Investimento<\/li>\r\n<\/ul>\r\n\r\n\r\n\r\n<div class=\"wp-block-spacer\" style=\"height: 60px;\" aria-hidden=\"true\">\u00a0<\/div>\r\n\r\n\r\n\r\n<div class=\"wp-block-columns is-layout-flex wp-container-core-columns-is-layout-9d6595d7 wp-block-columns-is-layout-flex\">\r\n<div class=\"wp-block-column has-background is-layout-flow wp-block-column-is-layout-flow\" style=\"background-color: #e9f0ee;\">\r\n<h3 class=\"wp-block-heading has-text-color\" style=\"color: #e6a700;\">Investimento<\/h3>\r\n\r\n\r\n\r\n<p class=\"has-black-color has-text-color\">Al\u00e9m de apresentar o valor do investimento para frequentar cada curso, foram estabelecidas cinco faixas de pre\u00e7o:<\/p>\r\n\r\n\r\n\r\n<p class=\"has-black-color has-text-color\"><br \/><strong>$ <\/strong>\u2013 Acima de R$ 16.000 e at\u00e9 R$36.000<br \/><strong>$$ <\/strong>\u2013 Acima de R$ 36.000 e at\u00e9 R$ 65.000<br \/><strong>$$$ <\/strong>\u2013 Acima de R$ 65.000 e at\u00e9 R$ 95.000<br \/><strong>$$$$<\/strong> \u2013 Acima de R$ 95.000 e at\u00e9 R$ 135.000<br \/><strong>$$$$$<\/strong> \u2013 Acima de R$ 135.000<\/p>\r\n<\/div>\r\n<\/div>\r\n\r\n\r\n\r\n<h3 class=\"wp-block-heading\">\u00a0<\/h3>\r\n","protected":false},"excerpt":{"rendered":"<p>BASE DE DADOS O objetivo do guia \u00e9 oferecer informa\u00e7\u00f5es de cursos de p\u00f3s-gradua\u00e7\u00e3o lato sensu\u00a0em [&hellip;]<\/p>\n","protected":false},"author":1,"featured_media":0,"parent":0,"menu_order":0,"comment_status":"open","ping_status":"closed","template":"page-sobre-o-guia.php","meta":{"_acf_changed":false,"footnotes":""},"class_list":["post-140","page","type-page","status-publish","hentry"],"acf":[],"yoast_head":"<!-- This site is optimized with the Yoast SEO plugin v23.9 - https:\/\/yoast.com\/wordpress\/plugins\/seo\/ -->\n<title>Foco na Qualidade - Guia de P\u00d3S + MBA Estad\u00e3o 2024<\/title>\n<meta name=\"robots\" content=\"index, follow, max-snippet:-1, max-image-preview:large, max-video-preview:-1\" \/>\n<link rel=\"canonical\" href=\"https:\/\/publicacoes.estadao.com.br\/guia-de-pos-mba\/sobre-o-guia\/\" \/>\n<meta property=\"og:locale\" content=\"pt_BR\" \/>\n<meta property=\"og:type\" content=\"article\" \/>\n<meta property=\"og:title\" content=\"Foco na Qualidade - Guia de P\u00d3S + MBA Estad\u00e3o 2024\" \/>\n<meta property=\"og:description\" content=\"BASE DE DADOS O objetivo do guia \u00e9 oferecer informa\u00e7\u00f5es de cursos de p\u00f3s-gradua\u00e7\u00e3o lato sensu\u00a0em [&hellip;]\" \/>\n<meta property=\"og:url\" content=\"https:\/\/publicacoes.estadao.com.br\/guia-de-pos-mba\/sobre-o-guia\/\" \/>\n<meta property=\"og:site_name\" content=\"Guia de P\u00d3S + MBA Estad\u00e3o 2024\" \/>\n<meta property=\"article:modified_time\" content=\"2024-11-25T13:21:44+00:00\" \/>\n<meta name=\"twitter:card\" content=\"summary_large_image\" \/>\n<meta name=\"twitter:label1\" content=\"Est. tempo de leitura\" \/>\n\t<meta name=\"twitter:data1\" content=\"2 minutos\" \/>\n<script type=\"application\/ld+json\" class=\"yoast-schema-graph\">{\"@context\":\"https:\/\/schema.org\",\"@graph\":[{\"@type\":\"WebPage\",\"@id\":\"https:\/\/publicacoes.estadao.com.br\/guia-de-pos-mba\/sobre-o-guia\/\",\"url\":\"https:\/\/publicacoes.estadao.com.br\/guia-de-pos-mba\/sobre-o-guia\/\",\"name\":\"Foco na Qualidade - Guia de P\u00d3S + MBA Estad\u00e3o 2024\",\"isPartOf\":{\"@id\":\"https:\/\/publicacoes.estadao.com.br\/guia-de-pos-mba\/#website\"},\"primaryImageOfPage\":{\"@id\":\"https:\/\/publicacoes.estadao.com.br\/guia-de-pos-mba\/sobre-o-guia\/#primaryimage\"},\"image\":{\"@id\":\"https:\/\/publicacoes.estadao.com.br\/guia-de-pos-mba\/sobre-o-guia\/#primaryimage\"},\"thumbnailUrl\":\"https:\/\/webapp335552.ip-194-195-223-103.cloudezapp.io\/wp-content\/uploads\/2023\/11\/Illustration.jpg\",\"datePublished\":\"2024-11-06T18:25:21+00:00\",\"dateModified\":\"2024-11-25T13:21:44+00:00\",\"breadcrumb\":{\"@id\":\"https:\/\/publicacoes.estadao.com.br\/guia-de-pos-mba\/sobre-o-guia\/#breadcrumb\"},\"inLanguage\":\"pt-BR\",\"potentialAction\":[{\"@type\":\"ReadAction\",\"target\":[\"https:\/\/publicacoes.estadao.com.br\/guia-de-pos-mba\/sobre-o-guia\/\"]}]},{\"@type\":\"ImageObject\",\"inLanguage\":\"pt-BR\",\"@id\":\"https:\/\/publicacoes.estadao.com.br\/guia-de-pos-mba\/sobre-o-guia\/#primaryimage\",\"url\":\"https:\/\/webapp335552.ip-194-195-223-103.cloudezapp.io\/wp-content\/uploads\/2023\/11\/Illustration.jpg\",\"contentUrl\":\"https:\/\/webapp335552.ip-194-195-223-103.cloudezapp.io\/wp-content\/uploads\/2023\/11\/Illustration.jpg\"},{\"@type\":\"BreadcrumbList\",\"@id\":\"https:\/\/publicacoes.estadao.com.br\/guia-de-pos-mba\/sobre-o-guia\/#breadcrumb\",\"itemListElement\":[{\"@type\":\"ListItem\",\"position\":1,\"name\":\"In\u00edcio\",\"item\":\"https:\/\/publicacoes.estadao.com.br\/guia-de-pos-mba\/\"},{\"@type\":\"ListItem\",\"position\":2,\"name\":\"Foco na Qualidade\"}]},{\"@type\":\"WebSite\",\"@id\":\"https:\/\/publicacoes.estadao.com.br\/guia-de-pos-mba\/#website\",\"url\":\"https:\/\/publicacoes.estadao.com.br\/guia-de-pos-mba\/\",\"name\":\"Guia de P\u00d3S + MBA Estad\u00e3o 2024\",\"description\":\"\",\"potentialAction\":[{\"@type\":\"SearchAction\",\"target\":{\"@type\":\"EntryPoint\",\"urlTemplate\":\"https:\/\/publicacoes.estadao.com.br\/guia-de-pos-mba\/?s={search_term_string}\"},\"query-input\":{\"@type\":\"PropertyValueSpecification\",\"valueRequired\":true,\"valueName\":\"search_term_string\"}}],\"inLanguage\":\"pt-BR\"}]}<\/script>\n<!-- \/ Yoast SEO plugin. -->","yoast_head_json":{"title":"Foco na Qualidade - Guia de P\u00d3S + MBA Estad\u00e3o 2024","robots":{"index":"index","follow":"follow","max-snippet":"max-snippet:-1","max-image-preview":"max-image-preview:large","max-video-preview":"max-video-preview:-1"},"canonical":"https:\/\/publicacoes.estadao.com.br\/guia-de-pos-mba\/sobre-o-guia\/","og_locale":"pt_BR","og_type":"article","og_title":"Foco na Qualidade - Guia de P\u00d3S + MBA Estad\u00e3o 2024","og_description":"BASE DE DADOS O objetivo do guia \u00e9 oferecer informa\u00e7\u00f5es de cursos de p\u00f3s-gradua\u00e7\u00e3o lato sensu\u00a0em [&hellip;]","og_url":"https:\/\/publicacoes.estadao.com.br\/guia-de-pos-mba\/sobre-o-guia\/","og_site_name":"Guia de P\u00d3S + MBA Estad\u00e3o 2024","article_modified_time":"2024-11-25T13:21:44+00:00","twitter_card":"summary_large_image","twitter_misc":{"Est. tempo de leitura":"2 minutos"},"schema":{"@context":"https:\/\/schema.org","@graph":[{"@type":"WebPage","@id":"https:\/\/publicacoes.estadao.com.br\/guia-de-pos-mba\/sobre-o-guia\/","url":"https:\/\/publicacoes.estadao.com.br\/guia-de-pos-mba\/sobre-o-guia\/","name":"Foco na Qualidade - Guia de P\u00d3S + MBA Estad\u00e3o 2024","isPartOf":{"@id":"https:\/\/publicacoes.estadao.com.br\/guia-de-pos-mba\/#website"},"primaryImageOfPage":{"@id":"https:\/\/publicacoes.estadao.com.br\/guia-de-pos-mba\/sobre-o-guia\/#primaryimage"},"image":{"@id":"https:\/\/publicacoes.estadao.com.br\/guia-de-pos-mba\/sobre-o-guia\/#primaryimage"},"thumbnailUrl":"https:\/\/webapp335552.ip-194-195-223-103.cloudezapp.io\/wp-content\/uploads\/2023\/11\/Illustration.jpg","datePublished":"2024-11-06T18:25:21+00:00","dateModified":"2024-11-25T13:21:44+00:00","breadcrumb":{"@id":"https:\/\/publicacoes.estadao.com.br\/guia-de-pos-mba\/sobre-o-guia\/#breadcrumb"},"inLanguage":"pt-BR","potentialAction":[{"@type":"ReadAction","target":["https:\/\/publicacoes.estadao.com.br\/guia-de-pos-mba\/sobre-o-guia\/"]}]},{"@type":"ImageObject","inLanguage":"pt-BR","@id":"https:\/\/publicacoes.estadao.com.br\/guia-de-pos-mba\/sobre-o-guia\/#primaryimage","url":"https:\/\/webapp335552.ip-194-195-223-103.cloudezapp.io\/wp-content\/uploads\/2023\/11\/Illustration.jpg","contentUrl":"https:\/\/webapp335552.ip-194-195-223-103.cloudezapp.io\/wp-content\/uploads\/2023\/11\/Illustration.jpg"},{"@type":"BreadcrumbList","@id":"https:\/\/publicacoes.estadao.com.br\/guia-de-pos-mba\/sobre-o-guia\/#breadcrumb","itemListElement":[{"@type":"ListItem","position":1,"name":"In\u00edcio","item":"https:\/\/publicacoes.estadao.com.br\/guia-de-pos-mba\/"},{"@type":"ListItem","position":2,"name":"Foco na Qualidade"}]},{"@type":"WebSite","@id":"https:\/\/publicacoes.estadao.com.br\/guia-de-pos-mba\/#website","url":"https:\/\/publicacoes.estadao.com.br\/guia-de-pos-mba\/","name":"Guia de P\u00d3S + MBA Estad\u00e3o 2024","description":"","potentialAction":[{"@type":"SearchAction","target":{"@type":"EntryPoint","urlTemplate":"https:\/\/publicacoes.estadao.com.br\/guia-de-pos-mba\/?s={search_term_string}"},"query-input":{"@type":"PropertyValueSpecification","valueRequired":true,"valueName":"search_term_string"}}],"inLanguage":"pt-BR"}]}},"_links":{"self":[{"href":"https:\/\/publicacoes.estadao.com.br\/guia-de-pos-mba2024\/wp-json\/wp\/v2\/pages\/140","targetHints":{"allow":["GET"]}}],"collection":[{"href":"https:\/\/publicacoes.estadao.com.br\/guia-de-pos-mba2024\/wp-json\/wp\/v2\/pages"}],"about":[{"href":"https:\/\/publicacoes.estadao.com.br\/guia-de-pos-mba2024\/wp-json\/wp\/v2\/types\/page"}],"author":[{"embeddable":true,"href":"https:\/\/publicacoes.estadao.com.br\/guia-de-pos-mba2024\/wp-json\/wp\/v2\/users\/1"}],"replies":[{"embeddable":true,"href":"https:\/\/publicacoes.estadao.com.br\/guia-de-pos-mba2024\/wp-json\/wp\/v2\/comments?post=140"}],"version-history":[{"count":6,"href":"https:\/\/publicacoes.estadao.com.br\/guia-de-pos-mba2024\/wp-json\/wp\/v2\/pages\/140\/revisions"}],"predecessor-version":[{"id":16919,"href":"https:\/\/publicacoes.estadao.com.br\/guia-de-pos-mba2024\/wp-json\/wp\/v2\/pages\/140\/revisions\/16919"}],"wp:attachment":[{"href":"https:\/\/publicacoes.estadao.com.br\/guia-de-pos-mba2024\/wp-json\/wp\/v2\/media?parent=140"}],"curies":[{"name":"wp","href":"https:\/\/api.w.org\/{rel}","templated":true}]}}