{"id":145,"date":"2024-11-06T15:25:21","date_gmt":"2024-11-06T18:25:21","guid":{"rendered":"http:\/\/localhost:8888\/metodologia\/"},"modified":"2025-11-28T22:23:31","modified_gmt":"2025-11-29T01:23:31","slug":"metodologia","status":"publish","type":"page","link":"https:\/\/publicacoes.estadao.com.br\/guia-de-pos-mba\/metodologia\/","title":{"rendered":"Metodologia"},"content":{"rendered":"\r\n<h3 class=\"wp-block-heading\">Pesos e medidas<\/h3>\r\n\r\n\r\n\r\n<p>O que \u00e9 considerado no levantamento dos cursos<\/p>\r\n\r\n\r\n\r\n<ul class=\"metodologia__list1\">\r\n<li><br \/><strong>NETWORKING<\/strong><br \/>Amplia\u00e7\u00e3o dos contatos que contribuem para acesso a informa\u00e7\u00f5es atualizadas e novas oportunidades de trabalho e promo\u00e7\u00f5es (cargos de lideran\u00e7a, atividades para ex-alunos, tempo de exist\u00eancia do curso, quantidade de alunos graduados, centro de apoio \u00e0 carreira). \r\n\r\n<\/li>\r\n<li><br \/><strong>CONHECIMENTO<\/strong><br \/>Objetivos e conte\u00fado atualizados por professores experientes, modelos de aprendizagem com metodologias que permitem a troca de conhecimentos entre alunos e docentes de forma aplicada \u00e0 din\u00e2mica do mercado (carga hor\u00e1ria, experi\u00eancia profissional dos participantes, participantes com cargos de lideran\u00e7a, n\u00famero de disciplinas e perfil dos docentes). \r\n\r\n<\/li>\r\n<li><br \/><strong>PROCESSO SELETIVO<\/strong><br \/>Requisitos de informa\u00e7\u00f5es e instrumentos para an\u00e1lise das caracter\u00edsticas dos candidatos com o intuito de admitir participantes dentro do perfil do curso (experi\u00eancia m\u00ednima exigida, testes, entrevista, an\u00e1lise curricular e cartas de recomenda\u00e7\u00e3o). \r\n\r\n<\/li>\r\n<li><br \/><strong>VIV\u00caNCIA INTERNACIONAL<\/strong><br \/>Exposi\u00e7\u00e3o a outras culturas, mercados e geografias, contribuindo para aumentar a maturidade, a flexibilidade e a capacidade de comunica\u00e7\u00e3o e adapta\u00e7\u00e3o a mudan\u00e7as e ao entendimento da diversidade global (obrigatoriedade e dura\u00e7\u00e3o dos m\u00f3dulos, n\u00famero de participantes enviados, presen\u00e7a de estudantes e professores estrangeiros, idioma principal do curso e presen\u00e7a em rankings internacionais). \r\n\r\n<\/li>\r\n<li><br \/><strong>SELOS DE QUALIDADE<\/strong><br \/>Selos de qualidade obtidos e em processo, espec\u00edficos para cursos de MBA ou Escolas de Neg\u00f3cios (AACSB, Amba, Anamba, Equaa e Equis).<strong><br \/><\/strong><\/li>\r\n<li><br \/><strong>INVESTIMENTO<\/strong><br \/>Al\u00e9m de apresentar o valor do investimento para frequentar cada curso, foram estabelecidas cinco faixas de pre\u00e7o, conforme o tipo:<br \/><br \/><strong>MBA<\/strong><br \/>Nenhum $ \u2013 Abaixo de R$8.000<br \/>$ &#8211; Acima de R$8.000 at\u00e9 R$33.000<br \/>$$ &#8211; Acima de R$33.000 at\u00e9 45.000<br \/>$$$ &#8211; Acima de R$45.000 at\u00e9 65.000<br \/>$$$$ &#8211; Acima de R$65.000 at\u00e9 120.000<br \/>$$$$$ &#8211; Acima de R$120.000<br \/><br \/><strong>P\u00f3s<\/strong><br \/>Nenhum $ \u2013 Abaixo de R$9.000<br \/>$ &#8211; Acima de R$9.000 at\u00e9 R$20.000<br \/>$$ &#8211; Acima de R$20.000 at\u00e9 28.000<br \/>$$$ &#8211; Acima de R$28.000 at\u00e9 37.000<br \/>$$$$ &#8211; Acima de R$37.000 at\u00e9 53.000<br \/>$$$$$ &#8211; Acima de R$53.000<\/li>\r\n<\/ul>\r\n\r\n\r\n\r\n<div class=\"wp-block-spacer\" style=\"height: 25px;\" aria-hidden=\"true\">\u00a0<\/div>\r\n\r\n\r\n\r\n<div class=\"wp-block-columns is-layout-flex wp-container-core-columns-is-layout-9d6595d7 wp-block-columns-is-layout-flex\">\r\n<div class=\"wp-block-column has-background is-layout-flow wp-block-column-is-layout-flow\">\r\n<h3 class=\"wp-block-heading has-text-color\">Crit\u00e9rios Relacionados<\/h3>\r\n\r\n\r\n\r\n<p>Cada um dos atributos \u00e9 composto por determinados crit\u00e9rios. Colocados em um algoritmo, esses crit\u00e9rios recebem tratamento estat\u00edstico e geram, para cada atributo, \u00edcones de classifica\u00e7\u00e3o que v\u00e3o de zero a cinco estrelas. Essa informa\u00e7\u00e3o \u00e9 considerada eficiente para a tomada de decis\u00e3o porque mostra o que se destaca em cada um dos cursos apresentados.<\/p>\r\n<\/div>\r\n<\/div>\r\n\r\n\r\n\r\n<div class=\"wp-block-columns is-layout-flex wp-container-core-columns-is-layout-9d6595d7 wp-block-columns-is-layout-flex\">\r\n<div class=\"wp-block-column has-background is-layout-flow wp-block-column-is-layout-flow\">\r\n<h3 class=\"wp-block-heading has-text-color\">\u00cdcones<\/h3>\r\n\r\n\r\n\r\n<p>O que determina o n\u00famero de \u00edcones ao lado de cada atributo? Alguns dos crit\u00e9rios s\u00e3o objetivos. \u00c9 o caso de \u201cselos de qualidade\u201d.<\/p>\r\n\r\n\r\n\r\n<p class=\"\">Como na obten\u00e7\u00e3o de uma certifica\u00e7\u00e3o ISO (conjunto de normas padronizadas de funcionamento), esse tipo de certifica\u00e7\u00e3o \u00e9 dado por institui\u00e7\u00f5es credenciadas, ap\u00f3s um processo rigoroso de auditoria. Outros atributos, por\u00e9m, t\u00eam crit\u00e9rios menos exatos. Para medir a for\u00e7a do networking, por exemplo, s\u00e3o considerados: posi\u00e7\u00e3o hier\u00e1rquica dos alunos, tamanho da classe, tempo de exist\u00eancia do curso, intera\u00e7\u00e3o com ex-alunos, etc.<\/p>\r\n<ul class=\"metodologia__list2\">\r\n<li><strong>Viv\u00eancia Internacional<\/strong><\/li>\r\n<li><strong>Selos de Qualidade<\/strong><\/li>\r\n<li><strong>Conhecimentos oferecidos<\/strong><\/li>\r\n<li><strong>Processo Seletivo<\/strong><\/li>\r\n<li><strong>Cria\u00e7\u00e3o de networking<\/strong><\/li>\r\n<li><strong>Investimento<\/strong><\/li>\r\n<\/ul>\r\n<\/div>\r\n<\/div>\r\n\r\n\r\n\r\n<div class=\"wp-block-columns is-layout-flex wp-container-core-columns-is-layout-9d6595d7 wp-block-columns-is-layout-flex\">\r\n<div class=\"wp-block-column has-background metodologia__whiteballom\">\r\n<h3 class=\"wp-block-heading has-text-color\">Certifica\u00e7\u00e3o Garantida<\/h3>\r\n<p>O <strong>Guia de P\u00f3s-Gradua\u00e7\u00e3o e MBA<\/strong>\u00a0mant\u00e9m a parceria estrat\u00e9gica com a <strong>CV Trust<\/strong>, empresa europeia que, desde 2013, desenvolve uma solu\u00e7\u00e3o focada na armazenagem segura e certifica\u00e7\u00e3o digital de documentos acad\u00eamicos, chamada <strong>Smart Certificate<\/strong>.<\/p>\r\n<p>Com esse processo, a seguran\u00e7a e a credibilidade dos documentos que apresentam os resultados s\u00e3o garantidas.<\/p>\r\n<\/div>\r\n<\/div>\r\n<h3>Conselho consultivo<\/h3>\r\n<p>O conselho consultivo \u00e9 composto por especialistas reconhecidos pelo mercado, que acompanham o trabalho e d\u00e3o seu aval sobre a metodologia de elabora\u00e7\u00e3o do guia. S\u00e3o profissionais de algumas das principais associa\u00e7\u00f5es que zelam pela qualidade e excel\u00eancia dos cursos, bem como pelo desenvolvimento da competitividade brasileira.<\/p>\r\n\r\n\r\n\r\n\r\n\r\n<div class=\"wp-block-media-text alignwide is-stacked-on-mobile\">\r\n<figure class=\"wp-block-media-text__media\"><img loading=\"lazy\" decoding=\"async\" class=\"alignnone size-full wp-image-16813\" src=\"https:\/\/publicacoes.estadao.com.br\/guia-de-pos-mba-2024\/wp-content\/uploads\/2024\/11\/armando_2024.jpg\" alt=\"\" width=\"128\" height=\"128\" srcset=\"https:\/\/publicacoes.estadao.com.br\/guia-de-pos-mba\/wp-content\/uploads\/2024\/11\/armando_2024.jpg 128w, https:\/\/publicacoes.estadao.com.br\/guia-de-pos-mba\/wp-content\/uploads\/2024\/11\/armando_2024-125x125.jpg 125w\" sizes=\"auto, (max-width: 128px) 100vw, 128px\" \/><\/figure>\r\n<div class=\"wp-block-media-text__content nopading\">\r\n<p><strong>Armando Dal Colletto<\/strong><br \/>Presidente da Associa\u00e7\u00e3o Nacional de MBA \u2013 ANAMBA, Presidente do Instituto Prospectiva \u2013 INSPRO e Coordenador do Guia P\u00f3s + MBA Estad\u00e3o<\/p>\r\n<\/div>\r\n<\/div>\r\n\r\n\r\n\r\n<div class=\"wp-block-media-text alignwide is-stacked-on-mobile\">\r\n<figure class=\"wp-block-media-text__media\"><img loading=\"lazy\" decoding=\"async\" class=\"alignnone size-full wp-image-16814\" src=\"https:\/\/publicacoes.estadao.com.br\/guia-de-pos-mba-2024\/wp-content\/uploads\/2024\/11\/Alessandra_2024.jpg\" alt=\"\" width=\"128\" height=\"128\" srcset=\"https:\/\/publicacoes.estadao.com.br\/guia-de-pos-mba\/wp-content\/uploads\/2024\/11\/Alessandra_2024.jpg 128w, https:\/\/publicacoes.estadao.com.br\/guia-de-pos-mba\/wp-content\/uploads\/2024\/11\/Alessandra_2024-125x125.jpg 125w\" sizes=\"auto, (max-width: 128px) 100vw, 128px\" \/><\/figure>\r\n<div class=\"wp-block-media-text__content nopading\">\r\n<p><strong>Alessandra Costenaro Maciel<br \/><\/strong>Ph.D., Presidente do Conselho da Anamba e Prof<span class=\"s1\"><sup>a<\/sup><\/span>. do Programa de Mestrado AGTU-EUA e MBA na ESPM<\/p>\r\n<\/div>\r\n<\/div>\r\n\r\n\r\n\r\n<div class=\"wp-block-media-text alignwide is-stacked-on-mobile\">\r\n<figure class=\"wp-block-media-text__media\"><img loading=\"lazy\" decoding=\"async\" class=\"alignnone size-full wp-image-2187\" src=\"https:\/\/publicacoes.estadao.com.br\/guia-de-pos-mba-2024\/wp-content\/uploads\/2024\/11\/image-friedemann.png\" alt=\"\" width=\"130\" height=\"130\" srcset=\"https:\/\/publicacoes.estadao.com.br\/guia-de-pos-mba\/wp-content\/uploads\/2024\/11\/image-friedemann.png 130w, https:\/\/publicacoes.estadao.com.br\/guia-de-pos-mba\/wp-content\/uploads\/2024\/11\/image-friedemann-125x125.png 125w\" sizes=\"auto, (max-width: 130px) 100vw, 130px\" \/><\/figure>\r\n<div class=\"wp-block-media-text__content nopading\">\r\n<p><strong>Friedemann Schulze-Fielitz<\/strong><br \/>Diretor de Servi\u00e7os para Escolas de Neg\u00f3cio &amp; Rede Global para as Americas.<\/p>\r\n<\/div>\r\n<\/div>\r\n","protected":false},"excerpt":{"rendered":"<p>Pesos e medidas O que \u00e9 considerado no levantamento dos cursos NETWORKINGAmplia\u00e7\u00e3o dos contatos que contribuem [&hellip;]<\/p>\n","protected":false},"author":1,"featured_media":0,"parent":0,"menu_order":0,"comment_status":"open","ping_status":"open","template":"page-metodologia.php","meta":{"_acf_changed":false,"footnotes":""},"class_list":["post-145","page","type-page","status-publish","hentry"],"acf":[],"yoast_head":"<!-- This site is optimized with the Yoast SEO plugin v27.3 - https:\/\/yoast.com\/product\/yoast-seo-wordpress\/ -->\n<title>Metodologia - Guia de P\u00d3S + MBA Estad\u00e3o 2025<\/title>\n<meta name=\"robots\" content=\"index, follow, max-snippet:-1, max-image-preview:large, max-video-preview:-1\" \/>\n<link rel=\"canonical\" href=\"https:\/\/publicacoes.estadao.com.br\/guia-de-pos-mba\/metodologia\/\" \/>\n<meta property=\"og:locale\" content=\"pt_BR\" \/>\n<meta property=\"og:type\" content=\"article\" \/>\n<meta property=\"og:title\" content=\"Metodologia - Guia de P\u00d3S + MBA Estad\u00e3o 2025\" \/>\n<meta property=\"og:description\" content=\"Pesos e medidas O que \u00e9 considerado no levantamento dos cursos NETWORKINGAmplia\u00e7\u00e3o dos contatos que contribuem [&hellip;]\" \/>\n<meta property=\"og:url\" content=\"https:\/\/publicacoes.estadao.com.br\/guia-de-pos-mba\/metodologia\/\" \/>\n<meta property=\"og:site_name\" content=\"Guia de P\u00d3S + MBA Estad\u00e3o 2025\" \/>\n<meta property=\"article:modified_time\" content=\"2025-11-29T01:23:31+00:00\" \/>\n<meta property=\"og:image\" content=\"https:\/\/publicacoes.estadao.com.br\/guia-de-pos-mba\/wp-content\/uploads\/2024\/11\/armando_2024.jpg\" \/>\n\t<meta property=\"og:image:width\" content=\"128\" \/>\n\t<meta property=\"og:image:height\" content=\"128\" \/>\n\t<meta property=\"og:image:type\" content=\"image\/jpeg\" \/>\n<meta name=\"twitter:card\" content=\"summary_large_image\" \/>\n<meta name=\"twitter:label1\" content=\"Est. tempo de leitura\" \/>\n\t<meta name=\"twitter:data1\" content=\"4 minutos\" \/>\n<script type=\"application\/ld+json\" class=\"yoast-schema-graph\">{\"@context\":\"https:\\\/\\\/schema.org\",\"@graph\":[{\"@type\":\"WebPage\",\"@id\":\"https:\\\/\\\/publicacoes.estadao.com.br\\\/guia-de-pos-mba\\\/metodologia\\\/\",\"url\":\"https:\\\/\\\/publicacoes.estadao.com.br\\\/guia-de-pos-mba\\\/metodologia\\\/\",\"name\":\"Metodologia - Guia de P\u00d3S + MBA Estad\u00e3o 2025\",\"isPartOf\":{\"@id\":\"https:\\\/\\\/publicacoes.estadao.com.br\\\/guia-de-pos-mba\\\/#website\"},\"primaryImageOfPage\":{\"@id\":\"https:\\\/\\\/publicacoes.estadao.com.br\\\/guia-de-pos-mba\\\/metodologia\\\/#primaryimage\"},\"image\":{\"@id\":\"https:\\\/\\\/publicacoes.estadao.com.br\\\/guia-de-pos-mba\\\/metodologia\\\/#primaryimage\"},\"thumbnailUrl\":\"https:\\\/\\\/publicacoes.estadao.com.br\\\/guia-de-pos-mba-2024\\\/wp-content\\\/uploads\\\/2024\\\/11\\\/armando_2024.jpg\",\"datePublished\":\"2024-11-06T18:25:21+00:00\",\"dateModified\":\"2025-11-29T01:23:31+00:00\",\"breadcrumb\":{\"@id\":\"https:\\\/\\\/publicacoes.estadao.com.br\\\/guia-de-pos-mba\\\/metodologia\\\/#breadcrumb\"},\"inLanguage\":\"pt-BR\",\"potentialAction\":[{\"@type\":\"ReadAction\",\"target\":[\"https:\\\/\\\/publicacoes.estadao.com.br\\\/guia-de-pos-mba\\\/metodologia\\\/\"]}]},{\"@type\":\"ImageObject\",\"inLanguage\":\"pt-BR\",\"@id\":\"https:\\\/\\\/publicacoes.estadao.com.br\\\/guia-de-pos-mba\\\/metodologia\\\/#primaryimage\",\"url\":\"https:\\\/\\\/publicacoes.estadao.com.br\\\/guia-de-pos-mba\\\/wp-content\\\/uploads\\\/2024\\\/11\\\/armando_2024.jpg\",\"contentUrl\":\"https:\\\/\\\/publicacoes.estadao.com.br\\\/guia-de-pos-mba\\\/wp-content\\\/uploads\\\/2024\\\/11\\\/armando_2024.jpg\",\"width\":128,\"height\":128},{\"@type\":\"BreadcrumbList\",\"@id\":\"https:\\\/\\\/publicacoes.estadao.com.br\\\/guia-de-pos-mba\\\/metodologia\\\/#breadcrumb\",\"itemListElement\":[{\"@type\":\"ListItem\",\"position\":1,\"name\":\"In\u00edcio\",\"item\":\"https:\\\/\\\/publicacoes.estadao.com.br\\\/guia-de-pos-mba\\\/\"},{\"@type\":\"ListItem\",\"position\":2,\"name\":\"Metodologia\"}]},{\"@type\":\"WebSite\",\"@id\":\"https:\\\/\\\/publicacoes.estadao.com.br\\\/guia-de-pos-mba\\\/#website\",\"url\":\"https:\\\/\\\/publicacoes.estadao.com.br\\\/guia-de-pos-mba\\\/\",\"name\":\"Guia de P\u00d3S + MBA Estad\u00e3o 2025\",\"description\":\"\",\"potentialAction\":[{\"@type\":\"SearchAction\",\"target\":{\"@type\":\"EntryPoint\",\"urlTemplate\":\"https:\\\/\\\/publicacoes.estadao.com.br\\\/guia-de-pos-mba\\\/?s={search_term_string}\"},\"query-input\":{\"@type\":\"PropertyValueSpecification\",\"valueRequired\":true,\"valueName\":\"search_term_string\"}}],\"inLanguage\":\"pt-BR\"}]}<\/script>\n<!-- \/ Yoast SEO plugin. -->","yoast_head_json":{"title":"Metodologia - Guia de P\u00d3S + MBA Estad\u00e3o 2025","robots":{"index":"index","follow":"follow","max-snippet":"max-snippet:-1","max-image-preview":"max-image-preview:large","max-video-preview":"max-video-preview:-1"},"canonical":"https:\/\/publicacoes.estadao.com.br\/guia-de-pos-mba\/metodologia\/","og_locale":"pt_BR","og_type":"article","og_title":"Metodologia - Guia de P\u00d3S + MBA Estad\u00e3o 2025","og_description":"Pesos e medidas O que \u00e9 considerado no levantamento dos cursos NETWORKINGAmplia\u00e7\u00e3o dos contatos que contribuem [&hellip;]","og_url":"https:\/\/publicacoes.estadao.com.br\/guia-de-pos-mba\/metodologia\/","og_site_name":"Guia de P\u00d3S + MBA Estad\u00e3o 2025","article_modified_time":"2025-11-29T01:23:31+00:00","og_image":[{"width":128,"height":128,"url":"https:\/\/publicacoes.estadao.com.br\/guia-de-pos-mba\/wp-content\/uploads\/2024\/11\/armando_2024.jpg","type":"image\/jpeg"}],"twitter_card":"summary_large_image","twitter_misc":{"Est. tempo de leitura":"4 minutos"},"schema":{"@context":"https:\/\/schema.org","@graph":[{"@type":"WebPage","@id":"https:\/\/publicacoes.estadao.com.br\/guia-de-pos-mba\/metodologia\/","url":"https:\/\/publicacoes.estadao.com.br\/guia-de-pos-mba\/metodologia\/","name":"Metodologia - Guia de P\u00d3S + MBA Estad\u00e3o 2025","isPartOf":{"@id":"https:\/\/publicacoes.estadao.com.br\/guia-de-pos-mba\/#website"},"primaryImageOfPage":{"@id":"https:\/\/publicacoes.estadao.com.br\/guia-de-pos-mba\/metodologia\/#primaryimage"},"image":{"@id":"https:\/\/publicacoes.estadao.com.br\/guia-de-pos-mba\/metodologia\/#primaryimage"},"thumbnailUrl":"https:\/\/publicacoes.estadao.com.br\/guia-de-pos-mba-2024\/wp-content\/uploads\/2024\/11\/armando_2024.jpg","datePublished":"2024-11-06T18:25:21+00:00","dateModified":"2025-11-29T01:23:31+00:00","breadcrumb":{"@id":"https:\/\/publicacoes.estadao.com.br\/guia-de-pos-mba\/metodologia\/#breadcrumb"},"inLanguage":"pt-BR","potentialAction":[{"@type":"ReadAction","target":["https:\/\/publicacoes.estadao.com.br\/guia-de-pos-mba\/metodologia\/"]}]},{"@type":"ImageObject","inLanguage":"pt-BR","@id":"https:\/\/publicacoes.estadao.com.br\/guia-de-pos-mba\/metodologia\/#primaryimage","url":"https:\/\/publicacoes.estadao.com.br\/guia-de-pos-mba\/wp-content\/uploads\/2024\/11\/armando_2024.jpg","contentUrl":"https:\/\/publicacoes.estadao.com.br\/guia-de-pos-mba\/wp-content\/uploads\/2024\/11\/armando_2024.jpg","width":128,"height":128},{"@type":"BreadcrumbList","@id":"https:\/\/publicacoes.estadao.com.br\/guia-de-pos-mba\/metodologia\/#breadcrumb","itemListElement":[{"@type":"ListItem","position":1,"name":"In\u00edcio","item":"https:\/\/publicacoes.estadao.com.br\/guia-de-pos-mba\/"},{"@type":"ListItem","position":2,"name":"Metodologia"}]},{"@type":"WebSite","@id":"https:\/\/publicacoes.estadao.com.br\/guia-de-pos-mba\/#website","url":"https:\/\/publicacoes.estadao.com.br\/guia-de-pos-mba\/","name":"Guia de P\u00d3S + MBA Estad\u00e3o 2025","description":"","potentialAction":[{"@type":"SearchAction","target":{"@type":"EntryPoint","urlTemplate":"https:\/\/publicacoes.estadao.com.br\/guia-de-pos-mba\/?s={search_term_string}"},"query-input":{"@type":"PropertyValueSpecification","valueRequired":true,"valueName":"search_term_string"}}],"inLanguage":"pt-BR"}]}},"_links":{"self":[{"href":"https:\/\/publicacoes.estadao.com.br\/guia-de-pos-mba\/wp-json\/wp\/v2\/pages\/145","targetHints":{"allow":["GET"]}}],"collection":[{"href":"https:\/\/publicacoes.estadao.com.br\/guia-de-pos-mba\/wp-json\/wp\/v2\/pages"}],"about":[{"href":"https:\/\/publicacoes.estadao.com.br\/guia-de-pos-mba\/wp-json\/wp\/v2\/types\/page"}],"author":[{"embeddable":true,"href":"https:\/\/publicacoes.estadao.com.br\/guia-de-pos-mba\/wp-json\/wp\/v2\/users\/1"}],"replies":[{"embeddable":true,"href":"https:\/\/publicacoes.estadao.com.br\/guia-de-pos-mba\/wp-json\/wp\/v2\/comments?post=145"}],"version-history":[{"count":41,"href":"https:\/\/publicacoes.estadao.com.br\/guia-de-pos-mba\/wp-json\/wp\/v2\/pages\/145\/revisions"}],"predecessor-version":[{"id":18335,"href":"https:\/\/publicacoes.estadao.com.br\/guia-de-pos-mba\/wp-json\/wp\/v2\/pages\/145\/revisions\/18335"}],"wp:attachment":[{"href":"https:\/\/publicacoes.estadao.com.br\/guia-de-pos-mba\/wp-json\/wp\/v2\/media?parent=145"}],"curies":[{"name":"wp","href":"https:\/\/api.w.org\/{rel}","templated":true}]}}