{"id":7,"date":"2024-05-06T11:14:46","date_gmt":"2024-05-06T14:14:46","guid":{"rendered":"https:\/\/webapp380167.ip-45-33-125-36.cloudezapp.io\/?page_id=7"},"modified":"2025-09-25T18:25:17","modified_gmt":"2025-09-25T21:25:17","slug":"home-2024","status":"publish","type":"page","link":"https:\/\/publicacoes.estadao.com.br\/guia-de-colegios\/","title":{"rendered":"Home &#8211; 2025"},"content":{"rendered":"<p>O mais completo guia de escolas de todo o brasil chega \u00e0 sua 5\u00aa edi\u00e7\u00e3o<\/p>\n<p>Busca r\u00e1pida de dados de infraestrutura, localiza\u00e7\u00e3o, instala\u00e7\u00f5es, tipo de ensino e muitas outras informa\u00e7\u00f5es. A edi\u00e7\u00e3o de 2025 traz informa\u00e7\u00f5es exclusivas, dispon\u00edveis para as escolas que realizarem o preenchimento do formul\u00e1rio do Guia do Col\u00e9gio.<\/p>\n","protected":false},"excerpt":{"rendered":"<p>O mais completo guia de escolas de todo o brasil chega \u00e0 sua 5\u00aa edi\u00e7\u00e3o Busca r\u00e1pida de dados de infraestrutura, localiza\u00e7\u00e3o, instala\u00e7\u00f5es, tipo de ensino e muitas outras informa\u00e7\u00f5es. A edi\u00e7\u00e3o de 2025 traz informa\u00e7\u00f5es exclusivas, dispon\u00edveis para as escolas que realizarem o preenchimento do formul\u00e1rio do Guia do Col\u00e9gio.<\/p>\n","protected":false},"author":1,"featured_media":0,"parent":0,"menu_order":0,"comment_status":"closed","ping_status":"closed","template":"page-home-2025.php","meta":{"kia_subtitle":"","footnotes":""},"class_list":["post-7","page","type-page","status-publish","hentry"],"yoast_head":"<!-- This site is optimized with the Yoast SEO plugin v27.3 - https:\/\/yoast.com\/product\/yoast-seo-wordpress\/ -->\n<title>Guia de Col\u00e9gios - Estad\u00e3o e Melhor Escola<\/title>\n<meta name=\"description\" content=\"O mais completo guia de escolas de todo o brasil chega \u00e0 sua 5\u00aa edi\u00e7\u00e3o\" \/>\n<meta name=\"robots\" content=\"index, follow, max-snippet:-1, max-image-preview:large, max-video-preview:-1\" \/>\n<link rel=\"canonical\" href=\"https:\/\/publicacoes.estadao.com.br\/guia-de-colegios\/\" \/>\n<meta property=\"og:locale\" content=\"pt_BR\" \/>\n<meta property=\"og:type\" content=\"article\" \/>\n<meta property=\"og:title\" content=\"Guia de Col\u00e9gios - Estad\u00e3o e Melhor Escola\" \/>\n<meta property=\"og:description\" content=\"O mais completo guia de escolas de todo o brasil chega \u00e0 sua 5\u00aa edi\u00e7\u00e3o\" \/>\n<meta property=\"og:url\" content=\"https:\/\/publicacoes.estadao.com.br\/guia-de-colegios\/\" \/>\n<meta property=\"og:site_name\" content=\"Guia de Col\u00e9gios 2025\" \/>\n<meta property=\"article:modified_time\" content=\"2025-09-25T21:25:17+00:00\" \/>\n<meta name=\"twitter:card\" content=\"summary_large_image\" \/>\n<meta name=\"twitter:label1\" content=\"Est. tempo de leitura\" \/>\n\t<meta name=\"twitter:data1\" content=\"1 minuto\" \/>\n<script type=\"application\/ld+json\" class=\"yoast-schema-graph\">{\"@context\":\"https:\\\/\\\/schema.org\",\"@graph\":[{\"@type\":\"WebPage\",\"@id\":\"https:\\\/\\\/publicacoes.estadao.com.br\\\/guia-de-colegios\\\/\",\"url\":\"https:\\\/\\\/publicacoes.estadao.com.br\\\/guia-de-colegios\\\/\",\"name\":\"Guia de Col\u00e9gios - Estad\u00e3o e Melhor Escola\",\"isPartOf\":{\"@id\":\"https:\\\/\\\/publicacoes.estadao.com.br\\\/guia-de-colegios\\\/#website\"},\"datePublished\":\"2024-05-06T14:14:46+00:00\",\"dateModified\":\"2025-09-25T21:25:17+00:00\",\"description\":\"O mais completo guia de escolas de todo o brasil chega \u00e0 sua 5\u00aa edi\u00e7\u00e3o\",\"breadcrumb\":{\"@id\":\"https:\\\/\\\/publicacoes.estadao.com.br\\\/guia-de-colegios\\\/#breadcrumb\"},\"inLanguage\":\"pt-BR\",\"potentialAction\":[{\"@type\":\"ReadAction\",\"target\":[\"https:\\\/\\\/publicacoes.estadao.com.br\\\/guia-de-colegios\\\/\"]}]},{\"@type\":\"BreadcrumbList\",\"@id\":\"https:\\\/\\\/publicacoes.estadao.com.br\\\/guia-de-colegios\\\/#breadcrumb\",\"itemListElement\":[{\"@type\":\"ListItem\",\"position\":1,\"name\":\"In\u00edcio\",\"item\":\"https:\\\/\\\/publicacoes.estadao.com.br\\\/guia-de-colegios\\\/\"},{\"@type\":\"ListItem\",\"position\":2,\"name\":\"Home &#8211; 2025\"}]},{\"@type\":\"WebSite\",\"@id\":\"https:\\\/\\\/publicacoes.estadao.com.br\\\/guia-de-colegios\\\/#website\",\"url\":\"https:\\\/\\\/publicacoes.estadao.com.br\\\/guia-de-colegios\\\/\",\"name\":\"Guia de Col\u00e9gios 2025\",\"description\":\"\",\"potentialAction\":[{\"@type\":\"SearchAction\",\"target\":{\"@type\":\"EntryPoint\",\"urlTemplate\":\"https:\\\/\\\/publicacoes.estadao.com.br\\\/guia-de-colegios\\\/?s={search_term_string}\"},\"query-input\":{\"@type\":\"PropertyValueSpecification\",\"valueRequired\":true,\"valueName\":\"search_term_string\"}}],\"inLanguage\":\"pt-BR\"}]}<\/script>\n<!-- \/ Yoast SEO plugin. -->","yoast_head_json":{"title":"Guia de Col\u00e9gios - Estad\u00e3o e Melhor Escola","description":"O mais completo guia de escolas de todo o brasil chega \u00e0 sua 5\u00aa edi\u00e7\u00e3o","robots":{"index":"index","follow":"follow","max-snippet":"max-snippet:-1","max-image-preview":"max-image-preview:large","max-video-preview":"max-video-preview:-1"},"canonical":"https:\/\/publicacoes.estadao.com.br\/guia-de-colegios\/","og_locale":"pt_BR","og_type":"article","og_title":"Guia de Col\u00e9gios - Estad\u00e3o e Melhor Escola","og_description":"O mais completo guia de escolas de todo o brasil chega \u00e0 sua 5\u00aa edi\u00e7\u00e3o","og_url":"https:\/\/publicacoes.estadao.com.br\/guia-de-colegios\/","og_site_name":"Guia de Col\u00e9gios 2025","article_modified_time":"2025-09-25T21:25:17+00:00","twitter_card":"summary_large_image","twitter_misc":{"Est. tempo de leitura":"1 minuto"},"schema":{"@context":"https:\/\/schema.org","@graph":[{"@type":"WebPage","@id":"https:\/\/publicacoes.estadao.com.br\/guia-de-colegios\/","url":"https:\/\/publicacoes.estadao.com.br\/guia-de-colegios\/","name":"Guia de Col\u00e9gios - Estad\u00e3o e Melhor Escola","isPartOf":{"@id":"https:\/\/publicacoes.estadao.com.br\/guia-de-colegios\/#website"},"datePublished":"2024-05-06T14:14:46+00:00","dateModified":"2025-09-25T21:25:17+00:00","description":"O mais completo guia de escolas de todo o brasil chega \u00e0 sua 5\u00aa edi\u00e7\u00e3o","breadcrumb":{"@id":"https:\/\/publicacoes.estadao.com.br\/guia-de-colegios\/#breadcrumb"},"inLanguage":"pt-BR","potentialAction":[{"@type":"ReadAction","target":["https:\/\/publicacoes.estadao.com.br\/guia-de-colegios\/"]}]},{"@type":"BreadcrumbList","@id":"https:\/\/publicacoes.estadao.com.br\/guia-de-colegios\/#breadcrumb","itemListElement":[{"@type":"ListItem","position":1,"name":"In\u00edcio","item":"https:\/\/publicacoes.estadao.com.br\/guia-de-colegios\/"},{"@type":"ListItem","position":2,"name":"Home &#8211; 2025"}]},{"@type":"WebSite","@id":"https:\/\/publicacoes.estadao.com.br\/guia-de-colegios\/#website","url":"https:\/\/publicacoes.estadao.com.br\/guia-de-colegios\/","name":"Guia de Col\u00e9gios 2025","description":"","potentialAction":[{"@type":"SearchAction","target":{"@type":"EntryPoint","urlTemplate":"https:\/\/publicacoes.estadao.com.br\/guia-de-colegios\/?s={search_term_string}"},"query-input":{"@type":"PropertyValueSpecification","valueRequired":true,"valueName":"search_term_string"}}],"inLanguage":"pt-BR"}]}},"_links":{"self":[{"href":"https:\/\/publicacoes.estadao.com.br\/guia-de-colegios\/wp-json\/wp\/v2\/pages\/7","targetHints":{"allow":["GET"]}}],"collection":[{"href":"https:\/\/publicacoes.estadao.com.br\/guia-de-colegios\/wp-json\/wp\/v2\/pages"}],"about":[{"href":"https:\/\/publicacoes.estadao.com.br\/guia-de-colegios\/wp-json\/wp\/v2\/types\/page"}],"author":[{"embeddable":true,"href":"https:\/\/publicacoes.estadao.com.br\/guia-de-colegios\/wp-json\/wp\/v2\/users\/1"}],"replies":[{"embeddable":true,"href":"https:\/\/publicacoes.estadao.com.br\/guia-de-colegios\/wp-json\/wp\/v2\/comments?post=7"}],"version-history":[{"count":6,"href":"https:\/\/publicacoes.estadao.com.br\/guia-de-colegios\/wp-json\/wp\/v2\/pages\/7\/revisions"}],"predecessor-version":[{"id":884868,"href":"https:\/\/publicacoes.estadao.com.br\/guia-de-colegios\/wp-json\/wp\/v2\/pages\/7\/revisions\/884868"}],"wp:attachment":[{"href":"https:\/\/publicacoes.estadao.com.br\/guia-de-colegios\/wp-json\/wp\/v2\/media?parent=7"}],"curies":[{"name":"wp","href":"https:\/\/api.w.org\/{rel}","templated":true}]}}