{"id":44,"date":"2024-05-06T14:32:20","date_gmt":"2024-05-06T17:32:20","guid":{"rendered":"https:\/\/webapp380167.ip-45-33-125-36.cloudezapp.io\/?page_id=44"},"modified":"2025-09-17T13:42:49","modified_gmt":"2025-09-17T16:42:49","slug":"duvidas","status":"publish","type":"page","link":"https:\/\/publicacoes.estadao.com.br\/guia-de-colegios\/duvidas\/","title":{"rendered":"D\u00favidas?"},"content":{"rendered":"<p><span style=\"color: #6bb3dd;\"><strong>Como o col\u00e9gio pode aparecer no Guia?<br \/>\n<\/strong><\/span>As fichas s\u00e3o produzidas com dados preenchidos pelas pr\u00f3prias institui\u00e7\u00f5es no Censo Escolar de 2024, levantamento realizado pelo Instituto Nacional de Estudos e Pesquisas Educacionais (Inep), \u00f3rg\u00e3o vinculado ao Minist\u00e9rio da Educa\u00e7\u00e3o.<\/p>\n<p><strong><span style=\"color: #6bb3dd;\">\u00c9 poss\u00edvel atualizar as informa\u00e7\u00f5es do Censo para o Guia de Col\u00e9gios?<\/span><br \/>\n<\/strong>As escolas foram convidadas a atualizar seus dados do Censo por meio de um formul\u00e1rio online, enviado por e-mail para todas as institui\u00e7\u00f5es do pa\u00eds. Caso sua escola n\u00e3o tenha localizado essa comunica\u00e7\u00e3o da equipe do Guia, voc\u00ea pode entrar em contato conosco pelo e-mail <a href=\"mailto:guiadecolegios@melhorescola.com.br\" rel=\"noreferrer\">guiadecolegios@melhorescola.com.br.<\/a>.<\/p>\n<!-- In\u00edcio Arroba Banner 300x600 --><div class='banner banner_body_300x600'>\n            <p>Publicidade<\/p>\n            <div id='div-gpt-ad-1664301697974-0' style='min-width: 300px; min-height: 640px;'>\n              <script>\n                googletag.cmd.push(function() { googletag.display('div-gpt-ad-1664301697974-0'); });\n              <\/script>\n            <\/div>\n          <\/div><!-- Fim Banner 300x600 --> <p><strong><span style=\"color: #6bb3dd;\">Quais tipos de col\u00e9gios\/escolas podem fazer parte do Guia?<\/span><br \/>\n<\/strong>Todas as institui\u00e7\u00f5es que constam no Censo Escolar do MEC de 2024, nas categorias administrativas: p\u00fablica ou privada.<\/p>\n<p><strong><span style=\"color: #6bb3dd;\">H\u00e1 custo para participar do guia?<\/span><br \/>\n<\/strong>A figura\u00e7\u00e3o no Guia n\u00e3o \u00e9 vendida. Ser\u00e3o contemplados os col\u00e9gios devidamente informados pelo Censo Escolar de 2024.<\/p>\n<p><strong><span style=\"color: #6bb3dd;\">\u00c9 poss\u00edvel indicar porta-vozes para participar das entrevistas da publica\u00e7\u00e3o?<\/span><br \/>\n<\/strong>A publica\u00e7\u00e3o anual possui pautas de acordo com o tema central\u00a0definido pela Reda\u00e7\u00e3o do\u00a0<b>Estad\u00e3o<\/b>\u00a0e s\u00e3o selecionados porta-vozes que tenham experi\u00eancias para compartilhar e contribuir para o enriquecimento do conte\u00fado. As indica\u00e7\u00f5es de porta-vozes podem ser enviadas para o e-mail\u00a0<a href=\"mailto:publicacoes@estadao.com\">publicacoes@estadao.com<\/a>, com as informa\u00e7\u00f5es: nome, cargo e empresa, minibio e tema a ser explorado.<\/p>\n<p><strong><span style=\"color: #6bb3dd;\">Como as empresas podem ter maior visibilidade na publica\u00e7\u00e3o?<\/span><br \/>\n<\/strong>\u00c9 poss\u00edvel atrelar a marca \u00e0 publica\u00e7\u00e3o com oportunidades comerciais que se adaptam \u00e0s estrat\u00e9gias e necessidades de cada empresa.<\/p>\n<p><strong><span style=\"color: #6bb3dd;\">As institui\u00e7\u00f5es podem patrocinar a publica\u00e7\u00e3o?<\/span><br \/>\n<\/strong>Sim, o\u00a0<b>Estad\u00e3o\u00a0<\/b>possui diferentes modalidades de patroc\u00ednio. Se quiser conhecer as oportunidades, escreva para\u00a0<a href=\"mailto:publicacoes@estadao.com\">publicacoes@estadao.com<\/a><\/p>\n","protected":false},"excerpt":{"rendered":"<p>Como o col\u00e9gio pode aparecer no Guia? As fichas s\u00e3o produzidas com dados preenchidos pelas pr\u00f3prias institui\u00e7\u00f5es no Censo Escolar de 2024, levantamento realizado pelo Instituto Nacional de Estudos e Pesquisas Educacionais (Inep), \u00f3rg\u00e3o vinculado ao Minist\u00e9rio da Educa\u00e7\u00e3o. \u00c9 poss\u00edvel atualizar as informa\u00e7\u00f5es do Censo para o Guia de Col\u00e9gios? As escolas foram convidadas &hellip; <a href=\"https:\/\/publicacoes.estadao.com.br\/guia-de-colegios\/duvidas\/\">Continued<\/a><\/p>\n","protected":false},"author":1,"featured_media":0,"parent":0,"menu_order":0,"comment_status":"closed","ping_status":"closed","template":"duvidas.php","meta":{"kia_subtitle":"","footnotes":""},"class_list":["post-44","page","type-page","status-publish","hentry"],"yoast_head":"<!-- This site is optimized with the Yoast SEO plugin v27.3 - https:\/\/yoast.com\/product\/yoast-seo-wordpress\/ -->\n<title>D\u00favidas? - Guia de Col\u00e9gios 2025<\/title>\n<meta name=\"robots\" content=\"index, follow, max-snippet:-1, max-image-preview:large, max-video-preview:-1\" \/>\n<link rel=\"canonical\" href=\"https:\/\/publicacoes.estadao.com.br\/guia-de-colegios\/duvidas\/\" \/>\n<meta property=\"og:locale\" content=\"pt_BR\" \/>\n<meta property=\"og:type\" content=\"article\" \/>\n<meta property=\"og:title\" content=\"D\u00favidas? - Guia de Col\u00e9gios 2025\" \/>\n<meta property=\"og:description\" content=\"Como o col\u00e9gio pode aparecer no Guia? As fichas s\u00e3o produzidas com dados preenchidos pelas pr\u00f3prias institui\u00e7\u00f5es no Censo Escolar de 2024, levantamento realizado pelo Instituto Nacional de Estudos e Pesquisas Educacionais (Inep), \u00f3rg\u00e3o vinculado ao Minist\u00e9rio da Educa\u00e7\u00e3o. \u00c9 poss\u00edvel atualizar as informa\u00e7\u00f5es do Censo para o Guia de Col\u00e9gios? As escolas foram convidadas &hellip; Continued\" \/>\n<meta property=\"og:url\" content=\"https:\/\/publicacoes.estadao.com.br\/guia-de-colegios\/duvidas\/\" \/>\n<meta property=\"og:site_name\" content=\"Guia de Col\u00e9gios 2025\" \/>\n<meta property=\"article:modified_time\" content=\"2025-09-17T16:42:49+00:00\" \/>\n<meta name=\"twitter:card\" content=\"summary_large_image\" \/>\n<meta name=\"twitter:label1\" content=\"Est. tempo de leitura\" \/>\n\t<meta name=\"twitter:data1\" content=\"2 minutos\" \/>\n<script type=\"application\/ld+json\" class=\"yoast-schema-graph\">{\"@context\":\"https:\\\/\\\/schema.org\",\"@graph\":[{\"@type\":\"WebPage\",\"@id\":\"https:\\\/\\\/publicacoes.estadao.com.br\\\/guia-de-colegios\\\/duvidas\\\/\",\"url\":\"https:\\\/\\\/publicacoes.estadao.com.br\\\/guia-de-colegios\\\/duvidas\\\/\",\"name\":\"D\u00favidas? - Guia de Col\u00e9gios 2025\",\"isPartOf\":{\"@id\":\"https:\\\/\\\/publicacoes.estadao.com.br\\\/guia-de-colegios\\\/#website\"},\"datePublished\":\"2024-05-06T17:32:20+00:00\",\"dateModified\":\"2025-09-17T16:42:49+00:00\",\"breadcrumb\":{\"@id\":\"https:\\\/\\\/publicacoes.estadao.com.br\\\/guia-de-colegios\\\/duvidas\\\/#breadcrumb\"},\"inLanguage\":\"pt-BR\",\"potentialAction\":[{\"@type\":\"ReadAction\",\"target\":[\"https:\\\/\\\/publicacoes.estadao.com.br\\\/guia-de-colegios\\\/duvidas\\\/\"]}]},{\"@type\":\"BreadcrumbList\",\"@id\":\"https:\\\/\\\/publicacoes.estadao.com.br\\\/guia-de-colegios\\\/duvidas\\\/#breadcrumb\",\"itemListElement\":[{\"@type\":\"ListItem\",\"position\":1,\"name\":\"In\u00edcio\",\"item\":\"https:\\\/\\\/publicacoes.estadao.com.br\\\/guia-de-colegios\\\/\"},{\"@type\":\"ListItem\",\"position\":2,\"name\":\"D\u00favidas?\"}]},{\"@type\":\"WebSite\",\"@id\":\"https:\\\/\\\/publicacoes.estadao.com.br\\\/guia-de-colegios\\\/#website\",\"url\":\"https:\\\/\\\/publicacoes.estadao.com.br\\\/guia-de-colegios\\\/\",\"name\":\"Guia de Col\u00e9gios 2025\",\"description\":\"\",\"potentialAction\":[{\"@type\":\"SearchAction\",\"target\":{\"@type\":\"EntryPoint\",\"urlTemplate\":\"https:\\\/\\\/publicacoes.estadao.com.br\\\/guia-de-colegios\\\/?s={search_term_string}\"},\"query-input\":{\"@type\":\"PropertyValueSpecification\",\"valueRequired\":true,\"valueName\":\"search_term_string\"}}],\"inLanguage\":\"pt-BR\"}]}<\/script>\n<!-- \/ Yoast SEO plugin. -->","yoast_head_json":{"title":"D\u00favidas? - Guia de Col\u00e9gios 2025","robots":{"index":"index","follow":"follow","max-snippet":"max-snippet:-1","max-image-preview":"max-image-preview:large","max-video-preview":"max-video-preview:-1"},"canonical":"https:\/\/publicacoes.estadao.com.br\/guia-de-colegios\/duvidas\/","og_locale":"pt_BR","og_type":"article","og_title":"D\u00favidas? - Guia de Col\u00e9gios 2025","og_description":"Como o col\u00e9gio pode aparecer no Guia? As fichas s\u00e3o produzidas com dados preenchidos pelas pr\u00f3prias institui\u00e7\u00f5es no Censo Escolar de 2024, levantamento realizado pelo Instituto Nacional de Estudos e Pesquisas Educacionais (Inep), \u00f3rg\u00e3o vinculado ao Minist\u00e9rio da Educa\u00e7\u00e3o. \u00c9 poss\u00edvel atualizar as informa\u00e7\u00f5es do Censo para o Guia de Col\u00e9gios? As escolas foram convidadas &hellip; Continued","og_url":"https:\/\/publicacoes.estadao.com.br\/guia-de-colegios\/duvidas\/","og_site_name":"Guia de Col\u00e9gios 2025","article_modified_time":"2025-09-17T16:42:49+00:00","twitter_card":"summary_large_image","twitter_misc":{"Est. tempo de leitura":"2 minutos"},"schema":{"@context":"https:\/\/schema.org","@graph":[{"@type":"WebPage","@id":"https:\/\/publicacoes.estadao.com.br\/guia-de-colegios\/duvidas\/","url":"https:\/\/publicacoes.estadao.com.br\/guia-de-colegios\/duvidas\/","name":"D\u00favidas? - Guia de Col\u00e9gios 2025","isPartOf":{"@id":"https:\/\/publicacoes.estadao.com.br\/guia-de-colegios\/#website"},"datePublished":"2024-05-06T17:32:20+00:00","dateModified":"2025-09-17T16:42:49+00:00","breadcrumb":{"@id":"https:\/\/publicacoes.estadao.com.br\/guia-de-colegios\/duvidas\/#breadcrumb"},"inLanguage":"pt-BR","potentialAction":[{"@type":"ReadAction","target":["https:\/\/publicacoes.estadao.com.br\/guia-de-colegios\/duvidas\/"]}]},{"@type":"BreadcrumbList","@id":"https:\/\/publicacoes.estadao.com.br\/guia-de-colegios\/duvidas\/#breadcrumb","itemListElement":[{"@type":"ListItem","position":1,"name":"In\u00edcio","item":"https:\/\/publicacoes.estadao.com.br\/guia-de-colegios\/"},{"@type":"ListItem","position":2,"name":"D\u00favidas?"}]},{"@type":"WebSite","@id":"https:\/\/publicacoes.estadao.com.br\/guia-de-colegios\/#website","url":"https:\/\/publicacoes.estadao.com.br\/guia-de-colegios\/","name":"Guia de Col\u00e9gios 2025","description":"","potentialAction":[{"@type":"SearchAction","target":{"@type":"EntryPoint","urlTemplate":"https:\/\/publicacoes.estadao.com.br\/guia-de-colegios\/?s={search_term_string}"},"query-input":{"@type":"PropertyValueSpecification","valueRequired":true,"valueName":"search_term_string"}}],"inLanguage":"pt-BR"}]}},"_links":{"self":[{"href":"https:\/\/publicacoes.estadao.com.br\/guia-de-colegios\/wp-json\/wp\/v2\/pages\/44","targetHints":{"allow":["GET"]}}],"collection":[{"href":"https:\/\/publicacoes.estadao.com.br\/guia-de-colegios\/wp-json\/wp\/v2\/pages"}],"about":[{"href":"https:\/\/publicacoes.estadao.com.br\/guia-de-colegios\/wp-json\/wp\/v2\/types\/page"}],"author":[{"embeddable":true,"href":"https:\/\/publicacoes.estadao.com.br\/guia-de-colegios\/wp-json\/wp\/v2\/users\/1"}],"replies":[{"embeddable":true,"href":"https:\/\/publicacoes.estadao.com.br\/guia-de-colegios\/wp-json\/wp\/v2\/comments?post=44"}],"version-history":[{"count":11,"href":"https:\/\/publicacoes.estadao.com.br\/guia-de-colegios\/wp-json\/wp\/v2\/pages\/44\/revisions"}],"predecessor-version":[{"id":692253,"href":"https:\/\/publicacoes.estadao.com.br\/guia-de-colegios\/wp-json\/wp\/v2\/pages\/44\/revisions\/692253"}],"wp:attachment":[{"href":"https:\/\/publicacoes.estadao.com.br\/guia-de-colegios\/wp-json\/wp\/v2\/media?parent=44"}],"curies":[{"name":"wp","href":"https:\/\/api.w.org\/{rel}","templated":true}]}}