{"id":41,"date":"2024-05-06T14:31:08","date_gmt":"2024-05-06T17:31:08","guid":{"rendered":"https:\/\/webapp380167.ip-45-33-125-36.cloudezapp.io\/?page_id=41"},"modified":"2025-09-17T13:40:29","modified_gmt":"2025-09-17T16:40:29","slug":"como-participar","status":"publish","type":"page","link":"https:\/\/publicacoes.estadao.com.br\/guia-de-colegios\/como-participar\/","title":{"rendered":"Como Participar"},"content":{"rendered":"<p>As informa\u00e7\u00f5es deste Guia s\u00e3o coletadas e organizadas com dados preenchidos pelas pr\u00f3prias institui\u00e7\u00f5es no Censo Escolar de 2024, levantamento realizado pelo Instituto Nacional de Estudos e Pesquisas Educacionais (Inep), \u00f3rg\u00e3o vinculado ao Minist\u00e9rio da Educa\u00e7\u00e3o.<\/p>\n<p>As escolas de todo o pa\u00eds tamb\u00e9m foram convidadas a atualizar seus dados do Censo que estivessem defasados, por meio de um formul\u00e1rio online com uma \u00e1rea edit\u00e1vel, permitindo a corre\u00e7\u00e3o de qualquer informa\u00e7\u00e3o.<\/p>\n<!-- In\u00edcio Arroba Banner 300x600 --><div class='banner banner_body_300x600'>\n            <p>Publicidade<\/p>\n            <div id='div-gpt-ad-1664301697974-0' style='min-width: 300px; min-height: 640px;'>\n              <script>\n                googletag.cmd.push(function() { googletag.display('div-gpt-ad-1664301697974-0'); });\n              <\/script>\n            <\/div>\n          <\/div><!-- Fim Banner 300x600 --> <p>Este formul\u00e1rio ainda permite que as escolas insiram novas informa\u00e7\u00f5es exclusivas, que v\u00e3o al\u00e9m dos dados do Censo Escolar.<\/p>\n<p><strong>Informa\u00e7\u00f5es exclusivas, dispon\u00edveis para as escolas no formul\u00e1rio online do Guia do Col\u00e9gio:<\/strong><\/p>\n<ul>\n<li>Projeto pedag\u00f3gico;<\/li>\n<li>Atividades extracurriculares;<\/li>\n<li>Projetos de estudo do meio;<\/li>\n<li>Formato das avalia\u00e7\u00f5es;<\/li>\n<li>Destaques da infraestrutura.<\/li>\n<\/ul>\n<p>Cada escola recebeu um link \u00fanico de acesso ao seu question\u00e1rio espec\u00edfico.<\/p>\n<p>As institui\u00e7\u00f5es que n\u00e3o receberam o link e que tenham interesse no preenchimento do formul\u00e1rio online, podem entrar em contato conosco pelo e-mail: <a href=\"mailto:guiadecolegios@melhorescola.com.br\" rel=\"noreferrer\">guiadecolegios@melhorescola.com.br<\/a><\/p>\n","protected":false},"excerpt":{"rendered":"<p>As informa\u00e7\u00f5es deste Guia s\u00e3o coletadas e organizadas com dados preenchidos pelas pr\u00f3prias institui\u00e7\u00f5es no Censo Escolar de 2024, levantamento realizado pelo Instituto Nacional de Estudos e Pesquisas Educacionais (Inep), \u00f3rg\u00e3o vinculado ao Minist\u00e9rio da Educa\u00e7\u00e3o. As escolas de todo o pa\u00eds tamb\u00e9m foram convidadas a atualizar seus dados do Censo que estivessem defasados, por &hellip; <a href=\"https:\/\/publicacoes.estadao.com.br\/guia-de-colegios\/como-participar\/\">Continued<\/a><\/p>\n","protected":false},"author":1,"featured_media":0,"parent":0,"menu_order":0,"comment_status":"closed","ping_status":"closed","template":"como-participar.php","meta":{"kia_subtitle":"","footnotes":""},"class_list":["post-41","page","type-page","status-publish","hentry"],"yoast_head":"<!-- This site is optimized with the Yoast SEO plugin v27.3 - https:\/\/yoast.com\/product\/yoast-seo-wordpress\/ -->\n<title>Como Participar - Guia de Col\u00e9gios 2025<\/title>\n<meta name=\"robots\" content=\"index, follow, max-snippet:-1, max-image-preview:large, max-video-preview:-1\" \/>\n<link rel=\"canonical\" href=\"https:\/\/publicacoes.estadao.com.br\/guia-de-colegios\/como-participar\/\" \/>\n<meta property=\"og:locale\" content=\"pt_BR\" \/>\n<meta property=\"og:type\" content=\"article\" \/>\n<meta property=\"og:title\" content=\"Como Participar - Guia de Col\u00e9gios 2025\" \/>\n<meta property=\"og:description\" content=\"As informa\u00e7\u00f5es deste Guia s\u00e3o coletadas e organizadas com dados preenchidos pelas pr\u00f3prias institui\u00e7\u00f5es no Censo Escolar de 2024, levantamento realizado pelo Instituto Nacional de Estudos e Pesquisas Educacionais (Inep), \u00f3rg\u00e3o vinculado ao Minist\u00e9rio da Educa\u00e7\u00e3o. As escolas de todo o pa\u00eds tamb\u00e9m foram convidadas a atualizar seus dados do Censo que estivessem defasados, por &hellip; Continued\" \/>\n<meta property=\"og:url\" content=\"https:\/\/publicacoes.estadao.com.br\/guia-de-colegios\/como-participar\/\" \/>\n<meta property=\"og:site_name\" content=\"Guia de Col\u00e9gios 2025\" \/>\n<meta property=\"article:modified_time\" content=\"2025-09-17T16:40:29+00:00\" \/>\n<meta name=\"twitter:card\" content=\"summary_large_image\" \/>\n<meta name=\"twitter:label1\" content=\"Est. tempo de leitura\" \/>\n\t<meta name=\"twitter:data1\" content=\"1 minuto\" \/>\n<script type=\"application\/ld+json\" class=\"yoast-schema-graph\">{\"@context\":\"https:\\\/\\\/schema.org\",\"@graph\":[{\"@type\":\"WebPage\",\"@id\":\"https:\\\/\\\/publicacoes.estadao.com.br\\\/guia-de-colegios\\\/como-participar\\\/\",\"url\":\"https:\\\/\\\/publicacoes.estadao.com.br\\\/guia-de-colegios\\\/como-participar\\\/\",\"name\":\"Como Participar - Guia de Col\u00e9gios 2025\",\"isPartOf\":{\"@id\":\"https:\\\/\\\/publicacoes.estadao.com.br\\\/guia-de-colegios\\\/#website\"},\"datePublished\":\"2024-05-06T17:31:08+00:00\",\"dateModified\":\"2025-09-17T16:40:29+00:00\",\"breadcrumb\":{\"@id\":\"https:\\\/\\\/publicacoes.estadao.com.br\\\/guia-de-colegios\\\/como-participar\\\/#breadcrumb\"},\"inLanguage\":\"pt-BR\",\"potentialAction\":[{\"@type\":\"ReadAction\",\"target\":[\"https:\\\/\\\/publicacoes.estadao.com.br\\\/guia-de-colegios\\\/como-participar\\\/\"]}]},{\"@type\":\"BreadcrumbList\",\"@id\":\"https:\\\/\\\/publicacoes.estadao.com.br\\\/guia-de-colegios\\\/como-participar\\\/#breadcrumb\",\"itemListElement\":[{\"@type\":\"ListItem\",\"position\":1,\"name\":\"In\u00edcio\",\"item\":\"https:\\\/\\\/publicacoes.estadao.com.br\\\/guia-de-colegios\\\/\"},{\"@type\":\"ListItem\",\"position\":2,\"name\":\"Como Participar\"}]},{\"@type\":\"WebSite\",\"@id\":\"https:\\\/\\\/publicacoes.estadao.com.br\\\/guia-de-colegios\\\/#website\",\"url\":\"https:\\\/\\\/publicacoes.estadao.com.br\\\/guia-de-colegios\\\/\",\"name\":\"Guia de Col\u00e9gios 2025\",\"description\":\"\",\"potentialAction\":[{\"@type\":\"SearchAction\",\"target\":{\"@type\":\"EntryPoint\",\"urlTemplate\":\"https:\\\/\\\/publicacoes.estadao.com.br\\\/guia-de-colegios\\\/?s={search_term_string}\"},\"query-input\":{\"@type\":\"PropertyValueSpecification\",\"valueRequired\":true,\"valueName\":\"search_term_string\"}}],\"inLanguage\":\"pt-BR\"}]}<\/script>\n<!-- \/ Yoast SEO plugin. -->","yoast_head_json":{"title":"Como Participar - Guia de Col\u00e9gios 2025","robots":{"index":"index","follow":"follow","max-snippet":"max-snippet:-1","max-image-preview":"max-image-preview:large","max-video-preview":"max-video-preview:-1"},"canonical":"https:\/\/publicacoes.estadao.com.br\/guia-de-colegios\/como-participar\/","og_locale":"pt_BR","og_type":"article","og_title":"Como Participar - Guia de Col\u00e9gios 2025","og_description":"As informa\u00e7\u00f5es deste Guia s\u00e3o coletadas e organizadas com dados preenchidos pelas pr\u00f3prias institui\u00e7\u00f5es no Censo Escolar de 2024, levantamento realizado pelo Instituto Nacional de Estudos e Pesquisas Educacionais (Inep), \u00f3rg\u00e3o vinculado ao Minist\u00e9rio da Educa\u00e7\u00e3o. As escolas de todo o pa\u00eds tamb\u00e9m foram convidadas a atualizar seus dados do Censo que estivessem defasados, por &hellip; Continued","og_url":"https:\/\/publicacoes.estadao.com.br\/guia-de-colegios\/como-participar\/","og_site_name":"Guia de Col\u00e9gios 2025","article_modified_time":"2025-09-17T16:40:29+00:00","twitter_card":"summary_large_image","twitter_misc":{"Est. tempo de leitura":"1 minuto"},"schema":{"@context":"https:\/\/schema.org","@graph":[{"@type":"WebPage","@id":"https:\/\/publicacoes.estadao.com.br\/guia-de-colegios\/como-participar\/","url":"https:\/\/publicacoes.estadao.com.br\/guia-de-colegios\/como-participar\/","name":"Como Participar - Guia de Col\u00e9gios 2025","isPartOf":{"@id":"https:\/\/publicacoes.estadao.com.br\/guia-de-colegios\/#website"},"datePublished":"2024-05-06T17:31:08+00:00","dateModified":"2025-09-17T16:40:29+00:00","breadcrumb":{"@id":"https:\/\/publicacoes.estadao.com.br\/guia-de-colegios\/como-participar\/#breadcrumb"},"inLanguage":"pt-BR","potentialAction":[{"@type":"ReadAction","target":["https:\/\/publicacoes.estadao.com.br\/guia-de-colegios\/como-participar\/"]}]},{"@type":"BreadcrumbList","@id":"https:\/\/publicacoes.estadao.com.br\/guia-de-colegios\/como-participar\/#breadcrumb","itemListElement":[{"@type":"ListItem","position":1,"name":"In\u00edcio","item":"https:\/\/publicacoes.estadao.com.br\/guia-de-colegios\/"},{"@type":"ListItem","position":2,"name":"Como Participar"}]},{"@type":"WebSite","@id":"https:\/\/publicacoes.estadao.com.br\/guia-de-colegios\/#website","url":"https:\/\/publicacoes.estadao.com.br\/guia-de-colegios\/","name":"Guia de Col\u00e9gios 2025","description":"","potentialAction":[{"@type":"SearchAction","target":{"@type":"EntryPoint","urlTemplate":"https:\/\/publicacoes.estadao.com.br\/guia-de-colegios\/?s={search_term_string}"},"query-input":{"@type":"PropertyValueSpecification","valueRequired":true,"valueName":"search_term_string"}}],"inLanguage":"pt-BR"}]}},"_links":{"self":[{"href":"https:\/\/publicacoes.estadao.com.br\/guia-de-colegios\/wp-json\/wp\/v2\/pages\/41","targetHints":{"allow":["GET"]}}],"collection":[{"href":"https:\/\/publicacoes.estadao.com.br\/guia-de-colegios\/wp-json\/wp\/v2\/pages"}],"about":[{"href":"https:\/\/publicacoes.estadao.com.br\/guia-de-colegios\/wp-json\/wp\/v2\/types\/page"}],"author":[{"embeddable":true,"href":"https:\/\/publicacoes.estadao.com.br\/guia-de-colegios\/wp-json\/wp\/v2\/users\/1"}],"replies":[{"embeddable":true,"href":"https:\/\/publicacoes.estadao.com.br\/guia-de-colegios\/wp-json\/wp\/v2\/comments?post=41"}],"version-history":[{"count":11,"href":"https:\/\/publicacoes.estadao.com.br\/guia-de-colegios\/wp-json\/wp\/v2\/pages\/41\/revisions"}],"predecessor-version":[{"id":691852,"href":"https:\/\/publicacoes.estadao.com.br\/guia-de-colegios\/wp-json\/wp\/v2\/pages\/41\/revisions\/691852"}],"wp:attachment":[{"href":"https:\/\/publicacoes.estadao.com.br\/guia-de-colegios\/wp-json\/wp\/v2\/media?parent=41"}],"curies":[{"name":"wp","href":"https:\/\/api.w.org\/{rel}","templated":true}]}}