{"id":36,"date":"2024-05-06T14:12:07","date_gmt":"2024-05-06T17:12:07","guid":{"rendered":"https:\/\/webapp380167.ip-45-33-125-36.cloudezapp.io\/?page_id=36"},"modified":"2025-09-17T13:33:59","modified_gmt":"2025-09-17T16:33:59","slug":"sobre-o-guia","status":"publish","type":"page","link":"https:\/\/publicacoes.estadao.com.br\/guia-de-colegios\/sobre-o-guia\/","title":{"rendered":"Sobre o Guia"},"content":{"rendered":"<p>O Guia de Col\u00e9gios \u00e9 produzido em parceria com o site Melhor Escola, uma edtech especializada em informa\u00e7\u00f5es sobre institui\u00e7\u00f5es de educa\u00e7\u00e3o b\u00e1sica de todo o Pa\u00eds.<\/p>\n<p>As fichas s\u00e3o produzidas com dados preenchidos pelas pr\u00f3prias institui\u00e7\u00f5es no Censo Escolar de 2024, levantamento realizado pelo Instituto Nacional de Estudos e Pesquisas Educacionais (Inep), \u00f3rg\u00e3o vinculado ao Minist\u00e9rio da Educa\u00e7\u00e3o.<\/p>\n<!-- In\u00edcio Arroba Banner 300x600 --><div class='banner banner_body_300x600'>\n            <p>Publicidade<\/p>\n            <div id='div-gpt-ad-1664301697974-0' style='min-width: 300px; min-height: 640px;'>\n              <script>\n                googletag.cmd.push(function() { googletag.display('div-gpt-ad-1664301697974-0'); });\n              <\/script>\n            <\/div>\n          <\/div><!-- Fim Banner 300x600 --> <p>As informa\u00e7\u00f5es s\u00e3o coletadas e organizadas em uma ferramenta de busca r\u00e1pida e eficiente para os pais avaliarem no momento da escolha da escola para melhor atender a cada necessidade.<\/p>\n<h3><strong>DADOS GERAIS<\/strong><\/h3>\n<p><strong>Nome do col\u00e9gio<\/strong><\/p>\n<p><strong>Tipo de institui\u00e7\u00e3o<\/strong><br \/>\nAponta a categoria administrativa: se \u00e9 uma escola p\u00fablica ou privada<\/p>\n<p><strong>Cidade<\/strong><\/p>\n<p><strong>Endere\u00e7o e telefone<\/strong><\/p>\n<p><strong>N\u00edveis de ensino<\/strong><br \/>\nIdentifica se a escola oferece ou n\u00e3o os seguintes n\u00edveis de ensino da Educa\u00e7\u00e3o B\u00e1sica:<br \/>\n\u2013 Ensino infantil (entre 0 e 5 anos de idade)<br \/>\n\u2013 Ensino fundamental (do 1\u00ba ao 9\u00ba ano; 6 a 14 anos de idade)<br \/>\n\u2013 Ensino m\u00e9dio (do 1\u00ba ao 3\u00ba ano; 15 a 17 anos de idade)<br \/>\n\u2013 Ensino T\u00e9cnico<\/p>\n<p><strong>Alunos e professores<\/strong><br \/>\nTraz o n\u00famero total de alunos e sua distribui\u00e7\u00e3o por n\u00edvel de ensino. No caso dos professores, tamb\u00e9m traz a quebra por n\u00edvel de ensino, considerando apenas docentes titulares \u2014 excluindo, por exemplo, auxiliares e tutores<\/p>\n<p><strong>Exame de sele\u00e7\u00e3o<\/strong><br \/>\nIndica se a escola realiza algum tipo de prova para a entrada de novos alunos na institui\u00e7\u00e3o<\/p>\n<p><strong>A\u00e7\u00f5es ambientais<\/strong><br \/>\nIndica se a escola trabalha com a\u00e7\u00f5es de educa\u00e7\u00e3o ambiental para os alunos<\/p>\n<p><strong>Nutricionista<\/strong><br \/>\nIndica se a escola conta com profissional especializado para orientar a produ\u00e7\u00e3o da alimenta\u00e7\u00e3o oferecida aos alunos<\/p>\n<p><strong>Psic\u00f3logo<\/strong><br \/>\nIndica se a escola conta com profissional especializado para dar suporte psicol\u00f3gico aos alunos quando necess\u00e1rio<\/p>\n<p><strong>Salas de aula<\/strong><br \/>\nTraz informa\u00e7\u00f5es sobre o n\u00famero de salas utilizadas pelos alunos, n\u00famero dessas salas que s\u00e3o climatizadas e n\u00famero de salas com recursos de acessibilidade.<\/p>\n<h3>DADOS SOBRE INFRAESTRUTURA<\/h3>\n<p>Informa se o col\u00e9gio possui <strong>14 tipos de instala\u00e7\u00f5es\/recursos<\/strong> selecionados<\/p>\n","protected":false},"excerpt":{"rendered":"<p>O Guia de Col\u00e9gios \u00e9 produzido em parceria com o site Melhor Escola, uma edtech especializada em informa\u00e7\u00f5es sobre institui\u00e7\u00f5es de educa\u00e7\u00e3o b\u00e1sica de todo o Pa\u00eds. As fichas s\u00e3o produzidas com dados preenchidos pelas pr\u00f3prias institui\u00e7\u00f5es no Censo Escolar de 2024, levantamento realizado pelo Instituto Nacional de Estudos e Pesquisas Educacionais (Inep), \u00f3rg\u00e3o vinculado &hellip; <a href=\"https:\/\/publicacoes.estadao.com.br\/guia-de-colegios\/sobre-o-guia\/\">Continued<\/a><\/p>\n","protected":false},"author":1,"featured_media":0,"parent":0,"menu_order":0,"comment_status":"closed","ping_status":"closed","template":"sobre-o-guia-2025.php","meta":{"kia_subtitle":"","footnotes":""},"class_list":["post-36","page","type-page","status-publish","hentry"],"yoast_head":"<!-- This site is optimized with the Yoast SEO plugin v27.3 - https:\/\/yoast.com\/product\/yoast-seo-wordpress\/ -->\n<title>Sobre o Guia - Guia de Col\u00e9gios 2025<\/title>\n<meta name=\"robots\" content=\"index, follow, max-snippet:-1, max-image-preview:large, max-video-preview:-1\" \/>\n<link rel=\"canonical\" href=\"https:\/\/publicacoes.estadao.com.br\/guia-de-colegios\/sobre-o-guia\/\" \/>\n<meta property=\"og:locale\" content=\"pt_BR\" \/>\n<meta property=\"og:type\" content=\"article\" \/>\n<meta property=\"og:title\" content=\"Sobre o Guia - Guia de Col\u00e9gios 2025\" \/>\n<meta property=\"og:description\" content=\"O Guia de Col\u00e9gios \u00e9 produzido em parceria com o site Melhor Escola, uma edtech especializada em informa\u00e7\u00f5es sobre institui\u00e7\u00f5es de educa\u00e7\u00e3o b\u00e1sica de todo o Pa\u00eds. As fichas s\u00e3o produzidas com dados preenchidos pelas pr\u00f3prias institui\u00e7\u00f5es no Censo Escolar de 2024, levantamento realizado pelo Instituto Nacional de Estudos e Pesquisas Educacionais (Inep), \u00f3rg\u00e3o vinculado &hellip; Continued\" \/>\n<meta property=\"og:url\" content=\"https:\/\/publicacoes.estadao.com.br\/guia-de-colegios\/sobre-o-guia\/\" \/>\n<meta property=\"og:site_name\" content=\"Guia de Col\u00e9gios 2025\" \/>\n<meta property=\"article:modified_time\" content=\"2025-09-17T16:33:59+00:00\" \/>\n<meta name=\"twitter:card\" content=\"summary_large_image\" \/>\n<meta name=\"twitter:label1\" content=\"Est. tempo de leitura\" \/>\n\t<meta name=\"twitter:data1\" content=\"2 minutos\" \/>\n<script type=\"application\/ld+json\" class=\"yoast-schema-graph\">{\"@context\":\"https:\\\/\\\/schema.org\",\"@graph\":[{\"@type\":\"WebPage\",\"@id\":\"https:\\\/\\\/publicacoes.estadao.com.br\\\/guia-de-colegios\\\/sobre-o-guia\\\/\",\"url\":\"https:\\\/\\\/publicacoes.estadao.com.br\\\/guia-de-colegios\\\/sobre-o-guia\\\/\",\"name\":\"Sobre o Guia - Guia de Col\u00e9gios 2025\",\"isPartOf\":{\"@id\":\"https:\\\/\\\/publicacoes.estadao.com.br\\\/guia-de-colegios\\\/#website\"},\"datePublished\":\"2024-05-06T17:12:07+00:00\",\"dateModified\":\"2025-09-17T16:33:59+00:00\",\"breadcrumb\":{\"@id\":\"https:\\\/\\\/publicacoes.estadao.com.br\\\/guia-de-colegios\\\/sobre-o-guia\\\/#breadcrumb\"},\"inLanguage\":\"pt-BR\",\"potentialAction\":[{\"@type\":\"ReadAction\",\"target\":[\"https:\\\/\\\/publicacoes.estadao.com.br\\\/guia-de-colegios\\\/sobre-o-guia\\\/\"]}]},{\"@type\":\"BreadcrumbList\",\"@id\":\"https:\\\/\\\/publicacoes.estadao.com.br\\\/guia-de-colegios\\\/sobre-o-guia\\\/#breadcrumb\",\"itemListElement\":[{\"@type\":\"ListItem\",\"position\":1,\"name\":\"In\u00edcio\",\"item\":\"https:\\\/\\\/publicacoes.estadao.com.br\\\/guia-de-colegios\\\/\"},{\"@type\":\"ListItem\",\"position\":2,\"name\":\"Sobre o Guia\"}]},{\"@type\":\"WebSite\",\"@id\":\"https:\\\/\\\/publicacoes.estadao.com.br\\\/guia-de-colegios\\\/#website\",\"url\":\"https:\\\/\\\/publicacoes.estadao.com.br\\\/guia-de-colegios\\\/\",\"name\":\"Guia de Col\u00e9gios 2025\",\"description\":\"\",\"potentialAction\":[{\"@type\":\"SearchAction\",\"target\":{\"@type\":\"EntryPoint\",\"urlTemplate\":\"https:\\\/\\\/publicacoes.estadao.com.br\\\/guia-de-colegios\\\/?s={search_term_string}\"},\"query-input\":{\"@type\":\"PropertyValueSpecification\",\"valueRequired\":true,\"valueName\":\"search_term_string\"}}],\"inLanguage\":\"pt-BR\"}]}<\/script>\n<!-- \/ Yoast SEO plugin. -->","yoast_head_json":{"title":"Sobre o Guia - Guia de Col\u00e9gios 2025","robots":{"index":"index","follow":"follow","max-snippet":"max-snippet:-1","max-image-preview":"max-image-preview:large","max-video-preview":"max-video-preview:-1"},"canonical":"https:\/\/publicacoes.estadao.com.br\/guia-de-colegios\/sobre-o-guia\/","og_locale":"pt_BR","og_type":"article","og_title":"Sobre o Guia - Guia de Col\u00e9gios 2025","og_description":"O Guia de Col\u00e9gios \u00e9 produzido em parceria com o site Melhor Escola, uma edtech especializada em informa\u00e7\u00f5es sobre institui\u00e7\u00f5es de educa\u00e7\u00e3o b\u00e1sica de todo o Pa\u00eds. As fichas s\u00e3o produzidas com dados preenchidos pelas pr\u00f3prias institui\u00e7\u00f5es no Censo Escolar de 2024, levantamento realizado pelo Instituto Nacional de Estudos e Pesquisas Educacionais (Inep), \u00f3rg\u00e3o vinculado &hellip; Continued","og_url":"https:\/\/publicacoes.estadao.com.br\/guia-de-colegios\/sobre-o-guia\/","og_site_name":"Guia de Col\u00e9gios 2025","article_modified_time":"2025-09-17T16:33:59+00:00","twitter_card":"summary_large_image","twitter_misc":{"Est. tempo de leitura":"2 minutos"},"schema":{"@context":"https:\/\/schema.org","@graph":[{"@type":"WebPage","@id":"https:\/\/publicacoes.estadao.com.br\/guia-de-colegios\/sobre-o-guia\/","url":"https:\/\/publicacoes.estadao.com.br\/guia-de-colegios\/sobre-o-guia\/","name":"Sobre o Guia - Guia de Col\u00e9gios 2025","isPartOf":{"@id":"https:\/\/publicacoes.estadao.com.br\/guia-de-colegios\/#website"},"datePublished":"2024-05-06T17:12:07+00:00","dateModified":"2025-09-17T16:33:59+00:00","breadcrumb":{"@id":"https:\/\/publicacoes.estadao.com.br\/guia-de-colegios\/sobre-o-guia\/#breadcrumb"},"inLanguage":"pt-BR","potentialAction":[{"@type":"ReadAction","target":["https:\/\/publicacoes.estadao.com.br\/guia-de-colegios\/sobre-o-guia\/"]}]},{"@type":"BreadcrumbList","@id":"https:\/\/publicacoes.estadao.com.br\/guia-de-colegios\/sobre-o-guia\/#breadcrumb","itemListElement":[{"@type":"ListItem","position":1,"name":"In\u00edcio","item":"https:\/\/publicacoes.estadao.com.br\/guia-de-colegios\/"},{"@type":"ListItem","position":2,"name":"Sobre o Guia"}]},{"@type":"WebSite","@id":"https:\/\/publicacoes.estadao.com.br\/guia-de-colegios\/#website","url":"https:\/\/publicacoes.estadao.com.br\/guia-de-colegios\/","name":"Guia de Col\u00e9gios 2025","description":"","potentialAction":[{"@type":"SearchAction","target":{"@type":"EntryPoint","urlTemplate":"https:\/\/publicacoes.estadao.com.br\/guia-de-colegios\/?s={search_term_string}"},"query-input":{"@type":"PropertyValueSpecification","valueRequired":true,"valueName":"search_term_string"}}],"inLanguage":"pt-BR"}]}},"_links":{"self":[{"href":"https:\/\/publicacoes.estadao.com.br\/guia-de-colegios\/wp-json\/wp\/v2\/pages\/36","targetHints":{"allow":["GET"]}}],"collection":[{"href":"https:\/\/publicacoes.estadao.com.br\/guia-de-colegios\/wp-json\/wp\/v2\/pages"}],"about":[{"href":"https:\/\/publicacoes.estadao.com.br\/guia-de-colegios\/wp-json\/wp\/v2\/types\/page"}],"author":[{"embeddable":true,"href":"https:\/\/publicacoes.estadao.com.br\/guia-de-colegios\/wp-json\/wp\/v2\/users\/1"}],"replies":[{"embeddable":true,"href":"https:\/\/publicacoes.estadao.com.br\/guia-de-colegios\/wp-json\/wp\/v2\/comments?post=36"}],"version-history":[{"count":10,"href":"https:\/\/publicacoes.estadao.com.br\/guia-de-colegios\/wp-json\/wp\/v2\/pages\/36\/revisions"}],"predecessor-version":[{"id":690745,"href":"https:\/\/publicacoes.estadao.com.br\/guia-de-colegios\/wp-json\/wp\/v2\/pages\/36\/revisions\/690745"}],"wp:attachment":[{"href":"https:\/\/publicacoes.estadao.com.br\/guia-de-colegios\/wp-json\/wp\/v2\/media?parent=36"}],"curies":[{"name":"wp","href":"https:\/\/api.w.org\/{rel}","templated":true}]}}