{"id":28121,"date":"2019-09-25T16:07:44","date_gmt":"2019-09-25T19:07:44","guid":{"rendered":"http:\/\/publicacoes.estadao.com.br\/guia-da-faculdade\/?page_id=28121"},"modified":"2025-10-28T09:36:15","modified_gmt":"2025-10-28T12:36:15","slug":"ciencias-biologicas-e-da-terra","status":"publish","type":"page","link":"https:\/\/publicacoes.estadao.com.br\/guia-da-faculdade\/ciencias-biologicas-e-da-terra\/","title":{"rendered":"Ci\u00eancias Biol\u00f3gicas e da Terra"},"content":{"rendered":"<p>As gradua\u00e7\u00f5es dessa \u00e1rea investigam a vida, os ecossistemas e as intera\u00e7\u00f5es entre o ser humano e o ambiente. Reunindo cursos como Ci\u00eancias Biol\u00f3gicas, Agronomia, Medicina Veterin\u00e1ria e Gest\u00e3o Ambiental, o campo prepara profissionais para enfrentar os desafios relacionados \u00e0 preserva\u00e7\u00e3o, ao uso sustent\u00e1vel dos recursos naturais e \u00e0s mudan\u00e7as clim\u00e1ticas.<\/p>\n<p>Segundo Luciana Barreto Nascimento, coordenadora do curso de Ci\u00eancias Biol\u00f3gicas da Pontif\u00edcia Universidade Cat\u00f3lica de Minas Gerais (PUC Minas), \u201co mercado de trabalho para profissionais \u00e9 diversificado e est\u00e1 em constante evolu\u00e7\u00e3o, n\u00e3o s\u00f3 por causa dos avan\u00e7os tecnol\u00f3gicos, mas pelas crescentes demandas ambientais e sociais\u201d.<\/p>\n<p>Ela explica que \u201co bi\u00f3logo pode atuar desde a pesquisa e conserva\u00e7\u00e3o ambiental at\u00e9 a biotecnologia e a sa\u00fade\u201d. Esse leque de op\u00e7\u00f5es abre portas em institui\u00e7\u00f5es p\u00fablicas, empresas privadas ou na atua\u00e7\u00e3o aut\u00f4noma, em um mercado que tende a se ampliar conforme ci\u00eancia e tecnologia avan\u00e7am.<\/p>\n<p>As tend\u00eancias atuais confirmam essa expans\u00e3o. \u00c1reas como biotecnologia, biologia molecular, bioinform\u00e1tica e educa\u00e7\u00e3o cient\u00edfica est\u00e3o em crescimento acelerado. A \u201calfabetiza\u00e7\u00e3o cient\u00edfica\u201d tamb\u00e9m ganhou protagonismo diante do aumento das fake news, ampliando a demanda por especialistas capazes de traduzir ci\u00eancia para diferentes p\u00fablicos, inclusive nas redes sociais.<\/p>\n<p>As gradua\u00e7\u00f5es ligadas ao setor agropecu\u00e1rio, como Medicina Veterin\u00e1ria e Agronomia, tamb\u00e9m t\u00eam grande potencial de crescimento. Basta lembrar que elas somam menos de 7% das matr\u00edculas presenciais do Ensino Superior, enquanto o agroneg\u00f3cio \u00e9 respons\u00e1vel por mais de 20% do PIB do pa\u00eds.<\/p>\n<p>Para Luciana, \u201cum bom curso de <strong>Ci\u00eancias Biol\u00f3gicas e da Terra<\/strong> deve preconizar a forma\u00e7\u00e3o de um profissional que valorize a diversidade e os valores humanos, articulando teoria e pr\u00e1tica, ensino, pesquisa e extens\u00e3o\u201d.<\/p>\n<p><strong>Cursos com mais alunos matriculados em 2024<\/strong><\/p>\n<table width=\"100%\">\n<tbody>\n<tr>\n<td width=\"\"><strong>Curso<\/strong><\/td>\n<td width=\"\"><strong>Matr\u00edculas (gradua\u00e7\u00f5es presenciais)<\/strong><\/td>\n<\/tr>\n<tr>\n<td width=\"\">Medicina Veterin\u00e1ria<\/td>\n<td width=\"\">156.602<\/td>\n<\/tr>\n<tr>\n<td width=\"\">Agronomia<\/td>\n<td width=\"\">94.923<\/td>\n<\/tr>\n<tr>\n<td width=\"\">Ci\u00eancias Biol\u00f3gicas (licenciatura + bacharelado)<\/td>\n<td width=\"\">72.656<\/td>\n<\/tr>\n<tr>\n<td width=\"\">Zootecnia<\/td>\n<td width=\"\">18.353<\/td>\n<\/tr>\n<tr>\n<td width=\"\">Gest\u00e3o Ambiental<\/td>\n<td width=\"\">6.160<\/td>\n<\/tr>\n<\/tbody>\n<\/table>\n<p><em>Fonte: Censo da Educa\u00e7\u00e3o Superior 2024<\/em><\/p>\n","protected":false},"excerpt":{"rendered":"<p>As gradua\u00e7\u00f5es dessa \u00e1rea investigam a vida, os ecossistemas e as intera\u00e7\u00f5es entre o ser humano e o ambiente. Reunindo cursos como Ci\u00eancias Biol\u00f3gicas, Agronomia, Medicina Veterin\u00e1ria e Gest\u00e3o Ambiental, o campo prepara profissionais para enfrentar os desafios relacionados \u00e0 preserva\u00e7\u00e3o, ao uso sustent\u00e1vel dos recursos naturais e \u00e0s mudan\u00e7as clim\u00e1ticas. Segundo Luciana Barreto Nascimento, &hellip; <a href=\"https:\/\/publicacoes.estadao.com.br\/guia-da-faculdade\/ciencias-biologicas-e-da-terra\/\">Continued<\/a><\/p>\n","protected":false},"author":1,"featured_media":0,"parent":0,"menu_order":0,"comment_status":"closed","ping_status":"closed","template":"template-destaques-ac-ciencias-biologicas-e-da-terra.php","meta":{"_acf_changed":false,"footnotes":""},"class_list":["post-28121","page","type-page","status-publish","hentry"],"acf":[],"yoast_head":"<!-- This site is optimized with the Yoast SEO plugin v27.3 - https:\/\/yoast.com\/product\/yoast-seo-wordpress\/ -->\n<title>Ci\u00eancias Biol\u00f3gicas e da Terra - Guia da Faculdade 2025<\/title>\n<meta name=\"robots\" content=\"index, follow, max-snippet:-1, max-image-preview:large, max-video-preview:-1\" \/>\n<link rel=\"canonical\" href=\"https:\/\/publicacoes.estadao.com.br\/guia-da-faculdade\/ciencias-biologicas-e-da-terra\/\" \/>\n<meta property=\"og:locale\" content=\"pt_BR\" \/>\n<meta property=\"og:type\" content=\"article\" \/>\n<meta property=\"og:title\" content=\"Ci\u00eancias Biol\u00f3gicas e da Terra - Guia da Faculdade 2025\" \/>\n<meta property=\"og:description\" content=\"As gradua\u00e7\u00f5es dessa \u00e1rea investigam a vida, os ecossistemas e as intera\u00e7\u00f5es entre o ser humano e o ambiente. Reunindo cursos como Ci\u00eancias Biol\u00f3gicas, Agronomia, Medicina Veterin\u00e1ria e Gest\u00e3o Ambiental, o campo prepara profissionais para enfrentar os desafios relacionados \u00e0 preserva\u00e7\u00e3o, ao uso sustent\u00e1vel dos recursos naturais e \u00e0s mudan\u00e7as clim\u00e1ticas. Segundo Luciana Barreto Nascimento, &hellip; Continued\" \/>\n<meta property=\"og:url\" content=\"https:\/\/publicacoes.estadao.com.br\/guia-da-faculdade\/ciencias-biologicas-e-da-terra\/\" \/>\n<meta property=\"og:site_name\" content=\"Guia da Faculdade 2025\" \/>\n<meta property=\"article:modified_time\" content=\"2025-10-28T12:36:15+00:00\" \/>\n<meta name=\"twitter:card\" content=\"summary_large_image\" \/>\n<meta name=\"twitter:label1\" content=\"Est. tempo de leitura\" \/>\n\t<meta name=\"twitter:data1\" content=\"2 minutos\" \/>\n<script type=\"application\/ld+json\" class=\"yoast-schema-graph\">{\"@context\":\"https:\\\/\\\/schema.org\",\"@graph\":[{\"@type\":\"WebPage\",\"@id\":\"https:\\\/\\\/publicacoes.estadao.com.br\\\/guia-da-faculdade\\\/ciencias-biologicas-e-da-terra\\\/\",\"url\":\"https:\\\/\\\/publicacoes.estadao.com.br\\\/guia-da-faculdade\\\/ciencias-biologicas-e-da-terra\\\/\",\"name\":\"Ci\u00eancias Biol\u00f3gicas e da Terra - Guia da Faculdade 2025\",\"isPartOf\":{\"@id\":\"https:\\\/\\\/publicacoes.estadao.com.br\\\/guia-da-faculdade\\\/#website\"},\"datePublished\":\"2019-09-25T19:07:44+00:00\",\"dateModified\":\"2025-10-28T12:36:15+00:00\",\"breadcrumb\":{\"@id\":\"https:\\\/\\\/publicacoes.estadao.com.br\\\/guia-da-faculdade\\\/ciencias-biologicas-e-da-terra\\\/#breadcrumb\"},\"inLanguage\":\"pt-BR\",\"potentialAction\":[{\"@type\":\"ReadAction\",\"target\":[\"https:\\\/\\\/publicacoes.estadao.com.br\\\/guia-da-faculdade\\\/ciencias-biologicas-e-da-terra\\\/\"]}]},{\"@type\":\"BreadcrumbList\",\"@id\":\"https:\\\/\\\/publicacoes.estadao.com.br\\\/guia-da-faculdade\\\/ciencias-biologicas-e-da-terra\\\/#breadcrumb\",\"itemListElement\":[{\"@type\":\"ListItem\",\"position\":1,\"name\":\"In\u00edcio\",\"item\":\"https:\\\/\\\/publicacoes.estadao.com.br\\\/guia-da-faculdade\\\/\"},{\"@type\":\"ListItem\",\"position\":2,\"name\":\"Ci\u00eancias Biol\u00f3gicas e da Terra\"}]},{\"@type\":\"WebSite\",\"@id\":\"https:\\\/\\\/publicacoes.estadao.com.br\\\/guia-da-faculdade\\\/#website\",\"url\":\"https:\\\/\\\/publicacoes.estadao.com.br\\\/guia-da-faculdade\\\/\",\"name\":\"Guia da Faculdade 2025\",\"description\":\"\",\"potentialAction\":[{\"@type\":\"SearchAction\",\"target\":{\"@type\":\"EntryPoint\",\"urlTemplate\":\"https:\\\/\\\/publicacoes.estadao.com.br\\\/guia-da-faculdade\\\/?s={search_term_string}\"},\"query-input\":{\"@type\":\"PropertyValueSpecification\",\"valueRequired\":true,\"valueName\":\"search_term_string\"}}],\"inLanguage\":\"pt-BR\"}]}<\/script>\n<!-- \/ Yoast SEO plugin. -->","yoast_head_json":{"title":"Ci\u00eancias Biol\u00f3gicas e da Terra - Guia da Faculdade 2025","robots":{"index":"index","follow":"follow","max-snippet":"max-snippet:-1","max-image-preview":"max-image-preview:large","max-video-preview":"max-video-preview:-1"},"canonical":"https:\/\/publicacoes.estadao.com.br\/guia-da-faculdade\/ciencias-biologicas-e-da-terra\/","og_locale":"pt_BR","og_type":"article","og_title":"Ci\u00eancias Biol\u00f3gicas e da Terra - Guia da Faculdade 2025","og_description":"As gradua\u00e7\u00f5es dessa \u00e1rea investigam a vida, os ecossistemas e as intera\u00e7\u00f5es entre o ser humano e o ambiente. Reunindo cursos como Ci\u00eancias Biol\u00f3gicas, Agronomia, Medicina Veterin\u00e1ria e Gest\u00e3o Ambiental, o campo prepara profissionais para enfrentar os desafios relacionados \u00e0 preserva\u00e7\u00e3o, ao uso sustent\u00e1vel dos recursos naturais e \u00e0s mudan\u00e7as clim\u00e1ticas. Segundo Luciana Barreto Nascimento, &hellip; Continued","og_url":"https:\/\/publicacoes.estadao.com.br\/guia-da-faculdade\/ciencias-biologicas-e-da-terra\/","og_site_name":"Guia da Faculdade 2025","article_modified_time":"2025-10-28T12:36:15+00:00","twitter_card":"summary_large_image","twitter_misc":{"Est. tempo de leitura":"2 minutos"},"schema":{"@context":"https:\/\/schema.org","@graph":[{"@type":"WebPage","@id":"https:\/\/publicacoes.estadao.com.br\/guia-da-faculdade\/ciencias-biologicas-e-da-terra\/","url":"https:\/\/publicacoes.estadao.com.br\/guia-da-faculdade\/ciencias-biologicas-e-da-terra\/","name":"Ci\u00eancias Biol\u00f3gicas e da Terra - Guia da Faculdade 2025","isPartOf":{"@id":"https:\/\/publicacoes.estadao.com.br\/guia-da-faculdade\/#website"},"datePublished":"2019-09-25T19:07:44+00:00","dateModified":"2025-10-28T12:36:15+00:00","breadcrumb":{"@id":"https:\/\/publicacoes.estadao.com.br\/guia-da-faculdade\/ciencias-biologicas-e-da-terra\/#breadcrumb"},"inLanguage":"pt-BR","potentialAction":[{"@type":"ReadAction","target":["https:\/\/publicacoes.estadao.com.br\/guia-da-faculdade\/ciencias-biologicas-e-da-terra\/"]}]},{"@type":"BreadcrumbList","@id":"https:\/\/publicacoes.estadao.com.br\/guia-da-faculdade\/ciencias-biologicas-e-da-terra\/#breadcrumb","itemListElement":[{"@type":"ListItem","position":1,"name":"In\u00edcio","item":"https:\/\/publicacoes.estadao.com.br\/guia-da-faculdade\/"},{"@type":"ListItem","position":2,"name":"Ci\u00eancias Biol\u00f3gicas e da Terra"}]},{"@type":"WebSite","@id":"https:\/\/publicacoes.estadao.com.br\/guia-da-faculdade\/#website","url":"https:\/\/publicacoes.estadao.com.br\/guia-da-faculdade\/","name":"Guia da Faculdade 2025","description":"","potentialAction":[{"@type":"SearchAction","target":{"@type":"EntryPoint","urlTemplate":"https:\/\/publicacoes.estadao.com.br\/guia-da-faculdade\/?s={search_term_string}"},"query-input":{"@type":"PropertyValueSpecification","valueRequired":true,"valueName":"search_term_string"}}],"inLanguage":"pt-BR"}]}},"_links":{"self":[{"href":"https:\/\/publicacoes.estadao.com.br\/guia-da-faculdade\/wp-json\/wp\/v2\/pages\/28121","targetHints":{"allow":["GET"]}}],"collection":[{"href":"https:\/\/publicacoes.estadao.com.br\/guia-da-faculdade\/wp-json\/wp\/v2\/pages"}],"about":[{"href":"https:\/\/publicacoes.estadao.com.br\/guia-da-faculdade\/wp-json\/wp\/v2\/types\/page"}],"author":[{"embeddable":true,"href":"https:\/\/publicacoes.estadao.com.br\/guia-da-faculdade\/wp-json\/wp\/v2\/users\/1"}],"replies":[{"embeddable":true,"href":"https:\/\/publicacoes.estadao.com.br\/guia-da-faculdade\/wp-json\/wp\/v2\/comments?post=28121"}],"version-history":[{"count":8,"href":"https:\/\/publicacoes.estadao.com.br\/guia-da-faculdade\/wp-json\/wp\/v2\/pages\/28121\/revisions"}],"predecessor-version":[{"id":251672,"href":"https:\/\/publicacoes.estadao.com.br\/guia-da-faculdade\/wp-json\/wp\/v2\/pages\/28121\/revisions\/251672"}],"wp:attachment":[{"href":"https:\/\/publicacoes.estadao.com.br\/guia-da-faculdade\/wp-json\/wp\/v2\/media?parent=28121"}],"curies":[{"name":"wp","href":"https:\/\/api.w.org\/{rel}","templated":true}]}}