{"id":28119,"date":"2019-09-25T16:07:23","date_gmt":"2019-09-25T19:07:23","guid":{"rendered":"http:\/\/publicacoes.estadao.com.br\/guia-da-faculdade\/?page_id=28119"},"modified":"2025-10-27T15:27:18","modified_gmt":"2025-10-27T18:27:18","slug":"artes-e-design","status":"publish","type":"page","link":"https:\/\/publicacoes.estadao.com.br\/guia-da-faculdade\/artes-e-design\/","title":{"rendered":"Artes e Design"},"content":{"rendered":"<p>A \u00e1rea de <strong>Artes e Design<\/strong> \u00e9 voltada \u00e0 express\u00e3o criativa e ao desenvolvimento de solu\u00e7\u00f5es visuais, culturais e est\u00e9ticas. Reunindo cursos como Artes Visuais, Design, Arquitetura e Urbanismo, o campo busca transformar ideias em formas expressivas, gerando impacto por meio da exposi\u00e7\u00e3o visual.<\/p>\n<p>Para Selma Machado, coordenadora do curso de Artes da Universidade Estadual de Campinas (Unicamp), esse mercado est\u00e1 em expans\u00e3o, principalmente para fun\u00e7\u00f5es que exigem criatividade interdisciplinar: \u201cA \u00e1rea \u00e9 prof\u00edcua para aqueles que se interessam em desenvolver projetos art\u00edsticos, culturais e educativos interdisciplinares, tendo conhecimento das tecnologias digitais\u201d.<\/p>\n<p>Novas alternativas de mercado v\u00e3o ganhando espa\u00e7o para o profissional formado no curso de Artes Visuais. Al\u00e9m de carreiras tradicionais, como professor no Ensino B\u00e1sico, ele agora pode ingressar em setores especializados, como educador em museus e institui\u00e7\u00f5es culturais, ou at\u00e9 mesmo como educador em organiza\u00e7\u00f5es sociais e projetos comunit\u00e1rios.<\/p>\n<p>Em Arquitetura e Urbanismo, a situa\u00e7\u00e3o \u00e9 igualmente din\u00e2mica, com diferentes op\u00e7\u00f5es de trilhas profissionais. Ana Clara Giannecchini, coordenadora do curso na Universidade de Bras\u00edlia (UnB), destaca que os arquitetos \u201ct\u00eam oportunidade de atuar tanto na esfera p\u00fablica quanto na privada, de forma aut\u00f4noma ou como colaboradores\u201d.<\/p>\n<p>Aqui tamb\u00e9m a tend\u00eancia para o futuro passa pela integra\u00e7\u00e3o dos conhecimentos tradicionais com novas tecnologias, como intelig\u00eancia artificial, BIM (building information modeling) e prototipagem r\u00e1pida. Para acompanhar esse fluxo de mudan\u00e7as, Selma Machado aponta que \u00e9 preciso formar profissionais cr\u00edticos e comprometidos com a inova\u00e7\u00e3o desde os primeiros anos de curso.<\/p>\n<p><strong>Cursos com mais alunos matriculados em 2024<\/strong><\/p>\n<table width=\"100%\">\n<tbody>\n<tr>\n<td width=\"\"><strong>Curso<\/strong><\/td>\n<td width=\"\"><strong>Matr\u00edculas (gradua\u00e7\u00f5es presenciais)<\/strong><\/td>\n<\/tr>\n<tr>\n<td width=\"\">Arquitetura e Urbanismo<\/td>\n<td width=\"\">96.724<\/td>\n<\/tr>\n<tr>\n<td width=\"\">Design<\/td>\n<td width=\"\">20.238<\/td>\n<\/tr>\n<tr>\n<td width=\"\">Design Gr\u00e1fico<\/td>\n<td width=\"\">14.960<\/td>\n<\/tr>\n<tr>\n<td width=\"\">Artes Visuais (licenciatura + bacharelado)<\/td>\n<td width=\"\">13.535<\/td>\n<\/tr>\n<tr>\n<td width=\"\">Design de Interiores<\/td>\n<td width=\"\">3.663<\/td>\n<\/tr>\n<\/tbody>\n<\/table>\n<p><em>Fonte: Censo da Educa\u00e7\u00e3o Superior 2024<\/em><\/p>\n","protected":false},"excerpt":{"rendered":"<p>A \u00e1rea de Artes e Design \u00e9 voltada \u00e0 express\u00e3o criativa e ao desenvolvimento de solu\u00e7\u00f5es visuais, culturais e est\u00e9ticas. Reunindo cursos como Artes Visuais, Design, Arquitetura e Urbanismo, o campo busca transformar ideias em formas expressivas, gerando impacto por meio da exposi\u00e7\u00e3o visual. Para Selma Machado, coordenadora do curso de Artes da Universidade Estadual &hellip; <a href=\"https:\/\/publicacoes.estadao.com.br\/guia-da-faculdade\/artes-e-design\/\">Continued<\/a><\/p>\n","protected":false},"author":1,"featured_media":0,"parent":0,"menu_order":0,"comment_status":"closed","ping_status":"closed","template":"template-destaques-ac-artes-e-design.php","meta":{"_acf_changed":false,"footnotes":""},"class_list":["post-28119","page","type-page","status-publish","hentry"],"acf":[],"yoast_head":"<!-- This site is optimized with the Yoast SEO plugin v27.3 - https:\/\/yoast.com\/product\/yoast-seo-wordpress\/ -->\n<title>Artes e Design - Guia da Faculdade 2025<\/title>\n<meta name=\"robots\" content=\"index, follow, max-snippet:-1, max-image-preview:large, max-video-preview:-1\" \/>\n<link rel=\"canonical\" href=\"https:\/\/publicacoes.estadao.com.br\/guia-da-faculdade\/artes-e-design\/\" \/>\n<meta property=\"og:locale\" content=\"pt_BR\" \/>\n<meta property=\"og:type\" content=\"article\" \/>\n<meta property=\"og:title\" content=\"Artes e Design - Guia da Faculdade 2025\" \/>\n<meta property=\"og:description\" content=\"A \u00e1rea de Artes e Design \u00e9 voltada \u00e0 express\u00e3o criativa e ao desenvolvimento de solu\u00e7\u00f5es visuais, culturais e est\u00e9ticas. Reunindo cursos como Artes Visuais, Design, Arquitetura e Urbanismo, o campo busca transformar ideias em formas expressivas, gerando impacto por meio da exposi\u00e7\u00e3o visual. Para Selma Machado, coordenadora do curso de Artes da Universidade Estadual &hellip; Continued\" \/>\n<meta property=\"og:url\" content=\"https:\/\/publicacoes.estadao.com.br\/guia-da-faculdade\/artes-e-design\/\" \/>\n<meta property=\"og:site_name\" content=\"Guia da Faculdade 2025\" \/>\n<meta property=\"article:modified_time\" content=\"2025-10-27T18:27:18+00:00\" \/>\n<meta name=\"twitter:card\" content=\"summary_large_image\" \/>\n<meta name=\"twitter:label1\" content=\"Est. tempo de leitura\" \/>\n\t<meta name=\"twitter:data1\" content=\"1 minuto\" \/>\n<script type=\"application\/ld+json\" class=\"yoast-schema-graph\">{\"@context\":\"https:\\\/\\\/schema.org\",\"@graph\":[{\"@type\":\"WebPage\",\"@id\":\"https:\\\/\\\/publicacoes.estadao.com.br\\\/guia-da-faculdade\\\/artes-e-design\\\/\",\"url\":\"https:\\\/\\\/publicacoes.estadao.com.br\\\/guia-da-faculdade\\\/artes-e-design\\\/\",\"name\":\"Artes e Design - Guia da Faculdade 2025\",\"isPartOf\":{\"@id\":\"https:\\\/\\\/publicacoes.estadao.com.br\\\/guia-da-faculdade\\\/#website\"},\"datePublished\":\"2019-09-25T19:07:23+00:00\",\"dateModified\":\"2025-10-27T18:27:18+00:00\",\"breadcrumb\":{\"@id\":\"https:\\\/\\\/publicacoes.estadao.com.br\\\/guia-da-faculdade\\\/artes-e-design\\\/#breadcrumb\"},\"inLanguage\":\"pt-BR\",\"potentialAction\":[{\"@type\":\"ReadAction\",\"target\":[\"https:\\\/\\\/publicacoes.estadao.com.br\\\/guia-da-faculdade\\\/artes-e-design\\\/\"]}]},{\"@type\":\"BreadcrumbList\",\"@id\":\"https:\\\/\\\/publicacoes.estadao.com.br\\\/guia-da-faculdade\\\/artes-e-design\\\/#breadcrumb\",\"itemListElement\":[{\"@type\":\"ListItem\",\"position\":1,\"name\":\"In\u00edcio\",\"item\":\"https:\\\/\\\/publicacoes.estadao.com.br\\\/guia-da-faculdade\\\/\"},{\"@type\":\"ListItem\",\"position\":2,\"name\":\"Artes e Design\"}]},{\"@type\":\"WebSite\",\"@id\":\"https:\\\/\\\/publicacoes.estadao.com.br\\\/guia-da-faculdade\\\/#website\",\"url\":\"https:\\\/\\\/publicacoes.estadao.com.br\\\/guia-da-faculdade\\\/\",\"name\":\"Guia da Faculdade 2025\",\"description\":\"\",\"potentialAction\":[{\"@type\":\"SearchAction\",\"target\":{\"@type\":\"EntryPoint\",\"urlTemplate\":\"https:\\\/\\\/publicacoes.estadao.com.br\\\/guia-da-faculdade\\\/?s={search_term_string}\"},\"query-input\":{\"@type\":\"PropertyValueSpecification\",\"valueRequired\":true,\"valueName\":\"search_term_string\"}}],\"inLanguage\":\"pt-BR\"}]}<\/script>\n<!-- \/ Yoast SEO plugin. -->","yoast_head_json":{"title":"Artes e Design - Guia da Faculdade 2025","robots":{"index":"index","follow":"follow","max-snippet":"max-snippet:-1","max-image-preview":"max-image-preview:large","max-video-preview":"max-video-preview:-1"},"canonical":"https:\/\/publicacoes.estadao.com.br\/guia-da-faculdade\/artes-e-design\/","og_locale":"pt_BR","og_type":"article","og_title":"Artes e Design - Guia da Faculdade 2025","og_description":"A \u00e1rea de Artes e Design \u00e9 voltada \u00e0 express\u00e3o criativa e ao desenvolvimento de solu\u00e7\u00f5es visuais, culturais e est\u00e9ticas. Reunindo cursos como Artes Visuais, Design, Arquitetura e Urbanismo, o campo busca transformar ideias em formas expressivas, gerando impacto por meio da exposi\u00e7\u00e3o visual. Para Selma Machado, coordenadora do curso de Artes da Universidade Estadual &hellip; Continued","og_url":"https:\/\/publicacoes.estadao.com.br\/guia-da-faculdade\/artes-e-design\/","og_site_name":"Guia da Faculdade 2025","article_modified_time":"2025-10-27T18:27:18+00:00","twitter_card":"summary_large_image","twitter_misc":{"Est. tempo de leitura":"1 minuto"},"schema":{"@context":"https:\/\/schema.org","@graph":[{"@type":"WebPage","@id":"https:\/\/publicacoes.estadao.com.br\/guia-da-faculdade\/artes-e-design\/","url":"https:\/\/publicacoes.estadao.com.br\/guia-da-faculdade\/artes-e-design\/","name":"Artes e Design - Guia da Faculdade 2025","isPartOf":{"@id":"https:\/\/publicacoes.estadao.com.br\/guia-da-faculdade\/#website"},"datePublished":"2019-09-25T19:07:23+00:00","dateModified":"2025-10-27T18:27:18+00:00","breadcrumb":{"@id":"https:\/\/publicacoes.estadao.com.br\/guia-da-faculdade\/artes-e-design\/#breadcrumb"},"inLanguage":"pt-BR","potentialAction":[{"@type":"ReadAction","target":["https:\/\/publicacoes.estadao.com.br\/guia-da-faculdade\/artes-e-design\/"]}]},{"@type":"BreadcrumbList","@id":"https:\/\/publicacoes.estadao.com.br\/guia-da-faculdade\/artes-e-design\/#breadcrumb","itemListElement":[{"@type":"ListItem","position":1,"name":"In\u00edcio","item":"https:\/\/publicacoes.estadao.com.br\/guia-da-faculdade\/"},{"@type":"ListItem","position":2,"name":"Artes e Design"}]},{"@type":"WebSite","@id":"https:\/\/publicacoes.estadao.com.br\/guia-da-faculdade\/#website","url":"https:\/\/publicacoes.estadao.com.br\/guia-da-faculdade\/","name":"Guia da Faculdade 2025","description":"","potentialAction":[{"@type":"SearchAction","target":{"@type":"EntryPoint","urlTemplate":"https:\/\/publicacoes.estadao.com.br\/guia-da-faculdade\/?s={search_term_string}"},"query-input":{"@type":"PropertyValueSpecification","valueRequired":true,"valueName":"search_term_string"}}],"inLanguage":"pt-BR"}]}},"_links":{"self":[{"href":"https:\/\/publicacoes.estadao.com.br\/guia-da-faculdade\/wp-json\/wp\/v2\/pages\/28119","targetHints":{"allow":["GET"]}}],"collection":[{"href":"https:\/\/publicacoes.estadao.com.br\/guia-da-faculdade\/wp-json\/wp\/v2\/pages"}],"about":[{"href":"https:\/\/publicacoes.estadao.com.br\/guia-da-faculdade\/wp-json\/wp\/v2\/types\/page"}],"author":[{"embeddable":true,"href":"https:\/\/publicacoes.estadao.com.br\/guia-da-faculdade\/wp-json\/wp\/v2\/users\/1"}],"replies":[{"embeddable":true,"href":"https:\/\/publicacoes.estadao.com.br\/guia-da-faculdade\/wp-json\/wp\/v2\/comments?post=28119"}],"version-history":[{"count":4,"href":"https:\/\/publicacoes.estadao.com.br\/guia-da-faculdade\/wp-json\/wp\/v2\/pages\/28119\/revisions"}],"predecessor-version":[{"id":251356,"href":"https:\/\/publicacoes.estadao.com.br\/guia-da-faculdade\/wp-json\/wp\/v2\/pages\/28119\/revisions\/251356"}],"wp:attachment":[{"href":"https:\/\/publicacoes.estadao.com.br\/guia-da-faculdade\/wp-json\/wp\/v2\/media?parent=28119"}],"curies":[{"name":"wp","href":"https:\/\/api.w.org\/{rel}","templated":true}]}}