{"id":28113,"date":"2019-09-25T16:06:15","date_gmt":"2019-09-25T19:06:15","guid":{"rendered":"http:\/\/publicacoes.estadao.com.br\/guia-da-faculdade\/?page_id=28113"},"modified":"2025-10-27T15:28:03","modified_gmt":"2025-10-27T18:28:03","slug":"ciencias-exatas-e-informatica","status":"publish","type":"page","link":"https:\/\/publicacoes.estadao.com.br\/guia-da-faculdade\/ciencias-exatas-e-informatica\/","title":{"rendered":"Ci\u00eancias Exatas e Inform\u00e1tica"},"content":{"rendered":"<p>A \u00e1rea de <strong>Ci\u00eancias Exatas e Inform\u00e1tica<\/strong> \u00e9 respons\u00e1vel por desenvolver solu\u00e7\u00f5es aplicadas \u00e0 tecnologia e \u00e0 pesquisa cient\u00edfica. Suas pr\u00e1ticas contribuem tanto para a cria\u00e7\u00e3o de aplica\u00e7\u00f5es digitais quanto para a formula\u00e7\u00e3o de modelos matem\u00e1ticos e f\u00edsicos capazes de explicar fen\u00f4menos e sustentar inova\u00e7\u00f5es.<\/p>\n<p>Ao longo dos anos, a \u00e1rea tem atra\u00eddo prest\u00edgio, especialmente com o avan\u00e7o dos novos recursos digitais, tecnologias e ferramentas de intelig\u00eancia artificial (IA). Para o coordenador do curso de Ci\u00eancia da Computa\u00e7\u00e3o da Universidade Estadual de Campinas (Unicamp), Lehilton Lelis, \u201co mercado para estudantes nas \u00e1reas de exatas, particularmente para as \u00e1reas de Computa\u00e7\u00e3o, \u00e9 bastante aquecido\u201d.<\/p>\n<p>Ele destaca que os egressos desse setor encontram um cen\u00e1rio favor\u00e1vel, com oportunidades de trabalho ou est\u00e1gio ainda durante a gradua\u00e7\u00e3o em empresas de todos os setores. \u201cOs estudantes graduados atuam com desenvolvimento de software, an\u00e1lise de dados, otimiza\u00e7\u00e3o, sistemas embarcados. Alguns tamb\u00e9m decidem atuar em pesquisa, seguindo seus estudos com um mestrado ou doutorado\u201d, ressalta o coordenador.<\/p>\n<p>A proje\u00e7\u00e3o para os pr\u00f3ximos anos \u00e9 de que o mercado siga em expans\u00e3o, motivado pelo volume de dados. Lelis explica que, al\u00e9m das habilidades em programa\u00e7\u00e3o, agora, \u201co profissional de Computa\u00e7\u00e3o deve ser capaz de analisar esses dados e extrair informa\u00e7\u00f5es de maneira eficiente\u201d. A seguran\u00e7a cibern\u00e9tica tamb\u00e9m ser\u00e1 cada vez mais importante \u00e0 medida que os sistemas informatizados se tornam mais complexos.<\/p>\n<p>No entanto, o setor tamb\u00e9m enfrenta desafios. O coordenador aponta que o avan\u00e7o da IA e da automa\u00e7\u00e3o pode reduzir a necessidade de alguns profissionais, especialmente nas tarefas de programa\u00e7\u00e3o. \u201cCaso isso se concretize, para se posicionar bem no mercado, ser\u00e1 necess\u00e1rio que os profissionais consigam ir al\u00e9m do que a intelig\u00eancia artificial pode fazer\u201d, alerta Lelis.<\/p>\n<p><strong>Cursos com mais alunos matriculados em 2024<\/strong><\/p>\n<table width=\"100%\">\n<tbody>\n<tr>\n<td width=\"\"><strong>Curso<\/strong><\/td>\n<td width=\"\"><strong>Matr\u00edculas (gradua\u00e7\u00f5es presenciais)<\/strong><\/td>\n<\/tr>\n<tr>\n<td width=\"\">Sistemas de Informa\u00e7\u00e3o<\/td>\n<td width=\"\">157.576<\/td>\n<\/tr>\n<tr>\n<td width=\"\">Ci\u00eancia da Computa\u00e7\u00e3o<\/td>\n<td width=\"\">90.255<\/td>\n<\/tr>\n<tr>\n<td width=\"\">Matem\u00e1tica (licenciatura + bacharelado)<\/td>\n<td width=\"\">40.435<\/td>\n<\/tr>\n<tr>\n<td width=\"\">Qu\u00edmica (licenciatura + bacharelado)<\/td>\n<td width=\"\">31.258<\/td>\n<\/tr>\n<tr>\n<td width=\"\">F\u00edsica (licenciatura + bacharelado)<\/td>\n<td width=\"\">23.289<\/td>\n<\/tr>\n<\/tbody>\n<\/table>\n<p><em>Fonte: Censo da Educa\u00e7\u00e3o Superior 2024<\/em><\/p>\n","protected":false},"excerpt":{"rendered":"<p>A \u00e1rea de Ci\u00eancias Exatas e Inform\u00e1tica \u00e9 respons\u00e1vel por desenvolver solu\u00e7\u00f5es aplicadas \u00e0 tecnologia e \u00e0 pesquisa cient\u00edfica. Suas pr\u00e1ticas contribuem tanto para a cria\u00e7\u00e3o de aplica\u00e7\u00f5es digitais quanto para a formula\u00e7\u00e3o de modelos matem\u00e1ticos e f\u00edsicos capazes de explicar fen\u00f4menos e sustentar inova\u00e7\u00f5es. Ao longo dos anos, a \u00e1rea tem atra\u00eddo prest\u00edgio, especialmente &hellip; <a href=\"https:\/\/publicacoes.estadao.com.br\/guia-da-faculdade\/ciencias-exatas-e-informatica\/\">Continued<\/a><\/p>\n","protected":false},"author":1,"featured_media":0,"parent":0,"menu_order":0,"comment_status":"closed","ping_status":"closed","template":"template-destaques-ac-ciencias-exatas-e-informatica.php","meta":{"_acf_changed":false,"footnotes":""},"class_list":["post-28113","page","type-page","status-publish","hentry"],"acf":[],"yoast_head":"<!-- This site is optimized with the Yoast SEO plugin v27.3 - https:\/\/yoast.com\/product\/yoast-seo-wordpress\/ -->\n<title>Ci\u00eancias Exatas e Inform\u00e1tica - Guia da Faculdade 2025<\/title>\n<meta name=\"robots\" content=\"index, follow, max-snippet:-1, max-image-preview:large, max-video-preview:-1\" \/>\n<link rel=\"canonical\" href=\"https:\/\/publicacoes.estadao.com.br\/guia-da-faculdade\/ciencias-exatas-e-informatica\/\" \/>\n<meta property=\"og:locale\" content=\"pt_BR\" \/>\n<meta property=\"og:type\" content=\"article\" \/>\n<meta property=\"og:title\" content=\"Ci\u00eancias Exatas e Inform\u00e1tica - Guia da Faculdade 2025\" \/>\n<meta property=\"og:description\" content=\"A \u00e1rea de Ci\u00eancias Exatas e Inform\u00e1tica \u00e9 respons\u00e1vel por desenvolver solu\u00e7\u00f5es aplicadas \u00e0 tecnologia e \u00e0 pesquisa cient\u00edfica. Suas pr\u00e1ticas contribuem tanto para a cria\u00e7\u00e3o de aplica\u00e7\u00f5es digitais quanto para a formula\u00e7\u00e3o de modelos matem\u00e1ticos e f\u00edsicos capazes de explicar fen\u00f4menos e sustentar inova\u00e7\u00f5es. Ao longo dos anos, a \u00e1rea tem atra\u00eddo prest\u00edgio, especialmente &hellip; Continued\" \/>\n<meta property=\"og:url\" content=\"https:\/\/publicacoes.estadao.com.br\/guia-da-faculdade\/ciencias-exatas-e-informatica\/\" \/>\n<meta property=\"og:site_name\" content=\"Guia da Faculdade 2025\" \/>\n<meta property=\"article:modified_time\" content=\"2025-10-27T18:28:03+00:00\" \/>\n<meta name=\"twitter:card\" content=\"summary_large_image\" \/>\n<meta name=\"twitter:label1\" content=\"Est. tempo de leitura\" \/>\n\t<meta name=\"twitter:data1\" content=\"2 minutos\" \/>\n<script type=\"application\/ld+json\" class=\"yoast-schema-graph\">{\"@context\":\"https:\\\/\\\/schema.org\",\"@graph\":[{\"@type\":\"WebPage\",\"@id\":\"https:\\\/\\\/publicacoes.estadao.com.br\\\/guia-da-faculdade\\\/ciencias-exatas-e-informatica\\\/\",\"url\":\"https:\\\/\\\/publicacoes.estadao.com.br\\\/guia-da-faculdade\\\/ciencias-exatas-e-informatica\\\/\",\"name\":\"Ci\u00eancias Exatas e Inform\u00e1tica - Guia da Faculdade 2025\",\"isPartOf\":{\"@id\":\"https:\\\/\\\/publicacoes.estadao.com.br\\\/guia-da-faculdade\\\/#website\"},\"datePublished\":\"2019-09-25T19:06:15+00:00\",\"dateModified\":\"2025-10-27T18:28:03+00:00\",\"breadcrumb\":{\"@id\":\"https:\\\/\\\/publicacoes.estadao.com.br\\\/guia-da-faculdade\\\/ciencias-exatas-e-informatica\\\/#breadcrumb\"},\"inLanguage\":\"pt-BR\",\"potentialAction\":[{\"@type\":\"ReadAction\",\"target\":[\"https:\\\/\\\/publicacoes.estadao.com.br\\\/guia-da-faculdade\\\/ciencias-exatas-e-informatica\\\/\"]}]},{\"@type\":\"BreadcrumbList\",\"@id\":\"https:\\\/\\\/publicacoes.estadao.com.br\\\/guia-da-faculdade\\\/ciencias-exatas-e-informatica\\\/#breadcrumb\",\"itemListElement\":[{\"@type\":\"ListItem\",\"position\":1,\"name\":\"In\u00edcio\",\"item\":\"https:\\\/\\\/publicacoes.estadao.com.br\\\/guia-da-faculdade\\\/\"},{\"@type\":\"ListItem\",\"position\":2,\"name\":\"Ci\u00eancias Exatas e Inform\u00e1tica\"}]},{\"@type\":\"WebSite\",\"@id\":\"https:\\\/\\\/publicacoes.estadao.com.br\\\/guia-da-faculdade\\\/#website\",\"url\":\"https:\\\/\\\/publicacoes.estadao.com.br\\\/guia-da-faculdade\\\/\",\"name\":\"Guia da Faculdade 2025\",\"description\":\"\",\"potentialAction\":[{\"@type\":\"SearchAction\",\"target\":{\"@type\":\"EntryPoint\",\"urlTemplate\":\"https:\\\/\\\/publicacoes.estadao.com.br\\\/guia-da-faculdade\\\/?s={search_term_string}\"},\"query-input\":{\"@type\":\"PropertyValueSpecification\",\"valueRequired\":true,\"valueName\":\"search_term_string\"}}],\"inLanguage\":\"pt-BR\"}]}<\/script>\n<!-- \/ Yoast SEO plugin. -->","yoast_head_json":{"title":"Ci\u00eancias Exatas e Inform\u00e1tica - Guia da Faculdade 2025","robots":{"index":"index","follow":"follow","max-snippet":"max-snippet:-1","max-image-preview":"max-image-preview:large","max-video-preview":"max-video-preview:-1"},"canonical":"https:\/\/publicacoes.estadao.com.br\/guia-da-faculdade\/ciencias-exatas-e-informatica\/","og_locale":"pt_BR","og_type":"article","og_title":"Ci\u00eancias Exatas e Inform\u00e1tica - Guia da Faculdade 2025","og_description":"A \u00e1rea de Ci\u00eancias Exatas e Inform\u00e1tica \u00e9 respons\u00e1vel por desenvolver solu\u00e7\u00f5es aplicadas \u00e0 tecnologia e \u00e0 pesquisa cient\u00edfica. Suas pr\u00e1ticas contribuem tanto para a cria\u00e7\u00e3o de aplica\u00e7\u00f5es digitais quanto para a formula\u00e7\u00e3o de modelos matem\u00e1ticos e f\u00edsicos capazes de explicar fen\u00f4menos e sustentar inova\u00e7\u00f5es. Ao longo dos anos, a \u00e1rea tem atra\u00eddo prest\u00edgio, especialmente &hellip; Continued","og_url":"https:\/\/publicacoes.estadao.com.br\/guia-da-faculdade\/ciencias-exatas-e-informatica\/","og_site_name":"Guia da Faculdade 2025","article_modified_time":"2025-10-27T18:28:03+00:00","twitter_card":"summary_large_image","twitter_misc":{"Est. tempo de leitura":"2 minutos"},"schema":{"@context":"https:\/\/schema.org","@graph":[{"@type":"WebPage","@id":"https:\/\/publicacoes.estadao.com.br\/guia-da-faculdade\/ciencias-exatas-e-informatica\/","url":"https:\/\/publicacoes.estadao.com.br\/guia-da-faculdade\/ciencias-exatas-e-informatica\/","name":"Ci\u00eancias Exatas e Inform\u00e1tica - Guia da Faculdade 2025","isPartOf":{"@id":"https:\/\/publicacoes.estadao.com.br\/guia-da-faculdade\/#website"},"datePublished":"2019-09-25T19:06:15+00:00","dateModified":"2025-10-27T18:28:03+00:00","breadcrumb":{"@id":"https:\/\/publicacoes.estadao.com.br\/guia-da-faculdade\/ciencias-exatas-e-informatica\/#breadcrumb"},"inLanguage":"pt-BR","potentialAction":[{"@type":"ReadAction","target":["https:\/\/publicacoes.estadao.com.br\/guia-da-faculdade\/ciencias-exatas-e-informatica\/"]}]},{"@type":"BreadcrumbList","@id":"https:\/\/publicacoes.estadao.com.br\/guia-da-faculdade\/ciencias-exatas-e-informatica\/#breadcrumb","itemListElement":[{"@type":"ListItem","position":1,"name":"In\u00edcio","item":"https:\/\/publicacoes.estadao.com.br\/guia-da-faculdade\/"},{"@type":"ListItem","position":2,"name":"Ci\u00eancias Exatas e Inform\u00e1tica"}]},{"@type":"WebSite","@id":"https:\/\/publicacoes.estadao.com.br\/guia-da-faculdade\/#website","url":"https:\/\/publicacoes.estadao.com.br\/guia-da-faculdade\/","name":"Guia da Faculdade 2025","description":"","potentialAction":[{"@type":"SearchAction","target":{"@type":"EntryPoint","urlTemplate":"https:\/\/publicacoes.estadao.com.br\/guia-da-faculdade\/?s={search_term_string}"},"query-input":{"@type":"PropertyValueSpecification","valueRequired":true,"valueName":"search_term_string"}}],"inLanguage":"pt-BR"}]}},"_links":{"self":[{"href":"https:\/\/publicacoes.estadao.com.br\/guia-da-faculdade\/wp-json\/wp\/v2\/pages\/28113","targetHints":{"allow":["GET"]}}],"collection":[{"href":"https:\/\/publicacoes.estadao.com.br\/guia-da-faculdade\/wp-json\/wp\/v2\/pages"}],"about":[{"href":"https:\/\/publicacoes.estadao.com.br\/guia-da-faculdade\/wp-json\/wp\/v2\/types\/page"}],"author":[{"embeddable":true,"href":"https:\/\/publicacoes.estadao.com.br\/guia-da-faculdade\/wp-json\/wp\/v2\/users\/1"}],"replies":[{"embeddable":true,"href":"https:\/\/publicacoes.estadao.com.br\/guia-da-faculdade\/wp-json\/wp\/v2\/comments?post=28113"}],"version-history":[{"count":4,"href":"https:\/\/publicacoes.estadao.com.br\/guia-da-faculdade\/wp-json\/wp\/v2\/pages\/28113\/revisions"}],"predecessor-version":[{"id":251359,"href":"https:\/\/publicacoes.estadao.com.br\/guia-da-faculdade\/wp-json\/wp\/v2\/pages\/28113\/revisions\/251359"}],"wp:attachment":[{"href":"https:\/\/publicacoes.estadao.com.br\/guia-da-faculdade\/wp-json\/wp\/v2\/media?parent=28113"}],"curies":[{"name":"wp","href":"https:\/\/api.w.org\/{rel}","templated":true}]}}