{"id":28109,"date":"2019-09-25T16:05:36","date_gmt":"2019-09-25T19:05:36","guid":{"rendered":"http:\/\/publicacoes.estadao.com.br\/guia-da-faculdade\/?page_id=28109"},"modified":"2025-10-27T15:28:53","modified_gmt":"2025-10-27T18:28:53","slug":"saude-e-bem-estar","status":"publish","type":"page","link":"https:\/\/publicacoes.estadao.com.br\/guia-da-faculdade\/saude-e-bem-estar\/","title":{"rendered":"Sa\u00fade e Bem-Estar"},"content":{"rendered":"<p>Com o aumento da expectativa de vida e o envelhecimento da popula\u00e7\u00e3o, o mercado de trabalho para os formados em cursos como Medicina, Enfermagem, Fisioterapia, Nutri\u00e7\u00e3o e Odontologia tem se expandido, tanto no Brasil quanto no exterior.<\/p>\n<p>Entre 2019 e 2023, o n\u00famero de m\u00e9dicos no Brasil aumentou quase 24%, passando de 406 mil para 502 mil profissionais registrados. Na mesma \u00e9poca, o n\u00famero de enfermeiros cresceu em patamar parecido, cerca de 22%, segundo dados do Instituto Brasileiro de Geografia e Estat\u00edstica (IBGE).<\/p>\n<p>Julio Cesar Martins Monte, coordenador do curso de Medicina da Faculdade Israelita de Ci\u00eancias da Sa\u00fade Albert Einstein, aponta que um dos motivos desse crescimento \u00e9 a diversifica\u00e7\u00e3o dos setores nos quais os profissionais s\u00e3o requisitados, pois eles \u201cpodem atuar, al\u00e9m da fun\u00e7\u00e3o assistencial, nas \u00e1reas de gest\u00e3o, pesquisa e inova\u00e7\u00e3o&#8221;.<\/p>\n<p>Para aproveitar o panorama favor\u00e1vel, quem for se graduar na \u00e1rea vai precisar estar cada vez mais atento para incorporar as novas tecnologias na sua forma\u00e7\u00e3o. Isso inclui a medicina digital, a telemedicina e recursos de intelig\u00eancia artificial, que, segundo Julio, podem aumentar a efici\u00eancia dos servi\u00e7os de sa\u00fade. Mas o professor alerta que \u00e9 primordial que os profissionais mantenham sempre um olhar atento \u00e0 \u00e9tica, assegurando que a inova\u00e7\u00e3o seja uma aliada no processo de cura e bem-estar.<\/p>\n<p>O coordenador ressalta a necessidade de uma forma\u00e7\u00e3o de excel\u00eancia: \u201cUm bom curso deve oferecer conte\u00fado t\u00e9cnico robusto, exposi\u00e7\u00e3o precoce em cen\u00e1rios de pr\u00e1tica e metodologia de ensino ativa e colaborativa&#8221;.<\/p>\n<p><strong>Cursos com mais alunos matriculados em 2024<\/strong><\/p>\n<table width=\"100%\">\n<tbody>\n<tr>\n<td width=\"\"><strong>Curso<\/strong><\/td>\n<td width=\"\"><strong>Matr\u00edculas (gradua\u00e7\u00f5es presenciais)<\/strong><\/td>\n<\/tr>\n<tr>\n<td width=\"\">Psicologia<\/td>\n<td width=\"\">375.465<\/td>\n<\/tr>\n<tr>\n<td width=\"\">Medicina<\/td>\n<td width=\"\">283.594<\/td>\n<\/tr>\n<tr>\n<td width=\"\">Enfermagem<\/td>\n<td width=\"\">274.281<\/td>\n<\/tr>\n<tr>\n<td width=\"\">Odontologia<\/td>\n<td width=\"\">162.750<\/td>\n<\/tr>\n<tr>\n<td width=\"\">Fisioterapia<\/td>\n<td width=\"\">143.969<\/td>\n<\/tr>\n<\/tbody>\n<\/table>\n<p><em>Fonte: Censo da Educa\u00e7\u00e3o Superior 2024<\/em><\/p>\n","protected":false},"excerpt":{"rendered":"<p>Com o aumento da expectativa de vida e o envelhecimento da popula\u00e7\u00e3o, o mercado de trabalho para os formados em cursos como Medicina, Enfermagem, Fisioterapia, Nutri\u00e7\u00e3o e Odontologia tem se expandido, tanto no Brasil quanto no exterior. Entre 2019 e 2023, o n\u00famero de m\u00e9dicos no Brasil aumentou quase 24%, passando de 406 mil para &hellip; <a href=\"https:\/\/publicacoes.estadao.com.br\/guia-da-faculdade\/saude-e-bem-estar\/\">Continued<\/a><\/p>\n","protected":false},"author":1,"featured_media":0,"parent":0,"menu_order":0,"comment_status":"closed","ping_status":"closed","template":"template-destaques-ac-saude-e-bem-estar.php","meta":{"_acf_changed":false,"footnotes":""},"class_list":["post-28109","page","type-page","status-publish","hentry"],"acf":[],"yoast_head":"<!-- This site is optimized with the Yoast SEO plugin v27.3 - https:\/\/yoast.com\/product\/yoast-seo-wordpress\/ -->\n<title>Sa\u00fade e Bem-Estar - Guia da Faculdade 2025<\/title>\n<meta name=\"robots\" content=\"index, follow, max-snippet:-1, max-image-preview:large, max-video-preview:-1\" \/>\n<link rel=\"canonical\" href=\"https:\/\/publicacoes.estadao.com.br\/guia-da-faculdade\/saude-e-bem-estar\/\" \/>\n<meta property=\"og:locale\" content=\"pt_BR\" \/>\n<meta property=\"og:type\" content=\"article\" \/>\n<meta property=\"og:title\" content=\"Sa\u00fade e Bem-Estar - Guia da Faculdade 2025\" \/>\n<meta property=\"og:description\" content=\"Com o aumento da expectativa de vida e o envelhecimento da popula\u00e7\u00e3o, o mercado de trabalho para os formados em cursos como Medicina, Enfermagem, Fisioterapia, Nutri\u00e7\u00e3o e Odontologia tem se expandido, tanto no Brasil quanto no exterior. Entre 2019 e 2023, o n\u00famero de m\u00e9dicos no Brasil aumentou quase 24%, passando de 406 mil para &hellip; Continued\" \/>\n<meta property=\"og:url\" content=\"https:\/\/publicacoes.estadao.com.br\/guia-da-faculdade\/saude-e-bem-estar\/\" \/>\n<meta property=\"og:site_name\" content=\"Guia da Faculdade 2025\" \/>\n<meta property=\"article:modified_time\" content=\"2025-10-27T18:28:53+00:00\" \/>\n<meta name=\"twitter:card\" content=\"summary_large_image\" \/>\n<meta name=\"twitter:label1\" content=\"Est. tempo de leitura\" \/>\n\t<meta name=\"twitter:data1\" content=\"1 minuto\" \/>\n<script type=\"application\/ld+json\" class=\"yoast-schema-graph\">{\"@context\":\"https:\\\/\\\/schema.org\",\"@graph\":[{\"@type\":\"WebPage\",\"@id\":\"https:\\\/\\\/publicacoes.estadao.com.br\\\/guia-da-faculdade\\\/saude-e-bem-estar\\\/\",\"url\":\"https:\\\/\\\/publicacoes.estadao.com.br\\\/guia-da-faculdade\\\/saude-e-bem-estar\\\/\",\"name\":\"Sa\u00fade e Bem-Estar - Guia da Faculdade 2025\",\"isPartOf\":{\"@id\":\"https:\\\/\\\/publicacoes.estadao.com.br\\\/guia-da-faculdade\\\/#website\"},\"datePublished\":\"2019-09-25T19:05:36+00:00\",\"dateModified\":\"2025-10-27T18:28:53+00:00\",\"breadcrumb\":{\"@id\":\"https:\\\/\\\/publicacoes.estadao.com.br\\\/guia-da-faculdade\\\/saude-e-bem-estar\\\/#breadcrumb\"},\"inLanguage\":\"pt-BR\",\"potentialAction\":[{\"@type\":\"ReadAction\",\"target\":[\"https:\\\/\\\/publicacoes.estadao.com.br\\\/guia-da-faculdade\\\/saude-e-bem-estar\\\/\"]}]},{\"@type\":\"BreadcrumbList\",\"@id\":\"https:\\\/\\\/publicacoes.estadao.com.br\\\/guia-da-faculdade\\\/saude-e-bem-estar\\\/#breadcrumb\",\"itemListElement\":[{\"@type\":\"ListItem\",\"position\":1,\"name\":\"In\u00edcio\",\"item\":\"https:\\\/\\\/publicacoes.estadao.com.br\\\/guia-da-faculdade\\\/\"},{\"@type\":\"ListItem\",\"position\":2,\"name\":\"Sa\u00fade e Bem-Estar\"}]},{\"@type\":\"WebSite\",\"@id\":\"https:\\\/\\\/publicacoes.estadao.com.br\\\/guia-da-faculdade\\\/#website\",\"url\":\"https:\\\/\\\/publicacoes.estadao.com.br\\\/guia-da-faculdade\\\/\",\"name\":\"Guia da Faculdade 2025\",\"description\":\"\",\"potentialAction\":[{\"@type\":\"SearchAction\",\"target\":{\"@type\":\"EntryPoint\",\"urlTemplate\":\"https:\\\/\\\/publicacoes.estadao.com.br\\\/guia-da-faculdade\\\/?s={search_term_string}\"},\"query-input\":{\"@type\":\"PropertyValueSpecification\",\"valueRequired\":true,\"valueName\":\"search_term_string\"}}],\"inLanguage\":\"pt-BR\"}]}<\/script>\n<!-- \/ Yoast SEO plugin. -->","yoast_head_json":{"title":"Sa\u00fade e Bem-Estar - Guia da Faculdade 2025","robots":{"index":"index","follow":"follow","max-snippet":"max-snippet:-1","max-image-preview":"max-image-preview:large","max-video-preview":"max-video-preview:-1"},"canonical":"https:\/\/publicacoes.estadao.com.br\/guia-da-faculdade\/saude-e-bem-estar\/","og_locale":"pt_BR","og_type":"article","og_title":"Sa\u00fade e Bem-Estar - Guia da Faculdade 2025","og_description":"Com o aumento da expectativa de vida e o envelhecimento da popula\u00e7\u00e3o, o mercado de trabalho para os formados em cursos como Medicina, Enfermagem, Fisioterapia, Nutri\u00e7\u00e3o e Odontologia tem se expandido, tanto no Brasil quanto no exterior. Entre 2019 e 2023, o n\u00famero de m\u00e9dicos no Brasil aumentou quase 24%, passando de 406 mil para &hellip; Continued","og_url":"https:\/\/publicacoes.estadao.com.br\/guia-da-faculdade\/saude-e-bem-estar\/","og_site_name":"Guia da Faculdade 2025","article_modified_time":"2025-10-27T18:28:53+00:00","twitter_card":"summary_large_image","twitter_misc":{"Est. tempo de leitura":"1 minuto"},"schema":{"@context":"https:\/\/schema.org","@graph":[{"@type":"WebPage","@id":"https:\/\/publicacoes.estadao.com.br\/guia-da-faculdade\/saude-e-bem-estar\/","url":"https:\/\/publicacoes.estadao.com.br\/guia-da-faculdade\/saude-e-bem-estar\/","name":"Sa\u00fade e Bem-Estar - Guia da Faculdade 2025","isPartOf":{"@id":"https:\/\/publicacoes.estadao.com.br\/guia-da-faculdade\/#website"},"datePublished":"2019-09-25T19:05:36+00:00","dateModified":"2025-10-27T18:28:53+00:00","breadcrumb":{"@id":"https:\/\/publicacoes.estadao.com.br\/guia-da-faculdade\/saude-e-bem-estar\/#breadcrumb"},"inLanguage":"pt-BR","potentialAction":[{"@type":"ReadAction","target":["https:\/\/publicacoes.estadao.com.br\/guia-da-faculdade\/saude-e-bem-estar\/"]}]},{"@type":"BreadcrumbList","@id":"https:\/\/publicacoes.estadao.com.br\/guia-da-faculdade\/saude-e-bem-estar\/#breadcrumb","itemListElement":[{"@type":"ListItem","position":1,"name":"In\u00edcio","item":"https:\/\/publicacoes.estadao.com.br\/guia-da-faculdade\/"},{"@type":"ListItem","position":2,"name":"Sa\u00fade e Bem-Estar"}]},{"@type":"WebSite","@id":"https:\/\/publicacoes.estadao.com.br\/guia-da-faculdade\/#website","url":"https:\/\/publicacoes.estadao.com.br\/guia-da-faculdade\/","name":"Guia da Faculdade 2025","description":"","potentialAction":[{"@type":"SearchAction","target":{"@type":"EntryPoint","urlTemplate":"https:\/\/publicacoes.estadao.com.br\/guia-da-faculdade\/?s={search_term_string}"},"query-input":{"@type":"PropertyValueSpecification","valueRequired":true,"valueName":"search_term_string"}}],"inLanguage":"pt-BR"}]}},"_links":{"self":[{"href":"https:\/\/publicacoes.estadao.com.br\/guia-da-faculdade\/wp-json\/wp\/v2\/pages\/28109","targetHints":{"allow":["GET"]}}],"collection":[{"href":"https:\/\/publicacoes.estadao.com.br\/guia-da-faculdade\/wp-json\/wp\/v2\/pages"}],"about":[{"href":"https:\/\/publicacoes.estadao.com.br\/guia-da-faculdade\/wp-json\/wp\/v2\/types\/page"}],"author":[{"embeddable":true,"href":"https:\/\/publicacoes.estadao.com.br\/guia-da-faculdade\/wp-json\/wp\/v2\/users\/1"}],"replies":[{"embeddable":true,"href":"https:\/\/publicacoes.estadao.com.br\/guia-da-faculdade\/wp-json\/wp\/v2\/comments?post=28109"}],"version-history":[{"count":4,"href":"https:\/\/publicacoes.estadao.com.br\/guia-da-faculdade\/wp-json\/wp\/v2\/pages\/28109\/revisions"}],"predecessor-version":[{"id":251349,"href":"https:\/\/publicacoes.estadao.com.br\/guia-da-faculdade\/wp-json\/wp\/v2\/pages\/28109\/revisions\/251349"}],"wp:attachment":[{"href":"https:\/\/publicacoes.estadao.com.br\/guia-da-faculdade\/wp-json\/wp\/v2\/media?parent=28109"}],"curies":[{"name":"wp","href":"https:\/\/api.w.org\/{rel}","templated":true}]}}