{"id":28073,"date":"2019-09-18T00:22:04","date_gmt":"2019-09-18T03:22:04","guid":{"rendered":"http:\/\/publicacoes.estadao.com.br\/guia-da-faculdade\/?page_id=28073"},"modified":"2025-10-31T10:20:37","modified_gmt":"2025-10-31T13:20:37","slug":"destaque-privadas","status":"publish","type":"page","link":"https:\/\/publicacoes.estadao.com.br\/guia-da-faculdade\/destaque-privadas\/","title":{"rendered":"As universidades privadas mais estreladas"},"content":{"rendered":"<p><span style=\"font-weight: 400;\">Entre as institui\u00e7\u00f5es particulares, a <strong>PUC do Rio Grande do Sul<\/strong> \u00e9 a que tem mais cursos 5 estrelas. <\/span><span style=\"font-weight: 400;\">J\u00e1 a <strong>FGV<\/strong> tem o maior percentual de notas m\u00e1ximas.<\/span><\/p>\n","protected":false},"excerpt":{"rendered":"<p>Entre as institui\u00e7\u00f5es particulares, a PUC do Rio Grande do Sul \u00e9 a que tem mais cursos 5 estrelas. J\u00e1 a FGV tem o maior percentual de notas m\u00e1ximas.<\/p>\n","protected":false},"author":1,"featured_media":0,"parent":0,"menu_order":0,"comment_status":"closed","ping_status":"closed","template":"template-destaque-privadas.php","meta":{"_acf_changed":false,"footnotes":""},"class_list":["post-28073","page","type-page","status-publish","hentry"],"acf":[],"yoast_head":"<!-- This site is optimized with the Yoast SEO plugin v27.3 - https:\/\/yoast.com\/product\/yoast-seo-wordpress\/ -->\n<title>Destaques Institui\u00e7\u00f5es Privadas - Cursos 5 Estrelas<\/title>\n<meta name=\"description\" content=\"PUC, Unisinos, ESPM, Feevale e FGV s\u00e3o destaques entre as Institui\u00e7\u00f5es Privadas com 5 estrelas avaliadas pelo Guia da Faculdade Estad\u00e3o.\" \/>\n<meta name=\"robots\" content=\"index, follow, max-snippet:-1, max-image-preview:large, max-video-preview:-1\" \/>\n<link rel=\"canonical\" href=\"https:\/\/publicacoes.estadao.com.br\/guia-da-faculdade\/destaque-privadas\/\" \/>\n<meta property=\"og:locale\" content=\"pt_BR\" \/>\n<meta property=\"og:type\" content=\"article\" \/>\n<meta property=\"og:title\" content=\"Destaques Institui\u00e7\u00f5es Privadas - Cursos 5 Estrelas\" \/>\n<meta property=\"og:description\" content=\"PUC, Unisinos, ESPM, Feevale e FGV s\u00e3o destaques entre as Institui\u00e7\u00f5es Privadas com 5 estrelas avaliadas pelo Guia da Faculdade Estad\u00e3o.\" \/>\n<meta property=\"og:url\" content=\"https:\/\/publicacoes.estadao.com.br\/guia-da-faculdade\/destaque-privadas\/\" \/>\n<meta property=\"og:site_name\" content=\"Guia da Faculdade 2025\" \/>\n<meta property=\"article:modified_time\" content=\"2025-10-31T13:20:37+00:00\" \/>\n<meta name=\"twitter:card\" content=\"summary_large_image\" \/>\n<meta name=\"twitter:label1\" content=\"Est. tempo de leitura\" \/>\n\t<meta name=\"twitter:data1\" content=\"1 minuto\" \/>\n<script type=\"application\/ld+json\" class=\"yoast-schema-graph\">{\"@context\":\"https:\\\/\\\/schema.org\",\"@graph\":[{\"@type\":\"WebPage\",\"@id\":\"https:\\\/\\\/publicacoes.estadao.com.br\\\/guia-da-faculdade\\\/destaque-privadas\\\/\",\"url\":\"https:\\\/\\\/publicacoes.estadao.com.br\\\/guia-da-faculdade\\\/destaque-privadas\\\/\",\"name\":\"Destaques Institui\u00e7\u00f5es Privadas - Cursos 5 Estrelas\",\"isPartOf\":{\"@id\":\"https:\\\/\\\/publicacoes.estadao.com.br\\\/guia-da-faculdade\\\/#website\"},\"datePublished\":\"2019-09-18T03:22:04+00:00\",\"dateModified\":\"2025-10-31T13:20:37+00:00\",\"description\":\"PUC, Unisinos, ESPM, Feevale e FGV s\u00e3o destaques entre as Institui\u00e7\u00f5es Privadas com 5 estrelas avaliadas pelo Guia da Faculdade Estad\u00e3o.\",\"breadcrumb\":{\"@id\":\"https:\\\/\\\/publicacoes.estadao.com.br\\\/guia-da-faculdade\\\/destaque-privadas\\\/#breadcrumb\"},\"inLanguage\":\"pt-BR\",\"potentialAction\":[{\"@type\":\"ReadAction\",\"target\":[\"https:\\\/\\\/publicacoes.estadao.com.br\\\/guia-da-faculdade\\\/destaque-privadas\\\/\"]}]},{\"@type\":\"BreadcrumbList\",\"@id\":\"https:\\\/\\\/publicacoes.estadao.com.br\\\/guia-da-faculdade\\\/destaque-privadas\\\/#breadcrumb\",\"itemListElement\":[{\"@type\":\"ListItem\",\"position\":1,\"name\":\"In\u00edcio\",\"item\":\"https:\\\/\\\/publicacoes.estadao.com.br\\\/guia-da-faculdade\\\/\"},{\"@type\":\"ListItem\",\"position\":2,\"name\":\"As universidades privadas mais estreladas\"}]},{\"@type\":\"WebSite\",\"@id\":\"https:\\\/\\\/publicacoes.estadao.com.br\\\/guia-da-faculdade\\\/#website\",\"url\":\"https:\\\/\\\/publicacoes.estadao.com.br\\\/guia-da-faculdade\\\/\",\"name\":\"Guia da Faculdade 2025\",\"description\":\"\",\"potentialAction\":[{\"@type\":\"SearchAction\",\"target\":{\"@type\":\"EntryPoint\",\"urlTemplate\":\"https:\\\/\\\/publicacoes.estadao.com.br\\\/guia-da-faculdade\\\/?s={search_term_string}\"},\"query-input\":{\"@type\":\"PropertyValueSpecification\",\"valueRequired\":true,\"valueName\":\"search_term_string\"}}],\"inLanguage\":\"pt-BR\"}]}<\/script>\n<!-- \/ Yoast SEO plugin. -->","yoast_head_json":{"title":"Destaques Institui\u00e7\u00f5es Privadas - Cursos 5 Estrelas","description":"PUC, Unisinos, ESPM, Feevale e FGV s\u00e3o destaques entre as Institui\u00e7\u00f5es Privadas com 5 estrelas avaliadas pelo Guia da Faculdade Estad\u00e3o.","robots":{"index":"index","follow":"follow","max-snippet":"max-snippet:-1","max-image-preview":"max-image-preview:large","max-video-preview":"max-video-preview:-1"},"canonical":"https:\/\/publicacoes.estadao.com.br\/guia-da-faculdade\/destaque-privadas\/","og_locale":"pt_BR","og_type":"article","og_title":"Destaques Institui\u00e7\u00f5es Privadas - Cursos 5 Estrelas","og_description":"PUC, Unisinos, ESPM, Feevale e FGV s\u00e3o destaques entre as Institui\u00e7\u00f5es Privadas com 5 estrelas avaliadas pelo Guia da Faculdade Estad\u00e3o.","og_url":"https:\/\/publicacoes.estadao.com.br\/guia-da-faculdade\/destaque-privadas\/","og_site_name":"Guia da Faculdade 2025","article_modified_time":"2025-10-31T13:20:37+00:00","twitter_card":"summary_large_image","twitter_misc":{"Est. tempo de leitura":"1 minuto"},"schema":{"@context":"https:\/\/schema.org","@graph":[{"@type":"WebPage","@id":"https:\/\/publicacoes.estadao.com.br\/guia-da-faculdade\/destaque-privadas\/","url":"https:\/\/publicacoes.estadao.com.br\/guia-da-faculdade\/destaque-privadas\/","name":"Destaques Institui\u00e7\u00f5es Privadas - Cursos 5 Estrelas","isPartOf":{"@id":"https:\/\/publicacoes.estadao.com.br\/guia-da-faculdade\/#website"},"datePublished":"2019-09-18T03:22:04+00:00","dateModified":"2025-10-31T13:20:37+00:00","description":"PUC, Unisinos, ESPM, Feevale e FGV s\u00e3o destaques entre as Institui\u00e7\u00f5es Privadas com 5 estrelas avaliadas pelo Guia da Faculdade Estad\u00e3o.","breadcrumb":{"@id":"https:\/\/publicacoes.estadao.com.br\/guia-da-faculdade\/destaque-privadas\/#breadcrumb"},"inLanguage":"pt-BR","potentialAction":[{"@type":"ReadAction","target":["https:\/\/publicacoes.estadao.com.br\/guia-da-faculdade\/destaque-privadas\/"]}]},{"@type":"BreadcrumbList","@id":"https:\/\/publicacoes.estadao.com.br\/guia-da-faculdade\/destaque-privadas\/#breadcrumb","itemListElement":[{"@type":"ListItem","position":1,"name":"In\u00edcio","item":"https:\/\/publicacoes.estadao.com.br\/guia-da-faculdade\/"},{"@type":"ListItem","position":2,"name":"As universidades privadas mais estreladas"}]},{"@type":"WebSite","@id":"https:\/\/publicacoes.estadao.com.br\/guia-da-faculdade\/#website","url":"https:\/\/publicacoes.estadao.com.br\/guia-da-faculdade\/","name":"Guia da Faculdade 2025","description":"","potentialAction":[{"@type":"SearchAction","target":{"@type":"EntryPoint","urlTemplate":"https:\/\/publicacoes.estadao.com.br\/guia-da-faculdade\/?s={search_term_string}"},"query-input":{"@type":"PropertyValueSpecification","valueRequired":true,"valueName":"search_term_string"}}],"inLanguage":"pt-BR"}]}},"_links":{"self":[{"href":"https:\/\/publicacoes.estadao.com.br\/guia-da-faculdade\/wp-json\/wp\/v2\/pages\/28073","targetHints":{"allow":["GET"]}}],"collection":[{"href":"https:\/\/publicacoes.estadao.com.br\/guia-da-faculdade\/wp-json\/wp\/v2\/pages"}],"about":[{"href":"https:\/\/publicacoes.estadao.com.br\/guia-da-faculdade\/wp-json\/wp\/v2\/types\/page"}],"author":[{"embeddable":true,"href":"https:\/\/publicacoes.estadao.com.br\/guia-da-faculdade\/wp-json\/wp\/v2\/users\/1"}],"replies":[{"embeddable":true,"href":"https:\/\/publicacoes.estadao.com.br\/guia-da-faculdade\/wp-json\/wp\/v2\/comments?post=28073"}],"version-history":[{"count":4,"href":"https:\/\/publicacoes.estadao.com.br\/guia-da-faculdade\/wp-json\/wp\/v2\/pages\/28073\/revisions"}],"predecessor-version":[{"id":251735,"href":"https:\/\/publicacoes.estadao.com.br\/guia-da-faculdade\/wp-json\/wp\/v2\/pages\/28073\/revisions\/251735"}],"wp:attachment":[{"href":"https:\/\/publicacoes.estadao.com.br\/guia-da-faculdade\/wp-json\/wp\/v2\/media?parent=28073"}],"curies":[{"name":"wp","href":"https:\/\/api.w.org\/{rel}","templated":true}]}}