{"id":28071,"date":"2019-09-18T00:21:39","date_gmt":"2019-09-18T03:21:39","guid":{"rendered":"http:\/\/publicacoes.estadao.com.br\/guia-da-faculdade\/?page_id=28071"},"modified":"2025-10-31T00:05:26","modified_gmt":"2025-10-31T03:05:26","slug":"destaque-publicas","status":"publish","type":"page","link":"https:\/\/publicacoes.estadao.com.br\/guia-da-faculdade\/destaque-publicas\/","title":{"rendered":"As universidades p\u00fablicas mais estreladas"},"content":{"rendered":"<p><span style=\"font-weight: 400;\">A <strong>USP<\/strong> segue bem \u00e0 frente com o maior n\u00famero de cursos com 5 estrelas. <\/span><span style=\"font-weight: 400;\">Mas s\u00f3 o <strong>ITA<\/strong> consegue atingir esse conceito em todos os cursos avaliados*<\/span><\/p>\n","protected":false},"excerpt":{"rendered":"<p>A USP segue bem \u00e0 frente com o maior n\u00famero de cursos com 5 estrelas. Mas s\u00f3 o ITA consegue atingir esse conceito em todos os cursos avaliados*<\/p>\n","protected":false},"author":1,"featured_media":0,"parent":0,"menu_order":0,"comment_status":"closed","ping_status":"closed","template":"template-destaque-publicas.php","meta":{"_acf_changed":false,"footnotes":""},"class_list":["post-28071","page","type-page","status-publish","hentry"],"acf":[],"yoast_head":"<!-- This site is optimized with the Yoast SEO plugin v27.3 - https:\/\/yoast.com\/product\/yoast-seo-wordpress\/ -->\n<title>Destaques Institui\u00e7\u00f5es P\u00fablicas - Cursos 5 Estrelas<\/title>\n<meta name=\"description\" content=\"USP, Unesp, Unicamp, UFGRS, UFRJ lideram os destaques entre as Institui\u00e7\u00f5es P\u00fablicas com 5 estrelas avaliadas pelo Guia da Faculdade Estad\u00e3o.\" \/>\n<meta name=\"robots\" content=\"index, follow, max-snippet:-1, max-image-preview:large, max-video-preview:-1\" \/>\n<link rel=\"canonical\" href=\"https:\/\/publicacoes.estadao.com.br\/guia-da-faculdade\/destaque-publicas\/\" \/>\n<meta property=\"og:locale\" content=\"pt_BR\" \/>\n<meta property=\"og:type\" content=\"article\" \/>\n<meta property=\"og:title\" content=\"Destaques Institui\u00e7\u00f5es P\u00fablicas - Cursos 5 Estrelas\" \/>\n<meta property=\"og:description\" content=\"USP, Unesp, Unicamp, UFGRS, UFRJ lideram os destaques entre as Institui\u00e7\u00f5es P\u00fablicas com 5 estrelas avaliadas pelo Guia da Faculdade Estad\u00e3o.\" \/>\n<meta property=\"og:url\" content=\"https:\/\/publicacoes.estadao.com.br\/guia-da-faculdade\/destaque-publicas\/\" \/>\n<meta property=\"og:site_name\" content=\"Guia da Faculdade 2025\" \/>\n<meta property=\"article:modified_time\" content=\"2025-10-31T03:05:26+00:00\" \/>\n<meta name=\"twitter:card\" content=\"summary_large_image\" \/>\n<meta name=\"twitter:label1\" content=\"Est. tempo de leitura\" \/>\n\t<meta name=\"twitter:data1\" content=\"1 minuto\" \/>\n<script type=\"application\/ld+json\" class=\"yoast-schema-graph\">{\"@context\":\"https:\\\/\\\/schema.org\",\"@graph\":[{\"@type\":\"WebPage\",\"@id\":\"https:\\\/\\\/publicacoes.estadao.com.br\\\/guia-da-faculdade\\\/destaque-publicas\\\/\",\"url\":\"https:\\\/\\\/publicacoes.estadao.com.br\\\/guia-da-faculdade\\\/destaque-publicas\\\/\",\"name\":\"Destaques Institui\u00e7\u00f5es P\u00fablicas - Cursos 5 Estrelas\",\"isPartOf\":{\"@id\":\"https:\\\/\\\/publicacoes.estadao.com.br\\\/guia-da-faculdade\\\/#website\"},\"datePublished\":\"2019-09-18T03:21:39+00:00\",\"dateModified\":\"2025-10-31T03:05:26+00:00\",\"description\":\"USP, Unesp, Unicamp, UFGRS, UFRJ lideram os destaques entre as Institui\u00e7\u00f5es P\u00fablicas com 5 estrelas avaliadas pelo Guia da Faculdade Estad\u00e3o.\",\"breadcrumb\":{\"@id\":\"https:\\\/\\\/publicacoes.estadao.com.br\\\/guia-da-faculdade\\\/destaque-publicas\\\/#breadcrumb\"},\"inLanguage\":\"pt-BR\",\"potentialAction\":[{\"@type\":\"ReadAction\",\"target\":[\"https:\\\/\\\/publicacoes.estadao.com.br\\\/guia-da-faculdade\\\/destaque-publicas\\\/\"]}]},{\"@type\":\"BreadcrumbList\",\"@id\":\"https:\\\/\\\/publicacoes.estadao.com.br\\\/guia-da-faculdade\\\/destaque-publicas\\\/#breadcrumb\",\"itemListElement\":[{\"@type\":\"ListItem\",\"position\":1,\"name\":\"In\u00edcio\",\"item\":\"https:\\\/\\\/publicacoes.estadao.com.br\\\/guia-da-faculdade\\\/\"},{\"@type\":\"ListItem\",\"position\":2,\"name\":\"As universidades p\u00fablicas mais estreladas\"}]},{\"@type\":\"WebSite\",\"@id\":\"https:\\\/\\\/publicacoes.estadao.com.br\\\/guia-da-faculdade\\\/#website\",\"url\":\"https:\\\/\\\/publicacoes.estadao.com.br\\\/guia-da-faculdade\\\/\",\"name\":\"Guia da Faculdade 2025\",\"description\":\"\",\"potentialAction\":[{\"@type\":\"SearchAction\",\"target\":{\"@type\":\"EntryPoint\",\"urlTemplate\":\"https:\\\/\\\/publicacoes.estadao.com.br\\\/guia-da-faculdade\\\/?s={search_term_string}\"},\"query-input\":{\"@type\":\"PropertyValueSpecification\",\"valueRequired\":true,\"valueName\":\"search_term_string\"}}],\"inLanguage\":\"pt-BR\"}]}<\/script>\n<!-- \/ Yoast SEO plugin. -->","yoast_head_json":{"title":"Destaques Institui\u00e7\u00f5es P\u00fablicas - Cursos 5 Estrelas","description":"USP, Unesp, Unicamp, UFGRS, UFRJ lideram os destaques entre as Institui\u00e7\u00f5es P\u00fablicas com 5 estrelas avaliadas pelo Guia da Faculdade Estad\u00e3o.","robots":{"index":"index","follow":"follow","max-snippet":"max-snippet:-1","max-image-preview":"max-image-preview:large","max-video-preview":"max-video-preview:-1"},"canonical":"https:\/\/publicacoes.estadao.com.br\/guia-da-faculdade\/destaque-publicas\/","og_locale":"pt_BR","og_type":"article","og_title":"Destaques Institui\u00e7\u00f5es P\u00fablicas - Cursos 5 Estrelas","og_description":"USP, Unesp, Unicamp, UFGRS, UFRJ lideram os destaques entre as Institui\u00e7\u00f5es P\u00fablicas com 5 estrelas avaliadas pelo Guia da Faculdade Estad\u00e3o.","og_url":"https:\/\/publicacoes.estadao.com.br\/guia-da-faculdade\/destaque-publicas\/","og_site_name":"Guia da Faculdade 2025","article_modified_time":"2025-10-31T03:05:26+00:00","twitter_card":"summary_large_image","twitter_misc":{"Est. tempo de leitura":"1 minuto"},"schema":{"@context":"https:\/\/schema.org","@graph":[{"@type":"WebPage","@id":"https:\/\/publicacoes.estadao.com.br\/guia-da-faculdade\/destaque-publicas\/","url":"https:\/\/publicacoes.estadao.com.br\/guia-da-faculdade\/destaque-publicas\/","name":"Destaques Institui\u00e7\u00f5es P\u00fablicas - Cursos 5 Estrelas","isPartOf":{"@id":"https:\/\/publicacoes.estadao.com.br\/guia-da-faculdade\/#website"},"datePublished":"2019-09-18T03:21:39+00:00","dateModified":"2025-10-31T03:05:26+00:00","description":"USP, Unesp, Unicamp, UFGRS, UFRJ lideram os destaques entre as Institui\u00e7\u00f5es P\u00fablicas com 5 estrelas avaliadas pelo Guia da Faculdade Estad\u00e3o.","breadcrumb":{"@id":"https:\/\/publicacoes.estadao.com.br\/guia-da-faculdade\/destaque-publicas\/#breadcrumb"},"inLanguage":"pt-BR","potentialAction":[{"@type":"ReadAction","target":["https:\/\/publicacoes.estadao.com.br\/guia-da-faculdade\/destaque-publicas\/"]}]},{"@type":"BreadcrumbList","@id":"https:\/\/publicacoes.estadao.com.br\/guia-da-faculdade\/destaque-publicas\/#breadcrumb","itemListElement":[{"@type":"ListItem","position":1,"name":"In\u00edcio","item":"https:\/\/publicacoes.estadao.com.br\/guia-da-faculdade\/"},{"@type":"ListItem","position":2,"name":"As universidades p\u00fablicas mais estreladas"}]},{"@type":"WebSite","@id":"https:\/\/publicacoes.estadao.com.br\/guia-da-faculdade\/#website","url":"https:\/\/publicacoes.estadao.com.br\/guia-da-faculdade\/","name":"Guia da Faculdade 2025","description":"","potentialAction":[{"@type":"SearchAction","target":{"@type":"EntryPoint","urlTemplate":"https:\/\/publicacoes.estadao.com.br\/guia-da-faculdade\/?s={search_term_string}"},"query-input":{"@type":"PropertyValueSpecification","valueRequired":true,"valueName":"search_term_string"}}],"inLanguage":"pt-BR"}]}},"_links":{"self":[{"href":"https:\/\/publicacoes.estadao.com.br\/guia-da-faculdade\/wp-json\/wp\/v2\/pages\/28071","targetHints":{"allow":["GET"]}}],"collection":[{"href":"https:\/\/publicacoes.estadao.com.br\/guia-da-faculdade\/wp-json\/wp\/v2\/pages"}],"about":[{"href":"https:\/\/publicacoes.estadao.com.br\/guia-da-faculdade\/wp-json\/wp\/v2\/types\/page"}],"author":[{"embeddable":true,"href":"https:\/\/publicacoes.estadao.com.br\/guia-da-faculdade\/wp-json\/wp\/v2\/users\/1"}],"replies":[{"embeddable":true,"href":"https:\/\/publicacoes.estadao.com.br\/guia-da-faculdade\/wp-json\/wp\/v2\/comments?post=28071"}],"version-history":[{"count":4,"href":"https:\/\/publicacoes.estadao.com.br\/guia-da-faculdade\/wp-json\/wp\/v2\/pages\/28071\/revisions"}],"predecessor-version":[{"id":251733,"href":"https:\/\/publicacoes.estadao.com.br\/guia-da-faculdade\/wp-json\/wp\/v2\/pages\/28071\/revisions\/251733"}],"wp:attachment":[{"href":"https:\/\/publicacoes.estadao.com.br\/guia-da-faculdade\/wp-json\/wp\/v2\/media?parent=28071"}],"curies":[{"name":"wp","href":"https:\/\/api.w.org\/{rel}","templated":true}]}}