{"id":214523,"date":"2024-07-11T10:36:31","date_gmt":"2024-07-11T13:36:31","guid":{"rendered":"https:\/\/webapp334035.ip-172-104-17-109.cloudezapp.io\/?page_id=214523"},"modified":"2025-12-08T14:59:09","modified_gmt":"2025-12-08T17:59:09","slug":"metodologia","status":"publish","type":"page","link":"https:\/\/publicacoes.estadao.com.br\/guia-da-faculdade\/metodologia\/","title":{"rendered":"Metodologia"},"content":{"rendered":"<p>Este ano o Guia da Faculdade avaliou 22.198 gradua\u00e7\u00f5es em todo o Brasil. Entenda como as notas s\u00e3o dadas e conhe\u00e7a os cursos mais estrelados de 2025<\/p>\n<p><span style=\"color: #69c0ac;\"><strong>PARTICIPA\u00c7\u00c3O DAS INSTITUI\u00c7\u00d5ES<\/strong><\/span><\/p>\n<ul role=\"list\">\n<li>Todas as institui\u00e7\u00f5es de Ensino Superior cadastradas no Minist\u00e9rio da Educa\u00e7\u00e3o (universidades, centros universit\u00e1rios, faculdades e institutos) s\u00e3o convidadas para fazer parte do Guia da Faculdade<\/li>\n<li>Ap\u00f3s se cadastrarem para participar da avalia\u00e7\u00e3o, as institui\u00e7\u00f5es indicam todos os cursos superiores que est\u00e3o recebendo novos alunos<\/li>\n<\/ul>\n<p><span style=\"color: #69c0ac;\"><strong>CURSOS AVALIADOS<\/strong><\/span><\/p>\n<ul role=\"list\">\n<li>Tanto os cursos da modalidade presencial como os da modalidade a dist\u00e2ncia s\u00e3o avaliados. Mas n\u00e3o s\u00e3o todas as gradua\u00e7\u00f5es que entram no processo de avalia\u00e7\u00e3o. Para serem analisadas, elas precisam ter ao menos uma primeira turma com alunos j\u00e1 formados, o que permite que o curso seja melhor conhecido pela comunidade acad\u00eamica em geral<\/li>\n<li>O Guia da Faculdade avalia os cursos de acordo com as cidades nos quais eles s\u00e3o oferecidos. Se a mesma institui\u00e7\u00e3o de ensino oferece o curso de Administra\u00e7\u00e3o em v\u00e1rias cidades, cada um deles recebe uma nota espec\u00edfica. Caso a institui\u00e7\u00e3o ofere\u00e7a o mesmo curso em diferentes unidades em uma mesma cidade, apenas o curso mais antigo da institui\u00e7\u00e3o naquela cidade \u00e9 avaliado<\/li>\n<\/ul>\n<p><span style=\"color: #69c0ac;\"><strong>INFORMA\u00c7\u00d5ES UTILIZADAS<\/strong><\/span><\/p>\n<ul role=\"list\">\n<li>O coordenador de cada curso que ser\u00e1 avaliado recebe um question\u00e1rio no qual pode apresentar as principais caracter\u00edsticas da sua gradua\u00e7\u00e3o, com foco em tr\u00eas aspectos:<\/li>\n<li>\n<ul role=\"list\">\n<li>Projeto pedag\u00f3gico &#8211; caracter\u00edsticas da proposta de ensino do curso<\/li>\n<li>Corpo docente &#8211; perfil dos professores vinculados ao curso<\/li>\n<li>Infraestrutura &#8211; condi\u00e7\u00f5es de materiais e equipamentos oferecidos<\/li>\n<\/ul>\n<\/li>\n<li>Existem modelos diferentes de question\u00e1rios para os cursos presenciais e para os cursos a dist\u00e2ncia. Esses question\u00e1rios servem de base para os avaliadores darem suas notas para os cursos<\/li>\n<\/ul>\n<p><span style=\"color: #69c0ac;\"><strong>AVALIADORES E NOTAS<\/strong><\/span><\/p>\n<ul role=\"list\">\n<li>S\u00e3o quase 12 mil coordenadores e professores do Ensino Superior brasileiro que se cadastraram para atuar como avaliadores do Guia da Faculdade. \u00c9 um trabalho volunt\u00e1rio, sem remunera\u00e7\u00e3o<\/li>\n<li>Os avaliadores s\u00e3o acionados para dar notas aos cursos das suas \u00e1reas de forma\u00e7\u00e3o e de institui\u00e7\u00f5es prioritariamente localizadas na mesma regi\u00e3o do pa\u00eds na qual trabalham<\/li>\n<li>Eles s\u00e3o convidados a dar tr\u00eas notas de qualidade (de 1 a 5) para cada curso, nos quesitos:<\/li>\n<\/ul>\n<div class=\"d_flex\">\n<blockquote><p><img loading=\"lazy\" decoding=\"async\" class=\"alignnone size-full\" role=\"img\" src=\"https:\/\/webapp407822.ip-194-195-223-103.cloudezapp.io\/wp-content\/uploads\/2025\/10\/ico-projeto-pedagogico.svg\" alt=\"\" width=\"32\" height=\"25\" \/><br \/>\nProjeto pedag\u00f3gico<\/p><\/blockquote>\n<blockquote><p><img loading=\"lazy\" decoding=\"async\" class=\"alignnone size-full\" role=\"img\" src=\"https:\/\/webapp407822.ip-194-195-223-103.cloudezapp.io\/wp-content\/uploads\/2025\/10\/ico-corpo-docente.svg\" alt=\"\" width=\"35\" height=\"25\" \/><br \/>\nCorpo docente<\/p><\/blockquote>\n<blockquote><p><img loading=\"lazy\" decoding=\"async\" class=\"alignnone size-full\" role=\"img\" src=\"https:\/\/webapp407822.ip-194-195-223-103.cloudezapp.io\/wp-content\/uploads\/2025\/10\/ico-Infraestrutura.svg\" alt=\"\" width=\"25\" height=\"25\" \/><br \/>\nInfraestrutura<\/p><\/blockquote>\n<\/div>\n<ul role=\"list\">\n<li>Cada curso \u00e9 distribu\u00eddo para a avalia\u00e7\u00e3o de seis professores<\/li>\n<li>Caso um curso n\u00e3o receba pelo menos quatro notas de avaliadores, ele \u00e9 considerado como \u201csem nota\u201d na avalia\u00e7\u00e3o daquele ano<\/li>\n<\/ul>\n","protected":false},"excerpt":{"rendered":"<p>Este ano o Guia da Faculdade avaliou 22.198 gradua\u00e7\u00f5es em todo o Brasil. Entenda como as notas s\u00e3o dadas e conhe\u00e7a os cursos mais estrelados de 2025 PARTICIPA\u00c7\u00c3O DAS INSTITUI\u00c7\u00d5ES Todas as institui\u00e7\u00f5es de Ensino Superior cadastradas no Minist\u00e9rio da Educa\u00e7\u00e3o (universidades, centros universit\u00e1rios, faculdades e institutos) s\u00e3o convidadas para fazer parte do Guia da &hellip; <a href=\"https:\/\/publicacoes.estadao.com.br\/guia-da-faculdade\/metodologia\/\">Continued<\/a><\/p>\n","protected":false},"author":1,"featured_media":0,"parent":0,"menu_order":0,"comment_status":"closed","ping_status":"closed","template":"metodologia.php","meta":{"_acf_changed":false,"footnotes":""},"class_list":["post-214523","page","type-page","status-publish","hentry"],"acf":[],"yoast_head":"<!-- This site is optimized with the Yoast SEO plugin v27.3 - https:\/\/yoast.com\/product\/yoast-seo-wordpress\/ -->\n<title>Metodologia - Guia da Faculdade 2025<\/title>\n<meta name=\"robots\" content=\"index, follow, max-snippet:-1, max-image-preview:large, max-video-preview:-1\" \/>\n<link rel=\"canonical\" href=\"https:\/\/publicacoes.estadao.com.br\/guia-da-faculdade\/metodologia\/\" \/>\n<meta property=\"og:locale\" content=\"pt_BR\" \/>\n<meta property=\"og:type\" content=\"article\" \/>\n<meta property=\"og:title\" content=\"Metodologia - Guia da Faculdade 2025\" \/>\n<meta property=\"og:description\" content=\"Este ano o Guia da Faculdade avaliou 22.198 gradua\u00e7\u00f5es em todo o Brasil. Entenda como as notas s\u00e3o dadas e conhe\u00e7a os cursos mais estrelados de 2025 PARTICIPA\u00c7\u00c3O DAS INSTITUI\u00c7\u00d5ES Todas as institui\u00e7\u00f5es de Ensino Superior cadastradas no Minist\u00e9rio da Educa\u00e7\u00e3o (universidades, centros universit\u00e1rios, faculdades e institutos) s\u00e3o convidadas para fazer parte do Guia da &hellip; Continued\" \/>\n<meta property=\"og:url\" content=\"https:\/\/publicacoes.estadao.com.br\/guia-da-faculdade\/metodologia\/\" \/>\n<meta property=\"og:site_name\" content=\"Guia da Faculdade 2025\" \/>\n<meta property=\"article:modified_time\" content=\"2025-12-08T17:59:09+00:00\" \/>\n<meta property=\"og:image\" content=\"https:\/\/webapp407822.ip-194-195-223-103.cloudezapp.io\/wp-content\/uploads\/2025\/10\/ico-projeto-pedagogico.svg\" \/>\n<meta name=\"twitter:card\" content=\"summary_large_image\" \/>\n<meta name=\"twitter:label1\" content=\"Est. tempo de leitura\" \/>\n\t<meta name=\"twitter:data1\" content=\"3 minutos\" \/>\n<script type=\"application\/ld+json\" class=\"yoast-schema-graph\">{\"@context\":\"https:\\\/\\\/schema.org\",\"@graph\":[{\"@type\":\"WebPage\",\"@id\":\"https:\\\/\\\/publicacoes.estadao.com.br\\\/guia-da-faculdade\\\/metodologia\\\/\",\"url\":\"https:\\\/\\\/publicacoes.estadao.com.br\\\/guia-da-faculdade\\\/metodologia\\\/\",\"name\":\"Metodologia - Guia da Faculdade 2025\",\"isPartOf\":{\"@id\":\"https:\\\/\\\/publicacoes.estadao.com.br\\\/guia-da-faculdade\\\/#website\"},\"primaryImageOfPage\":{\"@id\":\"https:\\\/\\\/publicacoes.estadao.com.br\\\/guia-da-faculdade\\\/metodologia\\\/#primaryimage\"},\"image\":{\"@id\":\"https:\\\/\\\/publicacoes.estadao.com.br\\\/guia-da-faculdade\\\/metodologia\\\/#primaryimage\"},\"thumbnailUrl\":\"https:\\\/\\\/webapp407822.ip-194-195-223-103.cloudezapp.io\\\/wp-content\\\/uploads\\\/2025\\\/10\\\/ico-projeto-pedagogico.svg\",\"datePublished\":\"2024-07-11T13:36:31+00:00\",\"dateModified\":\"2025-12-08T17:59:09+00:00\",\"breadcrumb\":{\"@id\":\"https:\\\/\\\/publicacoes.estadao.com.br\\\/guia-da-faculdade\\\/metodologia\\\/#breadcrumb\"},\"inLanguage\":\"pt-BR\",\"potentialAction\":[{\"@type\":\"ReadAction\",\"target\":[\"https:\\\/\\\/publicacoes.estadao.com.br\\\/guia-da-faculdade\\\/metodologia\\\/\"]}]},{\"@type\":\"ImageObject\",\"inLanguage\":\"pt-BR\",\"@id\":\"https:\\\/\\\/publicacoes.estadao.com.br\\\/guia-da-faculdade\\\/metodologia\\\/#primaryimage\",\"url\":\"https:\\\/\\\/webapp407822.ip-194-195-223-103.cloudezapp.io\\\/wp-content\\\/uploads\\\/2025\\\/10\\\/ico-projeto-pedagogico.svg\",\"contentUrl\":\"https:\\\/\\\/webapp407822.ip-194-195-223-103.cloudezapp.io\\\/wp-content\\\/uploads\\\/2025\\\/10\\\/ico-projeto-pedagogico.svg\"},{\"@type\":\"BreadcrumbList\",\"@id\":\"https:\\\/\\\/publicacoes.estadao.com.br\\\/guia-da-faculdade\\\/metodologia\\\/#breadcrumb\",\"itemListElement\":[{\"@type\":\"ListItem\",\"position\":1,\"name\":\"In\u00edcio\",\"item\":\"https:\\\/\\\/publicacoes.estadao.com.br\\\/guia-da-faculdade\\\/\"},{\"@type\":\"ListItem\",\"position\":2,\"name\":\"Metodologia\"}]},{\"@type\":\"WebSite\",\"@id\":\"https:\\\/\\\/publicacoes.estadao.com.br\\\/guia-da-faculdade\\\/#website\",\"url\":\"https:\\\/\\\/publicacoes.estadao.com.br\\\/guia-da-faculdade\\\/\",\"name\":\"Guia da Faculdade 2025\",\"description\":\"\",\"potentialAction\":[{\"@type\":\"SearchAction\",\"target\":{\"@type\":\"EntryPoint\",\"urlTemplate\":\"https:\\\/\\\/publicacoes.estadao.com.br\\\/guia-da-faculdade\\\/?s={search_term_string}\"},\"query-input\":{\"@type\":\"PropertyValueSpecification\",\"valueRequired\":true,\"valueName\":\"search_term_string\"}}],\"inLanguage\":\"pt-BR\"}]}<\/script>\n<!-- \/ Yoast SEO plugin. -->","yoast_head_json":{"title":"Metodologia - Guia da Faculdade 2025","robots":{"index":"index","follow":"follow","max-snippet":"max-snippet:-1","max-image-preview":"max-image-preview:large","max-video-preview":"max-video-preview:-1"},"canonical":"https:\/\/publicacoes.estadao.com.br\/guia-da-faculdade\/metodologia\/","og_locale":"pt_BR","og_type":"article","og_title":"Metodologia - Guia da Faculdade 2025","og_description":"Este ano o Guia da Faculdade avaliou 22.198 gradua\u00e7\u00f5es em todo o Brasil. Entenda como as notas s\u00e3o dadas e conhe\u00e7a os cursos mais estrelados de 2025 PARTICIPA\u00c7\u00c3O DAS INSTITUI\u00c7\u00d5ES Todas as institui\u00e7\u00f5es de Ensino Superior cadastradas no Minist\u00e9rio da Educa\u00e7\u00e3o (universidades, centros universit\u00e1rios, faculdades e institutos) s\u00e3o convidadas para fazer parte do Guia da &hellip; Continued","og_url":"https:\/\/publicacoes.estadao.com.br\/guia-da-faculdade\/metodologia\/","og_site_name":"Guia da Faculdade 2025","article_modified_time":"2025-12-08T17:59:09+00:00","og_image":[{"url":"https:\/\/webapp407822.ip-194-195-223-103.cloudezapp.io\/wp-content\/uploads\/2025\/10\/ico-projeto-pedagogico.svg","type":"","width":"","height":""}],"twitter_card":"summary_large_image","twitter_misc":{"Est. tempo de leitura":"3 minutos"},"schema":{"@context":"https:\/\/schema.org","@graph":[{"@type":"WebPage","@id":"https:\/\/publicacoes.estadao.com.br\/guia-da-faculdade\/metodologia\/","url":"https:\/\/publicacoes.estadao.com.br\/guia-da-faculdade\/metodologia\/","name":"Metodologia - Guia da Faculdade 2025","isPartOf":{"@id":"https:\/\/publicacoes.estadao.com.br\/guia-da-faculdade\/#website"},"primaryImageOfPage":{"@id":"https:\/\/publicacoes.estadao.com.br\/guia-da-faculdade\/metodologia\/#primaryimage"},"image":{"@id":"https:\/\/publicacoes.estadao.com.br\/guia-da-faculdade\/metodologia\/#primaryimage"},"thumbnailUrl":"https:\/\/webapp407822.ip-194-195-223-103.cloudezapp.io\/wp-content\/uploads\/2025\/10\/ico-projeto-pedagogico.svg","datePublished":"2024-07-11T13:36:31+00:00","dateModified":"2025-12-08T17:59:09+00:00","breadcrumb":{"@id":"https:\/\/publicacoes.estadao.com.br\/guia-da-faculdade\/metodologia\/#breadcrumb"},"inLanguage":"pt-BR","potentialAction":[{"@type":"ReadAction","target":["https:\/\/publicacoes.estadao.com.br\/guia-da-faculdade\/metodologia\/"]}]},{"@type":"ImageObject","inLanguage":"pt-BR","@id":"https:\/\/publicacoes.estadao.com.br\/guia-da-faculdade\/metodologia\/#primaryimage","url":"https:\/\/webapp407822.ip-194-195-223-103.cloudezapp.io\/wp-content\/uploads\/2025\/10\/ico-projeto-pedagogico.svg","contentUrl":"https:\/\/webapp407822.ip-194-195-223-103.cloudezapp.io\/wp-content\/uploads\/2025\/10\/ico-projeto-pedagogico.svg"},{"@type":"BreadcrumbList","@id":"https:\/\/publicacoes.estadao.com.br\/guia-da-faculdade\/metodologia\/#breadcrumb","itemListElement":[{"@type":"ListItem","position":1,"name":"In\u00edcio","item":"https:\/\/publicacoes.estadao.com.br\/guia-da-faculdade\/"},{"@type":"ListItem","position":2,"name":"Metodologia"}]},{"@type":"WebSite","@id":"https:\/\/publicacoes.estadao.com.br\/guia-da-faculdade\/#website","url":"https:\/\/publicacoes.estadao.com.br\/guia-da-faculdade\/","name":"Guia da Faculdade 2025","description":"","potentialAction":[{"@type":"SearchAction","target":{"@type":"EntryPoint","urlTemplate":"https:\/\/publicacoes.estadao.com.br\/guia-da-faculdade\/?s={search_term_string}"},"query-input":{"@type":"PropertyValueSpecification","valueRequired":true,"valueName":"search_term_string"}}],"inLanguage":"pt-BR"}]}},"_links":{"self":[{"href":"https:\/\/publicacoes.estadao.com.br\/guia-da-faculdade\/wp-json\/wp\/v2\/pages\/214523","targetHints":{"allow":["GET"]}}],"collection":[{"href":"https:\/\/publicacoes.estadao.com.br\/guia-da-faculdade\/wp-json\/wp\/v2\/pages"}],"about":[{"href":"https:\/\/publicacoes.estadao.com.br\/guia-da-faculdade\/wp-json\/wp\/v2\/types\/page"}],"author":[{"embeddable":true,"href":"https:\/\/publicacoes.estadao.com.br\/guia-da-faculdade\/wp-json\/wp\/v2\/users\/1"}],"replies":[{"embeddable":true,"href":"https:\/\/publicacoes.estadao.com.br\/guia-da-faculdade\/wp-json\/wp\/v2\/comments?post=214523"}],"version-history":[{"count":18,"href":"https:\/\/publicacoes.estadao.com.br\/guia-da-faculdade\/wp-json\/wp\/v2\/pages\/214523\/revisions"}],"predecessor-version":[{"id":251776,"href":"https:\/\/publicacoes.estadao.com.br\/guia-da-faculdade\/wp-json\/wp\/v2\/pages\/214523\/revisions\/251776"}],"wp:attachment":[{"href":"https:\/\/publicacoes.estadao.com.br\/guia-da-faculdade\/wp-json\/wp\/v2\/media?parent=214523"}],"curies":[{"name":"wp","href":"https:\/\/api.w.org\/{rel}","templated":true}]}}