{"id":214417,"date":"2024-06-11T15:21:29","date_gmt":"2024-06-11T18:21:29","guid":{"rendered":"http:\/\/localhost\/guia-da-faculdade\/site\/?page_id=214312"},"modified":"2025-10-28T13:04:21","modified_gmt":"2025-10-28T16:04:21","slug":"como-participar","status":"publish","type":"page","link":"https:\/\/publicacoes.estadao.com.br\/guia-da-faculdade\/como-participar\/","title":{"rendered":"Como Participar"},"content":{"rendered":"<p>Todas as institui\u00e7\u00f5es de ensino superior cadastradas no Minist\u00e9rio da Educa\u00e7\u00e3o (universidades, centros universit\u00e1rios, faculdades e institutos) s\u00e3o convidadas para fazer parte do <strong>Guia da Faculdade<\/strong>.<\/p>\n<p>Ap\u00f3s se cadastrarem para participar da avalia\u00e7\u00e3o, as institui\u00e7\u00f5es indicam todos os cursos superiores que est\u00e3o recebendo novos alunos.<\/p>\n<p><span style=\"color: #69c0ac;\"><strong>INFORMA\u00c7\u00d5ES UTILIZADAS<\/strong><\/span><\/p>\n<p>O coordenador de cada curso que ser\u00e1 avaliado recebe um question\u00e1rio no qual pode apresentar as principais caracter\u00edsticas da sua gradua\u00e7\u00e3o, com foco em tr\u00eas aspectos:<\/p>\n<div class=\"d_flex\">\n<blockquote><p><strong><img loading=\"lazy\" decoding=\"async\" class=\"alignnone size-full\" role=\"img\" src=\"https:\/\/webapp407822.ip-194-195-223-103.cloudezapp.io\/wp-content\/uploads\/2025\/10\/ico-projeto-pedagogico.svg\" alt=\"\" width=\"32\" height=\"25\" \/><br \/>\nProjeto pedag\u00f3gico<\/strong><br \/>\nCaracter\u00edsticas da proposta de ensino do curso<\/p><\/blockquote>\n<blockquote><p><strong><img loading=\"lazy\" decoding=\"async\" class=\"alignnone size-full\" role=\"img\" src=\"https:\/\/webapp407822.ip-194-195-223-103.cloudezapp.io\/wp-content\/uploads\/2025\/10\/ico-corpo-docente.svg\" alt=\"\" width=\"35\" height=\"25\" \/><br \/>\nCorpo docente<\/strong><br \/>\nPerfil dos professores vinculados ao curso<\/p><\/blockquote>\n<blockquote><p><strong><img loading=\"lazy\" decoding=\"async\" class=\"alignnone size-full\" role=\"img\" src=\"https:\/\/webapp407822.ip-194-195-223-103.cloudezapp.io\/wp-content\/uploads\/2025\/10\/ico-Infraestrutura.svg\" alt=\"\" width=\"25\" height=\"25\" \/><br \/>\nInfraestrutura<\/strong><br \/>\nCondi\u00e7\u00f5es de materiais e equipamentos oferecidos<\/p><\/blockquote>\n<\/div>\n","protected":false},"excerpt":{"rendered":"<p>Todas as institui\u00e7\u00f5es de ensino superior cadastradas no Minist\u00e9rio da Educa\u00e7\u00e3o (universidades, centros universit\u00e1rios, faculdades e institutos) s\u00e3o convidadas para fazer parte do Guia da Faculdade. Ap\u00f3s se cadastrarem para participar da avalia\u00e7\u00e3o, as institui\u00e7\u00f5es indicam todos os cursos superiores que est\u00e3o recebendo novos alunos. INFORMA\u00c7\u00d5ES UTILIZADAS O coordenador de cada curso que ser\u00e1 avaliado &hellip; <a href=\"https:\/\/publicacoes.estadao.com.br\/guia-da-faculdade\/como-participar\/\">Continued<\/a><\/p>\n","protected":false},"author":1,"featured_media":0,"parent":0,"menu_order":0,"comment_status":"closed","ping_status":"closed","template":"como-participar.php","meta":{"_acf_changed":false,"footnotes":""},"class_list":["post-214417","page","type-page","status-publish","hentry"],"acf":[],"yoast_head":"<!-- This site is optimized with the Yoast SEO plugin v27.3 - https:\/\/yoast.com\/product\/yoast-seo-wordpress\/ -->\n<title>Como Participar - Guia da Faculdade 2025<\/title>\n<meta name=\"robots\" content=\"index, follow, max-snippet:-1, max-image-preview:large, max-video-preview:-1\" \/>\n<link rel=\"canonical\" href=\"https:\/\/publicacoes.estadao.com.br\/guia-da-faculdade\/como-participar\/\" \/>\n<meta property=\"og:locale\" content=\"pt_BR\" \/>\n<meta property=\"og:type\" content=\"article\" \/>\n<meta property=\"og:title\" content=\"Como Participar - Guia da Faculdade 2025\" \/>\n<meta property=\"og:description\" content=\"Todas as institui\u00e7\u00f5es de ensino superior cadastradas no Minist\u00e9rio da Educa\u00e7\u00e3o (universidades, centros universit\u00e1rios, faculdades e institutos) s\u00e3o convidadas para fazer parte do Guia da Faculdade. Ap\u00f3s se cadastrarem para participar da avalia\u00e7\u00e3o, as institui\u00e7\u00f5es indicam todos os cursos superiores que est\u00e3o recebendo novos alunos. INFORMA\u00c7\u00d5ES UTILIZADAS O coordenador de cada curso que ser\u00e1 avaliado &hellip; Continued\" \/>\n<meta property=\"og:url\" content=\"https:\/\/publicacoes.estadao.com.br\/guia-da-faculdade\/como-participar\/\" \/>\n<meta property=\"og:site_name\" content=\"Guia da Faculdade 2025\" \/>\n<meta property=\"article:modified_time\" content=\"2025-10-28T16:04:21+00:00\" \/>\n<meta property=\"og:image\" content=\"https:\/\/webapp407822.ip-194-195-223-103.cloudezapp.io\/wp-content\/uploads\/2025\/10\/ico-projeto-pedagogico.svg\" \/>\n<meta name=\"twitter:card\" content=\"summary_large_image\" \/>\n<meta name=\"twitter:label1\" content=\"Est. tempo de leitura\" \/>\n\t<meta name=\"twitter:data1\" content=\"1 minuto\" \/>\n<script type=\"application\/ld+json\" class=\"yoast-schema-graph\">{\"@context\":\"https:\\\/\\\/schema.org\",\"@graph\":[{\"@type\":\"WebPage\",\"@id\":\"https:\\\/\\\/publicacoes.estadao.com.br\\\/guia-da-faculdade\\\/como-participar\\\/\",\"url\":\"https:\\\/\\\/publicacoes.estadao.com.br\\\/guia-da-faculdade\\\/como-participar\\\/\",\"name\":\"Como Participar - Guia da Faculdade 2025\",\"isPartOf\":{\"@id\":\"https:\\\/\\\/publicacoes.estadao.com.br\\\/guia-da-faculdade\\\/#website\"},\"primaryImageOfPage\":{\"@id\":\"https:\\\/\\\/publicacoes.estadao.com.br\\\/guia-da-faculdade\\\/como-participar\\\/#primaryimage\"},\"image\":{\"@id\":\"https:\\\/\\\/publicacoes.estadao.com.br\\\/guia-da-faculdade\\\/como-participar\\\/#primaryimage\"},\"thumbnailUrl\":\"https:\\\/\\\/webapp407822.ip-194-195-223-103.cloudezapp.io\\\/wp-content\\\/uploads\\\/2025\\\/10\\\/ico-projeto-pedagogico.svg\",\"datePublished\":\"2024-06-11T18:21:29+00:00\",\"dateModified\":\"2025-10-28T16:04:21+00:00\",\"breadcrumb\":{\"@id\":\"https:\\\/\\\/publicacoes.estadao.com.br\\\/guia-da-faculdade\\\/como-participar\\\/#breadcrumb\"},\"inLanguage\":\"pt-BR\",\"potentialAction\":[{\"@type\":\"ReadAction\",\"target\":[\"https:\\\/\\\/publicacoes.estadao.com.br\\\/guia-da-faculdade\\\/como-participar\\\/\"]}]},{\"@type\":\"ImageObject\",\"inLanguage\":\"pt-BR\",\"@id\":\"https:\\\/\\\/publicacoes.estadao.com.br\\\/guia-da-faculdade\\\/como-participar\\\/#primaryimage\",\"url\":\"https:\\\/\\\/webapp407822.ip-194-195-223-103.cloudezapp.io\\\/wp-content\\\/uploads\\\/2025\\\/10\\\/ico-projeto-pedagogico.svg\",\"contentUrl\":\"https:\\\/\\\/webapp407822.ip-194-195-223-103.cloudezapp.io\\\/wp-content\\\/uploads\\\/2025\\\/10\\\/ico-projeto-pedagogico.svg\"},{\"@type\":\"BreadcrumbList\",\"@id\":\"https:\\\/\\\/publicacoes.estadao.com.br\\\/guia-da-faculdade\\\/como-participar\\\/#breadcrumb\",\"itemListElement\":[{\"@type\":\"ListItem\",\"position\":1,\"name\":\"In\u00edcio\",\"item\":\"https:\\\/\\\/publicacoes.estadao.com.br\\\/guia-da-faculdade\\\/\"},{\"@type\":\"ListItem\",\"position\":2,\"name\":\"Como Participar\"}]},{\"@type\":\"WebSite\",\"@id\":\"https:\\\/\\\/publicacoes.estadao.com.br\\\/guia-da-faculdade\\\/#website\",\"url\":\"https:\\\/\\\/publicacoes.estadao.com.br\\\/guia-da-faculdade\\\/\",\"name\":\"Guia da Faculdade 2025\",\"description\":\"\",\"potentialAction\":[{\"@type\":\"SearchAction\",\"target\":{\"@type\":\"EntryPoint\",\"urlTemplate\":\"https:\\\/\\\/publicacoes.estadao.com.br\\\/guia-da-faculdade\\\/?s={search_term_string}\"},\"query-input\":{\"@type\":\"PropertyValueSpecification\",\"valueRequired\":true,\"valueName\":\"search_term_string\"}}],\"inLanguage\":\"pt-BR\"}]}<\/script>\n<!-- \/ Yoast SEO plugin. -->","yoast_head_json":{"title":"Como Participar - Guia da Faculdade 2025","robots":{"index":"index","follow":"follow","max-snippet":"max-snippet:-1","max-image-preview":"max-image-preview:large","max-video-preview":"max-video-preview:-1"},"canonical":"https:\/\/publicacoes.estadao.com.br\/guia-da-faculdade\/como-participar\/","og_locale":"pt_BR","og_type":"article","og_title":"Como Participar - Guia da Faculdade 2025","og_description":"Todas as institui\u00e7\u00f5es de ensino superior cadastradas no Minist\u00e9rio da Educa\u00e7\u00e3o (universidades, centros universit\u00e1rios, faculdades e institutos) s\u00e3o convidadas para fazer parte do Guia da Faculdade. Ap\u00f3s se cadastrarem para participar da avalia\u00e7\u00e3o, as institui\u00e7\u00f5es indicam todos os cursos superiores que est\u00e3o recebendo novos alunos. INFORMA\u00c7\u00d5ES UTILIZADAS O coordenador de cada curso que ser\u00e1 avaliado &hellip; Continued","og_url":"https:\/\/publicacoes.estadao.com.br\/guia-da-faculdade\/como-participar\/","og_site_name":"Guia da Faculdade 2025","article_modified_time":"2025-10-28T16:04:21+00:00","og_image":[{"url":"https:\/\/webapp407822.ip-194-195-223-103.cloudezapp.io\/wp-content\/uploads\/2025\/10\/ico-projeto-pedagogico.svg","type":"","width":"","height":""}],"twitter_card":"summary_large_image","twitter_misc":{"Est. tempo de leitura":"1 minuto"},"schema":{"@context":"https:\/\/schema.org","@graph":[{"@type":"WebPage","@id":"https:\/\/publicacoes.estadao.com.br\/guia-da-faculdade\/como-participar\/","url":"https:\/\/publicacoes.estadao.com.br\/guia-da-faculdade\/como-participar\/","name":"Como Participar - Guia da Faculdade 2025","isPartOf":{"@id":"https:\/\/publicacoes.estadao.com.br\/guia-da-faculdade\/#website"},"primaryImageOfPage":{"@id":"https:\/\/publicacoes.estadao.com.br\/guia-da-faculdade\/como-participar\/#primaryimage"},"image":{"@id":"https:\/\/publicacoes.estadao.com.br\/guia-da-faculdade\/como-participar\/#primaryimage"},"thumbnailUrl":"https:\/\/webapp407822.ip-194-195-223-103.cloudezapp.io\/wp-content\/uploads\/2025\/10\/ico-projeto-pedagogico.svg","datePublished":"2024-06-11T18:21:29+00:00","dateModified":"2025-10-28T16:04:21+00:00","breadcrumb":{"@id":"https:\/\/publicacoes.estadao.com.br\/guia-da-faculdade\/como-participar\/#breadcrumb"},"inLanguage":"pt-BR","potentialAction":[{"@type":"ReadAction","target":["https:\/\/publicacoes.estadao.com.br\/guia-da-faculdade\/como-participar\/"]}]},{"@type":"ImageObject","inLanguage":"pt-BR","@id":"https:\/\/publicacoes.estadao.com.br\/guia-da-faculdade\/como-participar\/#primaryimage","url":"https:\/\/webapp407822.ip-194-195-223-103.cloudezapp.io\/wp-content\/uploads\/2025\/10\/ico-projeto-pedagogico.svg","contentUrl":"https:\/\/webapp407822.ip-194-195-223-103.cloudezapp.io\/wp-content\/uploads\/2025\/10\/ico-projeto-pedagogico.svg"},{"@type":"BreadcrumbList","@id":"https:\/\/publicacoes.estadao.com.br\/guia-da-faculdade\/como-participar\/#breadcrumb","itemListElement":[{"@type":"ListItem","position":1,"name":"In\u00edcio","item":"https:\/\/publicacoes.estadao.com.br\/guia-da-faculdade\/"},{"@type":"ListItem","position":2,"name":"Como Participar"}]},{"@type":"WebSite","@id":"https:\/\/publicacoes.estadao.com.br\/guia-da-faculdade\/#website","url":"https:\/\/publicacoes.estadao.com.br\/guia-da-faculdade\/","name":"Guia da Faculdade 2025","description":"","potentialAction":[{"@type":"SearchAction","target":{"@type":"EntryPoint","urlTemplate":"https:\/\/publicacoes.estadao.com.br\/guia-da-faculdade\/?s={search_term_string}"},"query-input":{"@type":"PropertyValueSpecification","valueRequired":true,"valueName":"search_term_string"}}],"inLanguage":"pt-BR"}]}},"_links":{"self":[{"href":"https:\/\/publicacoes.estadao.com.br\/guia-da-faculdade\/wp-json\/wp\/v2\/pages\/214417","targetHints":{"allow":["GET"]}}],"collection":[{"href":"https:\/\/publicacoes.estadao.com.br\/guia-da-faculdade\/wp-json\/wp\/v2\/pages"}],"about":[{"href":"https:\/\/publicacoes.estadao.com.br\/guia-da-faculdade\/wp-json\/wp\/v2\/types\/page"}],"author":[{"embeddable":true,"href":"https:\/\/publicacoes.estadao.com.br\/guia-da-faculdade\/wp-json\/wp\/v2\/users\/1"}],"replies":[{"embeddable":true,"href":"https:\/\/publicacoes.estadao.com.br\/guia-da-faculdade\/wp-json\/wp\/v2\/comments?post=214417"}],"version-history":[{"count":5,"href":"https:\/\/publicacoes.estadao.com.br\/guia-da-faculdade\/wp-json\/wp\/v2\/pages\/214417\/revisions"}],"predecessor-version":[{"id":251688,"href":"https:\/\/publicacoes.estadao.com.br\/guia-da-faculdade\/wp-json\/wp\/v2\/pages\/214417\/revisions\/251688"}],"wp:attachment":[{"href":"https:\/\/publicacoes.estadao.com.br\/guia-da-faculdade\/wp-json\/wp\/v2\/media?parent=214417"}],"curies":[{"name":"wp","href":"https:\/\/api.w.org\/{rel}","templated":true}]}}