{"id":214416,"date":"2024-06-11T15:21:02","date_gmt":"2024-06-11T18:21:02","guid":{"rendered":"http:\/\/localhost\/guia-da-faculdade\/site\/?page_id=214310"},"modified":"2025-10-28T09:47:14","modified_gmt":"2025-10-28T12:47:14","slug":"sobre-o-guia","status":"publish","type":"page","link":"https:\/\/publicacoes.estadao.com.br\/guia-da-faculdade\/sobre-o-guia\/","title":{"rendered":"Sobre o Guia"},"content":{"rendered":"<p>O <strong>Guia da Faculdade <\/strong>nasceu de uma parceria, fechada no final de 2018, entre o <strong>Estad\u00e3<\/strong><strong>o<\/strong> e uma das principais startups da \u00e1rea educacional do pa\u00eds, a <a href=\"https:\/\/querobolsa.com.br\/\" target=\"_blank\" rel=\"noopener\">Quero Educa\u00e7\u00e3o<\/a>, empresa com sede em S\u00e3o Jos\u00e9 dos Campos (SP).<\/p>\n<p>No projeto do Guia, cabe \u00e0 equipe da Quero a montagem de todo o processo da avalia\u00e7\u00e3o de cursos, incluindo a defini\u00e7\u00e3o da metodologia utilizada, coleta de informa\u00e7\u00f5es das institui\u00e7\u00f5es de ensino, montagem do banco de avaliadores e tabula\u00e7\u00e3o dos dados obtidos.<\/p>\n<p>Os resultados finais da avalia\u00e7\u00e3o s\u00e3o divulgados com exclusividade pelo <strong>Estad\u00e3<\/strong><strong>o<\/strong> em suas diversas plataformas.<\/p>\n<p><span style=\"color: #69c0ac;\"><strong>EQUIPE RESPONS\u00c1VEL NA QUERO EDUCA\u00c7\u00c3O<\/strong><\/span><\/p>\n<p><strong>L\u00ed<\/strong><strong>der do projeto<\/strong><\/p>\n<p>Fabio Volpe<\/p>\n<p><strong>L\u00ed<\/strong><strong>der de pesquisa<\/strong><\/p>\n<p>Felipe Pedreira<\/p>\n<p><strong>Pesquisadores<\/strong><\/p>\n<p>Carolina Moradei, Izabela Silva, Yana Marinelli e Tha\u00edse Tozetto<\/p>\n<p><strong>Rep<\/strong><strong>\u00f3<\/strong><strong>rteres<\/strong><\/p>\n<p>Amanda Nonato, Caio Volpe Arnoni, Carol Firmino, Giovana Pastori, Isabella Baliana e Leonardo Messias<\/p>\n","protected":false},"excerpt":{"rendered":"<p>O Guia da Faculdade nasceu de uma parceria, fechada no final de 2018, entre o Estad\u00e3o e uma das principais startups da \u00e1rea educacional do pa\u00eds, a Quero Educa\u00e7\u00e3o, empresa com sede em S\u00e3o Jos\u00e9 dos Campos (SP). No projeto do Guia, cabe \u00e0 equipe da Quero a montagem de todo o processo da avalia\u00e7\u00e3o &hellip; <a href=\"https:\/\/publicacoes.estadao.com.br\/guia-da-faculdade\/sobre-o-guia\/\">Continued<\/a><\/p>\n","protected":false},"author":1,"featured_media":0,"parent":0,"menu_order":0,"comment_status":"closed","ping_status":"closed","template":"sobre-o-guia.php","meta":{"_acf_changed":false,"footnotes":""},"class_list":["post-214416","page","type-page","status-publish","hentry"],"acf":[],"yoast_head":"<!-- This site is optimized with the Yoast SEO plugin v27.3 - https:\/\/yoast.com\/product\/yoast-seo-wordpress\/ -->\n<title>Sobre o Guia - Guia da Faculdade 2025<\/title>\n<meta name=\"robots\" content=\"index, follow, max-snippet:-1, max-image-preview:large, max-video-preview:-1\" \/>\n<link rel=\"canonical\" href=\"https:\/\/publicacoes.estadao.com.br\/guia-da-faculdade\/sobre-o-guia\/\" \/>\n<meta property=\"og:locale\" content=\"pt_BR\" \/>\n<meta property=\"og:type\" content=\"article\" \/>\n<meta property=\"og:title\" content=\"Sobre o Guia - Guia da Faculdade 2025\" \/>\n<meta property=\"og:description\" content=\"O Guia da Faculdade nasceu de uma parceria, fechada no final de 2018, entre o Estad\u00e3o e uma das principais startups da \u00e1rea educacional do pa\u00eds, a Quero Educa\u00e7\u00e3o, empresa com sede em S\u00e3o Jos\u00e9 dos Campos (SP). No projeto do Guia, cabe \u00e0 equipe da Quero a montagem de todo o processo da avalia\u00e7\u00e3o &hellip; Continued\" \/>\n<meta property=\"og:url\" content=\"https:\/\/publicacoes.estadao.com.br\/guia-da-faculdade\/sobre-o-guia\/\" \/>\n<meta property=\"og:site_name\" content=\"Guia da Faculdade 2025\" \/>\n<meta property=\"article:modified_time\" content=\"2025-10-28T12:47:14+00:00\" \/>\n<meta name=\"twitter:card\" content=\"summary_large_image\" \/>\n<meta name=\"twitter:label1\" content=\"Est. tempo de leitura\" \/>\n\t<meta name=\"twitter:data1\" content=\"1 minuto\" \/>\n<script type=\"application\/ld+json\" class=\"yoast-schema-graph\">{\"@context\":\"https:\\\/\\\/schema.org\",\"@graph\":[{\"@type\":\"WebPage\",\"@id\":\"https:\\\/\\\/publicacoes.estadao.com.br\\\/guia-da-faculdade\\\/sobre-o-guia\\\/\",\"url\":\"https:\\\/\\\/publicacoes.estadao.com.br\\\/guia-da-faculdade\\\/sobre-o-guia\\\/\",\"name\":\"Sobre o Guia - Guia da Faculdade 2025\",\"isPartOf\":{\"@id\":\"https:\\\/\\\/publicacoes.estadao.com.br\\\/guia-da-faculdade\\\/#website\"},\"datePublished\":\"2024-06-11T18:21:02+00:00\",\"dateModified\":\"2025-10-28T12:47:14+00:00\",\"breadcrumb\":{\"@id\":\"https:\\\/\\\/publicacoes.estadao.com.br\\\/guia-da-faculdade\\\/sobre-o-guia\\\/#breadcrumb\"},\"inLanguage\":\"pt-BR\",\"potentialAction\":[{\"@type\":\"ReadAction\",\"target\":[\"https:\\\/\\\/publicacoes.estadao.com.br\\\/guia-da-faculdade\\\/sobre-o-guia\\\/\"]}]},{\"@type\":\"BreadcrumbList\",\"@id\":\"https:\\\/\\\/publicacoes.estadao.com.br\\\/guia-da-faculdade\\\/sobre-o-guia\\\/#breadcrumb\",\"itemListElement\":[{\"@type\":\"ListItem\",\"position\":1,\"name\":\"In\u00edcio\",\"item\":\"https:\\\/\\\/publicacoes.estadao.com.br\\\/guia-da-faculdade\\\/\"},{\"@type\":\"ListItem\",\"position\":2,\"name\":\"Sobre o Guia\"}]},{\"@type\":\"WebSite\",\"@id\":\"https:\\\/\\\/publicacoes.estadao.com.br\\\/guia-da-faculdade\\\/#website\",\"url\":\"https:\\\/\\\/publicacoes.estadao.com.br\\\/guia-da-faculdade\\\/\",\"name\":\"Guia da Faculdade 2025\",\"description\":\"\",\"potentialAction\":[{\"@type\":\"SearchAction\",\"target\":{\"@type\":\"EntryPoint\",\"urlTemplate\":\"https:\\\/\\\/publicacoes.estadao.com.br\\\/guia-da-faculdade\\\/?s={search_term_string}\"},\"query-input\":{\"@type\":\"PropertyValueSpecification\",\"valueRequired\":true,\"valueName\":\"search_term_string\"}}],\"inLanguage\":\"pt-BR\"}]}<\/script>\n<!-- \/ Yoast SEO plugin. -->","yoast_head_json":{"title":"Sobre o Guia - Guia da Faculdade 2025","robots":{"index":"index","follow":"follow","max-snippet":"max-snippet:-1","max-image-preview":"max-image-preview:large","max-video-preview":"max-video-preview:-1"},"canonical":"https:\/\/publicacoes.estadao.com.br\/guia-da-faculdade\/sobre-o-guia\/","og_locale":"pt_BR","og_type":"article","og_title":"Sobre o Guia - Guia da Faculdade 2025","og_description":"O Guia da Faculdade nasceu de uma parceria, fechada no final de 2018, entre o Estad\u00e3o e uma das principais startups da \u00e1rea educacional do pa\u00eds, a Quero Educa\u00e7\u00e3o, empresa com sede em S\u00e3o Jos\u00e9 dos Campos (SP). No projeto do Guia, cabe \u00e0 equipe da Quero a montagem de todo o processo da avalia\u00e7\u00e3o &hellip; Continued","og_url":"https:\/\/publicacoes.estadao.com.br\/guia-da-faculdade\/sobre-o-guia\/","og_site_name":"Guia da Faculdade 2025","article_modified_time":"2025-10-28T12:47:14+00:00","twitter_card":"summary_large_image","twitter_misc":{"Est. tempo de leitura":"1 minuto"},"schema":{"@context":"https:\/\/schema.org","@graph":[{"@type":"WebPage","@id":"https:\/\/publicacoes.estadao.com.br\/guia-da-faculdade\/sobre-o-guia\/","url":"https:\/\/publicacoes.estadao.com.br\/guia-da-faculdade\/sobre-o-guia\/","name":"Sobre o Guia - Guia da Faculdade 2025","isPartOf":{"@id":"https:\/\/publicacoes.estadao.com.br\/guia-da-faculdade\/#website"},"datePublished":"2024-06-11T18:21:02+00:00","dateModified":"2025-10-28T12:47:14+00:00","breadcrumb":{"@id":"https:\/\/publicacoes.estadao.com.br\/guia-da-faculdade\/sobre-o-guia\/#breadcrumb"},"inLanguage":"pt-BR","potentialAction":[{"@type":"ReadAction","target":["https:\/\/publicacoes.estadao.com.br\/guia-da-faculdade\/sobre-o-guia\/"]}]},{"@type":"BreadcrumbList","@id":"https:\/\/publicacoes.estadao.com.br\/guia-da-faculdade\/sobre-o-guia\/#breadcrumb","itemListElement":[{"@type":"ListItem","position":1,"name":"In\u00edcio","item":"https:\/\/publicacoes.estadao.com.br\/guia-da-faculdade\/"},{"@type":"ListItem","position":2,"name":"Sobre o Guia"}]},{"@type":"WebSite","@id":"https:\/\/publicacoes.estadao.com.br\/guia-da-faculdade\/#website","url":"https:\/\/publicacoes.estadao.com.br\/guia-da-faculdade\/","name":"Guia da Faculdade 2025","description":"","potentialAction":[{"@type":"SearchAction","target":{"@type":"EntryPoint","urlTemplate":"https:\/\/publicacoes.estadao.com.br\/guia-da-faculdade\/?s={search_term_string}"},"query-input":{"@type":"PropertyValueSpecification","valueRequired":true,"valueName":"search_term_string"}}],"inLanguage":"pt-BR"}]}},"_links":{"self":[{"href":"https:\/\/publicacoes.estadao.com.br\/guia-da-faculdade\/wp-json\/wp\/v2\/pages\/214416","targetHints":{"allow":["GET"]}}],"collection":[{"href":"https:\/\/publicacoes.estadao.com.br\/guia-da-faculdade\/wp-json\/wp\/v2\/pages"}],"about":[{"href":"https:\/\/publicacoes.estadao.com.br\/guia-da-faculdade\/wp-json\/wp\/v2\/types\/page"}],"author":[{"embeddable":true,"href":"https:\/\/publicacoes.estadao.com.br\/guia-da-faculdade\/wp-json\/wp\/v2\/users\/1"}],"replies":[{"embeddable":true,"href":"https:\/\/publicacoes.estadao.com.br\/guia-da-faculdade\/wp-json\/wp\/v2\/comments?post=214416"}],"version-history":[{"count":6,"href":"https:\/\/publicacoes.estadao.com.br\/guia-da-faculdade\/wp-json\/wp\/v2\/pages\/214416\/revisions"}],"predecessor-version":[{"id":251671,"href":"https:\/\/publicacoes.estadao.com.br\/guia-da-faculdade\/wp-json\/wp\/v2\/pages\/214416\/revisions\/251671"}],"wp:attachment":[{"href":"https:\/\/publicacoes.estadao.com.br\/guia-da-faculdade\/wp-json\/wp\/v2\/media?parent=214416"}],"curies":[{"name":"wp","href":"https:\/\/api.w.org\/{rel}","templated":true}]}}