{"id":214199,"date":"2023-10-19T09:51:22","date_gmt":"2023-10-19T12:51:22","guid":{"rendered":"https:\/\/publicacoes.estadao.com.br\/guia-da-faculdade-2023\/?page_id=214199"},"modified":"2025-10-27T15:28:21","modified_gmt":"2025-10-27T18:28:21","slug":"ciencias-humanas-e-comunicacao","status":"publish","type":"page","link":"https:\/\/publicacoes.estadao.com.br\/guia-da-faculdade\/ciencias-humanas-e-comunicacao\/","title":{"rendered":"Ci\u00eancias Humanas e Comunica\u00e7\u00e3o"},"content":{"rendered":"<p>Essa \u00e1rea vasta re\u00fane cursos t\u00e3o diferentes como Jornalismo, Direito, Pedagogia e Ci\u00eancias Sociais. Cada um deles busca qualificar profissionais para estudar e analisar quest\u00f5es sociais a partir de uma perspectiva pr\u00f3pria.<\/p>\n<p>Segundo Denis Porto, PhD em Comunica\u00e7\u00e3o e coordenador do curso de Jornalismo da Universidade Estadual Paulista J\u00falio de Mesquita Filho (Unesp), o mercado de trabalho para o setor tem sido ampliado com o crescimento das tecnologias digitais, que trouxeram novas demandas em assessorias de imprensa, produtoras de conte\u00fado digital e fun\u00e7\u00f5es de UX Design e UX Writing. \u201cO cen\u00e1rio \u00e9 otimista, com muita diversidade. As tend\u00eancias apontam para setores que envolvem o digital, especialmente no que diz respeito \u00e0s experi\u00eancias dos usu\u00e1rios (UX), e em tarefas que envolvem ou investigam a intelig\u00eancia artificial (IA)\u201d.<\/p>\n<p>Mas nem tudo s\u00e3o flores no novo mundo com o avan\u00e7o da IA. Denis tamb\u00e9m revela que ela tem \u201cbalan\u00e7ado algumas estruturas\u201d, exigindo que os profissionais se adaptem \u00e0s novas formas de atua\u00e7\u00e3o. E esse cen\u00e1rio, claro, n\u00e3o se restringe aos cursos de comunica\u00e7\u00e3o. Para Roberto Dias, coordenador do curso de Direito da Funda\u00e7\u00e3o Get\u00falio Vargas (FGV), \u201co crescimento da IA tem exigido um aprimoramento do profissional no desenvolvimento de compet\u00eancias que n\u00e3o ser\u00e3o substitu\u00eddas pelas novas tecnologias&#8221;.<\/p>\n<p>Outra transforma\u00e7\u00e3o do mercado de trabalho apontada por Denis, principalmente na \u00e1rea de comunica\u00e7\u00e3o, diz respeito aos profissionais que \u201cantes buscavam um emprego, mas hoje conseguem um trabalho\u201d. Para o coordenador \u00e9 importante estar aberto a esse novo cen\u00e1rio, pois podem surgir boas oportunidades neste formato, apesar da falta de uma estabilidade maior.<\/p>\n<p><strong>Cursos com mais alunos matriculados em 2024<\/strong><\/p>\n<table width=\"100%\">\n<tbody>\n<tr>\n<td width=\"\"><strong>Curso<\/strong><\/td>\n<td width=\"\"><strong>Matr\u00edculas (gradua\u00e7\u00f5es presenciais)<\/strong><\/td>\n<\/tr>\n<tr>\n<td width=\"\">Direito<\/td>\n<td width=\"\">652.960<\/td>\n<\/tr>\n<tr>\n<td width=\"\">Pedagogia<\/td>\n<td width=\"\">154.442<\/td>\n<\/tr>\n<tr>\n<td width=\"\">Letras (somadas as diferentes habilita\u00e7\u00f5es)<\/td>\n<td width=\"\">96.259<\/td>\n<\/tr>\n<tr>\n<td width=\"\">Hist\u00f3ria (licenciatura + bacharelado)<\/td>\n<td width=\"\">43.354<\/td>\n<\/tr>\n<tr>\n<td width=\"\">Publicidade e Propaganda<\/td>\n<td width=\"\">48.652<\/td>\n<\/tr>\n<\/tbody>\n<\/table>\n<p><em>Fonte: Censo da Educa\u00e7\u00e3o Superior 2024<\/em><\/p>\n","protected":false},"excerpt":{"rendered":"<p>Essa \u00e1rea vasta re\u00fane cursos t\u00e3o diferentes como Jornalismo, Direito, Pedagogia e Ci\u00eancias Sociais. Cada um deles busca qualificar profissionais para estudar e analisar quest\u00f5es sociais a partir de uma perspectiva pr\u00f3pria. Segundo Denis Porto, PhD em Comunica\u00e7\u00e3o e coordenador do curso de Jornalismo da Universidade Estadual Paulista J\u00falio de Mesquita Filho (Unesp), o mercado &hellip; <a href=\"https:\/\/publicacoes.estadao.com.br\/guia-da-faculdade\/ciencias-humanas-e-comunicacao\/\">Continued<\/a><\/p>\n","protected":false},"author":1,"featured_media":0,"parent":0,"menu_order":0,"comment_status":"closed","ping_status":"closed","template":"template-destaques-ac-ciencias-sociais-e-humanas.php","meta":{"_acf_changed":false,"footnotes":""},"class_list":["post-214199","page","type-page","status-publish","hentry"],"acf":[],"yoast_head":"<!-- This site is optimized with the Yoast SEO plugin v27.3 - https:\/\/yoast.com\/product\/yoast-seo-wordpress\/ -->\n<title>Ci\u00eancias Humanas e Comunica\u00e7\u00e3o - Guia da Faculdade 2025<\/title>\n<meta name=\"robots\" content=\"index, follow, max-snippet:-1, max-image-preview:large, max-video-preview:-1\" \/>\n<link rel=\"canonical\" href=\"https:\/\/publicacoes.estadao.com.br\/guia-da-faculdade\/ciencias-humanas-e-comunicacao\/\" \/>\n<meta property=\"og:locale\" content=\"pt_BR\" \/>\n<meta property=\"og:type\" content=\"article\" \/>\n<meta property=\"og:title\" content=\"Ci\u00eancias Humanas e Comunica\u00e7\u00e3o - Guia da Faculdade 2025\" \/>\n<meta property=\"og:description\" content=\"Essa \u00e1rea vasta re\u00fane cursos t\u00e3o diferentes como Jornalismo, Direito, Pedagogia e Ci\u00eancias Sociais. Cada um deles busca qualificar profissionais para estudar e analisar quest\u00f5es sociais a partir de uma perspectiva pr\u00f3pria. Segundo Denis Porto, PhD em Comunica\u00e7\u00e3o e coordenador do curso de Jornalismo da Universidade Estadual Paulista J\u00falio de Mesquita Filho (Unesp), o mercado &hellip; Continued\" \/>\n<meta property=\"og:url\" content=\"https:\/\/publicacoes.estadao.com.br\/guia-da-faculdade\/ciencias-humanas-e-comunicacao\/\" \/>\n<meta property=\"og:site_name\" content=\"Guia da Faculdade 2025\" \/>\n<meta property=\"article:modified_time\" content=\"2025-10-27T18:28:21+00:00\" \/>\n<meta name=\"twitter:card\" content=\"summary_large_image\" \/>\n<meta name=\"twitter:label1\" content=\"Est. tempo de leitura\" \/>\n\t<meta name=\"twitter:data1\" content=\"2 minutos\" \/>\n<script type=\"application\/ld+json\" class=\"yoast-schema-graph\">{\"@context\":\"https:\\\/\\\/schema.org\",\"@graph\":[{\"@type\":\"WebPage\",\"@id\":\"https:\\\/\\\/publicacoes.estadao.com.br\\\/guia-da-faculdade\\\/ciencias-humanas-e-comunicacao\\\/\",\"url\":\"https:\\\/\\\/publicacoes.estadao.com.br\\\/guia-da-faculdade\\\/ciencias-humanas-e-comunicacao\\\/\",\"name\":\"Ci\u00eancias Humanas e Comunica\u00e7\u00e3o - Guia da Faculdade 2025\",\"isPartOf\":{\"@id\":\"https:\\\/\\\/publicacoes.estadao.com.br\\\/guia-da-faculdade\\\/#website\"},\"datePublished\":\"2023-10-19T12:51:22+00:00\",\"dateModified\":\"2025-10-27T18:28:21+00:00\",\"breadcrumb\":{\"@id\":\"https:\\\/\\\/publicacoes.estadao.com.br\\\/guia-da-faculdade\\\/ciencias-humanas-e-comunicacao\\\/#breadcrumb\"},\"inLanguage\":\"pt-BR\",\"potentialAction\":[{\"@type\":\"ReadAction\",\"target\":[\"https:\\\/\\\/publicacoes.estadao.com.br\\\/guia-da-faculdade\\\/ciencias-humanas-e-comunicacao\\\/\"]}]},{\"@type\":\"BreadcrumbList\",\"@id\":\"https:\\\/\\\/publicacoes.estadao.com.br\\\/guia-da-faculdade\\\/ciencias-humanas-e-comunicacao\\\/#breadcrumb\",\"itemListElement\":[{\"@type\":\"ListItem\",\"position\":1,\"name\":\"In\u00edcio\",\"item\":\"https:\\\/\\\/publicacoes.estadao.com.br\\\/guia-da-faculdade\\\/\"},{\"@type\":\"ListItem\",\"position\":2,\"name\":\"Ci\u00eancias Humanas e Comunica\u00e7\u00e3o\"}]},{\"@type\":\"WebSite\",\"@id\":\"https:\\\/\\\/publicacoes.estadao.com.br\\\/guia-da-faculdade\\\/#website\",\"url\":\"https:\\\/\\\/publicacoes.estadao.com.br\\\/guia-da-faculdade\\\/\",\"name\":\"Guia da Faculdade 2025\",\"description\":\"\",\"potentialAction\":[{\"@type\":\"SearchAction\",\"target\":{\"@type\":\"EntryPoint\",\"urlTemplate\":\"https:\\\/\\\/publicacoes.estadao.com.br\\\/guia-da-faculdade\\\/?s={search_term_string}\"},\"query-input\":{\"@type\":\"PropertyValueSpecification\",\"valueRequired\":true,\"valueName\":\"search_term_string\"}}],\"inLanguage\":\"pt-BR\"}]}<\/script>\n<!-- \/ Yoast SEO plugin. -->","yoast_head_json":{"title":"Ci\u00eancias Humanas e Comunica\u00e7\u00e3o - Guia da Faculdade 2025","robots":{"index":"index","follow":"follow","max-snippet":"max-snippet:-1","max-image-preview":"max-image-preview:large","max-video-preview":"max-video-preview:-1"},"canonical":"https:\/\/publicacoes.estadao.com.br\/guia-da-faculdade\/ciencias-humanas-e-comunicacao\/","og_locale":"pt_BR","og_type":"article","og_title":"Ci\u00eancias Humanas e Comunica\u00e7\u00e3o - Guia da Faculdade 2025","og_description":"Essa \u00e1rea vasta re\u00fane cursos t\u00e3o diferentes como Jornalismo, Direito, Pedagogia e Ci\u00eancias Sociais. Cada um deles busca qualificar profissionais para estudar e analisar quest\u00f5es sociais a partir de uma perspectiva pr\u00f3pria. Segundo Denis Porto, PhD em Comunica\u00e7\u00e3o e coordenador do curso de Jornalismo da Universidade Estadual Paulista J\u00falio de Mesquita Filho (Unesp), o mercado &hellip; Continued","og_url":"https:\/\/publicacoes.estadao.com.br\/guia-da-faculdade\/ciencias-humanas-e-comunicacao\/","og_site_name":"Guia da Faculdade 2025","article_modified_time":"2025-10-27T18:28:21+00:00","twitter_card":"summary_large_image","twitter_misc":{"Est. tempo de leitura":"2 minutos"},"schema":{"@context":"https:\/\/schema.org","@graph":[{"@type":"WebPage","@id":"https:\/\/publicacoes.estadao.com.br\/guia-da-faculdade\/ciencias-humanas-e-comunicacao\/","url":"https:\/\/publicacoes.estadao.com.br\/guia-da-faculdade\/ciencias-humanas-e-comunicacao\/","name":"Ci\u00eancias Humanas e Comunica\u00e7\u00e3o - Guia da Faculdade 2025","isPartOf":{"@id":"https:\/\/publicacoes.estadao.com.br\/guia-da-faculdade\/#website"},"datePublished":"2023-10-19T12:51:22+00:00","dateModified":"2025-10-27T18:28:21+00:00","breadcrumb":{"@id":"https:\/\/publicacoes.estadao.com.br\/guia-da-faculdade\/ciencias-humanas-e-comunicacao\/#breadcrumb"},"inLanguage":"pt-BR","potentialAction":[{"@type":"ReadAction","target":["https:\/\/publicacoes.estadao.com.br\/guia-da-faculdade\/ciencias-humanas-e-comunicacao\/"]}]},{"@type":"BreadcrumbList","@id":"https:\/\/publicacoes.estadao.com.br\/guia-da-faculdade\/ciencias-humanas-e-comunicacao\/#breadcrumb","itemListElement":[{"@type":"ListItem","position":1,"name":"In\u00edcio","item":"https:\/\/publicacoes.estadao.com.br\/guia-da-faculdade\/"},{"@type":"ListItem","position":2,"name":"Ci\u00eancias Humanas e Comunica\u00e7\u00e3o"}]},{"@type":"WebSite","@id":"https:\/\/publicacoes.estadao.com.br\/guia-da-faculdade\/#website","url":"https:\/\/publicacoes.estadao.com.br\/guia-da-faculdade\/","name":"Guia da Faculdade 2025","description":"","potentialAction":[{"@type":"SearchAction","target":{"@type":"EntryPoint","urlTemplate":"https:\/\/publicacoes.estadao.com.br\/guia-da-faculdade\/?s={search_term_string}"},"query-input":{"@type":"PropertyValueSpecification","valueRequired":true,"valueName":"search_term_string"}}],"inLanguage":"pt-BR"}]}},"_links":{"self":[{"href":"https:\/\/publicacoes.estadao.com.br\/guia-da-faculdade\/wp-json\/wp\/v2\/pages\/214199","targetHints":{"allow":["GET"]}}],"collection":[{"href":"https:\/\/publicacoes.estadao.com.br\/guia-da-faculdade\/wp-json\/wp\/v2\/pages"}],"about":[{"href":"https:\/\/publicacoes.estadao.com.br\/guia-da-faculdade\/wp-json\/wp\/v2\/types\/page"}],"author":[{"embeddable":true,"href":"https:\/\/publicacoes.estadao.com.br\/guia-da-faculdade\/wp-json\/wp\/v2\/users\/1"}],"replies":[{"embeddable":true,"href":"https:\/\/publicacoes.estadao.com.br\/guia-da-faculdade\/wp-json\/wp\/v2\/comments?post=214199"}],"version-history":[{"count":4,"href":"https:\/\/publicacoes.estadao.com.br\/guia-da-faculdade\/wp-json\/wp\/v2\/pages\/214199\/revisions"}],"predecessor-version":[{"id":251346,"href":"https:\/\/publicacoes.estadao.com.br\/guia-da-faculdade\/wp-json\/wp\/v2\/pages\/214199\/revisions\/251346"}],"wp:attachment":[{"href":"https:\/\/publicacoes.estadao.com.br\/guia-da-faculdade\/wp-json\/wp\/v2\/media?parent=214199"}],"curies":[{"name":"wp","href":"https:\/\/api.w.org\/{rel}","templated":true}]}}