{"id":115241,"date":"2020-10-24T07:36:28","date_gmt":"2020-10-24T10:36:28","guid":{"rendered":"https:\/\/publicacoes.estadao.com.br\/guia-da-faculdade\/?page_id=115241"},"modified":"2020-10-24T07:36:28","modified_gmt":"2020-10-24T10:36:28","slug":"como-e-feita","status":"publish","type":"page","link":"https:\/\/publicacoes.estadao.com.br\/guia-da-faculdade\/como-e-feita\/","title":{"rendered":"As estrelas do Ensino Superior brasileiro"},"content":{"rendered":"<p><span style=\"color: #58b175;\"><strong>PARTICIPA\u00c7\u00c3O DAS INSTITUI\u00c7\u00d5ES<\/strong><\/span><br \/>\nTodas as institui\u00e7\u00f5es de Ensino Superior cadastradas no Minist\u00e9rio da Educa\u00e7\u00e3o (universidades, centros universit\u00e1rios, faculdades e institutos) s\u00e3o convidadas para fazer parte do Guia da Faculdade. Ap\u00f3s se cadastrarem para participar da avalia\u00e7\u00e3o, as institui\u00e7\u00f5es indicam todos os cursos superiores que est\u00e3o recebendo novos alunos<\/p>\n<p><span style=\"color: #58b175;\"><strong>INFORMA\u00c7\u00d5ES UTILIZADAS<\/strong><\/span><br \/>\nO coordenador de cada curso que ser\u00e1 avaliado recebe um question\u00e1rio no qual pode apresentar as principais caracter\u00edsticas da sua gradua\u00e7\u00e3o, com foco em tr\u00eas aspectos:<\/p>\n<blockquote><p><strong>Projeto pedag\u00f3gico<\/strong><br \/>\ncaracter\u00edsticas da proposta de ensino do curso<\/p><\/blockquote>\n<blockquote><p><strong>Corpo docente<\/strong><br \/>\nperfil dos professores vinculados ao curso<\/p><\/blockquote>\n<blockquote><p><strong>Infraestrutura<\/strong><br \/>\ncondi\u00e7\u00f5es de materiais e equipamentos oferecidos<\/p><\/blockquote>\n<p><span style=\"color: #58b175;\"><strong>AVALIADORES E NOTAS<\/strong><\/span><br \/>\nS\u00e3o mais de 10 mil coordenadores e professores do Ensino Superior brasileiro que se cadastraram para atuar como avaliadores do Guia da Faculdade. \u00c9 um trabalho volunt\u00e1rio, sem remunera\u00e7\u00e3o.<\/p>\n<p>Os avaliadores s\u00e3o acionados para dar notas aos cursos das suas \u00e1reas de forma\u00e7\u00e3o e de institui\u00e7\u00f5es prioritariamente localizadas na mesma regi\u00e3o do pa\u00eds na qual trabalham.<\/p>\n<p>Eles s\u00e3o convidados a dar tr\u00eas notas (de 1 a 5) para cada curso:<\/p>\n<blockquote><p><strong><img loading=\"lazy\" decoding=\"async\" class=\"alignnone size-full wp-image-214108\" src=\"https:\/\/webapp334035.ip-172-104-17-109.cloudezapp.io\/wp-content\/uploads\/2024\/06\/star.png\" alt=\"\" width=\"21\" height=\"19\" \/><br \/>\nPara a qualidade do projeto pedag\u00f3gico<\/strong><\/p><\/blockquote>\n<blockquote><p><strong><img loading=\"lazy\" decoding=\"async\" class=\"alignnone size-full wp-image-214108\" src=\"https:\/\/webapp334035.ip-172-104-17-109.cloudezapp.io\/wp-content\/uploads\/2024\/06\/star.png\" alt=\"\" width=\"21\" height=\"19\" \/><br \/>\nPara a qualidade do corpo docente<\/strong><\/p><\/blockquote>\n<blockquote><p><strong><img loading=\"lazy\" decoding=\"async\" class=\"alignnone size-full wp-image-214108\" src=\"https:\/\/webapp334035.ip-172-104-17-109.cloudezapp.io\/wp-content\/uploads\/2024\/06\/star.png\" alt=\"\" width=\"21\" height=\"19\" \/><br \/>\nPara a qualidade da infraestrutura<\/strong><\/p><\/blockquote>\n<p><strong>Cada curso<\/strong> \u00e9 distribu\u00eddo para a avalia\u00e7\u00e3o de <strong>seis professores<\/strong>.<\/p>\n<p>Caso um curso n\u00e3o receba pelo menos <strong>quatro<\/strong> notas dos avaliadores, ele \u00e9 considerado como <strong>\u201csem nota\u201d<\/strong> na avalia\u00e7\u00e3o.<\/p>\n","protected":false},"excerpt":{"rendered":"<p>PARTICIPA\u00c7\u00c3O DAS INSTITUI\u00c7\u00d5ES Todas as institui\u00e7\u00f5es de Ensino Superior cadastradas no Minist\u00e9rio da Educa\u00e7\u00e3o (universidades, centros universit\u00e1rios, faculdades e institutos) s\u00e3o convidadas para fazer parte do Guia da Faculdade. Ap\u00f3s se cadastrarem para participar da avalia\u00e7\u00e3o, as institui\u00e7\u00f5es indicam todos os cursos superiores que est\u00e3o recebendo novos alunos INFORMA\u00c7\u00d5ES UTILIZADAS O coordenador de cada curso &hellip; <a href=\"https:\/\/publicacoes.estadao.com.br\/guia-da-faculdade\/como-e-feita\/\">Continued<\/a><\/p>\n","protected":false},"author":1,"featured_media":214359,"parent":0,"menu_order":0,"comment_status":"closed","ping_status":"closed","template":"template-como-e-feita-2023.php","meta":{"_acf_changed":false,"footnotes":""},"class_list":["post-115241","page","type-page","status-publish","has-post-thumbnail","hentry"],"acf":[],"yoast_head":"<!-- This site is optimized with the Yoast SEO plugin v27.3 - https:\/\/yoast.com\/product\/yoast-seo-wordpress\/ -->\n<title>As estrelas do Ensino Superior brasileiro - Guia da Faculdade 2025<\/title>\n<meta name=\"robots\" content=\"index, follow, max-snippet:-1, max-image-preview:large, max-video-preview:-1\" \/>\n<link rel=\"canonical\" href=\"https:\/\/publicacoes.estadao.com.br\/guia-da-faculdade\/como-e-feita\/\" \/>\n<meta property=\"og:locale\" content=\"pt_BR\" \/>\n<meta property=\"og:type\" content=\"article\" \/>\n<meta property=\"og:title\" content=\"As estrelas do Ensino Superior brasileiro - Guia da Faculdade 2025\" \/>\n<meta property=\"og:description\" content=\"PARTICIPA\u00c7\u00c3O DAS INSTITUI\u00c7\u00d5ES Todas as institui\u00e7\u00f5es de Ensino Superior cadastradas no Minist\u00e9rio da Educa\u00e7\u00e3o (universidades, centros universit\u00e1rios, faculdades e institutos) s\u00e3o convidadas para fazer parte do Guia da Faculdade. Ap\u00f3s se cadastrarem para participar da avalia\u00e7\u00e3o, as institui\u00e7\u00f5es indicam todos os cursos superiores que est\u00e3o recebendo novos alunos INFORMA\u00c7\u00d5ES UTILIZADAS O coordenador de cada curso &hellip; Continued\" \/>\n<meta property=\"og:url\" content=\"https:\/\/publicacoes.estadao.com.br\/guia-da-faculdade\/como-e-feita\/\" \/>\n<meta property=\"og:site_name\" content=\"Guia da Faculdade 2025\" \/>\n<meta property=\"og:image\" content=\"https:\/\/publicacoes.estadao.com.br\/guia-da-faculdade\/wp-content\/uploads\/2024\/06\/como-e-feita.jpg\" \/>\n\t<meta property=\"og:image:width\" content=\"900\" \/>\n\t<meta property=\"og:image:height\" content=\"370\" \/>\n\t<meta property=\"og:image:type\" content=\"image\/jpeg\" \/>\n<meta name=\"twitter:card\" content=\"summary_large_image\" \/>\n<meta name=\"twitter:label1\" content=\"Est. tempo de leitura\" \/>\n\t<meta name=\"twitter:data1\" content=\"1 minuto\" \/>\n<script type=\"application\/ld+json\" class=\"yoast-schema-graph\">{\"@context\":\"https:\\\/\\\/schema.org\",\"@graph\":[{\"@type\":\"WebPage\",\"@id\":\"https:\\\/\\\/publicacoes.estadao.com.br\\\/guia-da-faculdade\\\/como-e-feita\\\/\",\"url\":\"https:\\\/\\\/publicacoes.estadao.com.br\\\/guia-da-faculdade\\\/como-e-feita\\\/\",\"name\":\"As estrelas do Ensino Superior brasileiro - Guia da Faculdade 2025\",\"isPartOf\":{\"@id\":\"https:\\\/\\\/publicacoes.estadao.com.br\\\/guia-da-faculdade\\\/#website\"},\"primaryImageOfPage\":{\"@id\":\"https:\\\/\\\/publicacoes.estadao.com.br\\\/guia-da-faculdade\\\/como-e-feita\\\/#primaryimage\"},\"image\":{\"@id\":\"https:\\\/\\\/publicacoes.estadao.com.br\\\/guia-da-faculdade\\\/como-e-feita\\\/#primaryimage\"},\"thumbnailUrl\":\"https:\\\/\\\/publicacoes.estadao.com.br\\\/guia-da-faculdade\\\/wp-content\\\/uploads\\\/2024\\\/06\\\/como-e-feita.jpg\",\"datePublished\":\"2020-10-24T10:36:28+00:00\",\"breadcrumb\":{\"@id\":\"https:\\\/\\\/publicacoes.estadao.com.br\\\/guia-da-faculdade\\\/como-e-feita\\\/#breadcrumb\"},\"inLanguage\":\"pt-BR\",\"potentialAction\":[{\"@type\":\"ReadAction\",\"target\":[\"https:\\\/\\\/publicacoes.estadao.com.br\\\/guia-da-faculdade\\\/como-e-feita\\\/\"]}]},{\"@type\":\"ImageObject\",\"inLanguage\":\"pt-BR\",\"@id\":\"https:\\\/\\\/publicacoes.estadao.com.br\\\/guia-da-faculdade\\\/como-e-feita\\\/#primaryimage\",\"url\":\"https:\\\/\\\/publicacoes.estadao.com.br\\\/guia-da-faculdade\\\/wp-content\\\/uploads\\\/2024\\\/06\\\/como-e-feita.jpg\",\"contentUrl\":\"https:\\\/\\\/publicacoes.estadao.com.br\\\/guia-da-faculdade\\\/wp-content\\\/uploads\\\/2024\\\/06\\\/como-e-feita.jpg\",\"width\":900,\"height\":370},{\"@type\":\"BreadcrumbList\",\"@id\":\"https:\\\/\\\/publicacoes.estadao.com.br\\\/guia-da-faculdade\\\/como-e-feita\\\/#breadcrumb\",\"itemListElement\":[{\"@type\":\"ListItem\",\"position\":1,\"name\":\"In\u00edcio\",\"item\":\"https:\\\/\\\/publicacoes.estadao.com.br\\\/guia-da-faculdade\\\/\"},{\"@type\":\"ListItem\",\"position\":2,\"name\":\"As estrelas do Ensino Superior brasileiro\"}]},{\"@type\":\"WebSite\",\"@id\":\"https:\\\/\\\/publicacoes.estadao.com.br\\\/guia-da-faculdade\\\/#website\",\"url\":\"https:\\\/\\\/publicacoes.estadao.com.br\\\/guia-da-faculdade\\\/\",\"name\":\"Guia da Faculdade 2025\",\"description\":\"\",\"potentialAction\":[{\"@type\":\"SearchAction\",\"target\":{\"@type\":\"EntryPoint\",\"urlTemplate\":\"https:\\\/\\\/publicacoes.estadao.com.br\\\/guia-da-faculdade\\\/?s={search_term_string}\"},\"query-input\":{\"@type\":\"PropertyValueSpecification\",\"valueRequired\":true,\"valueName\":\"search_term_string\"}}],\"inLanguage\":\"pt-BR\"}]}<\/script>\n<!-- \/ Yoast SEO plugin. -->","yoast_head_json":{"title":"As estrelas do Ensino Superior brasileiro - Guia da Faculdade 2025","robots":{"index":"index","follow":"follow","max-snippet":"max-snippet:-1","max-image-preview":"max-image-preview:large","max-video-preview":"max-video-preview:-1"},"canonical":"https:\/\/publicacoes.estadao.com.br\/guia-da-faculdade\/como-e-feita\/","og_locale":"pt_BR","og_type":"article","og_title":"As estrelas do Ensino Superior brasileiro - Guia da Faculdade 2025","og_description":"PARTICIPA\u00c7\u00c3O DAS INSTITUI\u00c7\u00d5ES Todas as institui\u00e7\u00f5es de Ensino Superior cadastradas no Minist\u00e9rio da Educa\u00e7\u00e3o (universidades, centros universit\u00e1rios, faculdades e institutos) s\u00e3o convidadas para fazer parte do Guia da Faculdade. Ap\u00f3s se cadastrarem para participar da avalia\u00e7\u00e3o, as institui\u00e7\u00f5es indicam todos os cursos superiores que est\u00e3o recebendo novos alunos INFORMA\u00c7\u00d5ES UTILIZADAS O coordenador de cada curso &hellip; Continued","og_url":"https:\/\/publicacoes.estadao.com.br\/guia-da-faculdade\/como-e-feita\/","og_site_name":"Guia da Faculdade 2025","og_image":[{"width":900,"height":370,"url":"https:\/\/publicacoes.estadao.com.br\/guia-da-faculdade\/wp-content\/uploads\/2024\/06\/como-e-feita.jpg","type":"image\/jpeg"}],"twitter_card":"summary_large_image","twitter_misc":{"Est. tempo de leitura":"1 minuto"},"schema":{"@context":"https:\/\/schema.org","@graph":[{"@type":"WebPage","@id":"https:\/\/publicacoes.estadao.com.br\/guia-da-faculdade\/como-e-feita\/","url":"https:\/\/publicacoes.estadao.com.br\/guia-da-faculdade\/como-e-feita\/","name":"As estrelas do Ensino Superior brasileiro - Guia da Faculdade 2025","isPartOf":{"@id":"https:\/\/publicacoes.estadao.com.br\/guia-da-faculdade\/#website"},"primaryImageOfPage":{"@id":"https:\/\/publicacoes.estadao.com.br\/guia-da-faculdade\/como-e-feita\/#primaryimage"},"image":{"@id":"https:\/\/publicacoes.estadao.com.br\/guia-da-faculdade\/como-e-feita\/#primaryimage"},"thumbnailUrl":"https:\/\/publicacoes.estadao.com.br\/guia-da-faculdade\/wp-content\/uploads\/2024\/06\/como-e-feita.jpg","datePublished":"2020-10-24T10:36:28+00:00","breadcrumb":{"@id":"https:\/\/publicacoes.estadao.com.br\/guia-da-faculdade\/como-e-feita\/#breadcrumb"},"inLanguage":"pt-BR","potentialAction":[{"@type":"ReadAction","target":["https:\/\/publicacoes.estadao.com.br\/guia-da-faculdade\/como-e-feita\/"]}]},{"@type":"ImageObject","inLanguage":"pt-BR","@id":"https:\/\/publicacoes.estadao.com.br\/guia-da-faculdade\/como-e-feita\/#primaryimage","url":"https:\/\/publicacoes.estadao.com.br\/guia-da-faculdade\/wp-content\/uploads\/2024\/06\/como-e-feita.jpg","contentUrl":"https:\/\/publicacoes.estadao.com.br\/guia-da-faculdade\/wp-content\/uploads\/2024\/06\/como-e-feita.jpg","width":900,"height":370},{"@type":"BreadcrumbList","@id":"https:\/\/publicacoes.estadao.com.br\/guia-da-faculdade\/como-e-feita\/#breadcrumb","itemListElement":[{"@type":"ListItem","position":1,"name":"In\u00edcio","item":"https:\/\/publicacoes.estadao.com.br\/guia-da-faculdade\/"},{"@type":"ListItem","position":2,"name":"As estrelas do Ensino Superior brasileiro"}]},{"@type":"WebSite","@id":"https:\/\/publicacoes.estadao.com.br\/guia-da-faculdade\/#website","url":"https:\/\/publicacoes.estadao.com.br\/guia-da-faculdade\/","name":"Guia da Faculdade 2025","description":"","potentialAction":[{"@type":"SearchAction","target":{"@type":"EntryPoint","urlTemplate":"https:\/\/publicacoes.estadao.com.br\/guia-da-faculdade\/?s={search_term_string}"},"query-input":{"@type":"PropertyValueSpecification","valueRequired":true,"valueName":"search_term_string"}}],"inLanguage":"pt-BR"}]}},"_links":{"self":[{"href":"https:\/\/publicacoes.estadao.com.br\/guia-da-faculdade\/wp-json\/wp\/v2\/pages\/115241","targetHints":{"allow":["GET"]}}],"collection":[{"href":"https:\/\/publicacoes.estadao.com.br\/guia-da-faculdade\/wp-json\/wp\/v2\/pages"}],"about":[{"href":"https:\/\/publicacoes.estadao.com.br\/guia-da-faculdade\/wp-json\/wp\/v2\/types\/page"}],"author":[{"embeddable":true,"href":"https:\/\/publicacoes.estadao.com.br\/guia-da-faculdade\/wp-json\/wp\/v2\/users\/1"}],"replies":[{"embeddable":true,"href":"https:\/\/publicacoes.estadao.com.br\/guia-da-faculdade\/wp-json\/wp\/v2\/comments?post=115241"}],"version-history":[{"count":0,"href":"https:\/\/publicacoes.estadao.com.br\/guia-da-faculdade\/wp-json\/wp\/v2\/pages\/115241\/revisions"}],"wp:featuredmedia":[{"embeddable":true,"href":"https:\/\/publicacoes.estadao.com.br\/guia-da-faculdade\/wp-json\/wp\/v2\/media\/214359"}],"wp:attachment":[{"href":"https:\/\/publicacoes.estadao.com.br\/guia-da-faculdade\/wp-json\/wp\/v2\/media?parent=115241"}],"curies":[{"name":"wp","href":"https:\/\/api.w.org\/{rel}","templated":true}]}}