{"id":28121,"date":"2019-09-25T16:07:44","date_gmt":"2019-09-25T19:07:44","guid":{"rendered":"http:\/\/publicacoes.estadao.com.br\/guia-da-faculdade\/?page_id=28121"},"modified":"2024-10-19T17:13:11","modified_gmt":"2024-10-19T20:13:11","slug":"ciencias-biologicas-e-da-terra","status":"publish","type":"page","link":"https:\/\/publicacoes.estadao.com.br\/guia-da-faculdade-2024\/ciencias-biologicas-e-da-terra\/","title":{"rendered":"Ci\u00eancias Biol\u00f3gicas e da Terra"},"content":{"rendered":"<p><span style=\"font-weight: 400;\">As Ci\u00eancias Biol\u00f3gicas e da Terra abrigam um leque de cursos superiores que vai da Medicina Veterin\u00e1ria, passando pela Agronomia, Geologia at\u00e9 a Meteorologia. Essas gradua\u00e7\u00f5es compartilham um cen\u00e1rio no qual as preocupa\u00e7\u00f5es ambientais crescem a cada ano. \u201cOs aspectos-chave que podem marcar o profissional dessa \u00e1rea est\u00e3o atrelados \u00e0 quest\u00e3o ambiental, biotecnol\u00f3gica e de transi\u00e7\u00e3o energ\u00e9tica. O egresso encontra muitas possibilidades de atua\u00e7\u00e3o, tanto na esfera privada como na p\u00fablica\u201d, diz Raphael Alves, coordenador do curso de Ci\u00eancias Biol\u00f3gicas da Universidade Federal do Cear\u00e1 (UFC).<\/span><\/p>\n<p><span style=\"font-weight: 400;\">Para Felipe Micali, coordenador do curso de Ci\u00eancias Biol\u00f3gicas da Universidade Federal do Sul da Bahia (UFSB), o mercado de trabalho para os pr\u00f3ximos anos ser\u00e1 diretamente impactado pelo rumo das pol\u00edticas p\u00fablicas ambientais: \u201cGovernos e governantes negacionistas clim\u00e1ticos, e com vis\u00e3o ultrapassada de desenvolvimento econ\u00f4mico, exercem influ\u00eancia negativa sobre o mercado de trabalho para os profissionais da \u00e1rea.\u201d<\/span><\/p>\n<p><span style=\"font-weight: 400;\">Mas n\u00e3o \u00e9 s\u00f3 a quest\u00e3o ambiental que vem trazendo grandes transforma\u00e7\u00f5es no setor. O avan\u00e7o da tecnologia no meio rural tamb\u00e9m tem tido destaque. \u201cA agricultura de precis\u00e3o e a biotecnologia agr\u00edcola est\u00e3o crescendo, usando tecnologias avan\u00e7adas para otimizar a produ\u00e7\u00e3o agr\u00edcola\u201d, afirma Eliane Santar\u00e9m, coordenadora do curso de Ci\u00eancias Biol\u00f3gicas da Pontif\u00edcia Universidade Cat\u00f3lica do Rio Grande do Sul (PUCRS).<\/span><\/p>\n<p><span style=\"font-weight: 400;\">Entre as gradua\u00e7\u00f5es mais procuradas na \u00e1rea, a Medicina Veterin\u00e1ria segue como destaque, atraindo quase 50 mil alunos anualmente. H\u00e1 ainda na lista, a Zootecnia, que tamb\u00e9m leva os graduados a trabalhar com animais, mas com foco em aumentar a efici\u00eancia e a produtividade das cria\u00e7\u00f5es.<\/span><\/p>\n<p><strong>Principais cursos da \u00e1rea<\/strong><\/p>\n<table width=\"100%\">\n<tbody>\n<tr>\n<td width=\"\"><strong>Curso<\/strong><\/td>\n<td width=\"\"><strong>N\u00ba ingressantes 2023<\/strong><\/td>\n<\/tr>\n<tr>\n<td width=\"\">Medicina veterin\u00e1ria<\/td>\n<td width=\"\">48.866<\/td>\n<\/tr>\n<tr>\n<td width=\"\">Agronomia<\/td>\n<td width=\"\">28.583<\/td>\n<\/tr>\n<tr>\n<td width=\"\">Ci\u00eancias biol\u00f3gicas (licenciatura + bacharelado)<\/td>\n<td width=\"\">19.144<\/td>\n<\/tr>\n<tr>\n<td width=\"\">Zootecnia<\/td>\n<td width=\"\">4.704<\/td>\n<\/tr>\n<tr>\n<td width=\"\">Gest\u00e3o ambiental<\/td>\n<td width=\"\">2.290<\/td>\n<\/tr>\n<\/tbody>\n<\/table>\n<p><em>Fonte: Censo da Educa\u00e7\u00e3o Superior 2023 (Inep)<\/em><\/p>\n","protected":false},"excerpt":{"rendered":"<p>As Ci\u00eancias Biol\u00f3gicas e da Terra abrigam um leque de cursos superiores que vai da Medicina Veterin\u00e1ria, passando pela Agronomia, Geologia at\u00e9 a Meteorologia. Essas gradua\u00e7\u00f5es compartilham um cen\u00e1rio no qual as preocupa\u00e7\u00f5es ambientais crescem a cada ano. \u201cOs aspectos-chave que podem marcar o profissional dessa \u00e1rea est\u00e3o atrelados \u00e0 quest\u00e3o ambiental, biotecnol\u00f3gica e de &hellip; <a href=\"https:\/\/publicacoes.estadao.com.br\/guia-da-faculdade-2024\/ciencias-biologicas-e-da-terra\/\">Continued<\/a><\/p>\n","protected":false},"author":1,"featured_media":0,"parent":0,"menu_order":0,"comment_status":"closed","ping_status":"closed","template":"template-destaques-ac-ciencias-biologicas-e-da-terra.php","meta":{"footnotes":""},"class_list":["post-28121","page","type-page","status-publish","hentry"],"yoast_head":"<!-- This site is optimized with the Yoast SEO plugin v23.6 - https:\/\/yoast.com\/wordpress\/plugins\/seo\/ -->\n<title>Ci\u00eancias Biol\u00f3gicas e da Terra - Guia da Faculdade 2024<\/title>\n<meta name=\"robots\" content=\"noindex, follow, max-snippet:-1, max-image-preview:large, max-video-preview:-1\" \/>\n<meta property=\"og:locale\" content=\"pt_BR\" \/>\n<meta property=\"og:type\" content=\"article\" \/>\n<meta property=\"og:title\" content=\"Ci\u00eancias Biol\u00f3gicas e da Terra - Guia da Faculdade 2024\" \/>\n<meta property=\"og:description\" content=\"As Ci\u00eancias Biol\u00f3gicas e da Terra abrigam um leque de cursos superiores que vai da Medicina Veterin\u00e1ria, passando pela Agronomia, Geologia at\u00e9 a Meteorologia. Essas gradua\u00e7\u00f5es compartilham um cen\u00e1rio no qual as preocupa\u00e7\u00f5es ambientais crescem a cada ano. \u201cOs aspectos-chave que podem marcar o profissional dessa \u00e1rea est\u00e3o atrelados \u00e0 quest\u00e3o ambiental, biotecnol\u00f3gica e de &hellip; Continued\" \/>\n<meta property=\"og:url\" content=\"https:\/\/publicacoes.estadao.com.br\/guia-da-faculdade-2024\/ciencias-biologicas-e-da-terra\/\" \/>\n<meta property=\"og:site_name\" content=\"Guia da Faculdade 2024\" \/>\n<meta property=\"article:modified_time\" content=\"2024-10-19T20:13:11+00:00\" \/>\n<meta name=\"twitter:card\" content=\"summary_large_image\" \/>\n<meta name=\"twitter:label1\" content=\"Est. tempo de leitura\" \/>\n\t<meta name=\"twitter:data1\" content=\"2 minutos\" \/>\n<script type=\"application\/ld+json\" class=\"yoast-schema-graph\">{\"@context\":\"https:\/\/schema.org\",\"@graph\":[{\"@type\":\"WebPage\",\"@id\":\"https:\/\/publicacoes.estadao.com.br\/guia-da-faculdade-2024\/ciencias-biologicas-e-da-terra\/\",\"url\":\"https:\/\/publicacoes.estadao.com.br\/guia-da-faculdade-2024\/ciencias-biologicas-e-da-terra\/\",\"name\":\"Ci\u00eancias Biol\u00f3gicas e da Terra - Guia da Faculdade 2024\",\"isPartOf\":{\"@id\":\"https:\/\/publicacoes.estadao.com.br\/guia-da-faculdade-2024\/#website\"},\"datePublished\":\"2019-09-25T19:07:44+00:00\",\"dateModified\":\"2024-10-19T20:13:11+00:00\",\"breadcrumb\":{\"@id\":\"https:\/\/publicacoes.estadao.com.br\/guia-da-faculdade-2024\/ciencias-biologicas-e-da-terra\/#breadcrumb\"},\"inLanguage\":\"pt-BR\",\"potentialAction\":[{\"@type\":\"ReadAction\",\"target\":[\"https:\/\/publicacoes.estadao.com.br\/guia-da-faculdade-2024\/ciencias-biologicas-e-da-terra\/\"]}]},{\"@type\":\"BreadcrumbList\",\"@id\":\"https:\/\/publicacoes.estadao.com.br\/guia-da-faculdade-2024\/ciencias-biologicas-e-da-terra\/#breadcrumb\",\"itemListElement\":[{\"@type\":\"ListItem\",\"position\":1,\"name\":\"In\u00edcio\",\"item\":\"https:\/\/publicacoes.estadao.com.br\/guia-da-faculdade-2024\/\"},{\"@type\":\"ListItem\",\"position\":2,\"name\":\"Ci\u00eancias Biol\u00f3gicas e da Terra\"}]},{\"@type\":\"WebSite\",\"@id\":\"https:\/\/publicacoes.estadao.com.br\/guia-da-faculdade-2024\/#website\",\"url\":\"https:\/\/publicacoes.estadao.com.br\/guia-da-faculdade-2024\/\",\"name\":\"Guia da Faculdade 2024\",\"description\":\"Parceria Estad\u00e3o e Quero Educa\u00e7\u00e3o\",\"potentialAction\":[{\"@type\":\"SearchAction\",\"target\":{\"@type\":\"EntryPoint\",\"urlTemplate\":\"https:\/\/publicacoes.estadao.com.br\/guia-da-faculdade-2024\/?s={search_term_string}\"},\"query-input\":{\"@type\":\"PropertyValueSpecification\",\"valueRequired\":true,\"valueName\":\"search_term_string\"}}],\"inLanguage\":\"pt-BR\"}]}<\/script>\n<!-- \/ Yoast SEO plugin. -->","yoast_head_json":{"title":"Ci\u00eancias Biol\u00f3gicas e da Terra - Guia da Faculdade 2024","robots":{"index":"noindex","follow":"follow","max-snippet":"max-snippet:-1","max-image-preview":"max-image-preview:large","max-video-preview":"max-video-preview:-1"},"og_locale":"pt_BR","og_type":"article","og_title":"Ci\u00eancias Biol\u00f3gicas e da Terra - Guia da Faculdade 2024","og_description":"As Ci\u00eancias Biol\u00f3gicas e da Terra abrigam um leque de cursos superiores que vai da Medicina Veterin\u00e1ria, passando pela Agronomia, Geologia at\u00e9 a Meteorologia. Essas gradua\u00e7\u00f5es compartilham um cen\u00e1rio no qual as preocupa\u00e7\u00f5es ambientais crescem a cada ano. \u201cOs aspectos-chave que podem marcar o profissional dessa \u00e1rea est\u00e3o atrelados \u00e0 quest\u00e3o ambiental, biotecnol\u00f3gica e de &hellip; Continued","og_url":"https:\/\/publicacoes.estadao.com.br\/guia-da-faculdade-2024\/ciencias-biologicas-e-da-terra\/","og_site_name":"Guia da Faculdade 2024","article_modified_time":"2024-10-19T20:13:11+00:00","twitter_card":"summary_large_image","twitter_misc":{"Est. tempo de leitura":"2 minutos"},"schema":{"@context":"https:\/\/schema.org","@graph":[{"@type":"WebPage","@id":"https:\/\/publicacoes.estadao.com.br\/guia-da-faculdade-2024\/ciencias-biologicas-e-da-terra\/","url":"https:\/\/publicacoes.estadao.com.br\/guia-da-faculdade-2024\/ciencias-biologicas-e-da-terra\/","name":"Ci\u00eancias Biol\u00f3gicas e da Terra - Guia da Faculdade 2024","isPartOf":{"@id":"https:\/\/publicacoes.estadao.com.br\/guia-da-faculdade-2024\/#website"},"datePublished":"2019-09-25T19:07:44+00:00","dateModified":"2024-10-19T20:13:11+00:00","breadcrumb":{"@id":"https:\/\/publicacoes.estadao.com.br\/guia-da-faculdade-2024\/ciencias-biologicas-e-da-terra\/#breadcrumb"},"inLanguage":"pt-BR","potentialAction":[{"@type":"ReadAction","target":["https:\/\/publicacoes.estadao.com.br\/guia-da-faculdade-2024\/ciencias-biologicas-e-da-terra\/"]}]},{"@type":"BreadcrumbList","@id":"https:\/\/publicacoes.estadao.com.br\/guia-da-faculdade-2024\/ciencias-biologicas-e-da-terra\/#breadcrumb","itemListElement":[{"@type":"ListItem","position":1,"name":"In\u00edcio","item":"https:\/\/publicacoes.estadao.com.br\/guia-da-faculdade-2024\/"},{"@type":"ListItem","position":2,"name":"Ci\u00eancias Biol\u00f3gicas e da Terra"}]},{"@type":"WebSite","@id":"https:\/\/publicacoes.estadao.com.br\/guia-da-faculdade-2024\/#website","url":"https:\/\/publicacoes.estadao.com.br\/guia-da-faculdade-2024\/","name":"Guia da Faculdade 2024","description":"Parceria Estad\u00e3o e Quero Educa\u00e7\u00e3o","potentialAction":[{"@type":"SearchAction","target":{"@type":"EntryPoint","urlTemplate":"https:\/\/publicacoes.estadao.com.br\/guia-da-faculdade-2024\/?s={search_term_string}"},"query-input":{"@type":"PropertyValueSpecification","valueRequired":true,"valueName":"search_term_string"}}],"inLanguage":"pt-BR"}]}},"_links":{"self":[{"href":"https:\/\/publicacoes.estadao.com.br\/guia-da-faculdade-2024\/wp-json\/wp\/v2\/pages\/28121","targetHints":{"allow":["GET"]}}],"collection":[{"href":"https:\/\/publicacoes.estadao.com.br\/guia-da-faculdade-2024\/wp-json\/wp\/v2\/pages"}],"about":[{"href":"https:\/\/publicacoes.estadao.com.br\/guia-da-faculdade-2024\/wp-json\/wp\/v2\/types\/page"}],"author":[{"embeddable":true,"href":"https:\/\/publicacoes.estadao.com.br\/guia-da-faculdade-2024\/wp-json\/wp\/v2\/users\/1"}],"replies":[{"embeddable":true,"href":"https:\/\/publicacoes.estadao.com.br\/guia-da-faculdade-2024\/wp-json\/wp\/v2\/comments?post=28121"}],"version-history":[{"count":4,"href":"https:\/\/publicacoes.estadao.com.br\/guia-da-faculdade-2024\/wp-json\/wp\/v2\/pages\/28121\/revisions"}],"predecessor-version":[{"id":214904,"href":"https:\/\/publicacoes.estadao.com.br\/guia-da-faculdade-2024\/wp-json\/wp\/v2\/pages\/28121\/revisions\/214904"}],"wp:attachment":[{"href":"https:\/\/publicacoes.estadao.com.br\/guia-da-faculdade-2024\/wp-json\/wp\/v2\/media?parent=28121"}],"curies":[{"name":"wp","href":"https:\/\/api.w.org\/{rel}","templated":true}]}}