{"id":28119,"date":"2019-09-25T16:07:23","date_gmt":"2019-09-25T19:07:23","guid":{"rendered":"http:\/\/publicacoes.estadao.com.br\/guia-da-faculdade\/?page_id=28119"},"modified":"2024-10-19T17:10:57","modified_gmt":"2024-10-19T20:10:57","slug":"artes-e-design","status":"publish","type":"page","link":"https:\/\/publicacoes.estadao.com.br\/guia-da-faculdade-2024\/artes-e-design\/","title":{"rendered":"Artes e Design"},"content":{"rendered":"<p><span style=\"font-weight: 400;\">No Ensino Superior, a arte e o design s\u00e3o a base de cursos que desenvolvem diferentes formas de express\u00e3o art\u00edstica. Entre as diversas \u00e1reas de trabalho, est\u00e3o as carreiras como artista visual <\/span><i><span style=\"font-weight: 400;\">(pintor, escultor, ilustrador)<\/span><\/i><span style=\"font-weight: 400;\">, professor no Ensino B\u00e1sico, curador em museus, gestor cultural, m\u00fasico, cr\u00edtico de arte e cen\u00f3grafo.<\/span><\/p>\n<p><span style=\"font-weight: 400;\">Apesar das variadas oportunidades, os graduados enfrentam algumas barreiras de reconhecimento. \u201cEssa lacuna [<\/span><i><span style=\"font-weight: 400;\">de reconheciment<\/span><\/i><span style=\"font-weight: 400;\">o] traz desinforma\u00e7\u00e3o e desvaloriza\u00e7\u00e3o. Os artistas enfrentam dificuldades para receber financiamento para projetos institucionais e\/ou independentes\u201d, afirma Selma Machado, coordenadora do curso de Artes Visuais da Universidade Estadual de Campinas (Unicamp).<\/span><\/p>\n<p><span style=\"font-weight: 400;\">Se os cursos ligados \u00e0s artes mais tradicionais buscam mais valoriza\u00e7\u00e3o, outras gradua\u00e7\u00f5es encontram um cen\u00e1rio mais favor\u00e1vel. Um exemplo \u00e9 a gradua\u00e7\u00e3o de Design, a segunda com mais ingressantes nessa \u00e1rea de conhecimento. \u201cH\u00e1 uma valoriza\u00e7\u00e3o do UX, <\/span><i><span style=\"font-weight: 400;\">user experience <\/span><\/i><span style=\"font-weight: 400;\">ou \u2018experi\u00eancia focada no usu\u00e1rio\u2019. Isso \u00e9 um preceito b\u00e1sico de Design, mas que chegou agora aos holofotes da m\u00eddia\u201d, diz Fernando Bakos, coordenador do curso de Design da Pontif\u00edcia Universidade Cat\u00f3lica do Rio Grande do Sul (PUCRS).<\/span><\/p>\n<p><span style=\"font-weight: 400;\">A gradua\u00e7\u00e3o mais popular, por\u00e9m, segue sendo a de Arquitetura, que atrai anualmente quase 30 mil alunos para as institui\u00e7\u00f5es de Ensino Superior de todo o Brasil.<\/span><\/p>\n<p><strong>Principais cursos da \u00e1rea<\/strong><\/p>\n<table width=\"100%\">\n<tbody>\n<tr>\n<td width=\"\"><strong>Curso<\/strong><\/td>\n<td width=\"\"><strong>N\u00ba ingressantes 2023<\/strong><\/td>\n<\/tr>\n<tr>\n<td width=\"\">Arquitetura e urbanismo<\/td>\n<td width=\"\">29.392<\/td>\n<\/tr>\n<tr>\n<td width=\"\">Design*<\/td>\n<td width=\"\">13.899<\/td>\n<\/tr>\n<tr>\n<td width=\"\">Moda<\/td>\n<td width=\"\">5.679<\/td>\n<\/tr>\n<tr>\n<td width=\"\">Artes visuais (licenciatura + bacharelado)<\/td>\n<td width=\"\">3.760<\/td>\n<\/tr>\n<tr>\n<td width=\"\">ABI Artes e Humanidades<\/td>\n<td width=\"\">3.745<\/td>\n<\/tr>\n<\/tbody>\n<\/table>\n<p><em>Fonte: Censo da Educa\u00e7\u00e3o Superior 2023 (Inep)<br \/>\n*Considerando ingressantes dos cursos de Design, Design Gr\u00e1fico e Design de Produto<\/em><\/p>\n","protected":false},"excerpt":{"rendered":"<p>No Ensino Superior, a arte e o design s\u00e3o a base de cursos que desenvolvem diferentes formas de express\u00e3o art\u00edstica. Entre as diversas \u00e1reas de trabalho, est\u00e3o as carreiras como artista visual (pintor, escultor, ilustrador), professor no Ensino B\u00e1sico, curador em museus, gestor cultural, m\u00fasico, cr\u00edtico de arte e cen\u00f3grafo. Apesar das variadas oportunidades, os &hellip; <a href=\"https:\/\/publicacoes.estadao.com.br\/guia-da-faculdade-2024\/artes-e-design\/\">Continued<\/a><\/p>\n","protected":false},"author":1,"featured_media":0,"parent":0,"menu_order":0,"comment_status":"closed","ping_status":"closed","template":"template-destaques-ac-artes-e-design.php","meta":{"footnotes":""},"class_list":["post-28119","page","type-page","status-publish","hentry"],"yoast_head":"<!-- This site is optimized with the Yoast SEO plugin v23.6 - https:\/\/yoast.com\/wordpress\/plugins\/seo\/ -->\n<title>Artes e Design - Guia da Faculdade 2024<\/title>\n<meta name=\"robots\" content=\"noindex, follow, max-snippet:-1, max-image-preview:large, max-video-preview:-1\" \/>\n<meta property=\"og:locale\" content=\"pt_BR\" \/>\n<meta property=\"og:type\" content=\"article\" \/>\n<meta property=\"og:title\" content=\"Artes e Design - Guia da Faculdade 2024\" \/>\n<meta property=\"og:description\" content=\"No Ensino Superior, a arte e o design s\u00e3o a base de cursos que desenvolvem diferentes formas de express\u00e3o art\u00edstica. Entre as diversas \u00e1reas de trabalho, est\u00e3o as carreiras como artista visual (pintor, escultor, ilustrador), professor no Ensino B\u00e1sico, curador em museus, gestor cultural, m\u00fasico, cr\u00edtico de arte e cen\u00f3grafo. Apesar das variadas oportunidades, os &hellip; Continued\" \/>\n<meta property=\"og:url\" content=\"https:\/\/publicacoes.estadao.com.br\/guia-da-faculdade-2024\/artes-e-design\/\" \/>\n<meta property=\"og:site_name\" content=\"Guia da Faculdade 2024\" \/>\n<meta property=\"article:modified_time\" content=\"2024-10-19T20:10:57+00:00\" \/>\n<meta name=\"twitter:card\" content=\"summary_large_image\" \/>\n<meta name=\"twitter:label1\" content=\"Est. tempo de leitura\" \/>\n\t<meta name=\"twitter:data1\" content=\"1 minuto\" \/>\n<script type=\"application\/ld+json\" class=\"yoast-schema-graph\">{\"@context\":\"https:\/\/schema.org\",\"@graph\":[{\"@type\":\"WebPage\",\"@id\":\"https:\/\/publicacoes.estadao.com.br\/guia-da-faculdade-2024\/artes-e-design\/\",\"url\":\"https:\/\/publicacoes.estadao.com.br\/guia-da-faculdade-2024\/artes-e-design\/\",\"name\":\"Artes e Design - Guia da Faculdade 2024\",\"isPartOf\":{\"@id\":\"https:\/\/publicacoes.estadao.com.br\/guia-da-faculdade-2024\/#website\"},\"datePublished\":\"2019-09-25T19:07:23+00:00\",\"dateModified\":\"2024-10-19T20:10:57+00:00\",\"breadcrumb\":{\"@id\":\"https:\/\/publicacoes.estadao.com.br\/guia-da-faculdade-2024\/artes-e-design\/#breadcrumb\"},\"inLanguage\":\"pt-BR\",\"potentialAction\":[{\"@type\":\"ReadAction\",\"target\":[\"https:\/\/publicacoes.estadao.com.br\/guia-da-faculdade-2024\/artes-e-design\/\"]}]},{\"@type\":\"BreadcrumbList\",\"@id\":\"https:\/\/publicacoes.estadao.com.br\/guia-da-faculdade-2024\/artes-e-design\/#breadcrumb\",\"itemListElement\":[{\"@type\":\"ListItem\",\"position\":1,\"name\":\"In\u00edcio\",\"item\":\"https:\/\/publicacoes.estadao.com.br\/guia-da-faculdade-2024\/\"},{\"@type\":\"ListItem\",\"position\":2,\"name\":\"Artes e Design\"}]},{\"@type\":\"WebSite\",\"@id\":\"https:\/\/publicacoes.estadao.com.br\/guia-da-faculdade-2024\/#website\",\"url\":\"https:\/\/publicacoes.estadao.com.br\/guia-da-faculdade-2024\/\",\"name\":\"Guia da Faculdade 2024\",\"description\":\"Parceria Estad\u00e3o e Quero Educa\u00e7\u00e3o\",\"potentialAction\":[{\"@type\":\"SearchAction\",\"target\":{\"@type\":\"EntryPoint\",\"urlTemplate\":\"https:\/\/publicacoes.estadao.com.br\/guia-da-faculdade-2024\/?s={search_term_string}\"},\"query-input\":{\"@type\":\"PropertyValueSpecification\",\"valueRequired\":true,\"valueName\":\"search_term_string\"}}],\"inLanguage\":\"pt-BR\"}]}<\/script>\n<!-- \/ Yoast SEO plugin. -->","yoast_head_json":{"title":"Artes e Design - Guia da Faculdade 2024","robots":{"index":"noindex","follow":"follow","max-snippet":"max-snippet:-1","max-image-preview":"max-image-preview:large","max-video-preview":"max-video-preview:-1"},"og_locale":"pt_BR","og_type":"article","og_title":"Artes e Design - Guia da Faculdade 2024","og_description":"No Ensino Superior, a arte e o design s\u00e3o a base de cursos que desenvolvem diferentes formas de express\u00e3o art\u00edstica. Entre as diversas \u00e1reas de trabalho, est\u00e3o as carreiras como artista visual (pintor, escultor, ilustrador), professor no Ensino B\u00e1sico, curador em museus, gestor cultural, m\u00fasico, cr\u00edtico de arte e cen\u00f3grafo. Apesar das variadas oportunidades, os &hellip; Continued","og_url":"https:\/\/publicacoes.estadao.com.br\/guia-da-faculdade-2024\/artes-e-design\/","og_site_name":"Guia da Faculdade 2024","article_modified_time":"2024-10-19T20:10:57+00:00","twitter_card":"summary_large_image","twitter_misc":{"Est. tempo de leitura":"1 minuto"},"schema":{"@context":"https:\/\/schema.org","@graph":[{"@type":"WebPage","@id":"https:\/\/publicacoes.estadao.com.br\/guia-da-faculdade-2024\/artes-e-design\/","url":"https:\/\/publicacoes.estadao.com.br\/guia-da-faculdade-2024\/artes-e-design\/","name":"Artes e Design - Guia da Faculdade 2024","isPartOf":{"@id":"https:\/\/publicacoes.estadao.com.br\/guia-da-faculdade-2024\/#website"},"datePublished":"2019-09-25T19:07:23+00:00","dateModified":"2024-10-19T20:10:57+00:00","breadcrumb":{"@id":"https:\/\/publicacoes.estadao.com.br\/guia-da-faculdade-2024\/artes-e-design\/#breadcrumb"},"inLanguage":"pt-BR","potentialAction":[{"@type":"ReadAction","target":["https:\/\/publicacoes.estadao.com.br\/guia-da-faculdade-2024\/artes-e-design\/"]}]},{"@type":"BreadcrumbList","@id":"https:\/\/publicacoes.estadao.com.br\/guia-da-faculdade-2024\/artes-e-design\/#breadcrumb","itemListElement":[{"@type":"ListItem","position":1,"name":"In\u00edcio","item":"https:\/\/publicacoes.estadao.com.br\/guia-da-faculdade-2024\/"},{"@type":"ListItem","position":2,"name":"Artes e Design"}]},{"@type":"WebSite","@id":"https:\/\/publicacoes.estadao.com.br\/guia-da-faculdade-2024\/#website","url":"https:\/\/publicacoes.estadao.com.br\/guia-da-faculdade-2024\/","name":"Guia da Faculdade 2024","description":"Parceria Estad\u00e3o e Quero Educa\u00e7\u00e3o","potentialAction":[{"@type":"SearchAction","target":{"@type":"EntryPoint","urlTemplate":"https:\/\/publicacoes.estadao.com.br\/guia-da-faculdade-2024\/?s={search_term_string}"},"query-input":{"@type":"PropertyValueSpecification","valueRequired":true,"valueName":"search_term_string"}}],"inLanguage":"pt-BR"}]}},"_links":{"self":[{"href":"https:\/\/publicacoes.estadao.com.br\/guia-da-faculdade-2024\/wp-json\/wp\/v2\/pages\/28119","targetHints":{"allow":["GET"]}}],"collection":[{"href":"https:\/\/publicacoes.estadao.com.br\/guia-da-faculdade-2024\/wp-json\/wp\/v2\/pages"}],"about":[{"href":"https:\/\/publicacoes.estadao.com.br\/guia-da-faculdade-2024\/wp-json\/wp\/v2\/types\/page"}],"author":[{"embeddable":true,"href":"https:\/\/publicacoes.estadao.com.br\/guia-da-faculdade-2024\/wp-json\/wp\/v2\/users\/1"}],"replies":[{"embeddable":true,"href":"https:\/\/publicacoes.estadao.com.br\/guia-da-faculdade-2024\/wp-json\/wp\/v2\/comments?post=28119"}],"version-history":[{"count":7,"href":"https:\/\/publicacoes.estadao.com.br\/guia-da-faculdade-2024\/wp-json\/wp\/v2\/pages\/28119\/revisions"}],"predecessor-version":[{"id":214903,"href":"https:\/\/publicacoes.estadao.com.br\/guia-da-faculdade-2024\/wp-json\/wp\/v2\/pages\/28119\/revisions\/214903"}],"wp:attachment":[{"href":"https:\/\/publicacoes.estadao.com.br\/guia-da-faculdade-2024\/wp-json\/wp\/v2\/media?parent=28119"}],"curies":[{"name":"wp","href":"https:\/\/api.w.org\/{rel}","templated":true}]}}