{"id":28115,"date":"2019-09-25T16:06:45","date_gmt":"2019-09-25T19:06:45","guid":{"rendered":"http:\/\/publicacoes.estadao.com.br\/guia-da-faculdade\/?page_id=28115"},"modified":"2024-10-19T17:05:48","modified_gmt":"2024-10-19T20:05:48","slug":"administracao-negocios-e-servicos","status":"publish","type":"page","link":"https:\/\/publicacoes.estadao.com.br\/guia-da-faculdade-2024\/administracao-negocios-e-servicos\/","title":{"rendered":"Administra\u00e7\u00e3o, Neg\u00f3cios e Servi\u00e7os"},"content":{"rendered":"<p><span style=\"font-weight: 400;\">Unindo conceitos log\u00edsticos, financeiros, fiscais e de marketing, os cursos superiores de Administra\u00e7\u00e3o, Neg\u00f3cios e Servi\u00e7os preparam os alunos para melhorar a efici\u00eancia na opera\u00e7\u00e3o e gest\u00e3o de pequenas e grandes empresas, al\u00e9m de organiza\u00e7\u00f5es p\u00fablicas.<\/span><\/p>\n<p><span style=\"font-weight: 400;\">Coordenador do curso de Administra\u00e7\u00e3o de Empresas da Funda\u00e7\u00e3o Get\u00falio Vargas (FGV), Renato Guimar\u00e3es destaca o dinamismo desse setor, que acompanha diretamente movimentos que transformam a sociedade. \u201cO campo vem sendo particularmente impactado pelo desenvolvimento tecnol\u00f3gico, pelo aumento da competi\u00e7\u00e3o em diversos setores e pela demanda por compet\u00eancias socioemocionais dos profissionais mais habilitados.\u201d<\/span><\/p>\n<p><span style=\"font-weight: 400;\">Para atender a essas demandas de forma\u00e7\u00e3o, as faculdades devem promover o desenvolvimento tanto de compet\u00eancias t\u00e9cnicas quanto emocionais. \u201cOs cursos devem desenvolver uma vis\u00e3o do ciclo de neg\u00f3cios como um todo, compet\u00eancias relacionadas aos conte\u00fados espec\u00edficos de cada setor, trazer oportunidades de internacionaliza\u00e7\u00e3o e estimular um comportamento \u00e9tico, ligado \u00e0 emerg\u00eancia clim\u00e1tica e \u00e0 desigualdade social\u201d, diz Guimar\u00e3es.<\/span><\/p>\n<p><span style=\"font-weight: 400;\">Entre os cursos da \u00e1rea que mais atraem novos alunos, o de Administra\u00e7\u00e3o segue na lideran\u00e7a, com mais de 80 mil ingressantes a cada ano, o que coloca essa gradua\u00e7\u00e3o como a quarta mais procurada do Pa\u00eds.<\/span><\/p>\n<p><strong>Principais cursos da \u00e1rea<\/strong><\/p>\n<table width=\"100%\">\n<tbody>\n<tr>\n<td width=\"\"><strong>Curso<\/strong><\/td>\n<td width=\"\"><strong>N\u00ba ingressantes 2023<\/strong><\/td>\n<\/tr>\n<tr>\n<td width=\"\">Administra\u00e7\u00e3o<\/td>\n<td width=\"\">82.262<\/td>\n<\/tr>\n<tr>\n<td width=\"\">Ci\u00eancias Cont\u00e1beis<\/td>\n<td width=\"\">35.684<\/td>\n<\/tr>\n<tr>\n<td width=\"\">Gest\u00e3o de recursos humanos<\/td>\n<td width=\"\">14.557<\/td>\n<\/tr>\n<tr>\n<td width=\"\">Ci\u00eancias econ\u00f4micas<\/td>\n<td width=\"\">13.364<\/td>\n<\/tr>\n<tr>\n<td width=\"\">Log\u00edstica<\/td>\n<td width=\"\">10.432<\/td>\n<\/tr>\n<\/tbody>\n<\/table>\n<p><sup><em>Fonte: Censo da Educa\u00e7\u00e3o Superior 2023 (Inep)<\/em><\/sup><\/p>\n","protected":false},"excerpt":{"rendered":"<p>Unindo conceitos log\u00edsticos, financeiros, fiscais e de marketing, os cursos superiores de Administra\u00e7\u00e3o, Neg\u00f3cios e Servi\u00e7os preparam os alunos para melhorar a efici\u00eancia na opera\u00e7\u00e3o e gest\u00e3o de pequenas e grandes empresas, al\u00e9m de organiza\u00e7\u00f5es p\u00fablicas. Coordenador do curso de Administra\u00e7\u00e3o de Empresas da Funda\u00e7\u00e3o Get\u00falio Vargas (FGV), Renato Guimar\u00e3es destaca o dinamismo desse setor, &hellip; <a href=\"https:\/\/publicacoes.estadao.com.br\/guia-da-faculdade-2024\/administracao-negocios-e-servicos\/\">Continued<\/a><\/p>\n","protected":false},"author":1,"featured_media":0,"parent":0,"menu_order":0,"comment_status":"closed","ping_status":"closed","template":"template-destaques-ac-administracao-negocios-e-servicos.php","meta":{"footnotes":""},"class_list":["post-28115","page","type-page","status-publish","hentry"],"yoast_head":"<!-- This site is optimized with the Yoast SEO plugin v23.6 - https:\/\/yoast.com\/wordpress\/plugins\/seo\/ -->\n<title>Administra\u00e7\u00e3o, Neg\u00f3cios e Servi\u00e7os - Guia da Faculdade 2024<\/title>\n<meta name=\"robots\" content=\"noindex, follow, max-snippet:-1, max-image-preview:large, max-video-preview:-1\" \/>\n<meta property=\"og:locale\" content=\"pt_BR\" \/>\n<meta property=\"og:type\" content=\"article\" \/>\n<meta property=\"og:title\" content=\"Administra\u00e7\u00e3o, Neg\u00f3cios e Servi\u00e7os - Guia da Faculdade 2024\" \/>\n<meta property=\"og:description\" content=\"Unindo conceitos log\u00edsticos, financeiros, fiscais e de marketing, os cursos superiores de Administra\u00e7\u00e3o, Neg\u00f3cios e Servi\u00e7os preparam os alunos para melhorar a efici\u00eancia na opera\u00e7\u00e3o e gest\u00e3o de pequenas e grandes empresas, al\u00e9m de organiza\u00e7\u00f5es p\u00fablicas. Coordenador do curso de Administra\u00e7\u00e3o de Empresas da Funda\u00e7\u00e3o Get\u00falio Vargas (FGV), Renato Guimar\u00e3es destaca o dinamismo desse setor, &hellip; Continued\" \/>\n<meta property=\"og:url\" content=\"https:\/\/publicacoes.estadao.com.br\/guia-da-faculdade-2024\/administracao-negocios-e-servicos\/\" \/>\n<meta property=\"og:site_name\" content=\"Guia da Faculdade 2024\" \/>\n<meta property=\"article:modified_time\" content=\"2024-10-19T20:05:48+00:00\" \/>\n<meta name=\"twitter:card\" content=\"summary_large_image\" \/>\n<meta name=\"twitter:label1\" content=\"Est. tempo de leitura\" \/>\n\t<meta name=\"twitter:data1\" content=\"1 minuto\" \/>\n<script type=\"application\/ld+json\" class=\"yoast-schema-graph\">{\"@context\":\"https:\/\/schema.org\",\"@graph\":[{\"@type\":\"WebPage\",\"@id\":\"https:\/\/publicacoes.estadao.com.br\/guia-da-faculdade-2024\/administracao-negocios-e-servicos\/\",\"url\":\"https:\/\/publicacoes.estadao.com.br\/guia-da-faculdade-2024\/administracao-negocios-e-servicos\/\",\"name\":\"Administra\u00e7\u00e3o, Neg\u00f3cios e Servi\u00e7os - Guia da Faculdade 2024\",\"isPartOf\":{\"@id\":\"https:\/\/publicacoes.estadao.com.br\/guia-da-faculdade-2024\/#website\"},\"datePublished\":\"2019-09-25T19:06:45+00:00\",\"dateModified\":\"2024-10-19T20:05:48+00:00\",\"breadcrumb\":{\"@id\":\"https:\/\/publicacoes.estadao.com.br\/guia-da-faculdade-2024\/administracao-negocios-e-servicos\/#breadcrumb\"},\"inLanguage\":\"pt-BR\",\"potentialAction\":[{\"@type\":\"ReadAction\",\"target\":[\"https:\/\/publicacoes.estadao.com.br\/guia-da-faculdade-2024\/administracao-negocios-e-servicos\/\"]}]},{\"@type\":\"BreadcrumbList\",\"@id\":\"https:\/\/publicacoes.estadao.com.br\/guia-da-faculdade-2024\/administracao-negocios-e-servicos\/#breadcrumb\",\"itemListElement\":[{\"@type\":\"ListItem\",\"position\":1,\"name\":\"In\u00edcio\",\"item\":\"https:\/\/publicacoes.estadao.com.br\/guia-da-faculdade-2024\/\"},{\"@type\":\"ListItem\",\"position\":2,\"name\":\"Administra\u00e7\u00e3o, Neg\u00f3cios e Servi\u00e7os\"}]},{\"@type\":\"WebSite\",\"@id\":\"https:\/\/publicacoes.estadao.com.br\/guia-da-faculdade-2024\/#website\",\"url\":\"https:\/\/publicacoes.estadao.com.br\/guia-da-faculdade-2024\/\",\"name\":\"Guia da Faculdade 2024\",\"description\":\"Parceria Estad\u00e3o e Quero Educa\u00e7\u00e3o\",\"potentialAction\":[{\"@type\":\"SearchAction\",\"target\":{\"@type\":\"EntryPoint\",\"urlTemplate\":\"https:\/\/publicacoes.estadao.com.br\/guia-da-faculdade-2024\/?s={search_term_string}\"},\"query-input\":{\"@type\":\"PropertyValueSpecification\",\"valueRequired\":true,\"valueName\":\"search_term_string\"}}],\"inLanguage\":\"pt-BR\"}]}<\/script>\n<!-- \/ Yoast SEO plugin. -->","yoast_head_json":{"title":"Administra\u00e7\u00e3o, Neg\u00f3cios e Servi\u00e7os - Guia da Faculdade 2024","robots":{"index":"noindex","follow":"follow","max-snippet":"max-snippet:-1","max-image-preview":"max-image-preview:large","max-video-preview":"max-video-preview:-1"},"og_locale":"pt_BR","og_type":"article","og_title":"Administra\u00e7\u00e3o, Neg\u00f3cios e Servi\u00e7os - Guia da Faculdade 2024","og_description":"Unindo conceitos log\u00edsticos, financeiros, fiscais e de marketing, os cursos superiores de Administra\u00e7\u00e3o, Neg\u00f3cios e Servi\u00e7os preparam os alunos para melhorar a efici\u00eancia na opera\u00e7\u00e3o e gest\u00e3o de pequenas e grandes empresas, al\u00e9m de organiza\u00e7\u00f5es p\u00fablicas. Coordenador do curso de Administra\u00e7\u00e3o de Empresas da Funda\u00e7\u00e3o Get\u00falio Vargas (FGV), Renato Guimar\u00e3es destaca o dinamismo desse setor, &hellip; Continued","og_url":"https:\/\/publicacoes.estadao.com.br\/guia-da-faculdade-2024\/administracao-negocios-e-servicos\/","og_site_name":"Guia da Faculdade 2024","article_modified_time":"2024-10-19T20:05:48+00:00","twitter_card":"summary_large_image","twitter_misc":{"Est. tempo de leitura":"1 minuto"},"schema":{"@context":"https:\/\/schema.org","@graph":[{"@type":"WebPage","@id":"https:\/\/publicacoes.estadao.com.br\/guia-da-faculdade-2024\/administracao-negocios-e-servicos\/","url":"https:\/\/publicacoes.estadao.com.br\/guia-da-faculdade-2024\/administracao-negocios-e-servicos\/","name":"Administra\u00e7\u00e3o, Neg\u00f3cios e Servi\u00e7os - Guia da Faculdade 2024","isPartOf":{"@id":"https:\/\/publicacoes.estadao.com.br\/guia-da-faculdade-2024\/#website"},"datePublished":"2019-09-25T19:06:45+00:00","dateModified":"2024-10-19T20:05:48+00:00","breadcrumb":{"@id":"https:\/\/publicacoes.estadao.com.br\/guia-da-faculdade-2024\/administracao-negocios-e-servicos\/#breadcrumb"},"inLanguage":"pt-BR","potentialAction":[{"@type":"ReadAction","target":["https:\/\/publicacoes.estadao.com.br\/guia-da-faculdade-2024\/administracao-negocios-e-servicos\/"]}]},{"@type":"BreadcrumbList","@id":"https:\/\/publicacoes.estadao.com.br\/guia-da-faculdade-2024\/administracao-negocios-e-servicos\/#breadcrumb","itemListElement":[{"@type":"ListItem","position":1,"name":"In\u00edcio","item":"https:\/\/publicacoes.estadao.com.br\/guia-da-faculdade-2024\/"},{"@type":"ListItem","position":2,"name":"Administra\u00e7\u00e3o, Neg\u00f3cios e Servi\u00e7os"}]},{"@type":"WebSite","@id":"https:\/\/publicacoes.estadao.com.br\/guia-da-faculdade-2024\/#website","url":"https:\/\/publicacoes.estadao.com.br\/guia-da-faculdade-2024\/","name":"Guia da Faculdade 2024","description":"Parceria Estad\u00e3o e Quero Educa\u00e7\u00e3o","potentialAction":[{"@type":"SearchAction","target":{"@type":"EntryPoint","urlTemplate":"https:\/\/publicacoes.estadao.com.br\/guia-da-faculdade-2024\/?s={search_term_string}"},"query-input":{"@type":"PropertyValueSpecification","valueRequired":true,"valueName":"search_term_string"}}],"inLanguage":"pt-BR"}]}},"_links":{"self":[{"href":"https:\/\/publicacoes.estadao.com.br\/guia-da-faculdade-2024\/wp-json\/wp\/v2\/pages\/28115","targetHints":{"allow":["GET"]}}],"collection":[{"href":"https:\/\/publicacoes.estadao.com.br\/guia-da-faculdade-2024\/wp-json\/wp\/v2\/pages"}],"about":[{"href":"https:\/\/publicacoes.estadao.com.br\/guia-da-faculdade-2024\/wp-json\/wp\/v2\/types\/page"}],"author":[{"embeddable":true,"href":"https:\/\/publicacoes.estadao.com.br\/guia-da-faculdade-2024\/wp-json\/wp\/v2\/users\/1"}],"replies":[{"embeddable":true,"href":"https:\/\/publicacoes.estadao.com.br\/guia-da-faculdade-2024\/wp-json\/wp\/v2\/comments?post=28115"}],"version-history":[{"count":8,"href":"https:\/\/publicacoes.estadao.com.br\/guia-da-faculdade-2024\/wp-json\/wp\/v2\/pages\/28115\/revisions"}],"predecessor-version":[{"id":214902,"href":"https:\/\/publicacoes.estadao.com.br\/guia-da-faculdade-2024\/wp-json\/wp\/v2\/pages\/28115\/revisions\/214902"}],"wp:attachment":[{"href":"https:\/\/publicacoes.estadao.com.br\/guia-da-faculdade-2024\/wp-json\/wp\/v2\/media?parent=28115"}],"curies":[{"name":"wp","href":"https:\/\/api.w.org\/{rel}","templated":true}]}}