{"id":28113,"date":"2019-09-25T16:06:15","date_gmt":"2019-09-25T19:06:15","guid":{"rendered":"http:\/\/publicacoes.estadao.com.br\/guia-da-faculdade\/?page_id=28113"},"modified":"2024-10-19T17:14:25","modified_gmt":"2024-10-19T20:14:25","slug":"ciencias-exatas-e-informatica","status":"publish","type":"page","link":"https:\/\/publicacoes.estadao.com.br\/guia-da-faculdade-2024\/ciencias-exatas-e-informatica\/","title":{"rendered":"Ci\u00eancias Exatas e Inform\u00e1tica"},"content":{"rendered":"<p><span style=\"font-weight: 400;\">Entre as \u00e1reas mais valorizadas no mercado de trabalho atual, certamente est\u00e1 a das carreiras ligadas \u00e0s ci\u00eancias exatas e \u00e0 tecnologia. As inova\u00e7\u00f5es trazidas t\u00eam transformado servi\u00e7os de sa\u00fade, educa\u00e7\u00e3o, gest\u00e3o e comunica\u00e7\u00e3o em todo o planeta. O estudo <\/span><i><span style=\"font-weight: 400;\">Future of Jobs Report 2023 (O futuro dos trabalhos)<\/span><\/i><span style=\"font-weight: 400;\">, conduzido por pesquisadores do F\u00f3rum Econ\u00f4mico Mundial, coloca as profiss\u00f5es da \u00e1rea tecnol\u00f3gica no epicentro da cria\u00e7\u00e3o de novas demandas de trabalho at\u00e9 2027, com foco em carreiras ligadas \u00e0 intelig\u00eancia artificial e de mercado.<\/span><\/p>\n<p><span style=\"font-weight: 400;\">Com isso, h\u00e1 muitas possibilidades de atua\u00e7\u00e3o para os profissionais graduados em cursos dessa \u00e1rea de conhecimento.\u00a0 \u201cO cen\u00e1rio n\u00e3o poderia ser melhor. H\u00e1 uma demanda enorme por profissionais na \u00e1rea, com \u00f3timos sal\u00e1rios, justamente porque suas capacidades podem ser aplicadas em qualquer segmento da ind\u00fastria e porque as empresas est\u00e3o cada vez mais orientadas a usar dados\u201d, afirma Daniel Callegari, coordenador do curso de Ci\u00eancia de Dados e Intelig\u00eancia Artificial da Pontif\u00edcia Universidade Cat\u00f3lica do Rio Grande do Sul (PUCRS).<\/span><\/p>\n<p><span style=\"font-weight: 400;\">Sistemas de Informa\u00e7\u00e3o e Ci\u00eancia da Computa\u00e7\u00e3o s\u00e3o as gradua\u00e7\u00f5es que mais atraem alunos, sendo que Sistemas de Informa\u00e7\u00e3o foi o quinto curso com mais ingressantes no Ensino Superior brasileiro em 2023, ultrapassando a marca de 70 mil alunos na modalidade presencial.<\/span><\/p>\n<p><span style=\"font-weight: 400;\">\u00c1reas tipicamente relacionadas \u00e0 forma\u00e7\u00e3o de professores, Matem\u00e1tica, Qu\u00edmica e F\u00edsica, complementam o ranking das gradua\u00e7\u00f5es mais procuradas.<\/span><\/p>\n<p><strong>Principais cursos da \u00e1rea<\/strong><\/p>\n<table width=\"100%\">\n<tbody>\n<tr>\n<td width=\"\"><strong>Curso<\/strong><\/td>\n<td width=\"\"><strong>N\u00ba ingressantes 2023<\/strong><\/td>\n<\/tr>\n<tr>\n<td width=\"\">Sistemas de informa\u00e7\u00e3o<\/td>\n<td width=\"\">72.481<\/td>\n<\/tr>\n<tr>\n<td width=\"\">Ci\u00eancia da computa\u00e7\u00e3o<\/td>\n<td width=\"\">32.478<\/td>\n<\/tr>\n<tr>\n<td width=\"\">Matem\u00e1tica (licenciatura+bacharelado)*<\/td>\n<td width=\"\">13.127<\/td>\n<\/tr>\n<tr>\n<td width=\"\">Qu\u00edmica (licenciatura+bacharelado)**<\/td>\n<td width=\"\">11.395<\/td>\n<\/tr>\n<tr>\n<td width=\"\">F\u00edsica (licenciatura+bacharelado)***<\/td>\n<td width=\"\">6.945<\/td>\n<\/tr>\n<\/tbody>\n<\/table>\n<p><em>Fonte: Censo da Educa\u00e7\u00e3o Superior 2023 (Inep)<br \/>\n*Inclui o curso de Matem\u00e1tica Aplicada e Computacional \/ ** Inclui o curso de Qu\u00edmica Industrial \/ *** Inclui o curso de F\u00edsica Aplicada<\/em><\/p>\n","protected":false},"excerpt":{"rendered":"<p>Entre as \u00e1reas mais valorizadas no mercado de trabalho atual, certamente est\u00e1 a das carreiras ligadas \u00e0s ci\u00eancias exatas e \u00e0 tecnologia. As inova\u00e7\u00f5es trazidas t\u00eam transformado servi\u00e7os de sa\u00fade, educa\u00e7\u00e3o, gest\u00e3o e comunica\u00e7\u00e3o em todo o planeta. O estudo Future of Jobs Report 2023 (O futuro dos trabalhos), conduzido por pesquisadores do F\u00f3rum Econ\u00f4mico &hellip; <a href=\"https:\/\/publicacoes.estadao.com.br\/guia-da-faculdade-2024\/ciencias-exatas-e-informatica\/\">Continued<\/a><\/p>\n","protected":false},"author":1,"featured_media":0,"parent":0,"menu_order":0,"comment_status":"closed","ping_status":"closed","template":"template-destaques-ac-ciencias-exatas-e-informatica.php","meta":{"footnotes":""},"class_list":["post-28113","page","type-page","status-publish","hentry"],"yoast_head":"<!-- This site is optimized with the Yoast SEO plugin v23.6 - https:\/\/yoast.com\/wordpress\/plugins\/seo\/ -->\n<title>Ci\u00eancias Exatas e Inform\u00e1tica - Guia da Faculdade 2024<\/title>\n<meta name=\"robots\" content=\"noindex, follow, max-snippet:-1, max-image-preview:large, max-video-preview:-1\" \/>\n<meta property=\"og:locale\" content=\"pt_BR\" \/>\n<meta property=\"og:type\" content=\"article\" \/>\n<meta property=\"og:title\" content=\"Ci\u00eancias Exatas e Inform\u00e1tica - Guia da Faculdade 2024\" \/>\n<meta property=\"og:description\" content=\"Entre as \u00e1reas mais valorizadas no mercado de trabalho atual, certamente est\u00e1 a das carreiras ligadas \u00e0s ci\u00eancias exatas e \u00e0 tecnologia. As inova\u00e7\u00f5es trazidas t\u00eam transformado servi\u00e7os de sa\u00fade, educa\u00e7\u00e3o, gest\u00e3o e comunica\u00e7\u00e3o em todo o planeta. O estudo Future of Jobs Report 2023 (O futuro dos trabalhos), conduzido por pesquisadores do F\u00f3rum Econ\u00f4mico &hellip; Continued\" \/>\n<meta property=\"og:url\" content=\"https:\/\/publicacoes.estadao.com.br\/guia-da-faculdade-2024\/ciencias-exatas-e-informatica\/\" \/>\n<meta property=\"og:site_name\" content=\"Guia da Faculdade 2024\" \/>\n<meta property=\"article:modified_time\" content=\"2024-10-19T20:14:25+00:00\" \/>\n<meta name=\"twitter:card\" content=\"summary_large_image\" \/>\n<meta name=\"twitter:label1\" content=\"Est. tempo de leitura\" \/>\n\t<meta name=\"twitter:data1\" content=\"2 minutos\" \/>\n<script type=\"application\/ld+json\" class=\"yoast-schema-graph\">{\"@context\":\"https:\/\/schema.org\",\"@graph\":[{\"@type\":\"WebPage\",\"@id\":\"https:\/\/publicacoes.estadao.com.br\/guia-da-faculdade-2024\/ciencias-exatas-e-informatica\/\",\"url\":\"https:\/\/publicacoes.estadao.com.br\/guia-da-faculdade-2024\/ciencias-exatas-e-informatica\/\",\"name\":\"Ci\u00eancias Exatas e Inform\u00e1tica - Guia da Faculdade 2024\",\"isPartOf\":{\"@id\":\"https:\/\/publicacoes.estadao.com.br\/guia-da-faculdade-2024\/#website\"},\"datePublished\":\"2019-09-25T19:06:15+00:00\",\"dateModified\":\"2024-10-19T20:14:25+00:00\",\"breadcrumb\":{\"@id\":\"https:\/\/publicacoes.estadao.com.br\/guia-da-faculdade-2024\/ciencias-exatas-e-informatica\/#breadcrumb\"},\"inLanguage\":\"pt-BR\",\"potentialAction\":[{\"@type\":\"ReadAction\",\"target\":[\"https:\/\/publicacoes.estadao.com.br\/guia-da-faculdade-2024\/ciencias-exatas-e-informatica\/\"]}]},{\"@type\":\"BreadcrumbList\",\"@id\":\"https:\/\/publicacoes.estadao.com.br\/guia-da-faculdade-2024\/ciencias-exatas-e-informatica\/#breadcrumb\",\"itemListElement\":[{\"@type\":\"ListItem\",\"position\":1,\"name\":\"In\u00edcio\",\"item\":\"https:\/\/publicacoes.estadao.com.br\/guia-da-faculdade-2024\/\"},{\"@type\":\"ListItem\",\"position\":2,\"name\":\"Ci\u00eancias Exatas e Inform\u00e1tica\"}]},{\"@type\":\"WebSite\",\"@id\":\"https:\/\/publicacoes.estadao.com.br\/guia-da-faculdade-2024\/#website\",\"url\":\"https:\/\/publicacoes.estadao.com.br\/guia-da-faculdade-2024\/\",\"name\":\"Guia da Faculdade 2024\",\"description\":\"Parceria Estad\u00e3o e Quero Educa\u00e7\u00e3o\",\"potentialAction\":[{\"@type\":\"SearchAction\",\"target\":{\"@type\":\"EntryPoint\",\"urlTemplate\":\"https:\/\/publicacoes.estadao.com.br\/guia-da-faculdade-2024\/?s={search_term_string}\"},\"query-input\":{\"@type\":\"PropertyValueSpecification\",\"valueRequired\":true,\"valueName\":\"search_term_string\"}}],\"inLanguage\":\"pt-BR\"}]}<\/script>\n<!-- \/ Yoast SEO plugin. -->","yoast_head_json":{"title":"Ci\u00eancias Exatas e Inform\u00e1tica - Guia da Faculdade 2024","robots":{"index":"noindex","follow":"follow","max-snippet":"max-snippet:-1","max-image-preview":"max-image-preview:large","max-video-preview":"max-video-preview:-1"},"og_locale":"pt_BR","og_type":"article","og_title":"Ci\u00eancias Exatas e Inform\u00e1tica - Guia da Faculdade 2024","og_description":"Entre as \u00e1reas mais valorizadas no mercado de trabalho atual, certamente est\u00e1 a das carreiras ligadas \u00e0s ci\u00eancias exatas e \u00e0 tecnologia. As inova\u00e7\u00f5es trazidas t\u00eam transformado servi\u00e7os de sa\u00fade, educa\u00e7\u00e3o, gest\u00e3o e comunica\u00e7\u00e3o em todo o planeta. O estudo Future of Jobs Report 2023 (O futuro dos trabalhos), conduzido por pesquisadores do F\u00f3rum Econ\u00f4mico &hellip; Continued","og_url":"https:\/\/publicacoes.estadao.com.br\/guia-da-faculdade-2024\/ciencias-exatas-e-informatica\/","og_site_name":"Guia da Faculdade 2024","article_modified_time":"2024-10-19T20:14:25+00:00","twitter_card":"summary_large_image","twitter_misc":{"Est. tempo de leitura":"2 minutos"},"schema":{"@context":"https:\/\/schema.org","@graph":[{"@type":"WebPage","@id":"https:\/\/publicacoes.estadao.com.br\/guia-da-faculdade-2024\/ciencias-exatas-e-informatica\/","url":"https:\/\/publicacoes.estadao.com.br\/guia-da-faculdade-2024\/ciencias-exatas-e-informatica\/","name":"Ci\u00eancias Exatas e Inform\u00e1tica - Guia da Faculdade 2024","isPartOf":{"@id":"https:\/\/publicacoes.estadao.com.br\/guia-da-faculdade-2024\/#website"},"datePublished":"2019-09-25T19:06:15+00:00","dateModified":"2024-10-19T20:14:25+00:00","breadcrumb":{"@id":"https:\/\/publicacoes.estadao.com.br\/guia-da-faculdade-2024\/ciencias-exatas-e-informatica\/#breadcrumb"},"inLanguage":"pt-BR","potentialAction":[{"@type":"ReadAction","target":["https:\/\/publicacoes.estadao.com.br\/guia-da-faculdade-2024\/ciencias-exatas-e-informatica\/"]}]},{"@type":"BreadcrumbList","@id":"https:\/\/publicacoes.estadao.com.br\/guia-da-faculdade-2024\/ciencias-exatas-e-informatica\/#breadcrumb","itemListElement":[{"@type":"ListItem","position":1,"name":"In\u00edcio","item":"https:\/\/publicacoes.estadao.com.br\/guia-da-faculdade-2024\/"},{"@type":"ListItem","position":2,"name":"Ci\u00eancias Exatas e Inform\u00e1tica"}]},{"@type":"WebSite","@id":"https:\/\/publicacoes.estadao.com.br\/guia-da-faculdade-2024\/#website","url":"https:\/\/publicacoes.estadao.com.br\/guia-da-faculdade-2024\/","name":"Guia da Faculdade 2024","description":"Parceria Estad\u00e3o e Quero Educa\u00e7\u00e3o","potentialAction":[{"@type":"SearchAction","target":{"@type":"EntryPoint","urlTemplate":"https:\/\/publicacoes.estadao.com.br\/guia-da-faculdade-2024\/?s={search_term_string}"},"query-input":{"@type":"PropertyValueSpecification","valueRequired":true,"valueName":"search_term_string"}}],"inLanguage":"pt-BR"}]}},"_links":{"self":[{"href":"https:\/\/publicacoes.estadao.com.br\/guia-da-faculdade-2024\/wp-json\/wp\/v2\/pages\/28113","targetHints":{"allow":["GET"]}}],"collection":[{"href":"https:\/\/publicacoes.estadao.com.br\/guia-da-faculdade-2024\/wp-json\/wp\/v2\/pages"}],"about":[{"href":"https:\/\/publicacoes.estadao.com.br\/guia-da-faculdade-2024\/wp-json\/wp\/v2\/types\/page"}],"author":[{"embeddable":true,"href":"https:\/\/publicacoes.estadao.com.br\/guia-da-faculdade-2024\/wp-json\/wp\/v2\/users\/1"}],"replies":[{"embeddable":true,"href":"https:\/\/publicacoes.estadao.com.br\/guia-da-faculdade-2024\/wp-json\/wp\/v2\/comments?post=28113"}],"version-history":[{"count":6,"href":"https:\/\/publicacoes.estadao.com.br\/guia-da-faculdade-2024\/wp-json\/wp\/v2\/pages\/28113\/revisions"}],"predecessor-version":[{"id":214905,"href":"https:\/\/publicacoes.estadao.com.br\/guia-da-faculdade-2024\/wp-json\/wp\/v2\/pages\/28113\/revisions\/214905"}],"wp:attachment":[{"href":"https:\/\/publicacoes.estadao.com.br\/guia-da-faculdade-2024\/wp-json\/wp\/v2\/media?parent=28113"}],"curies":[{"name":"wp","href":"https:\/\/api.w.org\/{rel}","templated":true}]}}