{"id":28109,"date":"2019-09-25T16:05:36","date_gmt":"2019-09-25T19:05:36","guid":{"rendered":"http:\/\/publicacoes.estadao.com.br\/guia-da-faculdade\/?page_id=28109"},"modified":"2024-10-19T17:18:49","modified_gmt":"2024-10-19T20:18:49","slug":"saude-e-bem-estar","status":"publish","type":"page","link":"https:\/\/publicacoes.estadao.com.br\/guia-da-faculdade-2024\/saude-e-bem-estar\/","title":{"rendered":"Sa\u00fade e Bem-Estar"},"content":{"rendered":"<p><span style=\"font-weight: 400;\">Interven\u00e7\u00f5es m\u00e9dicas, psicol\u00f3gicas, odontol\u00f3gicas, fisioter\u00e1picas, entre outras, t\u00eam em comum a promo\u00e7\u00e3o da sa\u00fade e do bem-estar dos indiv\u00edduos. S\u00e3o \u00e1reas que recentemente t\u00eam ganhado cada vez mais espa\u00e7o. Dados recentes da Demografia M\u00e9dica 2024, estudo realizado pelo Conselho Federal de Medicina (CFM) mostra que o Brasil tem 575.930 profissionais ativos, 64% a mais do que tinha em 2014.<\/span><\/p>\n<p><span style=\"font-weight: 400;\">Assim como as demais, essa \u00e1rea de conhecimento tamb\u00e9m vem sendo influenciada pelo desenvolvimento tecnol\u00f3gico. \u201cNo campo da tecnologia em sa\u00fade, startups est\u00e3o na vanguarda da inova\u00e7\u00e3o. Muitas dessas iniciativas s\u00e3o lideradas por profissionais da sa\u00fade, criando produtos e servi\u00e7os, como aplicativos de monitoramento de sa\u00fade e plataformas de telemedicina\u201d, diz Andrea Gomes, coordenadora do curso de Enfermagem da Faculdade Israelita de Ci\u00eancias da Sa\u00fade Albert Einstein, em S\u00e3o Paulo.<\/span><\/p>\n<p><span style=\"font-weight: 400;\">O curso com mais ingressantes na \u00e1rea em 2023 foi o de Psicologia, com 130 mil novos alunos. Com isso, se tornou a segunda gradua\u00e7\u00e3o que mais atraiu estudantes universit\u00e1rios, atr\u00e1s apenas do curso de Direito (222.969 ingressantes)<\/span>.<\/p>\n<p><strong>Principais cursos da \u00e1rea<\/strong><\/p>\n<table width=\"100%\">\n<tbody>\n<tr>\n<td width=\"\"><strong>Curso<\/strong><\/td>\n<td width=\"\"><strong>N\u00ba ingressantes 2023<\/strong><\/td>\n<\/tr>\n<tr>\n<td width=\"\">Psicologia<\/td>\n<td width=\"\">131.175<\/td>\n<\/tr>\n<tr>\n<td width=\"\">Enfermagem<\/td>\n<td width=\"\">95.077<\/td>\n<\/tr>\n<tr>\n<td width=\"\">Medicina<\/td>\n<td width=\"\">55.995<\/td>\n<\/tr>\n<tr>\n<td width=\"\">Fisioterapia<\/td>\n<td width=\"\">48.071<\/td>\n<\/tr>\n<tr>\n<td width=\"\">Odontologia<\/td>\n<td width=\"\">48.059<\/td>\n<\/tr>\n<\/tbody>\n<\/table>\n<p><em>Fonte: Censo da Educa\u00e7\u00e3o Superior 2023 (Inep)<\/em><\/p>\n","protected":false},"excerpt":{"rendered":"<p>Interven\u00e7\u00f5es m\u00e9dicas, psicol\u00f3gicas, odontol\u00f3gicas, fisioter\u00e1picas, entre outras, t\u00eam em comum a promo\u00e7\u00e3o da sa\u00fade e do bem-estar dos indiv\u00edduos. S\u00e3o \u00e1reas que recentemente t\u00eam ganhado cada vez mais espa\u00e7o. Dados recentes da Demografia M\u00e9dica 2024, estudo realizado pelo Conselho Federal de Medicina (CFM) mostra que o Brasil tem 575.930 profissionais ativos, 64% a mais do &hellip; <a href=\"https:\/\/publicacoes.estadao.com.br\/guia-da-faculdade-2024\/saude-e-bem-estar\/\">Continued<\/a><\/p>\n","protected":false},"author":1,"featured_media":0,"parent":0,"menu_order":0,"comment_status":"closed","ping_status":"closed","template":"template-destaques-ac-saude-e-bem-estar.php","meta":{"footnotes":""},"class_list":["post-28109","page","type-page","status-publish","hentry"],"yoast_head":"<!-- This site is optimized with the Yoast SEO plugin v23.6 - https:\/\/yoast.com\/wordpress\/plugins\/seo\/ -->\n<title>Sa\u00fade e Bem-Estar - Guia da Faculdade 2024<\/title>\n<meta name=\"robots\" content=\"noindex, follow, max-snippet:-1, max-image-preview:large, max-video-preview:-1\" \/>\n<meta property=\"og:locale\" content=\"pt_BR\" \/>\n<meta property=\"og:type\" content=\"article\" \/>\n<meta property=\"og:title\" content=\"Sa\u00fade e Bem-Estar - Guia da Faculdade 2024\" \/>\n<meta property=\"og:description\" content=\"Interven\u00e7\u00f5es m\u00e9dicas, psicol\u00f3gicas, odontol\u00f3gicas, fisioter\u00e1picas, entre outras, t\u00eam em comum a promo\u00e7\u00e3o da sa\u00fade e do bem-estar dos indiv\u00edduos. S\u00e3o \u00e1reas que recentemente t\u00eam ganhado cada vez mais espa\u00e7o. Dados recentes da Demografia M\u00e9dica 2024, estudo realizado pelo Conselho Federal de Medicina (CFM) mostra que o Brasil tem 575.930 profissionais ativos, 64% a mais do &hellip; Continued\" \/>\n<meta property=\"og:url\" content=\"https:\/\/publicacoes.estadao.com.br\/guia-da-faculdade-2024\/saude-e-bem-estar\/\" \/>\n<meta property=\"og:site_name\" content=\"Guia da Faculdade 2024\" \/>\n<meta property=\"article:modified_time\" content=\"2024-10-19T20:18:49+00:00\" \/>\n<meta name=\"twitter:card\" content=\"summary_large_image\" \/>\n<meta name=\"twitter:label1\" content=\"Est. tempo de leitura\" \/>\n\t<meta name=\"twitter:data1\" content=\"1 minuto\" \/>\n<script type=\"application\/ld+json\" class=\"yoast-schema-graph\">{\"@context\":\"https:\/\/schema.org\",\"@graph\":[{\"@type\":\"WebPage\",\"@id\":\"https:\/\/publicacoes.estadao.com.br\/guia-da-faculdade-2024\/saude-e-bem-estar\/\",\"url\":\"https:\/\/publicacoes.estadao.com.br\/guia-da-faculdade-2024\/saude-e-bem-estar\/\",\"name\":\"Sa\u00fade e Bem-Estar - Guia da Faculdade 2024\",\"isPartOf\":{\"@id\":\"https:\/\/publicacoes.estadao.com.br\/guia-da-faculdade-2024\/#website\"},\"datePublished\":\"2019-09-25T19:05:36+00:00\",\"dateModified\":\"2024-10-19T20:18:49+00:00\",\"breadcrumb\":{\"@id\":\"https:\/\/publicacoes.estadao.com.br\/guia-da-faculdade-2024\/saude-e-bem-estar\/#breadcrumb\"},\"inLanguage\":\"pt-BR\",\"potentialAction\":[{\"@type\":\"ReadAction\",\"target\":[\"https:\/\/publicacoes.estadao.com.br\/guia-da-faculdade-2024\/saude-e-bem-estar\/\"]}]},{\"@type\":\"BreadcrumbList\",\"@id\":\"https:\/\/publicacoes.estadao.com.br\/guia-da-faculdade-2024\/saude-e-bem-estar\/#breadcrumb\",\"itemListElement\":[{\"@type\":\"ListItem\",\"position\":1,\"name\":\"In\u00edcio\",\"item\":\"https:\/\/publicacoes.estadao.com.br\/guia-da-faculdade-2024\/\"},{\"@type\":\"ListItem\",\"position\":2,\"name\":\"Sa\u00fade e Bem-Estar\"}]},{\"@type\":\"WebSite\",\"@id\":\"https:\/\/publicacoes.estadao.com.br\/guia-da-faculdade-2024\/#website\",\"url\":\"https:\/\/publicacoes.estadao.com.br\/guia-da-faculdade-2024\/\",\"name\":\"Guia da Faculdade 2024\",\"description\":\"Parceria Estad\u00e3o e Quero Educa\u00e7\u00e3o\",\"potentialAction\":[{\"@type\":\"SearchAction\",\"target\":{\"@type\":\"EntryPoint\",\"urlTemplate\":\"https:\/\/publicacoes.estadao.com.br\/guia-da-faculdade-2024\/?s={search_term_string}\"},\"query-input\":{\"@type\":\"PropertyValueSpecification\",\"valueRequired\":true,\"valueName\":\"search_term_string\"}}],\"inLanguage\":\"pt-BR\"}]}<\/script>\n<!-- \/ Yoast SEO plugin. -->","yoast_head_json":{"title":"Sa\u00fade e Bem-Estar - Guia da Faculdade 2024","robots":{"index":"noindex","follow":"follow","max-snippet":"max-snippet:-1","max-image-preview":"max-image-preview:large","max-video-preview":"max-video-preview:-1"},"og_locale":"pt_BR","og_type":"article","og_title":"Sa\u00fade e Bem-Estar - Guia da Faculdade 2024","og_description":"Interven\u00e7\u00f5es m\u00e9dicas, psicol\u00f3gicas, odontol\u00f3gicas, fisioter\u00e1picas, entre outras, t\u00eam em comum a promo\u00e7\u00e3o da sa\u00fade e do bem-estar dos indiv\u00edduos. S\u00e3o \u00e1reas que recentemente t\u00eam ganhado cada vez mais espa\u00e7o. Dados recentes da Demografia M\u00e9dica 2024, estudo realizado pelo Conselho Federal de Medicina (CFM) mostra que o Brasil tem 575.930 profissionais ativos, 64% a mais do &hellip; Continued","og_url":"https:\/\/publicacoes.estadao.com.br\/guia-da-faculdade-2024\/saude-e-bem-estar\/","og_site_name":"Guia da Faculdade 2024","article_modified_time":"2024-10-19T20:18:49+00:00","twitter_card":"summary_large_image","twitter_misc":{"Est. tempo de leitura":"1 minuto"},"schema":{"@context":"https:\/\/schema.org","@graph":[{"@type":"WebPage","@id":"https:\/\/publicacoes.estadao.com.br\/guia-da-faculdade-2024\/saude-e-bem-estar\/","url":"https:\/\/publicacoes.estadao.com.br\/guia-da-faculdade-2024\/saude-e-bem-estar\/","name":"Sa\u00fade e Bem-Estar - Guia da Faculdade 2024","isPartOf":{"@id":"https:\/\/publicacoes.estadao.com.br\/guia-da-faculdade-2024\/#website"},"datePublished":"2019-09-25T19:05:36+00:00","dateModified":"2024-10-19T20:18:49+00:00","breadcrumb":{"@id":"https:\/\/publicacoes.estadao.com.br\/guia-da-faculdade-2024\/saude-e-bem-estar\/#breadcrumb"},"inLanguage":"pt-BR","potentialAction":[{"@type":"ReadAction","target":["https:\/\/publicacoes.estadao.com.br\/guia-da-faculdade-2024\/saude-e-bem-estar\/"]}]},{"@type":"BreadcrumbList","@id":"https:\/\/publicacoes.estadao.com.br\/guia-da-faculdade-2024\/saude-e-bem-estar\/#breadcrumb","itemListElement":[{"@type":"ListItem","position":1,"name":"In\u00edcio","item":"https:\/\/publicacoes.estadao.com.br\/guia-da-faculdade-2024\/"},{"@type":"ListItem","position":2,"name":"Sa\u00fade e Bem-Estar"}]},{"@type":"WebSite","@id":"https:\/\/publicacoes.estadao.com.br\/guia-da-faculdade-2024\/#website","url":"https:\/\/publicacoes.estadao.com.br\/guia-da-faculdade-2024\/","name":"Guia da Faculdade 2024","description":"Parceria Estad\u00e3o e Quero Educa\u00e7\u00e3o","potentialAction":[{"@type":"SearchAction","target":{"@type":"EntryPoint","urlTemplate":"https:\/\/publicacoes.estadao.com.br\/guia-da-faculdade-2024\/?s={search_term_string}"},"query-input":{"@type":"PropertyValueSpecification","valueRequired":true,"valueName":"search_term_string"}}],"inLanguage":"pt-BR"}]}},"_links":{"self":[{"href":"https:\/\/publicacoes.estadao.com.br\/guia-da-faculdade-2024\/wp-json\/wp\/v2\/pages\/28109","targetHints":{"allow":["GET"]}}],"collection":[{"href":"https:\/\/publicacoes.estadao.com.br\/guia-da-faculdade-2024\/wp-json\/wp\/v2\/pages"}],"about":[{"href":"https:\/\/publicacoes.estadao.com.br\/guia-da-faculdade-2024\/wp-json\/wp\/v2\/types\/page"}],"author":[{"embeddable":true,"href":"https:\/\/publicacoes.estadao.com.br\/guia-da-faculdade-2024\/wp-json\/wp\/v2\/users\/1"}],"replies":[{"embeddable":true,"href":"https:\/\/publicacoes.estadao.com.br\/guia-da-faculdade-2024\/wp-json\/wp\/v2\/comments?post=28109"}],"version-history":[{"count":4,"href":"https:\/\/publicacoes.estadao.com.br\/guia-da-faculdade-2024\/wp-json\/wp\/v2\/pages\/28109\/revisions"}],"predecessor-version":[{"id":214908,"href":"https:\/\/publicacoes.estadao.com.br\/guia-da-faculdade-2024\/wp-json\/wp\/v2\/pages\/28109\/revisions\/214908"}],"wp:attachment":[{"href":"https:\/\/publicacoes.estadao.com.br\/guia-da-faculdade-2024\/wp-json\/wp\/v2\/media?parent=28109"}],"curies":[{"name":"wp","href":"https:\/\/api.w.org\/{rel}","templated":true}]}}