{"id":28107,"date":"2019-09-25T16:04:58","date_gmt":"2019-09-25T19:04:58","guid":{"rendered":"http:\/\/publicacoes.estadao.com.br\/guia-da-faculdade\/?page_id=28107"},"modified":"2024-10-19T17:17:19","modified_gmt":"2024-10-19T20:17:19","slug":"engenharias","status":"publish","type":"page","link":"https:\/\/publicacoes.estadao.com.br\/guia-da-faculdade-2024\/engenharias\/","title":{"rendered":"Engenharias"},"content":{"rendered":"<p><span style=\"font-weight: 400;\">Orientadas ao desenvolvimento de solu\u00e7\u00f5es para demandas pr\u00e1ticas da sociedade, as Engenharias otimizam a opera\u00e7\u00e3o de diferentes segmentos, como constru\u00e7\u00e3o civil, produ\u00e7\u00e3o de energia, ind\u00fastria automobil\u00edstica e meio ambiente. O que une todos os engenheiros \u00e9 o foco em aperfei\u00e7oar processos, seja por meio da programa\u00e7\u00e3o de c\u00f3digos, na constru\u00e7\u00e3o de estruturas ou nos fluxos produtivos em ind\u00fastrias. \u201cA \u00e1rea \u00e9 bastante promissora e diversificada. Os profissionais formados em Engenharia Civil-Aeron\u00e1utica, por exemplo, podem atuar em setores como constru\u00e7\u00e3o civil, infraestrutura, transporte a\u00e9reo, projetos de aeroportos e consultoria\u201d, afirma Evandro Jos\u00e9, coordenador do curso de Engenharia Aeron\u00e1utica do Instituto Tecnol\u00f3gico de Aeron\u00e1utica (ITA).<\/span><\/p>\n<p><span style=\"font-weight: 400;\">De acordo com o docente, o mercado est\u00e1 em transforma\u00e7\u00e3o, devido principalmente \u00e0s influ\u00eancias de fatores ambientais e tecnol\u00f3gicos. Do ponto de vista da automa\u00e7\u00e3o h\u00e1 um desafio permanente de dom\u00ednio tecnol\u00f3gico, com uma press\u00e3o crescente provocada pela entrada da Intelig\u00eancia Artificial em muitas \u00e1reas.<\/span><\/p>\n<p><span style=\"font-weight: 400;\">A vis\u00e3o anal\u00edtica e a forte base em matem\u00e1tica tamb\u00e9m abrem outras frentes de trabalho para os engenheiros. \u201cVivemos um apogeu do sistema financeiro, que tem concentrado recursos, inclusive atraindo bons engenheiros com os sal\u00e1rios mais altos, em detrimento dos setores produtivos\u201d, diz Jos\u00e9.<\/span><\/p>\n<p><span style=\"font-weight: 400;\">Para quem se identifica com a \u00e1rea, de fato, op\u00e7\u00f5es n\u00e3o faltam. O Censo da Educa\u00e7\u00e3o Superior registrou a entrada de novos alunos em 50 tipos diferentes de Engenharias em 2023. Da mais popular, Engenharia Civil, at\u00e9 cursos ainda pouco conhecidos, como nas \u00e1reas de Engenharia Geol\u00f3gica, Ac\u00fastica e de Nanotecnologia.<\/span><\/p>\n<p><strong>Principais cursos da \u00e1rea<\/strong><\/p>\n<table width=\"100%\">\n<tbody>\n<tr>\n<td width=\"\"><strong>Curso<\/strong><\/td>\n<td width=\"\"><strong>N\u00ba ingressantes 2023<\/strong><\/td>\n<\/tr>\n<tr>\n<td width=\"\">Engenharia civil<\/td>\n<td width=\"\">31.086<\/td>\n<\/tr>\n<tr>\n<td width=\"\">Engenharia mec\u00e2nica<\/td>\n<td width=\"\">19.758<\/td>\n<\/tr>\n<tr>\n<td width=\"\">Engenharia de produ\u00e7\u00e3o<\/td>\n<td width=\"\">15.458<\/td>\n<\/tr>\n<tr>\n<td width=\"\">Engenharia el\u00e9trica<\/td>\n<td width=\"\">14.887<\/td>\n<\/tr>\n<tr>\n<td width=\"\">Engenharia de software<\/td>\n<td width=\"\">9.825<\/td>\n<\/tr>\n<\/tbody>\n<\/table>\n<p>Fonte: Censo da Educa\u00e7\u00e3o Superior 2023 (Inep)<\/p>\n","protected":false},"excerpt":{"rendered":"<p>Orientadas ao desenvolvimento de solu\u00e7\u00f5es para demandas pr\u00e1ticas da sociedade, as Engenharias otimizam a opera\u00e7\u00e3o de diferentes segmentos, como constru\u00e7\u00e3o civil, produ\u00e7\u00e3o de energia, ind\u00fastria automobil\u00edstica e meio ambiente. O que une todos os engenheiros \u00e9 o foco em aperfei\u00e7oar processos, seja por meio da programa\u00e7\u00e3o de c\u00f3digos, na constru\u00e7\u00e3o de estruturas ou nos fluxos &hellip; <a href=\"https:\/\/publicacoes.estadao.com.br\/guia-da-faculdade-2024\/engenharias\/\">Continued<\/a><\/p>\n","protected":false},"author":1,"featured_media":0,"parent":0,"menu_order":0,"comment_status":"closed","ping_status":"closed","template":"template-destaques-ac-engenharias.php","meta":{"footnotes":""},"class_list":["post-28107","page","type-page","status-publish","hentry"],"yoast_head":"<!-- This site is optimized with the Yoast SEO plugin v23.6 - https:\/\/yoast.com\/wordpress\/plugins\/seo\/ -->\n<title>Engenharias - Guia da Faculdade 2024<\/title>\n<meta name=\"robots\" content=\"noindex, follow, max-snippet:-1, max-image-preview:large, max-video-preview:-1\" \/>\n<meta property=\"og:locale\" content=\"pt_BR\" \/>\n<meta property=\"og:type\" content=\"article\" \/>\n<meta property=\"og:title\" content=\"Engenharias - Guia da Faculdade 2024\" \/>\n<meta property=\"og:description\" content=\"Orientadas ao desenvolvimento de solu\u00e7\u00f5es para demandas pr\u00e1ticas da sociedade, as Engenharias otimizam a opera\u00e7\u00e3o de diferentes segmentos, como constru\u00e7\u00e3o civil, produ\u00e7\u00e3o de energia, ind\u00fastria automobil\u00edstica e meio ambiente. O que une todos os engenheiros \u00e9 o foco em aperfei\u00e7oar processos, seja por meio da programa\u00e7\u00e3o de c\u00f3digos, na constru\u00e7\u00e3o de estruturas ou nos fluxos &hellip; Continued\" \/>\n<meta property=\"og:url\" content=\"https:\/\/publicacoes.estadao.com.br\/guia-da-faculdade-2024\/engenharias\/\" \/>\n<meta property=\"og:site_name\" content=\"Guia da Faculdade 2024\" \/>\n<meta property=\"article:modified_time\" content=\"2024-10-19T20:17:19+00:00\" \/>\n<meta name=\"twitter:card\" content=\"summary_large_image\" \/>\n<meta name=\"twitter:label1\" content=\"Est. tempo de leitura\" \/>\n\t<meta name=\"twitter:data1\" content=\"2 minutos\" \/>\n<script type=\"application\/ld+json\" class=\"yoast-schema-graph\">{\"@context\":\"https:\/\/schema.org\",\"@graph\":[{\"@type\":\"WebPage\",\"@id\":\"https:\/\/publicacoes.estadao.com.br\/guia-da-faculdade-2024\/engenharias\/\",\"url\":\"https:\/\/publicacoes.estadao.com.br\/guia-da-faculdade-2024\/engenharias\/\",\"name\":\"Engenharias - Guia da Faculdade 2024\",\"isPartOf\":{\"@id\":\"https:\/\/publicacoes.estadao.com.br\/guia-da-faculdade-2024\/#website\"},\"datePublished\":\"2019-09-25T19:04:58+00:00\",\"dateModified\":\"2024-10-19T20:17:19+00:00\",\"breadcrumb\":{\"@id\":\"https:\/\/publicacoes.estadao.com.br\/guia-da-faculdade-2024\/engenharias\/#breadcrumb\"},\"inLanguage\":\"pt-BR\",\"potentialAction\":[{\"@type\":\"ReadAction\",\"target\":[\"https:\/\/publicacoes.estadao.com.br\/guia-da-faculdade-2024\/engenharias\/\"]}]},{\"@type\":\"BreadcrumbList\",\"@id\":\"https:\/\/publicacoes.estadao.com.br\/guia-da-faculdade-2024\/engenharias\/#breadcrumb\",\"itemListElement\":[{\"@type\":\"ListItem\",\"position\":1,\"name\":\"In\u00edcio\",\"item\":\"https:\/\/publicacoes.estadao.com.br\/guia-da-faculdade-2024\/\"},{\"@type\":\"ListItem\",\"position\":2,\"name\":\"Engenharias\"}]},{\"@type\":\"WebSite\",\"@id\":\"https:\/\/publicacoes.estadao.com.br\/guia-da-faculdade-2024\/#website\",\"url\":\"https:\/\/publicacoes.estadao.com.br\/guia-da-faculdade-2024\/\",\"name\":\"Guia da Faculdade 2024\",\"description\":\"Parceria Estad\u00e3o e Quero Educa\u00e7\u00e3o\",\"potentialAction\":[{\"@type\":\"SearchAction\",\"target\":{\"@type\":\"EntryPoint\",\"urlTemplate\":\"https:\/\/publicacoes.estadao.com.br\/guia-da-faculdade-2024\/?s={search_term_string}\"},\"query-input\":{\"@type\":\"PropertyValueSpecification\",\"valueRequired\":true,\"valueName\":\"search_term_string\"}}],\"inLanguage\":\"pt-BR\"}]}<\/script>\n<!-- \/ Yoast SEO plugin. -->","yoast_head_json":{"title":"Engenharias - Guia da Faculdade 2024","robots":{"index":"noindex","follow":"follow","max-snippet":"max-snippet:-1","max-image-preview":"max-image-preview:large","max-video-preview":"max-video-preview:-1"},"og_locale":"pt_BR","og_type":"article","og_title":"Engenharias - Guia da Faculdade 2024","og_description":"Orientadas ao desenvolvimento de solu\u00e7\u00f5es para demandas pr\u00e1ticas da sociedade, as Engenharias otimizam a opera\u00e7\u00e3o de diferentes segmentos, como constru\u00e7\u00e3o civil, produ\u00e7\u00e3o de energia, ind\u00fastria automobil\u00edstica e meio ambiente. O que une todos os engenheiros \u00e9 o foco em aperfei\u00e7oar processos, seja por meio da programa\u00e7\u00e3o de c\u00f3digos, na constru\u00e7\u00e3o de estruturas ou nos fluxos &hellip; Continued","og_url":"https:\/\/publicacoes.estadao.com.br\/guia-da-faculdade-2024\/engenharias\/","og_site_name":"Guia da Faculdade 2024","article_modified_time":"2024-10-19T20:17:19+00:00","twitter_card":"summary_large_image","twitter_misc":{"Est. tempo de leitura":"2 minutos"},"schema":{"@context":"https:\/\/schema.org","@graph":[{"@type":"WebPage","@id":"https:\/\/publicacoes.estadao.com.br\/guia-da-faculdade-2024\/engenharias\/","url":"https:\/\/publicacoes.estadao.com.br\/guia-da-faculdade-2024\/engenharias\/","name":"Engenharias - Guia da Faculdade 2024","isPartOf":{"@id":"https:\/\/publicacoes.estadao.com.br\/guia-da-faculdade-2024\/#website"},"datePublished":"2019-09-25T19:04:58+00:00","dateModified":"2024-10-19T20:17:19+00:00","breadcrumb":{"@id":"https:\/\/publicacoes.estadao.com.br\/guia-da-faculdade-2024\/engenharias\/#breadcrumb"},"inLanguage":"pt-BR","potentialAction":[{"@type":"ReadAction","target":["https:\/\/publicacoes.estadao.com.br\/guia-da-faculdade-2024\/engenharias\/"]}]},{"@type":"BreadcrumbList","@id":"https:\/\/publicacoes.estadao.com.br\/guia-da-faculdade-2024\/engenharias\/#breadcrumb","itemListElement":[{"@type":"ListItem","position":1,"name":"In\u00edcio","item":"https:\/\/publicacoes.estadao.com.br\/guia-da-faculdade-2024\/"},{"@type":"ListItem","position":2,"name":"Engenharias"}]},{"@type":"WebSite","@id":"https:\/\/publicacoes.estadao.com.br\/guia-da-faculdade-2024\/#website","url":"https:\/\/publicacoes.estadao.com.br\/guia-da-faculdade-2024\/","name":"Guia da Faculdade 2024","description":"Parceria Estad\u00e3o e Quero Educa\u00e7\u00e3o","potentialAction":[{"@type":"SearchAction","target":{"@type":"EntryPoint","urlTemplate":"https:\/\/publicacoes.estadao.com.br\/guia-da-faculdade-2024\/?s={search_term_string}"},"query-input":{"@type":"PropertyValueSpecification","valueRequired":true,"valueName":"search_term_string"}}],"inLanguage":"pt-BR"}]}},"_links":{"self":[{"href":"https:\/\/publicacoes.estadao.com.br\/guia-da-faculdade-2024\/wp-json\/wp\/v2\/pages\/28107","targetHints":{"allow":["GET"]}}],"collection":[{"href":"https:\/\/publicacoes.estadao.com.br\/guia-da-faculdade-2024\/wp-json\/wp\/v2\/pages"}],"about":[{"href":"https:\/\/publicacoes.estadao.com.br\/guia-da-faculdade-2024\/wp-json\/wp\/v2\/types\/page"}],"author":[{"embeddable":true,"href":"https:\/\/publicacoes.estadao.com.br\/guia-da-faculdade-2024\/wp-json\/wp\/v2\/users\/1"}],"replies":[{"embeddable":true,"href":"https:\/\/publicacoes.estadao.com.br\/guia-da-faculdade-2024\/wp-json\/wp\/v2\/comments?post=28107"}],"version-history":[{"count":4,"href":"https:\/\/publicacoes.estadao.com.br\/guia-da-faculdade-2024\/wp-json\/wp\/v2\/pages\/28107\/revisions"}],"predecessor-version":[{"id":214907,"href":"https:\/\/publicacoes.estadao.com.br\/guia-da-faculdade-2024\/wp-json\/wp\/v2\/pages\/28107\/revisions\/214907"}],"wp:attachment":[{"href":"https:\/\/publicacoes.estadao.com.br\/guia-da-faculdade-2024\/wp-json\/wp\/v2\/media?parent=28107"}],"curies":[{"name":"wp","href":"https:\/\/api.w.org\/{rel}","templated":true}]}}