{"id":214199,"date":"2023-10-19T09:51:22","date_gmt":"2023-10-19T12:51:22","guid":{"rendered":"https:\/\/publicacoes.estadao.com.br\/guia-da-faculdade-2023\/?page_id=214199"},"modified":"2024-10-19T17:16:15","modified_gmt":"2024-10-19T20:16:15","slug":"ciencias-humanas-e-comunicacao","status":"publish","type":"page","link":"https:\/\/publicacoes.estadao.com.br\/guia-da-faculdade-2024\/ciencias-humanas-e-comunicacao\/","title":{"rendered":"Ci\u00eancias Humanas e Comunica\u00e7\u00e3o"},"content":{"rendered":"<p><span style=\"font-weight: 400;\">An\u00e1lises hist\u00f3ricas, demandas jur\u00eddicas, conceitos filos\u00f3ficos e estrat\u00e9gias de comunica\u00e7\u00e3o. Esses s\u00e3o alguns dos campos de estudos que os cursos da \u00e1rea de Ci\u00eancias Humanas e Comunica\u00e7\u00e3o abrangem. \u201cNa educa\u00e7\u00e3o, os profissionais podem atuar como professores e coordenadores pedag\u00f3gicos; na comunica\u00e7\u00e3o, em jornalismo, publicidade, rela\u00e7\u00f5es p\u00fablicas\u201d, exemplifica Danilo Rothberg, vice-coordenador do curso de jornalismo da Universidade Estadual Paulista (Unesp).\u00a0<\/span><\/p>\n<p><span style=\"font-weight: 400;\">Mas o curso que mais tem estudantes, n\u00e3o s\u00f3 dentro da \u00e1rea de Ci\u00eancias Humanas, mas entre todas as gradua\u00e7\u00f5es presenciais do Brasil, \u00e9 o de Direito. Foram mais de 220 mil ingressantes em 2023, 70% a mais que Psicologia, curso da \u00e1rea da sa\u00fade, que foi o segundo com mais ingressantes no ano passado (131.175).<\/span><\/p>\n<p><span style=\"font-weight: 400;\">Outra gradua\u00e7\u00e3o relevante no campo das Ci\u00eancias Humanas e Comunica\u00e7\u00e3o \u00e9 a de Letras, principalmente pela diversidade de habilita\u00e7\u00f5es que ela oferece. Em 2023, os mais de 24 mil ingressantes se distribu\u00edram em 41 habilita\u00e7\u00f5es, da mais popular licenciatura em Letras, o portugu\u00eas (9.222 ingressantes), at\u00e9 Letras em japon\u00eas, com 125 novos alunos.<\/span><\/p>\n<p><span style=\"font-weight: 400;\">Para Rothberg, independentemente do segmento, os cursos dessa \u00e1rea de conhecimento devem ter algumas caracter\u00edsticas em comum: \u201cEles devem oferecer uma forma\u00e7\u00e3o que integre diferentes \u00e1reas do conhecimento, oportunidades de experi\u00eancia pr\u00e1tica, um corpo docente qualificado, uma infraestrutura adequada e acordos de coopera\u00e7\u00e3o com empresas, ONGs e outras institui\u00e7\u00f5es para oportunidades de est\u00e1gio e emprego.\u201d<\/span><\/p>\n<p><strong>Principais cursos da \u00e1rea<\/strong><\/p>\n<table width=\"100%\">\n<tbody>\n<tr>\n<td width=\"\"><strong>Curso<\/strong><\/td>\n<td width=\"\"><strong>N\u00ba ingressantes 2023<\/strong><\/td>\n<\/tr>\n<tr>\n<td width=\"\">Direito<\/td>\n<td width=\"\">222.969<\/td>\n<\/tr>\n<tr>\n<td width=\"\">Pedagogia<\/td>\n<td width=\"\">51.315<\/td>\n<\/tr>\n<tr>\n<td width=\"\">Letras (licenciatura+bacharelado)*<\/td>\n<td width=\"\">24.326<\/td>\n<\/tr>\n<tr>\n<td width=\"\">Publicidade e propaganda<\/td>\n<td width=\"\">18.568<\/td>\n<\/tr>\n<tr>\n<td width=\"\">Hist\u00f3ria (licenciatura+bacharelado)<\/td>\n<td width=\"\">11.167<\/td>\n<\/tr>\n<\/tbody>\n<\/table>\n<p><em>Fonte: Censo da Educa\u00e7\u00e3o Superior 2023 (Inep)<br \/>\n* Somando todas as possibilidades de habilita\u00e7\u00e3o<\/em><\/p>\n","protected":false},"excerpt":{"rendered":"<p>An\u00e1lises hist\u00f3ricas, demandas jur\u00eddicas, conceitos filos\u00f3ficos e estrat\u00e9gias de comunica\u00e7\u00e3o. Esses s\u00e3o alguns dos campos de estudos que os cursos da \u00e1rea de Ci\u00eancias Humanas e Comunica\u00e7\u00e3o abrangem. \u201cNa educa\u00e7\u00e3o, os profissionais podem atuar como professores e coordenadores pedag\u00f3gicos; na comunica\u00e7\u00e3o, em jornalismo, publicidade, rela\u00e7\u00f5es p\u00fablicas\u201d, exemplifica Danilo Rothberg, vice-coordenador do curso de jornalismo da &hellip; <a href=\"https:\/\/publicacoes.estadao.com.br\/guia-da-faculdade-2024\/ciencias-humanas-e-comunicacao\/\">Continued<\/a><\/p>\n","protected":false},"author":1,"featured_media":0,"parent":0,"menu_order":0,"comment_status":"closed","ping_status":"closed","template":"template-destaques-ac-ciencias-sociais-e-humanas.php","meta":{"footnotes":""},"class_list":["post-214199","page","type-page","status-publish","hentry"],"yoast_head":"<!-- This site is optimized with the Yoast SEO plugin v23.6 - https:\/\/yoast.com\/wordpress\/plugins\/seo\/ -->\n<title>Ci\u00eancias Humanas e Comunica\u00e7\u00e3o - Guia da Faculdade 2024<\/title>\n<meta name=\"robots\" content=\"noindex, follow, max-snippet:-1, max-image-preview:large, max-video-preview:-1\" \/>\n<meta property=\"og:locale\" content=\"pt_BR\" \/>\n<meta property=\"og:type\" content=\"article\" \/>\n<meta property=\"og:title\" content=\"Ci\u00eancias Humanas e Comunica\u00e7\u00e3o - Guia da Faculdade 2024\" \/>\n<meta property=\"og:description\" content=\"An\u00e1lises hist\u00f3ricas, demandas jur\u00eddicas, conceitos filos\u00f3ficos e estrat\u00e9gias de comunica\u00e7\u00e3o. Esses s\u00e3o alguns dos campos de estudos que os cursos da \u00e1rea de Ci\u00eancias Humanas e Comunica\u00e7\u00e3o abrangem. \u201cNa educa\u00e7\u00e3o, os profissionais podem atuar como professores e coordenadores pedag\u00f3gicos; na comunica\u00e7\u00e3o, em jornalismo, publicidade, rela\u00e7\u00f5es p\u00fablicas\u201d, exemplifica Danilo Rothberg, vice-coordenador do curso de jornalismo da &hellip; Continued\" \/>\n<meta property=\"og:url\" content=\"https:\/\/publicacoes.estadao.com.br\/guia-da-faculdade-2024\/ciencias-humanas-e-comunicacao\/\" \/>\n<meta property=\"og:site_name\" content=\"Guia da Faculdade 2024\" \/>\n<meta property=\"article:modified_time\" content=\"2024-10-19T20:16:15+00:00\" \/>\n<meta name=\"twitter:card\" content=\"summary_large_image\" \/>\n<meta name=\"twitter:label1\" content=\"Est. tempo de leitura\" \/>\n\t<meta name=\"twitter:data1\" content=\"1 minuto\" \/>\n<script type=\"application\/ld+json\" class=\"yoast-schema-graph\">{\"@context\":\"https:\/\/schema.org\",\"@graph\":[{\"@type\":\"WebPage\",\"@id\":\"https:\/\/publicacoes.estadao.com.br\/guia-da-faculdade-2024\/ciencias-humanas-e-comunicacao\/\",\"url\":\"https:\/\/publicacoes.estadao.com.br\/guia-da-faculdade-2024\/ciencias-humanas-e-comunicacao\/\",\"name\":\"Ci\u00eancias Humanas e Comunica\u00e7\u00e3o - Guia da Faculdade 2024\",\"isPartOf\":{\"@id\":\"https:\/\/publicacoes.estadao.com.br\/guia-da-faculdade-2024\/#website\"},\"datePublished\":\"2023-10-19T12:51:22+00:00\",\"dateModified\":\"2024-10-19T20:16:15+00:00\",\"breadcrumb\":{\"@id\":\"https:\/\/publicacoes.estadao.com.br\/guia-da-faculdade-2024\/ciencias-humanas-e-comunicacao\/#breadcrumb\"},\"inLanguage\":\"pt-BR\",\"potentialAction\":[{\"@type\":\"ReadAction\",\"target\":[\"https:\/\/publicacoes.estadao.com.br\/guia-da-faculdade-2024\/ciencias-humanas-e-comunicacao\/\"]}]},{\"@type\":\"BreadcrumbList\",\"@id\":\"https:\/\/publicacoes.estadao.com.br\/guia-da-faculdade-2024\/ciencias-humanas-e-comunicacao\/#breadcrumb\",\"itemListElement\":[{\"@type\":\"ListItem\",\"position\":1,\"name\":\"In\u00edcio\",\"item\":\"https:\/\/publicacoes.estadao.com.br\/guia-da-faculdade-2024\/\"},{\"@type\":\"ListItem\",\"position\":2,\"name\":\"Ci\u00eancias Humanas e Comunica\u00e7\u00e3o\"}]},{\"@type\":\"WebSite\",\"@id\":\"https:\/\/publicacoes.estadao.com.br\/guia-da-faculdade-2024\/#website\",\"url\":\"https:\/\/publicacoes.estadao.com.br\/guia-da-faculdade-2024\/\",\"name\":\"Guia da Faculdade 2024\",\"description\":\"Parceria Estad\u00e3o e Quero Educa\u00e7\u00e3o\",\"potentialAction\":[{\"@type\":\"SearchAction\",\"target\":{\"@type\":\"EntryPoint\",\"urlTemplate\":\"https:\/\/publicacoes.estadao.com.br\/guia-da-faculdade-2024\/?s={search_term_string}\"},\"query-input\":{\"@type\":\"PropertyValueSpecification\",\"valueRequired\":true,\"valueName\":\"search_term_string\"}}],\"inLanguage\":\"pt-BR\"}]}<\/script>\n<!-- \/ Yoast SEO plugin. -->","yoast_head_json":{"title":"Ci\u00eancias Humanas e Comunica\u00e7\u00e3o - Guia da Faculdade 2024","robots":{"index":"noindex","follow":"follow","max-snippet":"max-snippet:-1","max-image-preview":"max-image-preview:large","max-video-preview":"max-video-preview:-1"},"og_locale":"pt_BR","og_type":"article","og_title":"Ci\u00eancias Humanas e Comunica\u00e7\u00e3o - Guia da Faculdade 2024","og_description":"An\u00e1lises hist\u00f3ricas, demandas jur\u00eddicas, conceitos filos\u00f3ficos e estrat\u00e9gias de comunica\u00e7\u00e3o. Esses s\u00e3o alguns dos campos de estudos que os cursos da \u00e1rea de Ci\u00eancias Humanas e Comunica\u00e7\u00e3o abrangem. \u201cNa educa\u00e7\u00e3o, os profissionais podem atuar como professores e coordenadores pedag\u00f3gicos; na comunica\u00e7\u00e3o, em jornalismo, publicidade, rela\u00e7\u00f5es p\u00fablicas\u201d, exemplifica Danilo Rothberg, vice-coordenador do curso de jornalismo da &hellip; Continued","og_url":"https:\/\/publicacoes.estadao.com.br\/guia-da-faculdade-2024\/ciencias-humanas-e-comunicacao\/","og_site_name":"Guia da Faculdade 2024","article_modified_time":"2024-10-19T20:16:15+00:00","twitter_card":"summary_large_image","twitter_misc":{"Est. tempo de leitura":"1 minuto"},"schema":{"@context":"https:\/\/schema.org","@graph":[{"@type":"WebPage","@id":"https:\/\/publicacoes.estadao.com.br\/guia-da-faculdade-2024\/ciencias-humanas-e-comunicacao\/","url":"https:\/\/publicacoes.estadao.com.br\/guia-da-faculdade-2024\/ciencias-humanas-e-comunicacao\/","name":"Ci\u00eancias Humanas e Comunica\u00e7\u00e3o - Guia da Faculdade 2024","isPartOf":{"@id":"https:\/\/publicacoes.estadao.com.br\/guia-da-faculdade-2024\/#website"},"datePublished":"2023-10-19T12:51:22+00:00","dateModified":"2024-10-19T20:16:15+00:00","breadcrumb":{"@id":"https:\/\/publicacoes.estadao.com.br\/guia-da-faculdade-2024\/ciencias-humanas-e-comunicacao\/#breadcrumb"},"inLanguage":"pt-BR","potentialAction":[{"@type":"ReadAction","target":["https:\/\/publicacoes.estadao.com.br\/guia-da-faculdade-2024\/ciencias-humanas-e-comunicacao\/"]}]},{"@type":"BreadcrumbList","@id":"https:\/\/publicacoes.estadao.com.br\/guia-da-faculdade-2024\/ciencias-humanas-e-comunicacao\/#breadcrumb","itemListElement":[{"@type":"ListItem","position":1,"name":"In\u00edcio","item":"https:\/\/publicacoes.estadao.com.br\/guia-da-faculdade-2024\/"},{"@type":"ListItem","position":2,"name":"Ci\u00eancias Humanas e Comunica\u00e7\u00e3o"}]},{"@type":"WebSite","@id":"https:\/\/publicacoes.estadao.com.br\/guia-da-faculdade-2024\/#website","url":"https:\/\/publicacoes.estadao.com.br\/guia-da-faculdade-2024\/","name":"Guia da Faculdade 2024","description":"Parceria Estad\u00e3o e Quero Educa\u00e7\u00e3o","potentialAction":[{"@type":"SearchAction","target":{"@type":"EntryPoint","urlTemplate":"https:\/\/publicacoes.estadao.com.br\/guia-da-faculdade-2024\/?s={search_term_string}"},"query-input":{"@type":"PropertyValueSpecification","valueRequired":true,"valueName":"search_term_string"}}],"inLanguage":"pt-BR"}]}},"_links":{"self":[{"href":"https:\/\/publicacoes.estadao.com.br\/guia-da-faculdade-2024\/wp-json\/wp\/v2\/pages\/214199","targetHints":{"allow":["GET"]}}],"collection":[{"href":"https:\/\/publicacoes.estadao.com.br\/guia-da-faculdade-2024\/wp-json\/wp\/v2\/pages"}],"about":[{"href":"https:\/\/publicacoes.estadao.com.br\/guia-da-faculdade-2024\/wp-json\/wp\/v2\/types\/page"}],"author":[{"embeddable":true,"href":"https:\/\/publicacoes.estadao.com.br\/guia-da-faculdade-2024\/wp-json\/wp\/v2\/users\/1"}],"replies":[{"embeddable":true,"href":"https:\/\/publicacoes.estadao.com.br\/guia-da-faculdade-2024\/wp-json\/wp\/v2\/comments?post=214199"}],"version-history":[{"count":4,"href":"https:\/\/publicacoes.estadao.com.br\/guia-da-faculdade-2024\/wp-json\/wp\/v2\/pages\/214199\/revisions"}],"predecessor-version":[{"id":214906,"href":"https:\/\/publicacoes.estadao.com.br\/guia-da-faculdade-2024\/wp-json\/wp\/v2\/pages\/214199\/revisions\/214906"}],"wp:attachment":[{"href":"https:\/\/publicacoes.estadao.com.br\/guia-da-faculdade-2024\/wp-json\/wp\/v2\/media?parent=214199"}],"curies":[{"name":"wp","href":"https:\/\/api.w.org\/{rel}","templated":true}]}}