{"id":115245,"date":"2020-10-24T07:39:10","date_gmt":"2020-10-24T10:39:10","guid":{"rendered":"https:\/\/publicacoes.estadao.com.br\/guia-da-faculdade\/?page_id=115245"},"modified":"2024-10-19T17:20:51","modified_gmt":"2024-10-19T20:20:51","slug":"ead","status":"publish","type":"page","link":"https:\/\/publicacoes.estadao.com.br\/guia-da-faculdade-2024\/ead\/","title":{"rendered":"Os melhores cursos a dist\u00e2ncia"},"content":{"rendered":"<p><span style=\"font-weight: 400;\">Os dois cursos superiores que receberam mais alunos novos no Brasil em 2023 eram da modalidade a dist\u00e2ncia. Foram quase 380 mil estudantes no curso de Pedagogia e um pouco mais de 250 mil no de Administra\u00e7\u00e3o. O primeiro curso presencial que aparece nesse ranking de ingressantes \u00e9 o de Direito, com cerca de 220 mil estudantes.<\/span><\/p>\n<p><span style=\"font-weight: 400;\">Entre todos os ingressantes no Ensino Superior no ano passado, 66% optaram por cursos \u00e0 dist\u00e2ncia. \u201cDevemos cruzar agora a fronteira de mais matr\u00edculas no EAD do que no presencial\u201d, afirma Bruno Coimbra, diretor jur\u00eddico da Associa\u00e7\u00e3o Brasileira de Mantenedoras de Ensino Superior (Abmes).<\/span><\/p>\n<p><span style=\"font-weight: 400;\">Um dos desafios \u00e9 garantir que a expans\u00e3o das gradua\u00e7\u00f5es a dist\u00e2ncia n\u00e3o interfira na qualidade da forma\u00e7\u00e3o dos universit\u00e1rios. \u201cA qualidade ser\u00e1 um diferencial, ainda que saibamos que esse deve ser um pilar que conduz todo projeto educacional, no futuro ser\u00e1 um fator ainda mais essencial na decis\u00e3o dos estudantes\u201d, diz Rita Borges, diretora de rela\u00e7\u00f5es nacionais da Associa\u00e7\u00e3o Brasileira de Educa\u00e7\u00e3o a Dist\u00e2ncia (ABED).<\/span><\/p>\n<p><span style=\"font-weight: 400;\">O <\/span><b>Guia da Faculdade<\/b><span style=\"font-weight: 400;\"> selecionou este ano 2.615 gradua\u00e7\u00f5es EAD que receberam 3, 4 ou 5 estrelas. Aqui voc\u00ea encontra quais foram esses cursos mais bem avaliados nas 20 \u00e1reas que mais atraem alunos para o Ensino Superior \u00e0 dist\u00e2ncia.<\/span><\/p>\n<p><strong>Principais cursos EAD<\/strong><\/p>\n<table width=\"100%\">\n<tbody>\n<tr>\n<td width=\"\"><strong>Curso<\/strong><\/td>\n<td width=\"\"><strong>N\u00ba ingressantes 2023<\/strong><\/td>\n<\/tr>\n<tr>\n<td width=\"\">Pedagogia<\/td>\n<td width=\"\">378.780<\/td>\n<\/tr>\n<tr>\n<td width=\"\">Administra\u00e7\u00e3o<\/td>\n<td width=\"\">256.355<\/td>\n<\/tr>\n<tr>\n<td width=\"\">Sistemas de Informa\u00e7\u00e3o<\/td>\n<td width=\"\">181.805<\/td>\n<\/tr>\n<tr>\n<td width=\"\">Gest\u00e3o de recursos humanos<\/td>\n<td width=\"\">143.781<\/td>\n<\/tr>\n<tr>\n<td width=\"\">Enfermagem<\/td>\n<td width=\"\">118.776<\/td>\n<\/tr>\n<\/tbody>\n<\/table>\n<p><em>Fonte: Censo da Educa\u00e7\u00e3o Superior 2023 (Inep)<\/em><\/p>\n","protected":false},"excerpt":{"rendered":"<p>Os dois cursos superiores que receberam mais alunos novos no Brasil em 2023 eram da modalidade a dist\u00e2ncia. Foram quase 380 mil estudantes no curso de Pedagogia e um pouco mais de 250 mil no de Administra\u00e7\u00e3o. O primeiro curso presencial que aparece nesse ranking de ingressantes \u00e9 o de Direito, com cerca de 220 &hellip; <a href=\"https:\/\/publicacoes.estadao.com.br\/guia-da-faculdade-2024\/ead\/\">Continued<\/a><\/p>\n","protected":false},"author":1,"featured_media":0,"parent":0,"menu_order":0,"comment_status":"closed","ping_status":"closed","template":"template-destaque-ead.php","meta":{"footnotes":""},"class_list":["post-115245","page","type-page","status-publish","hentry"],"yoast_head":"<!-- This site is optimized with the Yoast SEO plugin v23.6 - https:\/\/yoast.com\/wordpress\/plugins\/seo\/ -->\n<title>Os melhores cursos a dist\u00e2ncia - Guia da Faculdade 2024<\/title>\n<meta name=\"robots\" content=\"noindex, follow, max-snippet:-1, max-image-preview:large, max-video-preview:-1\" \/>\n<meta property=\"og:locale\" content=\"pt_BR\" \/>\n<meta property=\"og:type\" content=\"article\" \/>\n<meta property=\"og:title\" content=\"Os melhores cursos a dist\u00e2ncia - Guia da Faculdade 2024\" \/>\n<meta property=\"og:description\" content=\"Os dois cursos superiores que receberam mais alunos novos no Brasil em 2023 eram da modalidade a dist\u00e2ncia. Foram quase 380 mil estudantes no curso de Pedagogia e um pouco mais de 250 mil no de Administra\u00e7\u00e3o. O primeiro curso presencial que aparece nesse ranking de ingressantes \u00e9 o de Direito, com cerca de 220 &hellip; Continued\" \/>\n<meta property=\"og:url\" content=\"https:\/\/publicacoes.estadao.com.br\/guia-da-faculdade-2024\/ead\/\" \/>\n<meta property=\"og:site_name\" content=\"Guia da Faculdade 2024\" \/>\n<meta property=\"article:modified_time\" content=\"2024-10-19T20:20:51+00:00\" \/>\n<meta name=\"twitter:card\" content=\"summary_large_image\" \/>\n<meta name=\"twitter:label1\" content=\"Est. tempo de leitura\" \/>\n\t<meta name=\"twitter:data1\" content=\"1 minuto\" \/>\n<script type=\"application\/ld+json\" class=\"yoast-schema-graph\">{\"@context\":\"https:\/\/schema.org\",\"@graph\":[{\"@type\":\"WebPage\",\"@id\":\"https:\/\/publicacoes.estadao.com.br\/guia-da-faculdade-2024\/ead\/\",\"url\":\"https:\/\/publicacoes.estadao.com.br\/guia-da-faculdade-2024\/ead\/\",\"name\":\"Os melhores cursos a dist\u00e2ncia - Guia da Faculdade 2024\",\"isPartOf\":{\"@id\":\"https:\/\/publicacoes.estadao.com.br\/guia-da-faculdade-2024\/#website\"},\"datePublished\":\"2020-10-24T10:39:10+00:00\",\"dateModified\":\"2024-10-19T20:20:51+00:00\",\"breadcrumb\":{\"@id\":\"https:\/\/publicacoes.estadao.com.br\/guia-da-faculdade-2024\/ead\/#breadcrumb\"},\"inLanguage\":\"pt-BR\",\"potentialAction\":[{\"@type\":\"ReadAction\",\"target\":[\"https:\/\/publicacoes.estadao.com.br\/guia-da-faculdade-2024\/ead\/\"]}]},{\"@type\":\"BreadcrumbList\",\"@id\":\"https:\/\/publicacoes.estadao.com.br\/guia-da-faculdade-2024\/ead\/#breadcrumb\",\"itemListElement\":[{\"@type\":\"ListItem\",\"position\":1,\"name\":\"In\u00edcio\",\"item\":\"https:\/\/publicacoes.estadao.com.br\/guia-da-faculdade-2024\/\"},{\"@type\":\"ListItem\",\"position\":2,\"name\":\"Os melhores cursos a dist\u00e2ncia\"}]},{\"@type\":\"WebSite\",\"@id\":\"https:\/\/publicacoes.estadao.com.br\/guia-da-faculdade-2024\/#website\",\"url\":\"https:\/\/publicacoes.estadao.com.br\/guia-da-faculdade-2024\/\",\"name\":\"Guia da Faculdade 2024\",\"description\":\"Parceria Estad\u00e3o e Quero Educa\u00e7\u00e3o\",\"potentialAction\":[{\"@type\":\"SearchAction\",\"target\":{\"@type\":\"EntryPoint\",\"urlTemplate\":\"https:\/\/publicacoes.estadao.com.br\/guia-da-faculdade-2024\/?s={search_term_string}\"},\"query-input\":{\"@type\":\"PropertyValueSpecification\",\"valueRequired\":true,\"valueName\":\"search_term_string\"}}],\"inLanguage\":\"pt-BR\"}]}<\/script>\n<!-- \/ Yoast SEO plugin. -->","yoast_head_json":{"title":"Os melhores cursos a dist\u00e2ncia - Guia da Faculdade 2024","robots":{"index":"noindex","follow":"follow","max-snippet":"max-snippet:-1","max-image-preview":"max-image-preview:large","max-video-preview":"max-video-preview:-1"},"og_locale":"pt_BR","og_type":"article","og_title":"Os melhores cursos a dist\u00e2ncia - Guia da Faculdade 2024","og_description":"Os dois cursos superiores que receberam mais alunos novos no Brasil em 2023 eram da modalidade a dist\u00e2ncia. Foram quase 380 mil estudantes no curso de Pedagogia e um pouco mais de 250 mil no de Administra\u00e7\u00e3o. O primeiro curso presencial que aparece nesse ranking de ingressantes \u00e9 o de Direito, com cerca de 220 &hellip; Continued","og_url":"https:\/\/publicacoes.estadao.com.br\/guia-da-faculdade-2024\/ead\/","og_site_name":"Guia da Faculdade 2024","article_modified_time":"2024-10-19T20:20:51+00:00","twitter_card":"summary_large_image","twitter_misc":{"Est. tempo de leitura":"1 minuto"},"schema":{"@context":"https:\/\/schema.org","@graph":[{"@type":"WebPage","@id":"https:\/\/publicacoes.estadao.com.br\/guia-da-faculdade-2024\/ead\/","url":"https:\/\/publicacoes.estadao.com.br\/guia-da-faculdade-2024\/ead\/","name":"Os melhores cursos a dist\u00e2ncia - Guia da Faculdade 2024","isPartOf":{"@id":"https:\/\/publicacoes.estadao.com.br\/guia-da-faculdade-2024\/#website"},"datePublished":"2020-10-24T10:39:10+00:00","dateModified":"2024-10-19T20:20:51+00:00","breadcrumb":{"@id":"https:\/\/publicacoes.estadao.com.br\/guia-da-faculdade-2024\/ead\/#breadcrumb"},"inLanguage":"pt-BR","potentialAction":[{"@type":"ReadAction","target":["https:\/\/publicacoes.estadao.com.br\/guia-da-faculdade-2024\/ead\/"]}]},{"@type":"BreadcrumbList","@id":"https:\/\/publicacoes.estadao.com.br\/guia-da-faculdade-2024\/ead\/#breadcrumb","itemListElement":[{"@type":"ListItem","position":1,"name":"In\u00edcio","item":"https:\/\/publicacoes.estadao.com.br\/guia-da-faculdade-2024\/"},{"@type":"ListItem","position":2,"name":"Os melhores cursos a dist\u00e2ncia"}]},{"@type":"WebSite","@id":"https:\/\/publicacoes.estadao.com.br\/guia-da-faculdade-2024\/#website","url":"https:\/\/publicacoes.estadao.com.br\/guia-da-faculdade-2024\/","name":"Guia da Faculdade 2024","description":"Parceria Estad\u00e3o e Quero Educa\u00e7\u00e3o","potentialAction":[{"@type":"SearchAction","target":{"@type":"EntryPoint","urlTemplate":"https:\/\/publicacoes.estadao.com.br\/guia-da-faculdade-2024\/?s={search_term_string}"},"query-input":{"@type":"PropertyValueSpecification","valueRequired":true,"valueName":"search_term_string"}}],"inLanguage":"pt-BR"}]}},"_links":{"self":[{"href":"https:\/\/publicacoes.estadao.com.br\/guia-da-faculdade-2024\/wp-json\/wp\/v2\/pages\/115245","targetHints":{"allow":["GET"]}}],"collection":[{"href":"https:\/\/publicacoes.estadao.com.br\/guia-da-faculdade-2024\/wp-json\/wp\/v2\/pages"}],"about":[{"href":"https:\/\/publicacoes.estadao.com.br\/guia-da-faculdade-2024\/wp-json\/wp\/v2\/types\/page"}],"author":[{"embeddable":true,"href":"https:\/\/publicacoes.estadao.com.br\/guia-da-faculdade-2024\/wp-json\/wp\/v2\/users\/1"}],"replies":[{"embeddable":true,"href":"https:\/\/publicacoes.estadao.com.br\/guia-da-faculdade-2024\/wp-json\/wp\/v2\/comments?post=115245"}],"version-history":[{"count":14,"href":"https:\/\/publicacoes.estadao.com.br\/guia-da-faculdade-2024\/wp-json\/wp\/v2\/pages\/115245\/revisions"}],"predecessor-version":[{"id":214910,"href":"https:\/\/publicacoes.estadao.com.br\/guia-da-faculdade-2024\/wp-json\/wp\/v2\/pages\/115245\/revisions\/214910"}],"wp:attachment":[{"href":"https:\/\/publicacoes.estadao.com.br\/guia-da-faculdade-2024\/wp-json\/wp\/v2\/media?parent=115245"}],"curies":[{"name":"wp","href":"https:\/\/api.w.org\/{rel}","templated":true}]}}