{"id":214523,"date":"2024-07-11T10:36:31","date_gmt":"2024-07-11T13:36:31","guid":{"rendered":"https:\/\/webapp334035.ip-172-104-17-109.cloudezapp.io\/?page_id=214523"},"modified":"2025-10-15T18:29:05","modified_gmt":"2025-10-15T21:29:05","slug":"metodologia","status":"publish","type":"page","link":"https:\/\/publicacoes.estadao.com.br\/guia-da-faculdade-2023\/metodologia\/","title":{"rendered":"Metodologia"},"content":{"rendered":"<p>Temos mais de 10,5 mil coordenadores e professores do ensino superior brasileiro cadastrados para atuar como avaliadores do <strong>Estad\u00e3o Guia da Faculdade<\/strong>. \u00c9 um trabalho volunt\u00e1rio, sem remunera\u00e7\u00e3o.<\/p>\n<p>Os avaliadores s\u00e3o acionados para atribuir notas aos cursos das suas \u00e1reas de forma\u00e7\u00e3o e de institui\u00e7\u00f5es prioritariamente localizadas na mesma regi\u00e3o do Pa\u00eds na qual trabalham.<\/p>\n<p>Cada curso \u00e9 distribu\u00eddo para a avalia\u00e7\u00e3o de seis professores e recebe notas de qualidade de 1 a 5, nos quesitos:<\/p>\n<blockquote><p><strong><img loading=\"lazy\" decoding=\"async\" class=\"alignnone size-full wp-image-214108\" src=\"https:\/\/publicacoes.estadao.com.br\/guia-da-faculdade-2023\/wp-content\/uploads\/2025\/10\/star.png\" alt=\"\" width=\"21\" height=\"19\" \/><br \/>\nProjeto pedag\u00f3gico<br \/>\n<\/strong><\/p><\/blockquote>\n<blockquote><p><strong><img loading=\"lazy\" decoding=\"async\" class=\"alignnone size-full wp-image-214108\" src=\"https:\/\/publicacoes.estadao.com.br\/guia-da-faculdade-2023\/wp-content\/uploads\/2025\/10\/star.png\" alt=\"\" width=\"21\" height=\"19\" \/><br \/>\nCorpo docente<br \/>\n<\/strong><\/p><\/blockquote>\n<blockquote><p><strong><img loading=\"lazy\" decoding=\"async\" class=\"alignnone size-full wp-image-214108\" src=\"https:\/\/publicacoes.estadao.com.br\/guia-da-faculdade-2023\/wp-content\/uploads\/2025\/10\/star.png\" alt=\"\" width=\"21\" height=\"19\" \/><br \/>\nInfraestrutura<br \/>\n<\/strong><\/p><\/blockquote>\n<p>Caso um curso n\u00e3o receba pelo menos quatro notas dos avaliadores, ele \u00e9 considerado como \u201csem nota\u201d na avalia\u00e7\u00e3o.<\/p>\n","protected":false},"excerpt":{"rendered":"<p>Temos mais de 10,5 mil coordenadores e professores do ensino superior brasileiro cadastrados para atuar como avaliadores do Estad\u00e3o Guia da Faculdade. \u00c9 um trabalho volunt\u00e1rio, sem remunera\u00e7\u00e3o. Os avaliadores s\u00e3o acionados para atribuir notas aos cursos das suas \u00e1reas de forma\u00e7\u00e3o e de institui\u00e7\u00f5es prioritariamente localizadas na mesma regi\u00e3o do Pa\u00eds na qual trabalham. &hellip; <a href=\"https:\/\/publicacoes.estadao.com.br\/guia-da-faculdade-2023\/metodologia\/\">Continued<\/a><\/p>\n","protected":false},"author":5,"featured_media":214541,"parent":0,"menu_order":0,"comment_status":"closed","ping_status":"closed","template":"metodologia.php","meta":{"_acf_changed":false,"footnotes":""},"class_list":["post-214523","page","type-page","status-publish","has-post-thumbnail","hentry"],"acf":[],"yoast_head":"<!-- This site is optimized with the Yoast SEO plugin v27.3 - https:\/\/yoast.com\/product\/yoast-seo-wordpress\/ -->\n<title>Metodologia - Guia da Faculdade<\/title>\n<meta name=\"robots\" content=\"noindex, follow, max-snippet:-1, max-image-preview:large, max-video-preview:-1\" \/>\n<meta property=\"og:locale\" content=\"pt_BR\" \/>\n<meta property=\"og:type\" content=\"article\" \/>\n<meta property=\"og:title\" content=\"Metodologia - Guia da Faculdade\" \/>\n<meta property=\"og:description\" content=\"Temos mais de 10,5 mil coordenadores e professores do ensino superior brasileiro cadastrados para atuar como avaliadores do Estad\u00e3o Guia da Faculdade. \u00c9 um trabalho volunt\u00e1rio, sem remunera\u00e7\u00e3o. Os avaliadores s\u00e3o acionados para atribuir notas aos cursos das suas \u00e1reas de forma\u00e7\u00e3o e de institui\u00e7\u00f5es prioritariamente localizadas na mesma regi\u00e3o do Pa\u00eds na qual trabalham. &hellip; Continued\" \/>\n<meta property=\"og:url\" content=\"https:\/\/publicacoes.estadao.com.br\/guia-da-faculdade-2023\/metodologia\/\" \/>\n<meta property=\"og:site_name\" content=\"Guia da Faculdade\" \/>\n<meta property=\"article:modified_time\" content=\"2025-10-15T21:29:05+00:00\" \/>\n<meta property=\"og:image\" content=\"https:\/\/publicacoes.estadao.com.br\/guia-da-faculdade-2023\/wp-content\/uploads\/2024\/07\/metodologia.jpg\" \/>\n\t<meta property=\"og:image:width\" content=\"900\" \/>\n\t<meta property=\"og:image:height\" content=\"480\" \/>\n\t<meta property=\"og:image:type\" content=\"image\/jpeg\" \/>\n<meta name=\"twitter:card\" content=\"summary_large_image\" \/>\n<meta name=\"twitter:label1\" content=\"Est. tempo de leitura\" \/>\n\t<meta name=\"twitter:data1\" content=\"1 minuto\" \/>\n<script type=\"application\/ld+json\" class=\"yoast-schema-graph\">{\"@context\":\"https:\\\/\\\/schema.org\",\"@graph\":[{\"@type\":\"WebPage\",\"@id\":\"https:\\\/\\\/publicacoes.estadao.com.br\\\/guia-da-faculdade-2023\\\/metodologia\\\/\",\"url\":\"https:\\\/\\\/publicacoes.estadao.com.br\\\/guia-da-faculdade-2023\\\/metodologia\\\/\",\"name\":\"Metodologia - Guia da Faculdade\",\"isPartOf\":{\"@id\":\"https:\\\/\\\/publicacoes.estadao.com.br\\\/guia-da-faculdade-2023\\\/#website\"},\"primaryImageOfPage\":{\"@id\":\"https:\\\/\\\/publicacoes.estadao.com.br\\\/guia-da-faculdade-2023\\\/metodologia\\\/#primaryimage\"},\"image\":{\"@id\":\"https:\\\/\\\/publicacoes.estadao.com.br\\\/guia-da-faculdade-2023\\\/metodologia\\\/#primaryimage\"},\"thumbnailUrl\":\"https:\\\/\\\/publicacoes.estadao.com.br\\\/guia-da-faculdade-2023\\\/wp-content\\\/uploads\\\/2024\\\/07\\\/metodologia.jpg\",\"datePublished\":\"2024-07-11T13:36:31+00:00\",\"dateModified\":\"2025-10-15T21:29:05+00:00\",\"breadcrumb\":{\"@id\":\"https:\\\/\\\/publicacoes.estadao.com.br\\\/guia-da-faculdade-2023\\\/metodologia\\\/#breadcrumb\"},\"inLanguage\":\"pt-BR\",\"potentialAction\":[{\"@type\":\"ReadAction\",\"target\":[\"https:\\\/\\\/publicacoes.estadao.com.br\\\/guia-da-faculdade-2023\\\/metodologia\\\/\"]}]},{\"@type\":\"ImageObject\",\"inLanguage\":\"pt-BR\",\"@id\":\"https:\\\/\\\/publicacoes.estadao.com.br\\\/guia-da-faculdade-2023\\\/metodologia\\\/#primaryimage\",\"url\":\"https:\\\/\\\/publicacoes.estadao.com.br\\\/guia-da-faculdade-2023\\\/wp-content\\\/uploads\\\/2024\\\/07\\\/metodologia.jpg\",\"contentUrl\":\"https:\\\/\\\/publicacoes.estadao.com.br\\\/guia-da-faculdade-2023\\\/wp-content\\\/uploads\\\/2024\\\/07\\\/metodologia.jpg\",\"width\":900,\"height\":480},{\"@type\":\"BreadcrumbList\",\"@id\":\"https:\\\/\\\/publicacoes.estadao.com.br\\\/guia-da-faculdade-2023\\\/metodologia\\\/#breadcrumb\",\"itemListElement\":[{\"@type\":\"ListItem\",\"position\":1,\"name\":\"In\u00edcio\",\"item\":\"https:\\\/\\\/publicacoes.estadao.com.br\\\/guia-da-faculdade-2023\\\/\"},{\"@type\":\"ListItem\",\"position\":2,\"name\":\"Metodologia\"}]},{\"@type\":\"WebSite\",\"@id\":\"https:\\\/\\\/publicacoes.estadao.com.br\\\/guia-da-faculdade-2023\\\/#website\",\"url\":\"https:\\\/\\\/publicacoes.estadao.com.br\\\/guia-da-faculdade-2023\\\/\",\"name\":\"Guia da Faculdade\",\"description\":\"Confira o guia completo dos cursos e faculdades mais bem avaliados do Brasil, al\u00e9m das oportunidades de carreira e tend\u00eancias de profiss\u00f5es.\",\"potentialAction\":[{\"@type\":\"SearchAction\",\"target\":{\"@type\":\"EntryPoint\",\"urlTemplate\":\"https:\\\/\\\/publicacoes.estadao.com.br\\\/guia-da-faculdade-2023\\\/?s={search_term_string}\"},\"query-input\":{\"@type\":\"PropertyValueSpecification\",\"valueRequired\":true,\"valueName\":\"search_term_string\"}}],\"inLanguage\":\"pt-BR\"}]}<\/script>\n<!-- \/ Yoast SEO plugin. -->","yoast_head_json":{"title":"Metodologia - Guia da Faculdade","robots":{"index":"noindex","follow":"follow","max-snippet":"max-snippet:-1","max-image-preview":"max-image-preview:large","max-video-preview":"max-video-preview:-1"},"og_locale":"pt_BR","og_type":"article","og_title":"Metodologia - Guia da Faculdade","og_description":"Temos mais de 10,5 mil coordenadores e professores do ensino superior brasileiro cadastrados para atuar como avaliadores do Estad\u00e3o Guia da Faculdade. \u00c9 um trabalho volunt\u00e1rio, sem remunera\u00e7\u00e3o. Os avaliadores s\u00e3o acionados para atribuir notas aos cursos das suas \u00e1reas de forma\u00e7\u00e3o e de institui\u00e7\u00f5es prioritariamente localizadas na mesma regi\u00e3o do Pa\u00eds na qual trabalham. &hellip; Continued","og_url":"https:\/\/publicacoes.estadao.com.br\/guia-da-faculdade-2023\/metodologia\/","og_site_name":"Guia da Faculdade","article_modified_time":"2025-10-15T21:29:05+00:00","og_image":[{"width":900,"height":480,"url":"https:\/\/publicacoes.estadao.com.br\/guia-da-faculdade-2023\/wp-content\/uploads\/2024\/07\/metodologia.jpg","type":"image\/jpeg"}],"twitter_card":"summary_large_image","twitter_misc":{"Est. tempo de leitura":"1 minuto"},"schema":{"@context":"https:\/\/schema.org","@graph":[{"@type":"WebPage","@id":"https:\/\/publicacoes.estadao.com.br\/guia-da-faculdade-2023\/metodologia\/","url":"https:\/\/publicacoes.estadao.com.br\/guia-da-faculdade-2023\/metodologia\/","name":"Metodologia - Guia da Faculdade","isPartOf":{"@id":"https:\/\/publicacoes.estadao.com.br\/guia-da-faculdade-2023\/#website"},"primaryImageOfPage":{"@id":"https:\/\/publicacoes.estadao.com.br\/guia-da-faculdade-2023\/metodologia\/#primaryimage"},"image":{"@id":"https:\/\/publicacoes.estadao.com.br\/guia-da-faculdade-2023\/metodologia\/#primaryimage"},"thumbnailUrl":"https:\/\/publicacoes.estadao.com.br\/guia-da-faculdade-2023\/wp-content\/uploads\/2024\/07\/metodologia.jpg","datePublished":"2024-07-11T13:36:31+00:00","dateModified":"2025-10-15T21:29:05+00:00","breadcrumb":{"@id":"https:\/\/publicacoes.estadao.com.br\/guia-da-faculdade-2023\/metodologia\/#breadcrumb"},"inLanguage":"pt-BR","potentialAction":[{"@type":"ReadAction","target":["https:\/\/publicacoes.estadao.com.br\/guia-da-faculdade-2023\/metodologia\/"]}]},{"@type":"ImageObject","inLanguage":"pt-BR","@id":"https:\/\/publicacoes.estadao.com.br\/guia-da-faculdade-2023\/metodologia\/#primaryimage","url":"https:\/\/publicacoes.estadao.com.br\/guia-da-faculdade-2023\/wp-content\/uploads\/2024\/07\/metodologia.jpg","contentUrl":"https:\/\/publicacoes.estadao.com.br\/guia-da-faculdade-2023\/wp-content\/uploads\/2024\/07\/metodologia.jpg","width":900,"height":480},{"@type":"BreadcrumbList","@id":"https:\/\/publicacoes.estadao.com.br\/guia-da-faculdade-2023\/metodologia\/#breadcrumb","itemListElement":[{"@type":"ListItem","position":1,"name":"In\u00edcio","item":"https:\/\/publicacoes.estadao.com.br\/guia-da-faculdade-2023\/"},{"@type":"ListItem","position":2,"name":"Metodologia"}]},{"@type":"WebSite","@id":"https:\/\/publicacoes.estadao.com.br\/guia-da-faculdade-2023\/#website","url":"https:\/\/publicacoes.estadao.com.br\/guia-da-faculdade-2023\/","name":"Guia da Faculdade","description":"Confira o guia completo dos cursos e faculdades mais bem avaliados do Brasil, al\u00e9m das oportunidades de carreira e tend\u00eancias de profiss\u00f5es.","potentialAction":[{"@type":"SearchAction","target":{"@type":"EntryPoint","urlTemplate":"https:\/\/publicacoes.estadao.com.br\/guia-da-faculdade-2023\/?s={search_term_string}"},"query-input":{"@type":"PropertyValueSpecification","valueRequired":true,"valueName":"search_term_string"}}],"inLanguage":"pt-BR"}]}},"_links":{"self":[{"href":"https:\/\/publicacoes.estadao.com.br\/guia-da-faculdade-2023\/wp-json\/wp\/v2\/pages\/214523","targetHints":{"allow":["GET"]}}],"collection":[{"href":"https:\/\/publicacoes.estadao.com.br\/guia-da-faculdade-2023\/wp-json\/wp\/v2\/pages"}],"about":[{"href":"https:\/\/publicacoes.estadao.com.br\/guia-da-faculdade-2023\/wp-json\/wp\/v2\/types\/page"}],"author":[{"embeddable":true,"href":"https:\/\/publicacoes.estadao.com.br\/guia-da-faculdade-2023\/wp-json\/wp\/v2\/users\/5"}],"replies":[{"embeddable":true,"href":"https:\/\/publicacoes.estadao.com.br\/guia-da-faculdade-2023\/wp-json\/wp\/v2\/comments?post=214523"}],"version-history":[{"count":2,"href":"https:\/\/publicacoes.estadao.com.br\/guia-da-faculdade-2023\/wp-json\/wp\/v2\/pages\/214523\/revisions"}],"predecessor-version":[{"id":214737,"href":"https:\/\/publicacoes.estadao.com.br\/guia-da-faculdade-2023\/wp-json\/wp\/v2\/pages\/214523\/revisions\/214737"}],"wp:featuredmedia":[{"embeddable":true,"href":"https:\/\/publicacoes.estadao.com.br\/guia-da-faculdade-2023\/wp-json\/wp\/v2\/media\/214541"}],"wp:attachment":[{"href":"https:\/\/publicacoes.estadao.com.br\/guia-da-faculdade-2023\/wp-json\/wp\/v2\/media?parent=214523"}],"curies":[{"name":"wp","href":"https:\/\/api.w.org\/{rel}","templated":true}]}}