{"id":214418,"date":"2024-06-11T15:21:50","date_gmt":"2024-06-11T18:21:50","guid":{"rendered":"http:\/\/localhost\/guia-da-faculdade\/site\/?page_id=214314"},"modified":"2024-06-11T15:21:50","modified_gmt":"2024-06-11T18:21:50","slug":"duvidas","status":"publish","type":"page","link":"https:\/\/publicacoes.estadao.com.br\/guia-da-faculdade-2023\/duvidas\/","title":{"rendered":"D\u00favidas"},"content":{"rendered":"<p><strong>Como a faculdade pode aparecer no guia?<br \/>\n<\/strong>Todas as institui\u00e7\u00f5es de ensino superior cadastradas no Minist\u00e9rio da Educa\u00e7\u00e3o (universidades, centros universit\u00e1rios, faculdades e institutos) s\u00e3o convidadas para fazer parte do Guia da Faculdade.<\/p>\n<p>Ap\u00f3s se cadastrarem para participar da avalia\u00e7\u00e3o, as institui\u00e7\u00f5es indicam todos os cursos superiores que est\u00e3o recebendo novos alunos.<\/p>\n<p><strong>Quais tipos de institui\u00e7\u00f5es de ensino superior podem fazer parte do guia?<br \/>\n<\/strong>Universidades, centros universit\u00e1rios, faculdades e institutos.<\/p>\n<p><strong>Quais os tipos de cursos contemplados no Guia da Faculdade?<br \/>\n<\/strong>Bacharelados, licenciaturas e tecnol\u00f3gicos, incluindo cursos interdisciplinares de faculdades p\u00fablicas e privadas.<\/p>\n<p><strong>H\u00e1 custo para participar do guia?<br \/>\n<\/strong>A figura\u00e7\u00e3o no guia n\u00e3o \u00e9 vendida. Ser\u00e3o contempladas todas as institui\u00e7\u00f5es de ensino superior cadastradas no Minist\u00e9rio da Educa\u00e7\u00e3o e convidadas para fazer parte do Guia da Faculdade.<\/p>\n<p>&nbsp;<\/p>\n","protected":false},"excerpt":{"rendered":"<p>Como a faculdade pode aparecer no guia? Todas as institui\u00e7\u00f5es de ensino superior cadastradas no Minist\u00e9rio da Educa\u00e7\u00e3o (universidades, centros universit\u00e1rios, faculdades e institutos) s\u00e3o convidadas para fazer parte do Guia da Faculdade. Ap\u00f3s se cadastrarem para participar da avalia\u00e7\u00e3o, as institui\u00e7\u00f5es indicam todos os cursos superiores que est\u00e3o recebendo novos alunos. Quais tipos de &hellip; <a href=\"https:\/\/publicacoes.estadao.com.br\/guia-da-faculdade-2023\/duvidas\/\">Continued<\/a><\/p>\n","protected":false},"author":5,"featured_media":214542,"parent":0,"menu_order":0,"comment_status":"closed","ping_status":"closed","template":"duvidas.php","meta":{"_acf_changed":false,"footnotes":""},"class_list":["post-214418","page","type-page","status-publish","has-post-thumbnail","hentry"],"acf":[],"yoast_head":"<!-- This site is optimized with the Yoast SEO plugin v27.3 - https:\/\/yoast.com\/product\/yoast-seo-wordpress\/ -->\n<title>D\u00favidas - Guia da Faculdade<\/title>\n<meta name=\"robots\" content=\"noindex, follow, max-snippet:-1, max-image-preview:large, max-video-preview:-1\" \/>\n<meta property=\"og:locale\" content=\"pt_BR\" \/>\n<meta property=\"og:type\" content=\"article\" \/>\n<meta property=\"og:title\" content=\"D\u00favidas - Guia da Faculdade\" \/>\n<meta property=\"og:description\" content=\"Como a faculdade pode aparecer no guia? Todas as institui\u00e7\u00f5es de ensino superior cadastradas no Minist\u00e9rio da Educa\u00e7\u00e3o (universidades, centros universit\u00e1rios, faculdades e institutos) s\u00e3o convidadas para fazer parte do Guia da Faculdade. Ap\u00f3s se cadastrarem para participar da avalia\u00e7\u00e3o, as institui\u00e7\u00f5es indicam todos os cursos superiores que est\u00e3o recebendo novos alunos. Quais tipos de &hellip; Continued\" \/>\n<meta property=\"og:url\" content=\"https:\/\/publicacoes.estadao.com.br\/guia-da-faculdade-2023\/duvidas\/\" \/>\n<meta property=\"og:site_name\" content=\"Guia da Faculdade\" \/>\n<meta property=\"og:image\" content=\"https:\/\/publicacoes.estadao.com.br\/guia-da-faculdade-2023\/wp-content\/uploads\/2024\/07\/duvidas.jpg\" \/>\n\t<meta property=\"og:image:width\" content=\"900\" \/>\n\t<meta property=\"og:image:height\" content=\"480\" \/>\n\t<meta property=\"og:image:type\" content=\"image\/jpeg\" \/>\n<meta name=\"twitter:card\" content=\"summary_large_image\" \/>\n<meta name=\"twitter:label1\" content=\"Est. tempo de leitura\" \/>\n\t<meta name=\"twitter:data1\" content=\"1 minuto\" \/>\n<script type=\"application\/ld+json\" class=\"yoast-schema-graph\">{\"@context\":\"https:\\\/\\\/schema.org\",\"@graph\":[{\"@type\":\"WebPage\",\"@id\":\"https:\\\/\\\/publicacoes.estadao.com.br\\\/guia-da-faculdade-2023\\\/duvidas\\\/\",\"url\":\"https:\\\/\\\/publicacoes.estadao.com.br\\\/guia-da-faculdade-2023\\\/duvidas\\\/\",\"name\":\"D\u00favidas - Guia da Faculdade\",\"isPartOf\":{\"@id\":\"https:\\\/\\\/publicacoes.estadao.com.br\\\/guia-da-faculdade-2023\\\/#website\"},\"primaryImageOfPage\":{\"@id\":\"https:\\\/\\\/publicacoes.estadao.com.br\\\/guia-da-faculdade-2023\\\/duvidas\\\/#primaryimage\"},\"image\":{\"@id\":\"https:\\\/\\\/publicacoes.estadao.com.br\\\/guia-da-faculdade-2023\\\/duvidas\\\/#primaryimage\"},\"thumbnailUrl\":\"https:\\\/\\\/publicacoes.estadao.com.br\\\/guia-da-faculdade-2023\\\/wp-content\\\/uploads\\\/2024\\\/07\\\/duvidas.jpg\",\"datePublished\":\"2024-06-11T18:21:50+00:00\",\"breadcrumb\":{\"@id\":\"https:\\\/\\\/publicacoes.estadao.com.br\\\/guia-da-faculdade-2023\\\/duvidas\\\/#breadcrumb\"},\"inLanguage\":\"pt-BR\",\"potentialAction\":[{\"@type\":\"ReadAction\",\"target\":[\"https:\\\/\\\/publicacoes.estadao.com.br\\\/guia-da-faculdade-2023\\\/duvidas\\\/\"]}]},{\"@type\":\"ImageObject\",\"inLanguage\":\"pt-BR\",\"@id\":\"https:\\\/\\\/publicacoes.estadao.com.br\\\/guia-da-faculdade-2023\\\/duvidas\\\/#primaryimage\",\"url\":\"https:\\\/\\\/publicacoes.estadao.com.br\\\/guia-da-faculdade-2023\\\/wp-content\\\/uploads\\\/2024\\\/07\\\/duvidas.jpg\",\"contentUrl\":\"https:\\\/\\\/publicacoes.estadao.com.br\\\/guia-da-faculdade-2023\\\/wp-content\\\/uploads\\\/2024\\\/07\\\/duvidas.jpg\",\"width\":900,\"height\":480},{\"@type\":\"BreadcrumbList\",\"@id\":\"https:\\\/\\\/publicacoes.estadao.com.br\\\/guia-da-faculdade-2023\\\/duvidas\\\/#breadcrumb\",\"itemListElement\":[{\"@type\":\"ListItem\",\"position\":1,\"name\":\"In\u00edcio\",\"item\":\"https:\\\/\\\/publicacoes.estadao.com.br\\\/guia-da-faculdade-2023\\\/\"},{\"@type\":\"ListItem\",\"position\":2,\"name\":\"D\u00favidas\"}]},{\"@type\":\"WebSite\",\"@id\":\"https:\\\/\\\/publicacoes.estadao.com.br\\\/guia-da-faculdade-2023\\\/#website\",\"url\":\"https:\\\/\\\/publicacoes.estadao.com.br\\\/guia-da-faculdade-2023\\\/\",\"name\":\"Guia da Faculdade\",\"description\":\"Confira o guia completo dos cursos e faculdades mais bem avaliados do Brasil, al\u00e9m das oportunidades de carreira e tend\u00eancias de profiss\u00f5es.\",\"potentialAction\":[{\"@type\":\"SearchAction\",\"target\":{\"@type\":\"EntryPoint\",\"urlTemplate\":\"https:\\\/\\\/publicacoes.estadao.com.br\\\/guia-da-faculdade-2023\\\/?s={search_term_string}\"},\"query-input\":{\"@type\":\"PropertyValueSpecification\",\"valueRequired\":true,\"valueName\":\"search_term_string\"}}],\"inLanguage\":\"pt-BR\"}]}<\/script>\n<!-- \/ Yoast SEO plugin. -->","yoast_head_json":{"title":"D\u00favidas - Guia da Faculdade","robots":{"index":"noindex","follow":"follow","max-snippet":"max-snippet:-1","max-image-preview":"max-image-preview:large","max-video-preview":"max-video-preview:-1"},"og_locale":"pt_BR","og_type":"article","og_title":"D\u00favidas - Guia da Faculdade","og_description":"Como a faculdade pode aparecer no guia? Todas as institui\u00e7\u00f5es de ensino superior cadastradas no Minist\u00e9rio da Educa\u00e7\u00e3o (universidades, centros universit\u00e1rios, faculdades e institutos) s\u00e3o convidadas para fazer parte do Guia da Faculdade. Ap\u00f3s se cadastrarem para participar da avalia\u00e7\u00e3o, as institui\u00e7\u00f5es indicam todos os cursos superiores que est\u00e3o recebendo novos alunos. Quais tipos de &hellip; Continued","og_url":"https:\/\/publicacoes.estadao.com.br\/guia-da-faculdade-2023\/duvidas\/","og_site_name":"Guia da Faculdade","og_image":[{"width":900,"height":480,"url":"https:\/\/publicacoes.estadao.com.br\/guia-da-faculdade-2023\/wp-content\/uploads\/2024\/07\/duvidas.jpg","type":"image\/jpeg"}],"twitter_card":"summary_large_image","twitter_misc":{"Est. tempo de leitura":"1 minuto"},"schema":{"@context":"https:\/\/schema.org","@graph":[{"@type":"WebPage","@id":"https:\/\/publicacoes.estadao.com.br\/guia-da-faculdade-2023\/duvidas\/","url":"https:\/\/publicacoes.estadao.com.br\/guia-da-faculdade-2023\/duvidas\/","name":"D\u00favidas - Guia da Faculdade","isPartOf":{"@id":"https:\/\/publicacoes.estadao.com.br\/guia-da-faculdade-2023\/#website"},"primaryImageOfPage":{"@id":"https:\/\/publicacoes.estadao.com.br\/guia-da-faculdade-2023\/duvidas\/#primaryimage"},"image":{"@id":"https:\/\/publicacoes.estadao.com.br\/guia-da-faculdade-2023\/duvidas\/#primaryimage"},"thumbnailUrl":"https:\/\/publicacoes.estadao.com.br\/guia-da-faculdade-2023\/wp-content\/uploads\/2024\/07\/duvidas.jpg","datePublished":"2024-06-11T18:21:50+00:00","breadcrumb":{"@id":"https:\/\/publicacoes.estadao.com.br\/guia-da-faculdade-2023\/duvidas\/#breadcrumb"},"inLanguage":"pt-BR","potentialAction":[{"@type":"ReadAction","target":["https:\/\/publicacoes.estadao.com.br\/guia-da-faculdade-2023\/duvidas\/"]}]},{"@type":"ImageObject","inLanguage":"pt-BR","@id":"https:\/\/publicacoes.estadao.com.br\/guia-da-faculdade-2023\/duvidas\/#primaryimage","url":"https:\/\/publicacoes.estadao.com.br\/guia-da-faculdade-2023\/wp-content\/uploads\/2024\/07\/duvidas.jpg","contentUrl":"https:\/\/publicacoes.estadao.com.br\/guia-da-faculdade-2023\/wp-content\/uploads\/2024\/07\/duvidas.jpg","width":900,"height":480},{"@type":"BreadcrumbList","@id":"https:\/\/publicacoes.estadao.com.br\/guia-da-faculdade-2023\/duvidas\/#breadcrumb","itemListElement":[{"@type":"ListItem","position":1,"name":"In\u00edcio","item":"https:\/\/publicacoes.estadao.com.br\/guia-da-faculdade-2023\/"},{"@type":"ListItem","position":2,"name":"D\u00favidas"}]},{"@type":"WebSite","@id":"https:\/\/publicacoes.estadao.com.br\/guia-da-faculdade-2023\/#website","url":"https:\/\/publicacoes.estadao.com.br\/guia-da-faculdade-2023\/","name":"Guia da Faculdade","description":"Confira o guia completo dos cursos e faculdades mais bem avaliados do Brasil, al\u00e9m das oportunidades de carreira e tend\u00eancias de profiss\u00f5es.","potentialAction":[{"@type":"SearchAction","target":{"@type":"EntryPoint","urlTemplate":"https:\/\/publicacoes.estadao.com.br\/guia-da-faculdade-2023\/?s={search_term_string}"},"query-input":{"@type":"PropertyValueSpecification","valueRequired":true,"valueName":"search_term_string"}}],"inLanguage":"pt-BR"}]}},"_links":{"self":[{"href":"https:\/\/publicacoes.estadao.com.br\/guia-da-faculdade-2023\/wp-json\/wp\/v2\/pages\/214418","targetHints":{"allow":["GET"]}}],"collection":[{"href":"https:\/\/publicacoes.estadao.com.br\/guia-da-faculdade-2023\/wp-json\/wp\/v2\/pages"}],"about":[{"href":"https:\/\/publicacoes.estadao.com.br\/guia-da-faculdade-2023\/wp-json\/wp\/v2\/types\/page"}],"author":[{"embeddable":true,"href":"https:\/\/publicacoes.estadao.com.br\/guia-da-faculdade-2023\/wp-json\/wp\/v2\/users\/5"}],"replies":[{"embeddable":true,"href":"https:\/\/publicacoes.estadao.com.br\/guia-da-faculdade-2023\/wp-json\/wp\/v2\/comments?post=214418"}],"version-history":[{"count":0,"href":"https:\/\/publicacoes.estadao.com.br\/guia-da-faculdade-2023\/wp-json\/wp\/v2\/pages\/214418\/revisions"}],"wp:featuredmedia":[{"embeddable":true,"href":"https:\/\/publicacoes.estadao.com.br\/guia-da-faculdade-2023\/wp-json\/wp\/v2\/media\/214542"}],"wp:attachment":[{"href":"https:\/\/publicacoes.estadao.com.br\/guia-da-faculdade-2023\/wp-json\/wp\/v2\/media?parent=214418"}],"curies":[{"name":"wp","href":"https:\/\/api.w.org\/{rel}","templated":true}]}}