{"id":214417,"date":"2024-06-11T15:21:29","date_gmt":"2024-06-11T18:21:29","guid":{"rendered":"http:\/\/localhost\/guia-da-faculdade\/site\/?page_id=214312"},"modified":"2024-06-11T15:21:29","modified_gmt":"2024-06-11T18:21:29","slug":"como-participar","status":"publish","type":"page","link":"https:\/\/publicacoes.estadao.com.br\/guia-da-faculdade-2023\/como-participar\/","title":{"rendered":"Como Participar"},"content":{"rendered":"<p>Todas as institui\u00e7\u00f5es de ensino superior cadastradas no Minist\u00e9rio da Educa\u00e7\u00e3o (universidades, centros universit\u00e1rios, faculdades e institutos) s\u00e3o convidadas para fazer parte do Guia da Faculdade.<\/p>\n<p>Ap\u00f3s se cadastrarem para participar da avalia\u00e7\u00e3o, as institui\u00e7\u00f5es indicam todos os cursos superiores que est\u00e3o recebendo novos alunos.<\/p>\n<p><span style=\"color: #1f7245;\"><strong>INFORMA\u00c7\u00d5ES UTILIZADAS<\/strong><\/span><\/p>\n<p>O coordenador de cada curso que ser\u00e1 avaliado recebe um question\u00e1rio no qual pode apresentar as principais caracter\u00edsticas da sua gradua\u00e7\u00e3o, com foco em tr\u00eas aspectos:<\/p>\n<blockquote><p><strong>Projeto pedag\u00f3gico<\/strong><br \/>\nCaracter\u00edsticas da proposta de ensino do curso<\/p><\/blockquote>\n<blockquote><p><strong>Corpo docente<\/strong><br \/>\nPerfil dos professores vinculados ao curso<\/p><\/blockquote>\n<blockquote><p><strong>Infraestrutura<\/strong><br \/>\nCondi\u00e7\u00f5es de materiais e equipamentos oferecidos<\/p><\/blockquote>\n","protected":false},"excerpt":{"rendered":"<p>Todas as institui\u00e7\u00f5es de ensino superior cadastradas no Minist\u00e9rio da Educa\u00e7\u00e3o (universidades, centros universit\u00e1rios, faculdades e institutos) s\u00e3o convidadas para fazer parte do Guia da Faculdade. Ap\u00f3s se cadastrarem para participar da avalia\u00e7\u00e3o, as institui\u00e7\u00f5es indicam todos os cursos superiores que est\u00e3o recebendo novos alunos. INFORMA\u00c7\u00d5ES UTILIZADAS O coordenador de cada curso que ser\u00e1 avaliado &hellip; <a href=\"https:\/\/publicacoes.estadao.com.br\/guia-da-faculdade-2023\/como-participar\/\">Continued<\/a><\/p>\n","protected":false},"author":5,"featured_media":214543,"parent":0,"menu_order":0,"comment_status":"closed","ping_status":"closed","template":"como-participar.php","meta":{"_acf_changed":false,"footnotes":""},"class_list":["post-214417","page","type-page","status-publish","has-post-thumbnail","hentry"],"acf":[],"yoast_head":"<!-- This site is optimized with the Yoast SEO plugin v27.3 - https:\/\/yoast.com\/product\/yoast-seo-wordpress\/ -->\n<title>Como Participar - Guia da Faculdade<\/title>\n<meta name=\"robots\" content=\"noindex, follow, max-snippet:-1, max-image-preview:large, max-video-preview:-1\" \/>\n<meta property=\"og:locale\" content=\"pt_BR\" \/>\n<meta property=\"og:type\" content=\"article\" \/>\n<meta property=\"og:title\" content=\"Como Participar - Guia da Faculdade\" \/>\n<meta property=\"og:description\" content=\"Todas as institui\u00e7\u00f5es de ensino superior cadastradas no Minist\u00e9rio da Educa\u00e7\u00e3o (universidades, centros universit\u00e1rios, faculdades e institutos) s\u00e3o convidadas para fazer parte do Guia da Faculdade. Ap\u00f3s se cadastrarem para participar da avalia\u00e7\u00e3o, as institui\u00e7\u00f5es indicam todos os cursos superiores que est\u00e3o recebendo novos alunos. INFORMA\u00c7\u00d5ES UTILIZADAS O coordenador de cada curso que ser\u00e1 avaliado &hellip; Continued\" \/>\n<meta property=\"og:url\" content=\"https:\/\/publicacoes.estadao.com.br\/guia-da-faculdade-2023\/como-participar\/\" \/>\n<meta property=\"og:site_name\" content=\"Guia da Faculdade\" \/>\n<meta property=\"og:image\" content=\"https:\/\/publicacoes.estadao.com.br\/guia-da-faculdade-2023\/wp-content\/uploads\/2024\/07\/como-participar.jpg\" \/>\n\t<meta property=\"og:image:width\" content=\"900\" \/>\n\t<meta property=\"og:image:height\" content=\"480\" \/>\n\t<meta property=\"og:image:type\" content=\"image\/jpeg\" \/>\n<meta name=\"twitter:card\" content=\"summary_large_image\" \/>\n<meta name=\"twitter:label1\" content=\"Est. tempo de leitura\" \/>\n\t<meta name=\"twitter:data1\" content=\"1 minuto\" \/>\n<script type=\"application\/ld+json\" class=\"yoast-schema-graph\">{\"@context\":\"https:\\\/\\\/schema.org\",\"@graph\":[{\"@type\":\"WebPage\",\"@id\":\"https:\\\/\\\/publicacoes.estadao.com.br\\\/guia-da-faculdade-2023\\\/como-participar\\\/\",\"url\":\"https:\\\/\\\/publicacoes.estadao.com.br\\\/guia-da-faculdade-2023\\\/como-participar\\\/\",\"name\":\"Como Participar - Guia da Faculdade\",\"isPartOf\":{\"@id\":\"https:\\\/\\\/publicacoes.estadao.com.br\\\/guia-da-faculdade-2023\\\/#website\"},\"primaryImageOfPage\":{\"@id\":\"https:\\\/\\\/publicacoes.estadao.com.br\\\/guia-da-faculdade-2023\\\/como-participar\\\/#primaryimage\"},\"image\":{\"@id\":\"https:\\\/\\\/publicacoes.estadao.com.br\\\/guia-da-faculdade-2023\\\/como-participar\\\/#primaryimage\"},\"thumbnailUrl\":\"https:\\\/\\\/publicacoes.estadao.com.br\\\/guia-da-faculdade-2023\\\/wp-content\\\/uploads\\\/2024\\\/07\\\/como-participar.jpg\",\"datePublished\":\"2024-06-11T18:21:29+00:00\",\"breadcrumb\":{\"@id\":\"https:\\\/\\\/publicacoes.estadao.com.br\\\/guia-da-faculdade-2023\\\/como-participar\\\/#breadcrumb\"},\"inLanguage\":\"pt-BR\",\"potentialAction\":[{\"@type\":\"ReadAction\",\"target\":[\"https:\\\/\\\/publicacoes.estadao.com.br\\\/guia-da-faculdade-2023\\\/como-participar\\\/\"]}]},{\"@type\":\"ImageObject\",\"inLanguage\":\"pt-BR\",\"@id\":\"https:\\\/\\\/publicacoes.estadao.com.br\\\/guia-da-faculdade-2023\\\/como-participar\\\/#primaryimage\",\"url\":\"https:\\\/\\\/publicacoes.estadao.com.br\\\/guia-da-faculdade-2023\\\/wp-content\\\/uploads\\\/2024\\\/07\\\/como-participar.jpg\",\"contentUrl\":\"https:\\\/\\\/publicacoes.estadao.com.br\\\/guia-da-faculdade-2023\\\/wp-content\\\/uploads\\\/2024\\\/07\\\/como-participar.jpg\",\"width\":900,\"height\":480},{\"@type\":\"BreadcrumbList\",\"@id\":\"https:\\\/\\\/publicacoes.estadao.com.br\\\/guia-da-faculdade-2023\\\/como-participar\\\/#breadcrumb\",\"itemListElement\":[{\"@type\":\"ListItem\",\"position\":1,\"name\":\"In\u00edcio\",\"item\":\"https:\\\/\\\/publicacoes.estadao.com.br\\\/guia-da-faculdade-2023\\\/\"},{\"@type\":\"ListItem\",\"position\":2,\"name\":\"Como Participar\"}]},{\"@type\":\"WebSite\",\"@id\":\"https:\\\/\\\/publicacoes.estadao.com.br\\\/guia-da-faculdade-2023\\\/#website\",\"url\":\"https:\\\/\\\/publicacoes.estadao.com.br\\\/guia-da-faculdade-2023\\\/\",\"name\":\"Guia da Faculdade\",\"description\":\"Confira o guia completo dos cursos e faculdades mais bem avaliados do Brasil, al\u00e9m das oportunidades de carreira e tend\u00eancias de profiss\u00f5es.\",\"potentialAction\":[{\"@type\":\"SearchAction\",\"target\":{\"@type\":\"EntryPoint\",\"urlTemplate\":\"https:\\\/\\\/publicacoes.estadao.com.br\\\/guia-da-faculdade-2023\\\/?s={search_term_string}\"},\"query-input\":{\"@type\":\"PropertyValueSpecification\",\"valueRequired\":true,\"valueName\":\"search_term_string\"}}],\"inLanguage\":\"pt-BR\"}]}<\/script>\n<!-- \/ Yoast SEO plugin. -->","yoast_head_json":{"title":"Como Participar - Guia da Faculdade","robots":{"index":"noindex","follow":"follow","max-snippet":"max-snippet:-1","max-image-preview":"max-image-preview:large","max-video-preview":"max-video-preview:-1"},"og_locale":"pt_BR","og_type":"article","og_title":"Como Participar - Guia da Faculdade","og_description":"Todas as institui\u00e7\u00f5es de ensino superior cadastradas no Minist\u00e9rio da Educa\u00e7\u00e3o (universidades, centros universit\u00e1rios, faculdades e institutos) s\u00e3o convidadas para fazer parte do Guia da Faculdade. Ap\u00f3s se cadastrarem para participar da avalia\u00e7\u00e3o, as institui\u00e7\u00f5es indicam todos os cursos superiores que est\u00e3o recebendo novos alunos. INFORMA\u00c7\u00d5ES UTILIZADAS O coordenador de cada curso que ser\u00e1 avaliado &hellip; Continued","og_url":"https:\/\/publicacoes.estadao.com.br\/guia-da-faculdade-2023\/como-participar\/","og_site_name":"Guia da Faculdade","og_image":[{"width":900,"height":480,"url":"https:\/\/publicacoes.estadao.com.br\/guia-da-faculdade-2023\/wp-content\/uploads\/2024\/07\/como-participar.jpg","type":"image\/jpeg"}],"twitter_card":"summary_large_image","twitter_misc":{"Est. tempo de leitura":"1 minuto"},"schema":{"@context":"https:\/\/schema.org","@graph":[{"@type":"WebPage","@id":"https:\/\/publicacoes.estadao.com.br\/guia-da-faculdade-2023\/como-participar\/","url":"https:\/\/publicacoes.estadao.com.br\/guia-da-faculdade-2023\/como-participar\/","name":"Como Participar - Guia da Faculdade","isPartOf":{"@id":"https:\/\/publicacoes.estadao.com.br\/guia-da-faculdade-2023\/#website"},"primaryImageOfPage":{"@id":"https:\/\/publicacoes.estadao.com.br\/guia-da-faculdade-2023\/como-participar\/#primaryimage"},"image":{"@id":"https:\/\/publicacoes.estadao.com.br\/guia-da-faculdade-2023\/como-participar\/#primaryimage"},"thumbnailUrl":"https:\/\/publicacoes.estadao.com.br\/guia-da-faculdade-2023\/wp-content\/uploads\/2024\/07\/como-participar.jpg","datePublished":"2024-06-11T18:21:29+00:00","breadcrumb":{"@id":"https:\/\/publicacoes.estadao.com.br\/guia-da-faculdade-2023\/como-participar\/#breadcrumb"},"inLanguage":"pt-BR","potentialAction":[{"@type":"ReadAction","target":["https:\/\/publicacoes.estadao.com.br\/guia-da-faculdade-2023\/como-participar\/"]}]},{"@type":"ImageObject","inLanguage":"pt-BR","@id":"https:\/\/publicacoes.estadao.com.br\/guia-da-faculdade-2023\/como-participar\/#primaryimage","url":"https:\/\/publicacoes.estadao.com.br\/guia-da-faculdade-2023\/wp-content\/uploads\/2024\/07\/como-participar.jpg","contentUrl":"https:\/\/publicacoes.estadao.com.br\/guia-da-faculdade-2023\/wp-content\/uploads\/2024\/07\/como-participar.jpg","width":900,"height":480},{"@type":"BreadcrumbList","@id":"https:\/\/publicacoes.estadao.com.br\/guia-da-faculdade-2023\/como-participar\/#breadcrumb","itemListElement":[{"@type":"ListItem","position":1,"name":"In\u00edcio","item":"https:\/\/publicacoes.estadao.com.br\/guia-da-faculdade-2023\/"},{"@type":"ListItem","position":2,"name":"Como Participar"}]},{"@type":"WebSite","@id":"https:\/\/publicacoes.estadao.com.br\/guia-da-faculdade-2023\/#website","url":"https:\/\/publicacoes.estadao.com.br\/guia-da-faculdade-2023\/","name":"Guia da Faculdade","description":"Confira o guia completo dos cursos e faculdades mais bem avaliados do Brasil, al\u00e9m das oportunidades de carreira e tend\u00eancias de profiss\u00f5es.","potentialAction":[{"@type":"SearchAction","target":{"@type":"EntryPoint","urlTemplate":"https:\/\/publicacoes.estadao.com.br\/guia-da-faculdade-2023\/?s={search_term_string}"},"query-input":{"@type":"PropertyValueSpecification","valueRequired":true,"valueName":"search_term_string"}}],"inLanguage":"pt-BR"}]}},"_links":{"self":[{"href":"https:\/\/publicacoes.estadao.com.br\/guia-da-faculdade-2023\/wp-json\/wp\/v2\/pages\/214417","targetHints":{"allow":["GET"]}}],"collection":[{"href":"https:\/\/publicacoes.estadao.com.br\/guia-da-faculdade-2023\/wp-json\/wp\/v2\/pages"}],"about":[{"href":"https:\/\/publicacoes.estadao.com.br\/guia-da-faculdade-2023\/wp-json\/wp\/v2\/types\/page"}],"author":[{"embeddable":true,"href":"https:\/\/publicacoes.estadao.com.br\/guia-da-faculdade-2023\/wp-json\/wp\/v2\/users\/5"}],"replies":[{"embeddable":true,"href":"https:\/\/publicacoes.estadao.com.br\/guia-da-faculdade-2023\/wp-json\/wp\/v2\/comments?post=214417"}],"version-history":[{"count":0,"href":"https:\/\/publicacoes.estadao.com.br\/guia-da-faculdade-2023\/wp-json\/wp\/v2\/pages\/214417\/revisions"}],"wp:featuredmedia":[{"embeddable":true,"href":"https:\/\/publicacoes.estadao.com.br\/guia-da-faculdade-2023\/wp-json\/wp\/v2\/media\/214543"}],"wp:attachment":[{"href":"https:\/\/publicacoes.estadao.com.br\/guia-da-faculdade-2023\/wp-json\/wp\/v2\/media?parent=214417"}],"curies":[{"name":"wp","href":"https:\/\/api.w.org\/{rel}","templated":true}]}}