{"id":214416,"date":"2024-06-11T15:21:02","date_gmt":"2024-06-11T18:21:02","guid":{"rendered":"http:\/\/localhost\/guia-da-faculdade\/site\/?page_id=214310"},"modified":"2024-06-11T15:21:02","modified_gmt":"2024-06-11T18:21:02","slug":"sobre-o-guia","status":"publish","type":"page","link":"https:\/\/publicacoes.estadao.com.br\/guia-da-faculdade-2023\/sobre-o-guia\/","title":{"rendered":"Sobre o Guia"},"content":{"rendered":"<p>O <strong>Estad\u00e3o Guia da Faculdade<\/strong>\u00a0\u00e9 feito em parceria com a <strong>Quero Educa\u00e7\u00e3o<\/strong>, sediada em S\u00e3o Jos\u00e9 dos Campos (SP), uma das principais startups da \u00e1rea educacional do Pa\u00eds.<\/p>\n<p>A equipe da Quero \u00e9 respons\u00e1vel pela montagem de todo o processo da avalia\u00e7\u00e3o de cursos, incluindo a defini\u00e7\u00e3o da metodologia utilizada, coleta de informa\u00e7\u00f5es das institui\u00e7\u00f5es de ensino, montagem do banco de avaliadores e tabula\u00e7\u00e3o dos dados obtidos.<\/p>\n<p>Os resultados finais da avalia\u00e7\u00e3o s\u00e3o divulgados com exclusividade pelo Estad\u00e3o em suas diversas plataformas.<\/p>\n<p><span style=\"color: #1f7245;\"><strong>EQUIPE DA QUERO EDUCA\u00c7\u00c3O<\/strong><\/span><\/p>\n<p><strong>L\u00edder do projeto<\/strong><br \/>\nFabio Volpe<\/p>\n<p><strong>L\u00edder de pesquisa<\/strong><br \/>\nFelipe Pedreira<\/p>\n<p><strong>Pesquisadores<\/strong><br \/>\nCarolina Moradei, Davi Jeh\u00e1, Elisangela Barros, Matheus Campos e Vict\u00f3ria Pereira<\/p>\n<p><strong>Rep\u00f3rteres<\/strong><br \/>\nAmanda Nonato, Isabella Baliana, Jo\u00e3o Marcondes e Leonardo Messias<\/p>\n","protected":false},"excerpt":{"rendered":"<p>O Estad\u00e3o Guia da Faculdade\u00a0\u00e9 feito em parceria com a Quero Educa\u00e7\u00e3o, sediada em S\u00e3o Jos\u00e9 dos Campos (SP), uma das principais startups da \u00e1rea educacional do Pa\u00eds. A equipe da Quero \u00e9 respons\u00e1vel pela montagem de todo o processo da avalia\u00e7\u00e3o de cursos, incluindo a defini\u00e7\u00e3o da metodologia utilizada, coleta de informa\u00e7\u00f5es das institui\u00e7\u00f5es &hellip; <a href=\"https:\/\/publicacoes.estadao.com.br\/guia-da-faculdade-2023\/sobre-o-guia\/\">Continued<\/a><\/p>\n","protected":false},"author":5,"featured_media":214540,"parent":0,"menu_order":0,"comment_status":"closed","ping_status":"closed","template":"sobre-o-guia.php","meta":{"_acf_changed":false,"footnotes":""},"class_list":["post-214416","page","type-page","status-publish","has-post-thumbnail","hentry"],"acf":[],"yoast_head":"<!-- This site is optimized with the Yoast SEO plugin v27.3 - https:\/\/yoast.com\/product\/yoast-seo-wordpress\/ -->\n<title>Sobre o Guia - Guia da Faculdade<\/title>\n<meta name=\"robots\" content=\"noindex, follow, max-snippet:-1, max-image-preview:large, max-video-preview:-1\" \/>\n<meta property=\"og:locale\" content=\"pt_BR\" \/>\n<meta property=\"og:type\" content=\"article\" \/>\n<meta property=\"og:title\" content=\"Sobre o Guia - Guia da Faculdade\" \/>\n<meta property=\"og:description\" content=\"O Estad\u00e3o Guia da Faculdade\u00a0\u00e9 feito em parceria com a Quero Educa\u00e7\u00e3o, sediada em S\u00e3o Jos\u00e9 dos Campos (SP), uma das principais startups da \u00e1rea educacional do Pa\u00eds. A equipe da Quero \u00e9 respons\u00e1vel pela montagem de todo o processo da avalia\u00e7\u00e3o de cursos, incluindo a defini\u00e7\u00e3o da metodologia utilizada, coleta de informa\u00e7\u00f5es das institui\u00e7\u00f5es &hellip; Continued\" \/>\n<meta property=\"og:url\" content=\"https:\/\/publicacoes.estadao.com.br\/guia-da-faculdade-2023\/sobre-o-guia\/\" \/>\n<meta property=\"og:site_name\" content=\"Guia da Faculdade\" \/>\n<meta property=\"og:image\" content=\"https:\/\/publicacoes.estadao.com.br\/guia-da-faculdade-2023\/wp-content\/uploads\/2024\/07\/sobre-o-guia_2.jpg\" \/>\n\t<meta property=\"og:image:width\" content=\"900\" \/>\n\t<meta property=\"og:image:height\" content=\"480\" \/>\n\t<meta property=\"og:image:type\" content=\"image\/jpeg\" \/>\n<meta name=\"twitter:card\" content=\"summary_large_image\" \/>\n<meta name=\"twitter:label1\" content=\"Est. tempo de leitura\" \/>\n\t<meta name=\"twitter:data1\" content=\"1 minuto\" \/>\n<script type=\"application\/ld+json\" class=\"yoast-schema-graph\">{\"@context\":\"https:\\\/\\\/schema.org\",\"@graph\":[{\"@type\":\"WebPage\",\"@id\":\"https:\\\/\\\/publicacoes.estadao.com.br\\\/guia-da-faculdade-2023\\\/sobre-o-guia\\\/\",\"url\":\"https:\\\/\\\/publicacoes.estadao.com.br\\\/guia-da-faculdade-2023\\\/sobre-o-guia\\\/\",\"name\":\"Sobre o Guia - Guia da Faculdade\",\"isPartOf\":{\"@id\":\"https:\\\/\\\/publicacoes.estadao.com.br\\\/guia-da-faculdade-2023\\\/#website\"},\"primaryImageOfPage\":{\"@id\":\"https:\\\/\\\/publicacoes.estadao.com.br\\\/guia-da-faculdade-2023\\\/sobre-o-guia\\\/#primaryimage\"},\"image\":{\"@id\":\"https:\\\/\\\/publicacoes.estadao.com.br\\\/guia-da-faculdade-2023\\\/sobre-o-guia\\\/#primaryimage\"},\"thumbnailUrl\":\"https:\\\/\\\/publicacoes.estadao.com.br\\\/guia-da-faculdade-2023\\\/wp-content\\\/uploads\\\/2024\\\/07\\\/sobre-o-guia_2.jpg\",\"datePublished\":\"2024-06-11T18:21:02+00:00\",\"breadcrumb\":{\"@id\":\"https:\\\/\\\/publicacoes.estadao.com.br\\\/guia-da-faculdade-2023\\\/sobre-o-guia\\\/#breadcrumb\"},\"inLanguage\":\"pt-BR\",\"potentialAction\":[{\"@type\":\"ReadAction\",\"target\":[\"https:\\\/\\\/publicacoes.estadao.com.br\\\/guia-da-faculdade-2023\\\/sobre-o-guia\\\/\"]}]},{\"@type\":\"ImageObject\",\"inLanguage\":\"pt-BR\",\"@id\":\"https:\\\/\\\/publicacoes.estadao.com.br\\\/guia-da-faculdade-2023\\\/sobre-o-guia\\\/#primaryimage\",\"url\":\"https:\\\/\\\/publicacoes.estadao.com.br\\\/guia-da-faculdade-2023\\\/wp-content\\\/uploads\\\/2024\\\/07\\\/sobre-o-guia_2.jpg\",\"contentUrl\":\"https:\\\/\\\/publicacoes.estadao.com.br\\\/guia-da-faculdade-2023\\\/wp-content\\\/uploads\\\/2024\\\/07\\\/sobre-o-guia_2.jpg\",\"width\":900,\"height\":480},{\"@type\":\"BreadcrumbList\",\"@id\":\"https:\\\/\\\/publicacoes.estadao.com.br\\\/guia-da-faculdade-2023\\\/sobre-o-guia\\\/#breadcrumb\",\"itemListElement\":[{\"@type\":\"ListItem\",\"position\":1,\"name\":\"In\u00edcio\",\"item\":\"https:\\\/\\\/publicacoes.estadao.com.br\\\/guia-da-faculdade-2023\\\/\"},{\"@type\":\"ListItem\",\"position\":2,\"name\":\"Sobre o Guia\"}]},{\"@type\":\"WebSite\",\"@id\":\"https:\\\/\\\/publicacoes.estadao.com.br\\\/guia-da-faculdade-2023\\\/#website\",\"url\":\"https:\\\/\\\/publicacoes.estadao.com.br\\\/guia-da-faculdade-2023\\\/\",\"name\":\"Guia da Faculdade\",\"description\":\"Confira o guia completo dos cursos e faculdades mais bem avaliados do Brasil, al\u00e9m das oportunidades de carreira e tend\u00eancias de profiss\u00f5es.\",\"potentialAction\":[{\"@type\":\"SearchAction\",\"target\":{\"@type\":\"EntryPoint\",\"urlTemplate\":\"https:\\\/\\\/publicacoes.estadao.com.br\\\/guia-da-faculdade-2023\\\/?s={search_term_string}\"},\"query-input\":{\"@type\":\"PropertyValueSpecification\",\"valueRequired\":true,\"valueName\":\"search_term_string\"}}],\"inLanguage\":\"pt-BR\"}]}<\/script>\n<!-- \/ Yoast SEO plugin. -->","yoast_head_json":{"title":"Sobre o Guia - Guia da Faculdade","robots":{"index":"noindex","follow":"follow","max-snippet":"max-snippet:-1","max-image-preview":"max-image-preview:large","max-video-preview":"max-video-preview:-1"},"og_locale":"pt_BR","og_type":"article","og_title":"Sobre o Guia - Guia da Faculdade","og_description":"O Estad\u00e3o Guia da Faculdade\u00a0\u00e9 feito em parceria com a Quero Educa\u00e7\u00e3o, sediada em S\u00e3o Jos\u00e9 dos Campos (SP), uma das principais startups da \u00e1rea educacional do Pa\u00eds. A equipe da Quero \u00e9 respons\u00e1vel pela montagem de todo o processo da avalia\u00e7\u00e3o de cursos, incluindo a defini\u00e7\u00e3o da metodologia utilizada, coleta de informa\u00e7\u00f5es das institui\u00e7\u00f5es &hellip; Continued","og_url":"https:\/\/publicacoes.estadao.com.br\/guia-da-faculdade-2023\/sobre-o-guia\/","og_site_name":"Guia da Faculdade","og_image":[{"width":900,"height":480,"url":"https:\/\/publicacoes.estadao.com.br\/guia-da-faculdade-2023\/wp-content\/uploads\/2024\/07\/sobre-o-guia_2.jpg","type":"image\/jpeg"}],"twitter_card":"summary_large_image","twitter_misc":{"Est. tempo de leitura":"1 minuto"},"schema":{"@context":"https:\/\/schema.org","@graph":[{"@type":"WebPage","@id":"https:\/\/publicacoes.estadao.com.br\/guia-da-faculdade-2023\/sobre-o-guia\/","url":"https:\/\/publicacoes.estadao.com.br\/guia-da-faculdade-2023\/sobre-o-guia\/","name":"Sobre o Guia - Guia da Faculdade","isPartOf":{"@id":"https:\/\/publicacoes.estadao.com.br\/guia-da-faculdade-2023\/#website"},"primaryImageOfPage":{"@id":"https:\/\/publicacoes.estadao.com.br\/guia-da-faculdade-2023\/sobre-o-guia\/#primaryimage"},"image":{"@id":"https:\/\/publicacoes.estadao.com.br\/guia-da-faculdade-2023\/sobre-o-guia\/#primaryimage"},"thumbnailUrl":"https:\/\/publicacoes.estadao.com.br\/guia-da-faculdade-2023\/wp-content\/uploads\/2024\/07\/sobre-o-guia_2.jpg","datePublished":"2024-06-11T18:21:02+00:00","breadcrumb":{"@id":"https:\/\/publicacoes.estadao.com.br\/guia-da-faculdade-2023\/sobre-o-guia\/#breadcrumb"},"inLanguage":"pt-BR","potentialAction":[{"@type":"ReadAction","target":["https:\/\/publicacoes.estadao.com.br\/guia-da-faculdade-2023\/sobre-o-guia\/"]}]},{"@type":"ImageObject","inLanguage":"pt-BR","@id":"https:\/\/publicacoes.estadao.com.br\/guia-da-faculdade-2023\/sobre-o-guia\/#primaryimage","url":"https:\/\/publicacoes.estadao.com.br\/guia-da-faculdade-2023\/wp-content\/uploads\/2024\/07\/sobre-o-guia_2.jpg","contentUrl":"https:\/\/publicacoes.estadao.com.br\/guia-da-faculdade-2023\/wp-content\/uploads\/2024\/07\/sobre-o-guia_2.jpg","width":900,"height":480},{"@type":"BreadcrumbList","@id":"https:\/\/publicacoes.estadao.com.br\/guia-da-faculdade-2023\/sobre-o-guia\/#breadcrumb","itemListElement":[{"@type":"ListItem","position":1,"name":"In\u00edcio","item":"https:\/\/publicacoes.estadao.com.br\/guia-da-faculdade-2023\/"},{"@type":"ListItem","position":2,"name":"Sobre o Guia"}]},{"@type":"WebSite","@id":"https:\/\/publicacoes.estadao.com.br\/guia-da-faculdade-2023\/#website","url":"https:\/\/publicacoes.estadao.com.br\/guia-da-faculdade-2023\/","name":"Guia da Faculdade","description":"Confira o guia completo dos cursos e faculdades mais bem avaliados do Brasil, al\u00e9m das oportunidades de carreira e tend\u00eancias de profiss\u00f5es.","potentialAction":[{"@type":"SearchAction","target":{"@type":"EntryPoint","urlTemplate":"https:\/\/publicacoes.estadao.com.br\/guia-da-faculdade-2023\/?s={search_term_string}"},"query-input":{"@type":"PropertyValueSpecification","valueRequired":true,"valueName":"search_term_string"}}],"inLanguage":"pt-BR"}]}},"_links":{"self":[{"href":"https:\/\/publicacoes.estadao.com.br\/guia-da-faculdade-2023\/wp-json\/wp\/v2\/pages\/214416","targetHints":{"allow":["GET"]}}],"collection":[{"href":"https:\/\/publicacoes.estadao.com.br\/guia-da-faculdade-2023\/wp-json\/wp\/v2\/pages"}],"about":[{"href":"https:\/\/publicacoes.estadao.com.br\/guia-da-faculdade-2023\/wp-json\/wp\/v2\/types\/page"}],"author":[{"embeddable":true,"href":"https:\/\/publicacoes.estadao.com.br\/guia-da-faculdade-2023\/wp-json\/wp\/v2\/users\/5"}],"replies":[{"embeddable":true,"href":"https:\/\/publicacoes.estadao.com.br\/guia-da-faculdade-2023\/wp-json\/wp\/v2\/comments?post=214416"}],"version-history":[{"count":0,"href":"https:\/\/publicacoes.estadao.com.br\/guia-da-faculdade-2023\/wp-json\/wp\/v2\/pages\/214416\/revisions"}],"wp:featuredmedia":[{"embeddable":true,"href":"https:\/\/publicacoes.estadao.com.br\/guia-da-faculdade-2023\/wp-json\/wp\/v2\/media\/214540"}],"wp:attachment":[{"href":"https:\/\/publicacoes.estadao.com.br\/guia-da-faculdade-2023\/wp-json\/wp\/v2\/media?parent=214416"}],"curies":[{"name":"wp","href":"https:\/\/api.w.org\/{rel}","templated":true}]}}