{"id":214077,"date":"2023-10-15T18:30:31","date_gmt":"2023-10-15T21:30:31","guid":{"rendered":"http:\/\/localhost\/guia-da-faculdade\/site\/?page_id=214077"},"modified":"2023-10-15T18:30:31","modified_gmt":"2023-10-15T21:30:31","slug":"interdisciplinares","status":"publish","type":"page","link":"https:\/\/publicacoes.estadao.com.br\/guia-da-faculdade-2023\/interdisciplinares\/","title":{"rendered":"Uma nova trilha na gradua\u00e7\u00e3o"},"content":{"rendered":"<p>Ainda pouco conhecida, uma nova forma de fazer faculdade vem ganhando espa\u00e7o. Nas chamadas gradua\u00e7\u00f5es interdisciplinares, a ideia principal \u00e9 iniciar a forma\u00e7\u00e3o dos alunos com um ciclo de conhecimentos b\u00e1sicos em uma grande \u00e1rea, oferecendo em seguida flexibilidade na escolha de em qual carreira se especializar. Para vestibulandos ainda com d\u00favidas na hora de se inscrever em um curso, \u00e9 uma op\u00e7\u00e3o.<\/p>\n<p>Inicialmente, esse tipo de forma\u00e7\u00e3o come\u00e7ou a ser ofertado em algumas universidades federais. Foi a Universidade Federal do ABC (UFABC), criada em 2005 na regi\u00e3o do ABC Paulista, que lan\u00e7ou o primeiro Bacharelado Interdisciplinar do Brasil. Hoje, segundo os dados levantados no <b>Guia da Faculdade<\/b> deste ano, j\u00e1 s\u00e3o 38 institui\u00e7\u00f5es que oferecem quase 100 cursos interdisciplinares no Pa\u00eds, inclusive em algumas institui\u00e7\u00f5es privadas das Regi\u00f5es Sul e Sudeste.<\/p>\n<p>A forma\u00e7\u00e3o mais generalista nos primeiros anos da faculdade segue uma tend\u00eancia cada vez mais valorizada no mercado de trabalho. \u201cOs alunos aprendem a analisar informa\u00e7\u00f5es de diversas disciplinas, identificando padr\u00f5es, conex\u00f5es e contradi\u00e7\u00f5es. S\u00e3o incentivados a questionar premissas e a avaliar argumentos de maneira cr\u00edtica, promovendo a resolu\u00e7\u00e3o de problemas complexos, o trabalho em grupo, a integra\u00e7\u00e3o do conhecimento, a lideran\u00e7a e a gest\u00e3o\u201d, explica Jussara Goulart da Silva, coordenadora do curso de Administra\u00e7\u00e3o da Universidade Federal de Uberl\u00e2ndia (UFU), em Minas Gerais.<\/p>\n<blockquote>\n<p style=\"text-align: center;\"><em>\u201cA interdisciplinaridade \u00e9 essencial para enfrentar os desafios contempor\u00e2neos e est\u00e1 se tornando um ativo valioso tanto no ambiente de trabalho quanto na comunidade em geral\u201d<\/em><\/p>\n<p style=\"text-align: center;\"><strong>\u2013 Prof. Est\u00e9lio Henrique Martin Dantas<\/strong><br \/>\nUniversidade Federal do Estado do Rio de Janeiro (Unirio)<\/p>\n<\/blockquote>\n<p><span style=\"color: #58b175;\"><strong>NA PR\u00c1TICA<\/strong><\/span><\/p>\n<p>Ap\u00f3s a finaliza\u00e7\u00e3o do ciclo b\u00e1sico, os graduados t\u00eam a possibilidade de complementar o curso com as \u00e1reas espec\u00edficas, que tamb\u00e9m s\u00e3o conhecidas como \u201copcionais\u201d. Enquanto nos cursos tradicionais os alunos seguem uma estrutura curricular mais r\u00edgida do come\u00e7o ao fim, nos interdisciplinares eles podem definir o caminho que querem seguir a partir dessas opcionais. Com a vantagem de ganharem mais tempo e maturidade para escolher no que pretendem se especializar.<\/p>\n<p>Outro ponto positivo \u00e9 a chance de se formar em v\u00e1rias gradua\u00e7\u00f5es em um prazo de tempo menor. Em algumas institui\u00e7\u00f5es, por exemplo, \u00e9 poss\u00edvel sair com o diploma de tr\u00eas cursos diferentes em 10 anos de estudo, o que, numa forma\u00e7\u00e3o tradicional, levaria de 12 a 15 anos. Para o professor Est\u00e9lio Henrique Martin Dantas, da Universidade Federal do Estado do Rio de Janeiro (Unirio), a interdisciplinaridade \u00e9 essencial para enfrentar os desafios contempor\u00e2neos e est\u00e1 se tornando um ativo valioso tanto no ambiente de trabalho quanto na comunidade em geral.<\/p>\n","protected":false},"excerpt":{"rendered":"<p>Ainda pouco conhecida, uma nova forma de fazer faculdade vem ganhando espa\u00e7o. Nas chamadas gradua\u00e7\u00f5es interdisciplinares, a ideia principal \u00e9 iniciar a forma\u00e7\u00e3o dos alunos com um ciclo de conhecimentos b\u00e1sicos em uma grande \u00e1rea, oferecendo em seguida flexibilidade na escolha de em qual carreira se especializar. Para vestibulandos ainda com d\u00favidas na hora de &hellip; <a href=\"https:\/\/publicacoes.estadao.com.br\/guia-da-faculdade-2023\/interdisciplinares\/\">Continued<\/a><\/p>\n","protected":false},"author":5,"featured_media":0,"parent":0,"menu_order":0,"comment_status":"closed","ping_status":"closed","template":"template-destaque-interdisciplinares-2023.php","meta":{"_acf_changed":false,"footnotes":""},"class_list":["post-214077","page","type-page","status-publish","hentry"],"acf":[],"yoast_head":"<!-- This site is optimized with the Yoast SEO plugin v27.3 - https:\/\/yoast.com\/product\/yoast-seo-wordpress\/ -->\n<title>Uma nova trilha na gradua\u00e7\u00e3o - Guia da Faculdade<\/title>\n<meta name=\"robots\" content=\"noindex, follow, max-snippet:-1, max-image-preview:large, max-video-preview:-1\" \/>\n<meta property=\"og:locale\" content=\"pt_BR\" \/>\n<meta property=\"og:type\" content=\"article\" \/>\n<meta property=\"og:title\" content=\"Uma nova trilha na gradua\u00e7\u00e3o - Guia da Faculdade\" \/>\n<meta property=\"og:description\" content=\"Ainda pouco conhecida, uma nova forma de fazer faculdade vem ganhando espa\u00e7o. Nas chamadas gradua\u00e7\u00f5es interdisciplinares, a ideia principal \u00e9 iniciar a forma\u00e7\u00e3o dos alunos com um ciclo de conhecimentos b\u00e1sicos em uma grande \u00e1rea, oferecendo em seguida flexibilidade na escolha de em qual carreira se especializar. Para vestibulandos ainda com d\u00favidas na hora de &hellip; Continued\" \/>\n<meta property=\"og:url\" content=\"https:\/\/publicacoes.estadao.com.br\/guia-da-faculdade-2023\/interdisciplinares\/\" \/>\n<meta property=\"og:site_name\" content=\"Guia da Faculdade\" \/>\n<meta property=\"og:image\" content=\"https:\/\/publicacoes.estadao.com.br\/guia-da-faculdade-2023\/wp-content\/uploads\/2024\/08\/OG-IMage_GuiaFaculdade24.jpg\" \/>\n\t<meta property=\"og:image:width\" content=\"1200\" \/>\n\t<meta property=\"og:image:height\" content=\"630\" \/>\n\t<meta property=\"og:image:type\" content=\"image\/jpeg\" \/>\n<meta name=\"twitter:card\" content=\"summary_large_image\" \/>\n<meta name=\"twitter:label1\" content=\"Est. tempo de leitura\" \/>\n\t<meta name=\"twitter:data1\" content=\"2 minutos\" \/>\n<script type=\"application\/ld+json\" class=\"yoast-schema-graph\">{\"@context\":\"https:\\\/\\\/schema.org\",\"@graph\":[{\"@type\":\"WebPage\",\"@id\":\"https:\\\/\\\/publicacoes.estadao.com.br\\\/guia-da-faculdade-2023\\\/interdisciplinares\\\/\",\"url\":\"https:\\\/\\\/publicacoes.estadao.com.br\\\/guia-da-faculdade-2023\\\/interdisciplinares\\\/\",\"name\":\"Uma nova trilha na gradua\u00e7\u00e3o - Guia da Faculdade\",\"isPartOf\":{\"@id\":\"https:\\\/\\\/publicacoes.estadao.com.br\\\/guia-da-faculdade-2023\\\/#website\"},\"datePublished\":\"2023-10-15T21:30:31+00:00\",\"breadcrumb\":{\"@id\":\"https:\\\/\\\/publicacoes.estadao.com.br\\\/guia-da-faculdade-2023\\\/interdisciplinares\\\/#breadcrumb\"},\"inLanguage\":\"pt-BR\",\"potentialAction\":[{\"@type\":\"ReadAction\",\"target\":[\"https:\\\/\\\/publicacoes.estadao.com.br\\\/guia-da-faculdade-2023\\\/interdisciplinares\\\/\"]}]},{\"@type\":\"BreadcrumbList\",\"@id\":\"https:\\\/\\\/publicacoes.estadao.com.br\\\/guia-da-faculdade-2023\\\/interdisciplinares\\\/#breadcrumb\",\"itemListElement\":[{\"@type\":\"ListItem\",\"position\":1,\"name\":\"In\u00edcio\",\"item\":\"https:\\\/\\\/publicacoes.estadao.com.br\\\/guia-da-faculdade-2023\\\/\"},{\"@type\":\"ListItem\",\"position\":2,\"name\":\"Uma nova trilha na gradua\u00e7\u00e3o\"}]},{\"@type\":\"WebSite\",\"@id\":\"https:\\\/\\\/publicacoes.estadao.com.br\\\/guia-da-faculdade-2023\\\/#website\",\"url\":\"https:\\\/\\\/publicacoes.estadao.com.br\\\/guia-da-faculdade-2023\\\/\",\"name\":\"Guia da Faculdade\",\"description\":\"Confira o guia completo dos cursos e faculdades mais bem avaliados do Brasil, al\u00e9m das oportunidades de carreira e tend\u00eancias de profiss\u00f5es.\",\"potentialAction\":[{\"@type\":\"SearchAction\",\"target\":{\"@type\":\"EntryPoint\",\"urlTemplate\":\"https:\\\/\\\/publicacoes.estadao.com.br\\\/guia-da-faculdade-2023\\\/?s={search_term_string}\"},\"query-input\":{\"@type\":\"PropertyValueSpecification\",\"valueRequired\":true,\"valueName\":\"search_term_string\"}}],\"inLanguage\":\"pt-BR\"}]}<\/script>\n<!-- \/ Yoast SEO plugin. -->","yoast_head_json":{"title":"Uma nova trilha na gradua\u00e7\u00e3o - Guia da Faculdade","robots":{"index":"noindex","follow":"follow","max-snippet":"max-snippet:-1","max-image-preview":"max-image-preview:large","max-video-preview":"max-video-preview:-1"},"og_locale":"pt_BR","og_type":"article","og_title":"Uma nova trilha na gradua\u00e7\u00e3o - Guia da Faculdade","og_description":"Ainda pouco conhecida, uma nova forma de fazer faculdade vem ganhando espa\u00e7o. Nas chamadas gradua\u00e7\u00f5es interdisciplinares, a ideia principal \u00e9 iniciar a forma\u00e7\u00e3o dos alunos com um ciclo de conhecimentos b\u00e1sicos em uma grande \u00e1rea, oferecendo em seguida flexibilidade na escolha de em qual carreira se especializar. Para vestibulandos ainda com d\u00favidas na hora de &hellip; Continued","og_url":"https:\/\/publicacoes.estadao.com.br\/guia-da-faculdade-2023\/interdisciplinares\/","og_site_name":"Guia da Faculdade","og_image":[{"width":1200,"height":630,"url":"https:\/\/publicacoes.estadao.com.br\/guia-da-faculdade-2023\/wp-content\/uploads\/2024\/08\/OG-IMage_GuiaFaculdade24.jpg","type":"image\/jpeg"}],"twitter_card":"summary_large_image","twitter_misc":{"Est. tempo de leitura":"2 minutos"},"schema":{"@context":"https:\/\/schema.org","@graph":[{"@type":"WebPage","@id":"https:\/\/publicacoes.estadao.com.br\/guia-da-faculdade-2023\/interdisciplinares\/","url":"https:\/\/publicacoes.estadao.com.br\/guia-da-faculdade-2023\/interdisciplinares\/","name":"Uma nova trilha na gradua\u00e7\u00e3o - Guia da Faculdade","isPartOf":{"@id":"https:\/\/publicacoes.estadao.com.br\/guia-da-faculdade-2023\/#website"},"datePublished":"2023-10-15T21:30:31+00:00","breadcrumb":{"@id":"https:\/\/publicacoes.estadao.com.br\/guia-da-faculdade-2023\/interdisciplinares\/#breadcrumb"},"inLanguage":"pt-BR","potentialAction":[{"@type":"ReadAction","target":["https:\/\/publicacoes.estadao.com.br\/guia-da-faculdade-2023\/interdisciplinares\/"]}]},{"@type":"BreadcrumbList","@id":"https:\/\/publicacoes.estadao.com.br\/guia-da-faculdade-2023\/interdisciplinares\/#breadcrumb","itemListElement":[{"@type":"ListItem","position":1,"name":"In\u00edcio","item":"https:\/\/publicacoes.estadao.com.br\/guia-da-faculdade-2023\/"},{"@type":"ListItem","position":2,"name":"Uma nova trilha na gradua\u00e7\u00e3o"}]},{"@type":"WebSite","@id":"https:\/\/publicacoes.estadao.com.br\/guia-da-faculdade-2023\/#website","url":"https:\/\/publicacoes.estadao.com.br\/guia-da-faculdade-2023\/","name":"Guia da Faculdade","description":"Confira o guia completo dos cursos e faculdades mais bem avaliados do Brasil, al\u00e9m das oportunidades de carreira e tend\u00eancias de profiss\u00f5es.","potentialAction":[{"@type":"SearchAction","target":{"@type":"EntryPoint","urlTemplate":"https:\/\/publicacoes.estadao.com.br\/guia-da-faculdade-2023\/?s={search_term_string}"},"query-input":{"@type":"PropertyValueSpecification","valueRequired":true,"valueName":"search_term_string"}}],"inLanguage":"pt-BR"}]}},"_links":{"self":[{"href":"https:\/\/publicacoes.estadao.com.br\/guia-da-faculdade-2023\/wp-json\/wp\/v2\/pages\/214077","targetHints":{"allow":["GET"]}}],"collection":[{"href":"https:\/\/publicacoes.estadao.com.br\/guia-da-faculdade-2023\/wp-json\/wp\/v2\/pages"}],"about":[{"href":"https:\/\/publicacoes.estadao.com.br\/guia-da-faculdade-2023\/wp-json\/wp\/v2\/types\/page"}],"author":[{"embeddable":true,"href":"https:\/\/publicacoes.estadao.com.br\/guia-da-faculdade-2023\/wp-json\/wp\/v2\/users\/5"}],"replies":[{"embeddable":true,"href":"https:\/\/publicacoes.estadao.com.br\/guia-da-faculdade-2023\/wp-json\/wp\/v2\/comments?post=214077"}],"version-history":[{"count":0,"href":"https:\/\/publicacoes.estadao.com.br\/guia-da-faculdade-2023\/wp-json\/wp\/v2\/pages\/214077\/revisions"}],"wp:attachment":[{"href":"https:\/\/publicacoes.estadao.com.br\/guia-da-faculdade-2023\/wp-json\/wp\/v2\/media?parent=214077"}],"curies":[{"name":"wp","href":"https:\/\/api.w.org\/{rel}","templated":true}]}}