{"id":212740,"date":"2023-10-10T12:37:51","date_gmt":"2023-10-10T15:37:51","guid":{"rendered":"https:\/\/publicacoes.estadao.com.br\/guia-da-faculdade-2022\/?page_id=212740"},"modified":"2023-10-10T12:40:53","modified_gmt":"2023-10-10T15:40:53","slug":"artigos","status":"publish","type":"page","link":"https:\/\/publicacoes.estadao.com.br\/guia-da-faculdade-2022\/artigos\/","title":{"rendered":"Artigos"},"content":{"rendered":"","protected":false},"excerpt":{"rendered":"","protected":false},"author":5,"featured_media":0,"parent":0,"menu_order":0,"comment_status":"closed","ping_status":"closed","template":"page-artigos.php","meta":{"footnotes":""},"class_list":["post-212740","page","type-page","status-publish","hentry"],"yoast_head":"<!-- This site is optimized with the Yoast SEO plugin v19.9 - https:\/\/yoast.com\/wordpress\/plugins\/seo\/ -->\n<title>Artigos - Guia da Faculdade Estad\u00e3o<\/title>\n<meta name=\"robots\" content=\"noindex, follow, max-snippet:-1, max-image-preview:large, max-video-preview:-1\" \/>\n<meta property=\"og:locale\" content=\"pt_BR\" \/>\n<meta property=\"og:type\" content=\"article\" \/>\n<meta property=\"og:title\" content=\"Artigos - Guia da Faculdade Estad\u00e3o\" \/>\n<meta property=\"og:url\" content=\"https:\/\/publicacoes.estadao.com.br\/guia-da-faculdade-2022\/artigos\/\" \/>\n<meta property=\"og:site_name\" content=\"Guia da Faculdade Estad\u00e3o\" \/>\n<meta property=\"article:modified_time\" content=\"2023-10-10T15:40:53+00:00\" \/>\n<meta property=\"og:image\" content=\"https:\/\/publicacoes.estadao.com.br\/guia-da-faculdade-2022\/wp-content\/uploads\/2022\/11\/Guia-Faculdade_OG-Image.jpg\" \/>\n\t<meta property=\"og:image:width\" content=\"1200\" \/>\n\t<meta property=\"og:image:height\" content=\"630\" \/>\n\t<meta property=\"og:image:type\" content=\"image\/jpeg\" \/>\n<meta name=\"twitter:card\" content=\"summary_large_image\" \/>\n<script type=\"application\/ld+json\" class=\"yoast-schema-graph\">{\"@context\":\"https:\/\/schema.org\",\"@graph\":[{\"@type\":\"WebPage\",\"@id\":\"https:\/\/publicacoes.estadao.com.br\/guia-da-faculdade-2022\/artigos\/\",\"url\":\"https:\/\/publicacoes.estadao.com.br\/guia-da-faculdade-2022\/artigos\/\",\"name\":\"Artigos - Guia da Faculdade Estad\u00e3o\",\"isPartOf\":{\"@id\":\"https:\/\/publicacoes.estadao.com.br\/guia-da-faculdade-2022\/#website\"},\"datePublished\":\"2023-10-10T15:37:51+00:00\",\"dateModified\":\"2023-10-10T15:40:53+00:00\",\"breadcrumb\":{\"@id\":\"https:\/\/publicacoes.estadao.com.br\/guia-da-faculdade-2022\/artigos\/#breadcrumb\"},\"inLanguage\":\"pt-BR\",\"potentialAction\":[{\"@type\":\"ReadAction\",\"target\":[\"https:\/\/publicacoes.estadao.com.br\/guia-da-faculdade-2022\/artigos\/\"]}]},{\"@type\":\"BreadcrumbList\",\"@id\":\"https:\/\/publicacoes.estadao.com.br\/guia-da-faculdade-2022\/artigos\/#breadcrumb\",\"itemListElement\":[{\"@type\":\"ListItem\",\"position\":1,\"name\":\"In\u00edcio\",\"item\":\"https:\/\/publicacoes.estadao.com.br\/guia-da-faculdade-2022\/\"},{\"@type\":\"ListItem\",\"position\":2,\"name\":\"Artigos\"}]},{\"@type\":\"WebSite\",\"@id\":\"https:\/\/publicacoes.estadao.com.br\/guia-da-faculdade-2022\/#website\",\"url\":\"https:\/\/publicacoes.estadao.com.br\/guia-da-faculdade-2022\/\",\"name\":\"Guia da Faculdade Estad\u00e3o\",\"description\":\"O guia completo dos cursos e faculdades mais bem avaliados do Brasil - parceria Quero Educa\u00e7\u00e3o\",\"potentialAction\":[{\"@type\":\"SearchAction\",\"target\":{\"@type\":\"EntryPoint\",\"urlTemplate\":\"https:\/\/publicacoes.estadao.com.br\/guia-da-faculdade-2022\/?s={search_term_string}\"},\"query-input\":\"required name=search_term_string\"}],\"inLanguage\":\"pt-BR\"}]}<\/script>\n<!-- \/ Yoast SEO plugin. -->","yoast_head_json":{"title":"Artigos - Guia da Faculdade Estad\u00e3o","robots":{"index":"noindex","follow":"follow","max-snippet":"max-snippet:-1","max-image-preview":"max-image-preview:large","max-video-preview":"max-video-preview:-1"},"og_locale":"pt_BR","og_type":"article","og_title":"Artigos - Guia da Faculdade Estad\u00e3o","og_url":"https:\/\/publicacoes.estadao.com.br\/guia-da-faculdade-2022\/artigos\/","og_site_name":"Guia da Faculdade Estad\u00e3o","article_modified_time":"2023-10-10T15:40:53+00:00","og_image":[{"width":1200,"height":630,"url":"https:\/\/publicacoes.estadao.com.br\/guia-da-faculdade-2022\/wp-content\/uploads\/2022\/11\/Guia-Faculdade_OG-Image.jpg","type":"image\/jpeg"}],"twitter_card":"summary_large_image","schema":{"@context":"https:\/\/schema.org","@graph":[{"@type":"WebPage","@id":"https:\/\/publicacoes.estadao.com.br\/guia-da-faculdade-2022\/artigos\/","url":"https:\/\/publicacoes.estadao.com.br\/guia-da-faculdade-2022\/artigos\/","name":"Artigos - Guia da Faculdade Estad\u00e3o","isPartOf":{"@id":"https:\/\/publicacoes.estadao.com.br\/guia-da-faculdade-2022\/#website"},"datePublished":"2023-10-10T15:37:51+00:00","dateModified":"2023-10-10T15:40:53+00:00","breadcrumb":{"@id":"https:\/\/publicacoes.estadao.com.br\/guia-da-faculdade-2022\/artigos\/#breadcrumb"},"inLanguage":"pt-BR","potentialAction":[{"@type":"ReadAction","target":["https:\/\/publicacoes.estadao.com.br\/guia-da-faculdade-2022\/artigos\/"]}]},{"@type":"BreadcrumbList","@id":"https:\/\/publicacoes.estadao.com.br\/guia-da-faculdade-2022\/artigos\/#breadcrumb","itemListElement":[{"@type":"ListItem","position":1,"name":"In\u00edcio","item":"https:\/\/publicacoes.estadao.com.br\/guia-da-faculdade-2022\/"},{"@type":"ListItem","position":2,"name":"Artigos"}]},{"@type":"WebSite","@id":"https:\/\/publicacoes.estadao.com.br\/guia-da-faculdade-2022\/#website","url":"https:\/\/publicacoes.estadao.com.br\/guia-da-faculdade-2022\/","name":"Guia da Faculdade Estad\u00e3o","description":"O guia completo dos cursos e faculdades mais bem avaliados do Brasil - parceria Quero Educa\u00e7\u00e3o","potentialAction":[{"@type":"SearchAction","target":{"@type":"EntryPoint","urlTemplate":"https:\/\/publicacoes.estadao.com.br\/guia-da-faculdade-2022\/?s={search_term_string}"},"query-input":"required name=search_term_string"}],"inLanguage":"pt-BR"}]}},"_links":{"self":[{"href":"https:\/\/publicacoes.estadao.com.br\/guia-da-faculdade-2022\/wp-json\/wp\/v2\/pages\/212740","targetHints":{"allow":["GET"]}}],"collection":[{"href":"https:\/\/publicacoes.estadao.com.br\/guia-da-faculdade-2022\/wp-json\/wp\/v2\/pages"}],"about":[{"href":"https:\/\/publicacoes.estadao.com.br\/guia-da-faculdade-2022\/wp-json\/wp\/v2\/types\/page"}],"author":[{"embeddable":true,"href":"https:\/\/publicacoes.estadao.com.br\/guia-da-faculdade-2022\/wp-json\/wp\/v2\/users\/5"}],"replies":[{"embeddable":true,"href":"https:\/\/publicacoes.estadao.com.br\/guia-da-faculdade-2022\/wp-json\/wp\/v2\/comments?post=212740"}],"version-history":[{"count":1,"href":"https:\/\/publicacoes.estadao.com.br\/guia-da-faculdade-2022\/wp-json\/wp\/v2\/pages\/212740\/revisions"}],"predecessor-version":[{"id":212741,"href":"https:\/\/publicacoes.estadao.com.br\/guia-da-faculdade-2022\/wp-json\/wp\/v2\/pages\/212740\/revisions\/212741"}],"wp:attachment":[{"href":"https:\/\/publicacoes.estadao.com.br\/guia-da-faculdade-2022\/wp-json\/wp\/v2\/media?parent=212740"}],"curies":[{"name":"wp","href":"https:\/\/api.w.org\/{rel}","templated":true}]}}