{"id":212469,"date":"2022-11-03T20:51:58","date_gmt":"2022-11-03T23:51:58","guid":{"rendered":"https:\/\/webapp332768.ip-97-107-134-248.cloudezapp.io\/?page_id=212469"},"modified":"2022-11-04T15:45:58","modified_gmt":"2022-11-04T18:45:58","slug":"presenciais","status":"publish","type":"page","link":"https:\/\/publicacoes.estadao.com.br\/guia-da-faculdade-2022\/presenciais\/","title":{"rendered":"Presenciais"},"content":{"rendered":"<h2><strong>Os 10 cursos presenciais com mais alunos<\/strong><\/h2>\n<p>&nbsp;<\/p>\n<table width=\"380\">\n<tbody>\n<tr>\n<td width=\"239\"><strong>Curso<\/strong><\/td>\n<td width=\"141\"><strong>N\u00famero de matr\u00edculas<\/strong><\/td>\n<\/tr>\n<tr>\n<td width=\"239\">Direito<\/td>\n<td width=\"141\">759.328<\/td>\n<\/tr>\n<tr>\n<td width=\"239\">Administra\u00e7\u00e3o<\/td>\n<td width=\"141\">319.007<\/td>\n<\/tr>\n<tr>\n<td width=\"239\">Psicologia<\/td>\n<td width=\"141\">275.661<\/td>\n<\/tr>\n<tr>\n<td width=\"239\">Enfermagem<\/td>\n<td width=\"141\">275.287<\/td>\n<\/tr>\n<tr>\n<td width=\"239\">Pedagogia<\/td>\n<td width=\"141\">221.233<\/td>\n<\/tr>\n<tr>\n<td width=\"239\">Engenharia Civil<\/td>\n<td width=\"141\">204.929<\/td>\n<\/tr>\n<tr>\n<td width=\"239\">Medicina<\/td>\n<td width=\"141\">204.279<\/td>\n<\/tr>\n<tr>\n<td width=\"239\">Ci\u00eancias Cont\u00e1beis<\/td>\n<td width=\"141\">172.230<\/td>\n<\/tr>\n<tr>\n<td width=\"239\">Sistemas de Informa\u00e7\u00e3o<\/td>\n<td width=\"141\">114.381<\/td>\n<\/tr>\n<tr>\n<td width=\"239\">Educa\u00e7\u00e3o F\u00edsica*<\/td>\n<td width=\"141\">109.229<\/td>\n<\/tr>\n<\/tbody>\n<\/table>\n<p><em>Fonte: Censo da Educa\u00e7\u00e3o Superior 2000-2020 \/<\/em> <em>* Bacharelado<\/em><br \/>\n&nbsp;<\/p>\n<div class=\"banner\">\n    <!-- In\u00edcio Banner 970x90 --> <\/p>\n<div class=\"dfp-hmeio1\"><\/div>\n<p> <script type=\"text\/javascript\"> DFP.renderHtml({ 'selector':'div.dfp-hmeio1', 'targets':{ 'formato':'hmeio1', 'tags':'' }, 'screenmap':'Horizontal_970_90_T_60', 'force': true }); <\/script> <!-- Fim Banner 970x90 -->\n  <\/div>\n<p>&nbsp;<\/p>\n<h3>Observa\u00e7\u00f5es<\/h3>\n<blockquote><p>A letra \u201cL\u201d ap\u00f3s a sigla da institui\u00e7\u00e3o de ensino superior estrelada indica que o curso avaliado \u00e9 uma licenciatura, e n\u00e3o um bacharelado<\/p>\n<p>A letras \u201cB\/L\u201d ap\u00f3s a sigla da institui\u00e7\u00e3o de ensino superior indica que o curso tem dupla titula\u00e7\u00e3o, oferecendo os diplomas de bacharel e licenciado ao formado<\/p><\/blockquote>\n<p>&nbsp;<\/p>\n<h2><strong>As melhores gradua\u00e7\u00f5es por \u00e1rea de conhecimento:<\/strong><\/h2>\n<ul>\n<li><a href=\"https:\/\/publicacoes.estadao.com.br\/guia-da-faculdade-2022\/administracao-negocios-e-servicos\">Administra\u00e7\u00e3o, Neg\u00f3cios e Servi\u00e7os<\/a><\/li>\n<li><a href=\"https:\/\/publicacoes.estadao.com.br\/guia-da-faculdade-2022\/artes-e-design\">Artes e Design<\/a><\/li>\n<li><a href=\"https:\/\/publicacoes.estadao.com.br\/guia-da-faculdade-2022\/ciencias-biologicas-e-da-terra\">Ci\u00eancias Biol\u00f3gicas e da Terra<\/a><\/li>\n<li><a href=\"https:\/\/publicacoes.estadao.com.br\/guia-da-faculdade-2022\/ciencias-exatas-e-informatica\">Ci\u00eancias Exatas e Inform\u00e1tica<\/a><\/li>\n<li><a href=\"https:\/\/publicacoes.estadao.com.br\/guia-da-faculdade-2022\/ciencias-humanas-e-comunicacao\">Ci\u00eancias Humanas e Comunica\u00e7\u00e3o<\/a><\/li>\n<li><a href=\"https:\/\/publicacoes.estadao.com.br\/guia-da-faculdade\/engenharias\">Engenharias<\/a><\/li>\n<li><a href=\"https:\/\/publicacoes.estadao.com.br\/guia-da-faculdade-2022\/saude-e-bem-estar\">Sa\u00fade e Bem-Estar<\/a><\/li>\n<\/ul>\n","protected":false},"excerpt":{"rendered":"<p>Os 10 cursos presenciais com mais alunos &nbsp; Curso N\u00famero de matr\u00edculas Direito 759.328 Administra\u00e7\u00e3o 319.007 Psicologia 275.661 Enfermagem 275.287 Pedagogia 221.233 Engenharia Civil 204.929 Medicina 204.279 Ci\u00eancias Cont\u00e1beis 172.230 Sistemas de Informa\u00e7\u00e3o 114.381 Educa\u00e7\u00e3o F\u00edsica* 109.229 Fonte: Censo da Educa\u00e7\u00e3o Superior 2000-2020 \/ * Bacharelado &nbsp; &nbsp; Observa\u00e7\u00f5es A letra \u201cL\u201d ap\u00f3s a sigla &hellip; <a href=\"https:\/\/publicacoes.estadao.com.br\/guia-da-faculdade-2022\/presenciais\/\">Continued<\/a><\/p>\n","protected":false},"author":13,"featured_media":0,"parent":0,"menu_order":0,"comment_status":"closed","ping_status":"closed","template":"template-destaque-presenciais-2022.php","meta":{"footnotes":""},"class_list":["post-212469","page","type-page","status-publish","hentry"],"yoast_head":"<!-- This site is optimized with the Yoast SEO plugin v19.9 - https:\/\/yoast.com\/wordpress\/plugins\/seo\/ -->\n<title>Presenciais - Guia da Faculdade Estad\u00e3o<\/title>\n<meta name=\"robots\" content=\"noindex, follow, max-snippet:-1, max-image-preview:large, max-video-preview:-1\" \/>\n<meta property=\"og:locale\" content=\"pt_BR\" \/>\n<meta property=\"og:type\" content=\"article\" \/>\n<meta property=\"og:title\" content=\"Presenciais - Guia da Faculdade Estad\u00e3o\" \/>\n<meta property=\"og:description\" content=\"Os 10 cursos presenciais com mais alunos &nbsp; Curso N\u00famero de matr\u00edculas Direito 759.328 Administra\u00e7\u00e3o 319.007 Psicologia 275.661 Enfermagem 275.287 Pedagogia 221.233 Engenharia Civil 204.929 Medicina 204.279 Ci\u00eancias Cont\u00e1beis 172.230 Sistemas de Informa\u00e7\u00e3o 114.381 Educa\u00e7\u00e3o F\u00edsica* 109.229 Fonte: Censo da Educa\u00e7\u00e3o Superior 2000-2020 \/ * Bacharelado &nbsp; &nbsp; Observa\u00e7\u00f5es A letra \u201cL\u201d ap\u00f3s a sigla &hellip; Continued\" \/>\n<meta property=\"og:url\" content=\"https:\/\/publicacoes.estadao.com.br\/guia-da-faculdade-2022\/presenciais\/\" \/>\n<meta property=\"og:site_name\" content=\"Guia da Faculdade Estad\u00e3o\" \/>\n<meta property=\"article:modified_time\" content=\"2022-11-04T18:45:58+00:00\" \/>\n<meta property=\"og:image\" content=\"https:\/\/publicacoes.estadao.com.br\/guia-da-faculdade-2022\/wp-content\/uploads\/2022\/11\/Guia-Faculdade_OG-Image.jpg\" \/>\n\t<meta property=\"og:image:width\" content=\"1200\" \/>\n\t<meta property=\"og:image:height\" content=\"630\" \/>\n\t<meta property=\"og:image:type\" content=\"image\/jpeg\" \/>\n<meta name=\"twitter:card\" content=\"summary_large_image\" \/>\n<meta name=\"twitter:label1\" content=\"Est. tempo de leitura\" \/>\n\t<meta name=\"twitter:data1\" content=\"1 minuto\" \/>\n<script type=\"application\/ld+json\" class=\"yoast-schema-graph\">{\"@context\":\"https:\/\/schema.org\",\"@graph\":[{\"@type\":\"WebPage\",\"@id\":\"https:\/\/publicacoes.estadao.com.br\/guia-da-faculdade-2022\/presenciais\/\",\"url\":\"https:\/\/publicacoes.estadao.com.br\/guia-da-faculdade-2022\/presenciais\/\",\"name\":\"Presenciais - Guia da Faculdade Estad\u00e3o\",\"isPartOf\":{\"@id\":\"https:\/\/publicacoes.estadao.com.br\/guia-da-faculdade-2022\/#website\"},\"datePublished\":\"2022-11-03T23:51:58+00:00\",\"dateModified\":\"2022-11-04T18:45:58+00:00\",\"breadcrumb\":{\"@id\":\"https:\/\/publicacoes.estadao.com.br\/guia-da-faculdade-2022\/presenciais\/#breadcrumb\"},\"inLanguage\":\"pt-BR\",\"potentialAction\":[{\"@type\":\"ReadAction\",\"target\":[\"https:\/\/publicacoes.estadao.com.br\/guia-da-faculdade-2022\/presenciais\/\"]}]},{\"@type\":\"BreadcrumbList\",\"@id\":\"https:\/\/publicacoes.estadao.com.br\/guia-da-faculdade-2022\/presenciais\/#breadcrumb\",\"itemListElement\":[{\"@type\":\"ListItem\",\"position\":1,\"name\":\"In\u00edcio\",\"item\":\"https:\/\/publicacoes.estadao.com.br\/guia-da-faculdade-2022\/\"},{\"@type\":\"ListItem\",\"position\":2,\"name\":\"Presenciais\"}]},{\"@type\":\"WebSite\",\"@id\":\"https:\/\/publicacoes.estadao.com.br\/guia-da-faculdade-2022\/#website\",\"url\":\"https:\/\/publicacoes.estadao.com.br\/guia-da-faculdade-2022\/\",\"name\":\"Guia da Faculdade Estad\u00e3o\",\"description\":\"O guia completo dos cursos e faculdades mais bem avaliados do Brasil - parceria Quero Educa\u00e7\u00e3o\",\"potentialAction\":[{\"@type\":\"SearchAction\",\"target\":{\"@type\":\"EntryPoint\",\"urlTemplate\":\"https:\/\/publicacoes.estadao.com.br\/guia-da-faculdade-2022\/?s={search_term_string}\"},\"query-input\":\"required name=search_term_string\"}],\"inLanguage\":\"pt-BR\"}]}<\/script>\n<!-- \/ Yoast SEO plugin. -->","yoast_head_json":{"title":"Presenciais - Guia da Faculdade Estad\u00e3o","robots":{"index":"noindex","follow":"follow","max-snippet":"max-snippet:-1","max-image-preview":"max-image-preview:large","max-video-preview":"max-video-preview:-1"},"og_locale":"pt_BR","og_type":"article","og_title":"Presenciais - Guia da Faculdade Estad\u00e3o","og_description":"Os 10 cursos presenciais com mais alunos &nbsp; Curso N\u00famero de matr\u00edculas Direito 759.328 Administra\u00e7\u00e3o 319.007 Psicologia 275.661 Enfermagem 275.287 Pedagogia 221.233 Engenharia Civil 204.929 Medicina 204.279 Ci\u00eancias Cont\u00e1beis 172.230 Sistemas de Informa\u00e7\u00e3o 114.381 Educa\u00e7\u00e3o F\u00edsica* 109.229 Fonte: Censo da Educa\u00e7\u00e3o Superior 2000-2020 \/ * Bacharelado &nbsp; &nbsp; Observa\u00e7\u00f5es A letra \u201cL\u201d ap\u00f3s a sigla &hellip; Continued","og_url":"https:\/\/publicacoes.estadao.com.br\/guia-da-faculdade-2022\/presenciais\/","og_site_name":"Guia da Faculdade Estad\u00e3o","article_modified_time":"2022-11-04T18:45:58+00:00","og_image":[{"width":1200,"height":630,"url":"https:\/\/publicacoes.estadao.com.br\/guia-da-faculdade-2022\/wp-content\/uploads\/2022\/11\/Guia-Faculdade_OG-Image.jpg","type":"image\/jpeg"}],"twitter_card":"summary_large_image","twitter_misc":{"Est. tempo de leitura":"1 minuto"},"schema":{"@context":"https:\/\/schema.org","@graph":[{"@type":"WebPage","@id":"https:\/\/publicacoes.estadao.com.br\/guia-da-faculdade-2022\/presenciais\/","url":"https:\/\/publicacoes.estadao.com.br\/guia-da-faculdade-2022\/presenciais\/","name":"Presenciais - Guia da Faculdade Estad\u00e3o","isPartOf":{"@id":"https:\/\/publicacoes.estadao.com.br\/guia-da-faculdade-2022\/#website"},"datePublished":"2022-11-03T23:51:58+00:00","dateModified":"2022-11-04T18:45:58+00:00","breadcrumb":{"@id":"https:\/\/publicacoes.estadao.com.br\/guia-da-faculdade-2022\/presenciais\/#breadcrumb"},"inLanguage":"pt-BR","potentialAction":[{"@type":"ReadAction","target":["https:\/\/publicacoes.estadao.com.br\/guia-da-faculdade-2022\/presenciais\/"]}]},{"@type":"BreadcrumbList","@id":"https:\/\/publicacoes.estadao.com.br\/guia-da-faculdade-2022\/presenciais\/#breadcrumb","itemListElement":[{"@type":"ListItem","position":1,"name":"In\u00edcio","item":"https:\/\/publicacoes.estadao.com.br\/guia-da-faculdade-2022\/"},{"@type":"ListItem","position":2,"name":"Presenciais"}]},{"@type":"WebSite","@id":"https:\/\/publicacoes.estadao.com.br\/guia-da-faculdade-2022\/#website","url":"https:\/\/publicacoes.estadao.com.br\/guia-da-faculdade-2022\/","name":"Guia da Faculdade Estad\u00e3o","description":"O guia completo dos cursos e faculdades mais bem avaliados do Brasil - parceria Quero Educa\u00e7\u00e3o","potentialAction":[{"@type":"SearchAction","target":{"@type":"EntryPoint","urlTemplate":"https:\/\/publicacoes.estadao.com.br\/guia-da-faculdade-2022\/?s={search_term_string}"},"query-input":"required name=search_term_string"}],"inLanguage":"pt-BR"}]}},"_links":{"self":[{"href":"https:\/\/publicacoes.estadao.com.br\/guia-da-faculdade-2022\/wp-json\/wp\/v2\/pages\/212469","targetHints":{"allow":["GET"]}}],"collection":[{"href":"https:\/\/publicacoes.estadao.com.br\/guia-da-faculdade-2022\/wp-json\/wp\/v2\/pages"}],"about":[{"href":"https:\/\/publicacoes.estadao.com.br\/guia-da-faculdade-2022\/wp-json\/wp\/v2\/types\/page"}],"author":[{"embeddable":true,"href":"https:\/\/publicacoes.estadao.com.br\/guia-da-faculdade-2022\/wp-json\/wp\/v2\/users\/13"}],"replies":[{"embeddable":true,"href":"https:\/\/publicacoes.estadao.com.br\/guia-da-faculdade-2022\/wp-json\/wp\/v2\/comments?post=212469"}],"version-history":[{"count":8,"href":"https:\/\/publicacoes.estadao.com.br\/guia-da-faculdade-2022\/wp-json\/wp\/v2\/pages\/212469\/revisions"}],"predecessor-version":[{"id":212603,"href":"https:\/\/publicacoes.estadao.com.br\/guia-da-faculdade-2022\/wp-json\/wp\/v2\/pages\/212469\/revisions\/212603"}],"wp:attachment":[{"href":"https:\/\/publicacoes.estadao.com.br\/guia-da-faculdade-2022\/wp-json\/wp\/v2\/media?parent=212469"}],"curies":[{"name":"wp","href":"https:\/\/api.w.org\/{rel}","templated":true}]}}