{"id":212441,"date":"2022-11-01T14:07:26","date_gmt":"2022-11-01T17:07:26","guid":{"rendered":"https:\/\/webapp332768.ip-97-107-134-248.cloudezapp.io\/?page_id=212441"},"modified":"2022-11-04T16:02:50","modified_gmt":"2022-11-04T19:02:50","slug":"artes-e-design","status":"publish","type":"page","link":"https:\/\/publicacoes.estadao.com.br\/guia-da-faculdade-2022\/artes-e-design\/","title":{"rendered":"Artes e Design"},"content":{"rendered":"<div class=\"su-spoiler su-spoiler-style-default su-spoiler-icon-plus su-spoiler-closed\" data-scroll-offset=\"0\" data-anchor-in-url=\"no\"><div class=\"su-spoiler-title\" tabindex=\"0\" role=\"button\"><span class=\"su-spoiler-icon\"><\/span>ARQUITETURA E URBANISMO<\/div><div class=\"su-spoiler-content su-u-clearfix su-u-trim\">\n<p>A forma\u00e7\u00e3o em Arquitetura \u00e9 generalista, o que permite uma atua\u00e7\u00e3o bastante diversa. A fun\u00e7\u00e3o dos profissionais da \u00e1rea pode ser resumida nas seguintes responsabilidades: garantir comodidade, salubridade e dignidade nas atividades humanas cotidianas individuais e coletivas.<\/p>\n<p>O futuro para os arquitetos tende a ser pr\u00f3spero, explica a coordenadora do curso da PUC-Campinas, Ana Paula Giardini Pedro. A justificativa para isso \u00e9 o crescimento das cidades e da demanda por habita\u00e7\u00e3o e qualifica\u00e7\u00e3o de centros urbanos. Esse conjunto de fatores deve fazer com que o mercado permane\u00e7a aquecido nos pr\u00f3ximos anos. Al\u00e9m disso, novas tecnologias tamb\u00e9m colocam a \u00e1rea em destaque. \u201cCom o metaverso, a \u00e1rea de Arquitetura tende a ser cada vez mais procurada para a cria\u00e7\u00e3o de ambientes virtuais. Ao mesmo tempo, a busca pelo bem-estar demanda ambientes cada vez mais humanizados e faz com que a Neuroarquitetura seja uma grande tend\u00eancia\u201d, afirma o coordenador do curso no Centro Universit\u00e1rio Ritter dos Reis (UniRitter), Adriano Menezes da Silva.<\/p>\n<p>Segundo Adriano, \u00e9 importante que as gradua\u00e7\u00f5es possuam um bom corpo docente e uma infraestrutura adequada \u00e0s especificidades da forma\u00e7\u00e3o, como espa\u00e7os de ateliers, laborat\u00f3rios e maquetaria. O curso tamb\u00e9m precisa possibilitar a experi\u00eancia projetual dos alunos, em ateliers e em atividades extraclasse como extens\u00e3o, pesquisa, oficinas, palestras, imers\u00f5es e visitas t\u00e9cnicas.<\/p>\n<p>&nbsp;<\/p>\n<h5><strong>Os melhores cursos<\/strong><\/h5>\n<p>&nbsp;<\/p>\n<h3><a href=\"https:\/\/publicacoes.estadao.com.br\/guia-da-faculdade\/?post_type=faculdades&amp;s=ARQUITETURA+E+URBANISMO&amp;tipo=&amp;estado=&amp;cidade=&amp;classificacao=5\"><strong>5 ESTRELAS <img loading=\"lazy\" decoding=\"async\" class=\"alignnone size-full wp-image-115246\" src=\"https:\/\/publicacoes.estadao.com.br\/guia-da-faculdade\/wp-content\/uploads\/2020\/10\/estrelas-5.png\" alt=\"\" width=\"140\" height=\"28\" \/><\/strong><\/a><\/h3>\n<p><strong><span style=\"color: #0091ce;\">MG |<\/span>\u00a0<\/strong><strong>Belo Horizonte<\/strong>: UFMG<\/p>\n<p><strong><span style=\"color: #0091ce;\">PB | <\/span><\/strong><strong>Jo\u00e3o Pessoa<\/strong>: UFPB<\/p>\n<p><strong><span style=\"color: #0091ce;\">RJ | <\/span><\/strong><strong>Rio de Janeiro<\/strong>: UFRJ<\/p>\n<p><strong><span style=\"color: #0091ce;\">SP | <\/span><\/strong><strong>S\u00e3o Carlos<\/strong>: USP | <strong>S\u00e3o Paulo<\/strong>: Mackenzie<\/p>\n<p><a href=\"https:\/\/publicacoes.estadao.com.br\/guia-da-faculdade\/?post_type=faculdades&amp;s=ARQUITETURA+E+URBANISMO&amp;tipo=&amp;estado=&amp;cidade=&amp;classificacao=5\">+ Info<\/a><\/p>\n<p>&nbsp;<\/p>\n<h3><a href=\"https:\/\/publicacoes.estadao.com.br\/guia-da-faculdade\/?post_type=faculdades&amp;s=ARQUITETURA+E+URBANISMO&amp;tipo=&amp;estado=&amp;cidade=&amp;classificacao=4\"><strong>4 ESTRELAS <img loading=\"lazy\" decoding=\"async\" class=\"alignnone size-full wp-image-115245\" src=\"https:\/\/publicacoes.estadao.com.br\/guia-da-faculdade\/wp-content\/uploads\/2020\/10\/estrelas-4.png\" alt=\"\" width=\"118\" height=\"30\" \/><\/strong><\/a><\/h3>\n<p><strong><span style=\"color: #0091ce;\">AL |<\/span> <\/strong><strong>Arapiraca<\/strong>: Ufal | <strong>Macei\u00f3<\/strong>: Ufal<\/p>\n<p><strong><span style=\"color: #0091ce;\">BA |<\/span> <\/strong><strong>Salvador<\/strong>: UFBA<\/p>\n<p><strong><span style=\"color: #0091ce;\">CE |<\/span> <\/strong><strong>Fortaleza<\/strong>: UFC | <strong>Juazeiro do Norte<\/strong>: UniFAP<\/p>\n<p><strong><span style=\"color: #0091ce;\">DF |<\/span> <\/strong><strong>Bras\u00edlia<\/strong>: Iesb-DF, UnB<\/p>\n<p><strong><span style=\"color: #0091ce;\">GO |<\/span> <\/strong><strong>An\u00e1polis<\/strong>: UEG | <strong>Goi\u00e2nia<\/strong>: PUC Goi\u00e1s, UFG<\/p>\n<p><strong><span style=\"color: #0091ce;\">MA |<\/span> <\/strong><strong>S\u00e3o Lu\u00eds<\/strong>: Uema<\/p>\n<p><strong><span style=\"color: #0091ce;\">MG |<\/span> <\/strong><strong>Barbacena<\/strong>: Unipac | <strong>Belo Horizonte<\/strong>: Ceunih, Newton Paiva, PUC Minas | <strong>Juiz de Fora<\/strong>: UFJF | <strong>Ouro Preto<\/strong>: Ufop | <strong>Po\u00e7os de Caldas<\/strong>: PUC Minas | <strong>Santa Luzia<\/strong>: IFMG | <strong>S\u00e3o Jo\u00e3o del Rei<\/strong>: UFSJ | <strong>Uberl\u00e2ndia<\/strong>: UFU | <strong>Vi\u00e7osa<\/strong>: UFV<\/p>\n<p><strong><span style=\"color: #0091ce;\">MS |<\/span> <\/strong><strong>Campo Grande<\/strong>: UFMS<\/p>\n<p><strong><span style=\"color: #0091ce;\">PA |<\/span> <\/strong><strong>Bel\u00e9m<\/strong>: UFPA<\/p>\n<p><strong><span style=\"color: #0091ce;\">PE |<\/span> <\/strong><strong>Recife<\/strong>: UFPE<\/p>\n<p><strong><span style=\"color: #0091ce;\">PR |<\/span> <\/strong><strong>Curitiba<\/strong>: PUCPR, UFPR, UTP | <strong>Londrina<\/strong>: UEL | <strong>Maring\u00e1<\/strong>: UEM<\/p>\n<p><strong><span style=\"color: #0091ce;\">RJ |<\/span> <\/strong><strong>Petr\u00f3polis<\/strong>: Uerj | <strong>Rio de Janeiro<\/strong>: PUC-Rio<\/p>\n<p><strong><span style=\"color: #0091ce;\">RS | <\/span>Cachoeira do Sul<\/strong>: UFSM | <strong>Passo Fundo<\/strong>: Imed, UPF | <strong>Pelotas<\/strong>: UCPel, Ufpel | <strong>Porto Alegre<\/strong>: PUCRS, UniRitter, Unisinos | <strong>Santa Maria<\/strong>: UFN, UFSM | <strong>S\u00e3o Leopoldo<\/strong>: Unisinos<\/p>\n<p><strong><span style=\"color: #0091ce;\">SC |<\/span> <\/strong><strong>Balne\u00e1rio<\/strong> <strong>Cambori\u00fa<\/strong>: Univali | <strong>Blumenau<\/strong>: Furb, Unidante | <strong>Chapec\u00f3<\/strong>: Unoesc | <strong>Florian\u00f3polis<\/strong>: UFSC, Unisul, Univali | <strong>Joinville<\/strong>: Cat\u00f3lica SC, UniSociesc | <strong>Laguna<\/strong>: Udesc<\/p>\n<p><strong><span style=\"color: #0091ce;\">SE |<\/span> <\/strong><strong>Laranjeiras<\/strong>: UFS<\/p>\n<p><strong><span style=\"color: #0091ce;\">SP |<\/span> <\/strong><strong>Atibaia<\/strong>: Unifaat | <strong>Bauru<\/strong>: FIB, Unesp | <strong>Campinas<\/strong>: PUC-Campinas, Unicamp | <strong>Engenheiro Coelho<\/strong>: Unasp | <strong>Mar\u00edlia<\/strong>: Unimar | <strong>Presidente Prudente<\/strong>: Unesp | <strong>Santos<\/strong>: Unisantos | <strong>S\u00e3o Jo\u00e3o da Boa Vista<\/strong>: Unifeob | <strong>S\u00e3o Paulo<\/strong>: Belas Artes, EC, Faap, Fiam-Faam Centro Universit\u00e1rio, IFSP, Senac-SP, Unicid, USP | <strong>Sorocaba<\/strong>: Uniso<\/p>\n<p><a href=\"https:\/\/publicacoes.estadao.com.br\/guia-da-faculdade\/?post_type=faculdades&amp;s=ARQUITETURA+E+URBANISMO&amp;tipo=&amp;estado=&amp;cidade=&amp;classificacao=4\">+ Info<\/a><\/p>\n<p>&nbsp;<\/p>\n<h3><strong>3 ESTRELAS <img loading=\"lazy\" decoding=\"async\" class=\"alignnone size-full wp-image-115194\" src=\"https:\/\/webapp332768.ip-97-107-134-248.cloudezapp.io\/wp-content\/uploads\/2020\/10\/estrelas-3.png\" alt=\"\" width=\"90\" height=\"29\" \/>\u00a0<\/strong><\/h3>\n<p><strong><span style=\"color: #0091ce;\">AC |<\/span>\u00a0<\/strong><strong>Rio Branco<\/strong>: U:verse<\/p>\n<p><strong><span style=\"color: #0091ce;\">AL |<\/span>\u00a0<\/strong><strong>Macei\u00f3<\/strong>: Cesmac, Uninassau-Macei\u00f3, Unit-AL<\/p>\n<p><strong><span style=\"color: #0091ce;\">AM |<\/span>\u00a0<\/strong><strong>Manaus<\/strong>: Ufam, Uninorte<\/p>\n<p><strong><span style=\"color: #0091ce;\">AP |<\/span>\u00a0<\/strong><strong>Macap\u00e1<\/strong>: Ceap<\/p>\n<p><strong><span style=\"color: #0091ce;\">BA |<\/span>\u00a0<\/strong><strong>Feira de Santana<\/strong>: Unef, Unifacs | <strong>Paripiranga<\/strong>: UniAGES | <strong>Salvador<\/strong>: UCSal, Unifacs, Unijorge, Unime Salvador, UniRuy | <strong>Vit\u00f3ria da Conquista<\/strong>: Uninassau-Vit\u00f3ria da Conquista<\/p>\n<p><strong><span style=\"color: #0091ce;\">CE |<\/span>\u00a0<\/strong><strong>Fortaleza<\/strong>: Est\u00e1cio Cear\u00e1, Unifametro, Unifor | <strong>Juazeiro do Norte<\/strong>: FJN-Juazeiro do Norte | <strong>Quixad\u00e1<\/strong>: Unicat\u00f3lica | <strong>Sobral<\/strong>: Uninta<\/p>\n<p><strong><span style=\"color: #0091ce;\">DF |<\/span>\u00a0<\/strong><strong>Bras\u00edlia<\/strong>: UCB, UDF, Unieuro, Uniplan<\/p>\n<p><strong><span style=\"color: #0091ce;\">ES |<\/span>\u00a0<\/strong><strong>Colatina<\/strong>: Ifes, Unesc-ES | <strong>Linhares<\/strong>: Faculdade Pit\u00e1goras de Linhares | <strong>Vila Velha<\/strong>: UVV | <strong>Vit\u00f3ria<\/strong>: Unisales<\/p>\n<p><strong><span style=\"color: #0091ce;\">GO |<\/span>\u00a0<\/strong><strong>Goi\u00e2nia<\/strong>: Unialfa-GO, Uniceug | <strong>Goi\u00e1s<\/strong>: UFG | <strong>Urua\u00e7u<\/strong>: Fasem<\/p>\n<p><strong><span style=\"color: #0091ce;\">MA |<\/span>\u00a0<\/strong><strong>Caxias<\/strong>: UniFacema | <strong>Imperatriz<\/strong>: Universidade Ceuma | <strong>S\u00e3o Lu\u00eds<\/strong>: UNDB, Universidade Ceuma<\/p>\n<p><strong><span style=\"color: #0091ce;\">MG |<\/span>\u00a0<\/strong><strong>Belo Horizonte<\/strong>: Centro Universit\u00e1rio Una Barreiro, Centro Universit\u00e1rio Una Liberdade, Centro Universit\u00e1rio Una Linha Verde, Fumec, UniBH | <strong>Bom Despacho<\/strong>: Centro Universit\u00e1rio Una de Bom Despacho | <strong>Contagem<\/strong>: Centro Universit\u00e1rio Una de Contagem | <strong>Coronel Fabriciano<\/strong>: Unileste | <strong>Formiga<\/strong>: Unifor-MG | <strong>Governador Valadares<\/strong>: Univale-MG | <strong>Guaxup\u00e9<\/strong>: Unifeg | <strong>Juiz de Fora<\/strong>: UniAcademia | <strong>Lavras<\/strong>: Unilavras | <strong>Manhua\u00e7u<\/strong>: Unifacig | <strong>Montes Claros<\/strong>: UnifipMoc | <strong>Muria\u00e9<\/strong>: Faminas | <strong>Patos de Minas<\/strong>: Unipam | <strong>Sete Lagoas<\/strong>: Faculdade Una de Sete Lagoas | <strong>Uberaba<\/strong>: Uniube | <strong>Varginha<\/strong>: Unis-MG<\/p>\n<p><strong><span style=\"color: #0091ce;\">MS |<\/span>\u00a0<\/strong><strong>Campo Grande<\/strong>: UCDB, Unigran Capital | <strong>Dourados<\/strong>: Unigran<\/p>\n<p><strong><span style=\"color: #0091ce;\">MT <\/span> <span style=\"color: #0091ce;\">| <\/span><\/strong><strong>Cuiab\u00e1<\/strong>: Unic Cuiab\u00e1 | <strong>Primavera do Leste<\/strong>: Unic Primavera do Leste<\/p>\n<p><strong><span style=\"color: #0091ce;\">PA |<\/span>\u00a0<\/strong><strong>Bel\u00e9m<\/strong>: Faci Wyden, Unama, Unifamaz<\/p>\n<p><strong><span style=\"color: #0091ce;\">PB |<\/span>\u00a0<\/strong><strong>Cabedelo<\/strong>: Uniesp | <strong>Campina Grande<\/strong>: UFCG, Unifacisa, Uninassau-Campina Grande | <strong>Jo\u00e3o Pessoa<\/strong>: FPB, Unip\u00ea | <strong>Patos<\/strong>: Unifip<\/p>\n<p><strong><span style=\"color: #0091ce;\">PE |<\/span>\u00a0<\/strong><strong>Caruaru<\/strong>: UniFavip | <strong>Recife<\/strong>: Esuda, Fadic, Unicap, UniFBV, Uninassau<\/p>\n<p><strong><span style=\"color: #0091ce;\">PI |<\/span>\u00a0<\/strong><strong>Piracuruca<\/strong>: Uninassau-Parna\u00edba | <strong>Teresina<\/strong>: Uninassau-Teresina<\/p>\n<p><strong><span style=\"color: #0091ce;\">PR |<\/span>\u00a0<\/strong><strong>Campo Mour\u00e3o<\/strong>: Centro Universit\u00e1rio Integrado | <strong>Cascavel<\/strong>: FAG-PR | <strong>Curitiba<\/strong>: Est\u00e1cio Curitiba, UniAndrade, UniBrasil, Unicesumar-Curitiba, UniCuritiba, UP | <strong>Foz do Igua\u00e7u<\/strong>: UDC Sede | <strong>Guarapuava<\/strong>: Centro Universit\u00e1rio Campo Real, FG-PR | <strong>Londrina<\/strong>: Unopar | <strong>Maring\u00e1<\/strong>: Unicesumar-Maring\u00e1 | <strong>Ponta Grossa<\/strong>: Unicesumar-Ponta Grossa | <strong>Uni\u00e3o da Vit\u00f3ria<\/strong>: UGV<\/p>\n<p><strong><span style=\"color: #0091ce;\">RJ |<\/span>\u00a0<\/strong><strong>Niter\u00f3i<\/strong>: Centro Universit\u00e1rio Anhanguera de Niter\u00f3i, UFF | <strong>Petr\u00f3polis<\/strong>: UCP-RJ | <strong>Rio de Janeiro<\/strong>: Est\u00e1cio, IBMR, Unisuam, USU, UVA-RJ<\/p>\n<p><strong><span style=\"color: #0091ce;\">RN |<\/span>\u00a0<\/strong><strong>Mossor\u00f3<\/strong>: UnP | <strong>Natal<\/strong>: UFRN, Uni-RN, UnP<\/p>\n<p><strong><span style=\"color: #0091ce;\">RO |<\/span>\u00a0<\/strong><strong>Cacoal<\/strong>: Unifacimed | <strong>Porto Velho<\/strong>: Centro Universit\u00e1rio S\u00e3o Lucas, Uniron<\/p>\n<p><strong><span style=\"color: #0091ce;\">RR |<\/span>\u00a0<\/strong><strong>Boa Vista<\/strong>: UFRR<\/p>\n<p><strong><span style=\"color: #0091ce;\">RS |<\/span>\u00a0<\/strong><strong>Bento Gon\u00e7alves<\/strong>: UCS | <strong>Canoas<\/strong>: Ulbra, Unilasalle-RS, UniRitter | <strong>Carazinho<\/strong>: Ulbra | <strong>Caxias do Sul<\/strong>: FSG, UCS | <strong>Cruz Alta<\/strong>: Unicruz | <strong>Erechim<\/strong>: UFFS-RS | <strong>Iju\u00ed<\/strong>: Uniju\u00ed | <strong>Porto Alegre<\/strong>: UFRGS | <strong>Santa Maria<\/strong>: Ulbra | <strong>Santa Rosa<\/strong>: IFFar | <strong>Torres<\/strong>: Ulbra<\/p>\n<p><strong><span style=\"color: #0091ce;\">SC |<\/span>\u00a0<\/strong><strong>Brusque<\/strong>: Unifebe | <strong>Ca\u00e7ador<\/strong>: Uniarp | <strong>Chapec\u00f3<\/strong>: Uceff | <strong>Crici\u00fama<\/strong>: Unesc-SC | <strong>Florian\u00f3polis<\/strong>: Unisul-Florian\u00f3polis | <strong>Guaramirim<\/strong>: Univinci | <strong>Itapiranga<\/strong>: Uceff | <strong>Joinville<\/strong>: Univille | <strong>S\u00e3o Jos\u00e9<\/strong>: Est\u00e1cio Santa Catarina | <strong>S\u00e3o Miguel do Oeste<\/strong>: Unoesc | <strong>Tubar\u00e3o<\/strong>: Unisul | <strong>Videira<\/strong>: Unoesc | <strong>Xanxer\u00ea<\/strong>: Unoesc<\/p>\n<p><strong><span style=\"color: #0091ce;\">SE |<\/span>\u00a0<\/strong><strong>Aracaju<\/strong>: Fanese, Unit<\/p>\n<p><strong><span style=\"color: #0091ce;\">SP |<\/span>\u00a0<\/strong><strong>Ara\u00e7atuba<\/strong>: Unisalesiano, Unitoledo Wyden | <strong>Bebedouro<\/strong>: Imesb | <strong>Bragan\u00e7a Paulista<\/strong>: USF | <strong>Campinas<\/strong>: USF | <strong>Fernand\u00f3polis<\/strong>: FEF, Universidade Brasil | <strong>Franca<\/strong>: Unifran | <strong>Guarulhos<\/strong>: Univeritas-Guarulhos | <strong>Indaiatuba<\/strong>: Unimax | <strong>Itatiba<\/strong>: USF | <strong>Jaguari\u00fana<\/strong>: UniFAJ | <strong>Jundia\u00ed<\/strong>: UniAnchieta | <strong>Lorena<\/strong>: Unifatea | <strong>Mogi das Cruzes<\/strong>: Braz Cubas, UMC | <strong>Ourinhos<\/strong>: Unifio | <strong>Presidente Prudente<\/strong>: Toledo Prudente, Unoeste | <strong>Ribeir\u00e3o Preto<\/strong>: Bar\u00e3o de Mau\u00e1, Moura Lacerda, Unaerp | <strong>Rio Claro<\/strong>: Unicep | <strong>Salto<\/strong>: Ceunsp | <strong>Santo Andr\u00e9<\/strong>: FSA-Santo Andr\u00e9 | <strong>Santos<\/strong>: Unimonte, Unisanta | <strong>S\u00e3o Carlos<\/strong>: Unicep | <strong>S\u00e3o Jos\u00e9 do Rio Preto<\/strong>: Unirp | <strong>S\u00e3o Jos\u00e9 dos Campos<\/strong>: Univap | <strong>S\u00e3o Paulo<\/strong>: Est\u00e1cio S\u00e3o Paulo, FAM-S\u00e3o Paulo, S\u00e3o Judas, UAM, Universidade Cruzeiro do Sul | <strong>Taubat\u00e9<\/strong>: Unitau | <strong>Votuporanga<\/strong>: Unifev<\/p>\n<p><strong><span style=\"color: #0091ce;\">TO |<\/span><\/strong>\u00a0<strong>Palmas<\/strong>: Ceulp\/Ulbra, Unicat\u00f3lica-TO<\/p>\n<\/div><\/div>\n<p>&nbsp;<\/p>\n<div class=\"banner\">\n    <!-- In\u00edcio Banner 970x90 --> <\/p>\n<div class=\"dfp-hmeio1\"><\/div>\n<p> <script type=\"text\/javascript\"> DFP.renderHtml({ 'selector':'div.dfp-hmeio1', 'targets':{ 'formato':'hmeio1', 'tags':'' }, 'screenmap':'Horizontal_970_90_T_60', 'force': true }); <\/script> <!-- Fim Banner 970x90 -->\n  <\/div>\n<p>&nbsp;<\/p>\n","protected":false},"excerpt":{"rendered":"<p>&nbsp; &nbsp;<\/p>\n","protected":false},"author":13,"featured_media":0,"parent":0,"menu_order":0,"comment_status":"closed","ping_status":"closed","template":"template-destaques-ac-artes-e-design-2022.php","meta":{"footnotes":""},"class_list":["post-212441","page","type-page","status-publish","hentry"],"yoast_head":"<!-- This site is optimized with the Yoast SEO plugin v19.9 - https:\/\/yoast.com\/wordpress\/plugins\/seo\/ -->\n<title>Artes e Design - Guia da Faculdade Estad\u00e3o<\/title>\n<meta name=\"robots\" content=\"noindex, follow, max-snippet:-1, max-image-preview:large, max-video-preview:-1\" \/>\n<meta property=\"og:locale\" content=\"pt_BR\" \/>\n<meta property=\"og:type\" content=\"article\" \/>\n<meta property=\"og:title\" content=\"Artes e Design - Guia da Faculdade Estad\u00e3o\" \/>\n<meta property=\"og:description\" content=\"&nbsp; &nbsp;\" \/>\n<meta property=\"og:url\" content=\"https:\/\/publicacoes.estadao.com.br\/guia-da-faculdade-2022\/artes-e-design\/\" \/>\n<meta property=\"og:site_name\" content=\"Guia da Faculdade Estad\u00e3o\" \/>\n<meta property=\"article:modified_time\" content=\"2022-11-04T19:02:50+00:00\" \/>\n<meta property=\"og:image\" content=\"https:\/\/publicacoes.estadao.com.br\/guia-da-faculdade\/wp-content\/uploads\/2020\/10\/estrelas-5.png\" \/>\n<meta name=\"twitter:card\" content=\"summary_large_image\" \/>\n<meta name=\"twitter:label1\" content=\"Est. tempo de leitura\" \/>\n\t<meta name=\"twitter:data1\" content=\"7 minutos\" \/>\n<script type=\"application\/ld+json\" class=\"yoast-schema-graph\">{\"@context\":\"https:\/\/schema.org\",\"@graph\":[{\"@type\":\"WebPage\",\"@id\":\"https:\/\/publicacoes.estadao.com.br\/guia-da-faculdade-2022\/artes-e-design\/\",\"url\":\"https:\/\/publicacoes.estadao.com.br\/guia-da-faculdade-2022\/artes-e-design\/\",\"name\":\"Artes e Design - Guia da Faculdade Estad\u00e3o\",\"isPartOf\":{\"@id\":\"https:\/\/publicacoes.estadao.com.br\/guia-da-faculdade-2022\/#website\"},\"datePublished\":\"2022-11-01T17:07:26+00:00\",\"dateModified\":\"2022-11-04T19:02:50+00:00\",\"breadcrumb\":{\"@id\":\"https:\/\/publicacoes.estadao.com.br\/guia-da-faculdade-2022\/artes-e-design\/#breadcrumb\"},\"inLanguage\":\"pt-BR\",\"potentialAction\":[{\"@type\":\"ReadAction\",\"target\":[\"https:\/\/publicacoes.estadao.com.br\/guia-da-faculdade-2022\/artes-e-design\/\"]}]},{\"@type\":\"BreadcrumbList\",\"@id\":\"https:\/\/publicacoes.estadao.com.br\/guia-da-faculdade-2022\/artes-e-design\/#breadcrumb\",\"itemListElement\":[{\"@type\":\"ListItem\",\"position\":1,\"name\":\"In\u00edcio\",\"item\":\"https:\/\/publicacoes.estadao.com.br\/guia-da-faculdade-2022\/\"},{\"@type\":\"ListItem\",\"position\":2,\"name\":\"Artes e Design\"}]},{\"@type\":\"WebSite\",\"@id\":\"https:\/\/publicacoes.estadao.com.br\/guia-da-faculdade-2022\/#website\",\"url\":\"https:\/\/publicacoes.estadao.com.br\/guia-da-faculdade-2022\/\",\"name\":\"Guia da Faculdade Estad\u00e3o\",\"description\":\"O guia completo dos cursos e faculdades mais bem avaliados do Brasil - parceria Quero Educa\u00e7\u00e3o\",\"potentialAction\":[{\"@type\":\"SearchAction\",\"target\":{\"@type\":\"EntryPoint\",\"urlTemplate\":\"https:\/\/publicacoes.estadao.com.br\/guia-da-faculdade-2022\/?s={search_term_string}\"},\"query-input\":\"required name=search_term_string\"}],\"inLanguage\":\"pt-BR\"}]}<\/script>\n<!-- \/ Yoast SEO plugin. -->","yoast_head_json":{"title":"Artes e Design - Guia da Faculdade Estad\u00e3o","robots":{"index":"noindex","follow":"follow","max-snippet":"max-snippet:-1","max-image-preview":"max-image-preview:large","max-video-preview":"max-video-preview:-1"},"og_locale":"pt_BR","og_type":"article","og_title":"Artes e Design - Guia da Faculdade Estad\u00e3o","og_description":"&nbsp; &nbsp;","og_url":"https:\/\/publicacoes.estadao.com.br\/guia-da-faculdade-2022\/artes-e-design\/","og_site_name":"Guia da Faculdade Estad\u00e3o","article_modified_time":"2022-11-04T19:02:50+00:00","og_image":[{"url":"https:\/\/publicacoes.estadao.com.br\/guia-da-faculdade\/wp-content\/uploads\/2020\/10\/estrelas-5.png"}],"twitter_card":"summary_large_image","twitter_misc":{"Est. tempo de leitura":"7 minutos"},"schema":{"@context":"https:\/\/schema.org","@graph":[{"@type":"WebPage","@id":"https:\/\/publicacoes.estadao.com.br\/guia-da-faculdade-2022\/artes-e-design\/","url":"https:\/\/publicacoes.estadao.com.br\/guia-da-faculdade-2022\/artes-e-design\/","name":"Artes e Design - Guia da Faculdade Estad\u00e3o","isPartOf":{"@id":"https:\/\/publicacoes.estadao.com.br\/guia-da-faculdade-2022\/#website"},"datePublished":"2022-11-01T17:07:26+00:00","dateModified":"2022-11-04T19:02:50+00:00","breadcrumb":{"@id":"https:\/\/publicacoes.estadao.com.br\/guia-da-faculdade-2022\/artes-e-design\/#breadcrumb"},"inLanguage":"pt-BR","potentialAction":[{"@type":"ReadAction","target":["https:\/\/publicacoes.estadao.com.br\/guia-da-faculdade-2022\/artes-e-design\/"]}]},{"@type":"BreadcrumbList","@id":"https:\/\/publicacoes.estadao.com.br\/guia-da-faculdade-2022\/artes-e-design\/#breadcrumb","itemListElement":[{"@type":"ListItem","position":1,"name":"In\u00edcio","item":"https:\/\/publicacoes.estadao.com.br\/guia-da-faculdade-2022\/"},{"@type":"ListItem","position":2,"name":"Artes e Design"}]},{"@type":"WebSite","@id":"https:\/\/publicacoes.estadao.com.br\/guia-da-faculdade-2022\/#website","url":"https:\/\/publicacoes.estadao.com.br\/guia-da-faculdade-2022\/","name":"Guia da Faculdade Estad\u00e3o","description":"O guia completo dos cursos e faculdades mais bem avaliados do Brasil - parceria Quero Educa\u00e7\u00e3o","potentialAction":[{"@type":"SearchAction","target":{"@type":"EntryPoint","urlTemplate":"https:\/\/publicacoes.estadao.com.br\/guia-da-faculdade-2022\/?s={search_term_string}"},"query-input":"required name=search_term_string"}],"inLanguage":"pt-BR"}]}},"_links":{"self":[{"href":"https:\/\/publicacoes.estadao.com.br\/guia-da-faculdade-2022\/wp-json\/wp\/v2\/pages\/212441","targetHints":{"allow":["GET"]}}],"collection":[{"href":"https:\/\/publicacoes.estadao.com.br\/guia-da-faculdade-2022\/wp-json\/wp\/v2\/pages"}],"about":[{"href":"https:\/\/publicacoes.estadao.com.br\/guia-da-faculdade-2022\/wp-json\/wp\/v2\/types\/page"}],"author":[{"embeddable":true,"href":"https:\/\/publicacoes.estadao.com.br\/guia-da-faculdade-2022\/wp-json\/wp\/v2\/users\/13"}],"replies":[{"embeddable":true,"href":"https:\/\/publicacoes.estadao.com.br\/guia-da-faculdade-2022\/wp-json\/wp\/v2\/comments?post=212441"}],"version-history":[{"count":10,"href":"https:\/\/publicacoes.estadao.com.br\/guia-da-faculdade-2022\/wp-json\/wp\/v2\/pages\/212441\/revisions"}],"predecessor-version":[{"id":212607,"href":"https:\/\/publicacoes.estadao.com.br\/guia-da-faculdade-2022\/wp-json\/wp\/v2\/pages\/212441\/revisions\/212607"}],"wp:attachment":[{"href":"https:\/\/publicacoes.estadao.com.br\/guia-da-faculdade-2022\/wp-json\/wp\/v2\/media?parent=212441"}],"curies":[{"name":"wp","href":"https:\/\/api.w.org\/{rel}","templated":true}]}}