{"id":209446,"date":"2022-10-27T10:09:51","date_gmt":"2022-10-27T13:09:51","guid":{"rendered":"https:\/\/webapp332768.ip-97-107-134-248.cloudezapp.io\/?page_id=209446"},"modified":"2022-11-04T15:37:55","modified_gmt":"2022-11-04T18:37:55","slug":"destaque-publicas","status":"publish","type":"page","link":"https:\/\/publicacoes.estadao.com.br\/guia-da-faculdade-2022\/destaque-publicas\/","title":{"rendered":"As melhores entre as institui\u00e7\u00f5es p\u00fablicas"},"content":{"rendered":"<h2><strong>Institui\u00e7\u00f5es com mais cursos 5 estrelas<\/strong><\/h2>\n<table style=\"height: 707px;\" width=\"682\">\n<tbody>\n<tr>\n<td width=\"300\"><strong>Institui\u00e7\u00e3o<\/strong><\/td>\n<td width=\"173\"><strong>Cursos <img loading=\"lazy\" decoding=\"async\" class=\"alignnone size-full wp-image-115196\" src=\"https:\/\/publicacoes.estadao.com.br\/guia-da-faculdade-2022\/wp-content\/uploads\/2020\/10\/estrelas-5.png\" alt=\"\" width=\"140\" height=\"28\" \/><\/strong><\/td>\n<\/tr>\n<tr>\n<td width=\"300\">USP<\/td>\n<td width=\"173\">108<\/td>\n<\/tr>\n<tr>\n<td width=\"300\">Unesp<\/td>\n<td width=\"173\">53<\/td>\n<\/tr>\n<tr>\n<td width=\"300\">Unicamp<\/td>\n<td width=\"173\">49<\/td>\n<\/tr>\n<tr>\n<td width=\"300\">UFRGS<\/td>\n<td width=\"173\">34<\/td>\n<\/tr>\n<tr>\n<td width=\"300\">UFRJ<\/td>\n<td width=\"173\">26<\/td>\n<\/tr>\n<tr>\n<td width=\"300\">UFMG<\/td>\n<td width=\"173\">25<\/td>\n<\/tr>\n<tr>\n<td width=\"300\">UFSC<\/td>\n<td width=\"173\">23<\/td>\n<\/tr>\n<tr>\n<td width=\"300\">UFSCar<\/td>\n<td width=\"173\">22<\/td>\n<\/tr>\n<tr>\n<td width=\"300\">Unifesp<\/td>\n<td width=\"173\">21<\/td>\n<\/tr>\n<tr>\n<td width=\"300\">UFSM<\/td>\n<td width=\"173\">19<\/td>\n<\/tr>\n<\/tbody>\n<\/table>\n<p><em>\u00a0<\/em><br \/>\n&nbsp;<\/p>\n<div class=\"banner\">\n  <!-- In\u00edcio Banner 970x90 --> <\/p>\n<div class=\"dfp-hmeio1\"><\/div>\n<p> <script type=\"text\/javascript\"> DFP.renderHtml({ 'selector':'div.dfp-hmeio1', 'targets':{ 'formato':'hmeio1', 'tags':'' }, 'screenmap':'Horizontal_970_90_T_60', 'force': true }); <\/script> <!-- Fim Banner 970x90 -->\n<\/div>\n<div class=\"area_cor\">\n&nbsp;<\/p>\n<h2><strong>Institui\u00e7\u00f5es com maior percentual de cursos 5 estrelas*<\/strong><\/h2>\n<table style=\"height: 704px;\" width=\"691\">\n<tbody>\n<tr>\n<td width=\"279\"><strong>Institui\u00e7\u00e3o<\/strong><\/td>\n<td width=\"161\"><strong>Cursos avaliados<\/strong><\/td>\n<td width=\"212\"><strong>% de cursos <img loading=\"lazy\" decoding=\"async\" class=\"alignnone size-full wp-image-115196\" src=\"https:\/\/publicacoes.estadao.com.br\/guia-da-faculdade-2022\/wp-content\/uploads\/2020\/10\/estrelas-5.png\" alt=\"\" width=\"140\" height=\"28\" \/><\/strong><\/td>\n<\/tr>\n<tr>\n<td width=\"279\">ITA<\/td>\n<td width=\"161\">6<\/td>\n<td width=\"212\">100%<\/td>\n<\/tr>\n<tr>\n<td width=\"279\">Unicamp<\/td>\n<td width=\"161\">65<\/td>\n<td width=\"212\">75%<\/td>\n<\/tr>\n<tr>\n<td width=\"279\">USP<\/td>\n<td width=\"161\">150<\/td>\n<td width=\"212\">72%<\/td>\n<\/tr>\n<tr>\n<td width=\"279\">Unifesp<\/td>\n<td width=\"161\">49<\/td>\n<td width=\"212\">43%<\/td>\n<\/tr>\n<tr>\n<td width=\"279\">UFRGS<\/td>\n<td width=\"161\">86<\/td>\n<td width=\"212\">40%<\/td>\n<\/tr>\n<tr>\n<td width=\"279\">Unesp<\/td>\n<td width=\"161\">140<\/td>\n<td width=\"212\">38%<\/td>\n<\/tr>\n<tr>\n<td width=\"279\">Ufla<\/td>\n<td width=\"161\">29<\/td>\n<td width=\"212\">34%<\/td>\n<\/tr>\n<tr>\n<td width=\"279\">UFSCar<\/td>\n<td width=\"161\">65<\/td>\n<td width=\"212\">34%<\/td>\n<\/tr>\n<tr>\n<td width=\"279\">UFMG<\/td>\n<td width=\"161\">84<\/td>\n<td width=\"212\">30%<\/td>\n<\/tr>\n<tr>\n<td width=\"279\">Unifei<\/td>\n<td width=\"161\">35<\/td>\n<td width=\"212\">29%<\/td>\n<\/tr>\n<\/tbody>\n<\/table>\n<p><em>*Entre as institui\u00e7\u00f5es p\u00fablicas com um m\u00ednimo de dois cursos avaliados<\/em><\/p>\n<\/div>\n<p>&nbsp;<\/p>\n<blockquote><p><strong>637 cursos, distribu\u00eddos em 76 faculdades p\u00fablicas<\/strong>, atingiram a <strong>nota m\u00e1xima<\/strong> no Guia da Faculdade em 2022, um <strong>aumento de 25% em rela\u00e7\u00e3o ao ano passado<\/strong>. As institui\u00e7\u00f5es p\u00fablicas concentram 81% dos melhores cursos do Brasil<\/p><\/blockquote>\n<blockquote><p>Juntas, as tr\u00eas maiores universidades p\u00fablicas do estado de S\u00e3o Paulo, <strong>USP, Unesp e Unicamp<\/strong>, s\u00e3o respons\u00e1veis por <strong>1 em cada 4 cursos 5 estrelas<\/strong> existentes em todo o pa\u00eds<\/p><\/blockquote>\n<blockquote><p>Tr\u00eas cursos com rela\u00e7\u00e3o direta com a titula\u00e7\u00e3o de <strong>licenciatura<\/strong> (forma\u00e7\u00e3o de professores) re\u00fanem mais gradua\u00e7\u00f5es com a <strong>nota m\u00e1xima<\/strong>: <strong>Matem\u00e1tica<\/strong> (31), <strong>Qu\u00edmica<\/strong> (31) e <strong>Letras<\/strong> (30)<\/p><\/blockquote>\n<blockquote><p>Proporcionalmente, mais uma vez quem se destaca entre as institui\u00e7\u00f5es p\u00fablicas \u00e9 o <strong>ITA<\/strong>. Especializado na \u00e1rea de Engenharias, o Instituto Tecnol\u00f3gico de Aeron\u00e1utica teve <strong>todas as suas seis gradua\u00e7\u00f5es avaliadas com 5 estrelas<\/strong><\/p><\/blockquote>\n","protected":false},"excerpt":{"rendered":"<p>Institui\u00e7\u00f5es com mais cursos 5 estrelas Institui\u00e7\u00e3o Cursos USP 108 Unesp 53 Unicamp 49 UFRGS 34 UFRJ 26 UFMG 25 UFSC 23 UFSCar 22 Unifesp 21 UFSM 19 \u00a0 &nbsp; &nbsp; Institui\u00e7\u00f5es com maior percentual de cursos 5 estrelas* Institui\u00e7\u00e3o Cursos avaliados % de cursos ITA 6 100% Unicamp 65 75% USP 150 72% Unifesp &hellip; <a href=\"https:\/\/publicacoes.estadao.com.br\/guia-da-faculdade-2022\/destaque-publicas\/\">Continued<\/a><\/p>\n","protected":false},"author":13,"featured_media":0,"parent":0,"menu_order":0,"comment_status":"closed","ping_status":"closed","template":"template-destaque-publicas-2022.php","meta":{"footnotes":""},"class_list":["post-209446","page","type-page","status-publish","hentry"],"yoast_head":"<!-- This site is optimized with the Yoast SEO plugin v19.9 - https:\/\/yoast.com\/wordpress\/plugins\/seo\/ -->\n<title>Destaques Institui\u00e7\u00f5es P\u00fablicas - Cursos 5 Estrelas<\/title>\n<meta name=\"description\" content=\"USP, Unesp, Unicamp, UFGRS, UFRJ lideram os destaques entre as Institui\u00e7\u00f5es P\u00fablicas com 5 estrelas avaliadas pelo Guia da Faculdade Estad\u00e3o.\" \/>\n<meta name=\"robots\" content=\"noindex, follow, max-snippet:-1, max-image-preview:large, max-video-preview:-1\" \/>\n<meta property=\"og:locale\" content=\"pt_BR\" \/>\n<meta property=\"og:type\" content=\"article\" \/>\n<meta property=\"og:title\" content=\"Destaques Institui\u00e7\u00f5es P\u00fablicas - Cursos 5 Estrelas\" \/>\n<meta property=\"og:description\" content=\"USP, Unesp, Unicamp, UFGRS, UFRJ lideram os destaques entre as Institui\u00e7\u00f5es P\u00fablicas com 5 estrelas avaliadas pelo Guia da Faculdade Estad\u00e3o.\" \/>\n<meta property=\"og:url\" content=\"https:\/\/publicacoes.estadao.com.br\/guia-da-faculdade-2022\/destaque-publicas\/\" \/>\n<meta property=\"og:site_name\" content=\"Guia da Faculdade Estad\u00e3o\" \/>\n<meta property=\"article:modified_time\" content=\"2022-11-04T18:37:55+00:00\" \/>\n<meta property=\"og:image\" content=\"https:\/\/publicacoes.estadao.com.br\/guia-da-faculdade-2022\/wp-content\/uploads\/2020\/10\/estrelas-5.png\" \/>\n<meta name=\"twitter:card\" content=\"summary_large_image\" \/>\n<meta name=\"twitter:label1\" content=\"Est. tempo de leitura\" \/>\n\t<meta name=\"twitter:data1\" content=\"2 minutos\" \/>\n<script type=\"application\/ld+json\" class=\"yoast-schema-graph\">{\"@context\":\"https:\/\/schema.org\",\"@graph\":[{\"@type\":\"WebPage\",\"@id\":\"https:\/\/publicacoes.estadao.com.br\/guia-da-faculdade-2022\/destaque-publicas\/\",\"url\":\"https:\/\/publicacoes.estadao.com.br\/guia-da-faculdade-2022\/destaque-publicas\/\",\"name\":\"Destaques Institui\u00e7\u00f5es P\u00fablicas - Cursos 5 Estrelas\",\"isPartOf\":{\"@id\":\"https:\/\/publicacoes.estadao.com.br\/guia-da-faculdade-2022\/#website\"},\"datePublished\":\"2022-10-27T13:09:51+00:00\",\"dateModified\":\"2022-11-04T18:37:55+00:00\",\"description\":\"USP, Unesp, Unicamp, UFGRS, UFRJ lideram os destaques entre as Institui\u00e7\u00f5es P\u00fablicas com 5 estrelas avaliadas pelo Guia da Faculdade Estad\u00e3o.\",\"breadcrumb\":{\"@id\":\"https:\/\/publicacoes.estadao.com.br\/guia-da-faculdade-2022\/destaque-publicas\/#breadcrumb\"},\"inLanguage\":\"pt-BR\",\"potentialAction\":[{\"@type\":\"ReadAction\",\"target\":[\"https:\/\/publicacoes.estadao.com.br\/guia-da-faculdade-2022\/destaque-publicas\/\"]}]},{\"@type\":\"BreadcrumbList\",\"@id\":\"https:\/\/publicacoes.estadao.com.br\/guia-da-faculdade-2022\/destaque-publicas\/#breadcrumb\",\"itemListElement\":[{\"@type\":\"ListItem\",\"position\":1,\"name\":\"In\u00edcio\",\"item\":\"https:\/\/publicacoes.estadao.com.br\/guia-da-faculdade-2022\/\"},{\"@type\":\"ListItem\",\"position\":2,\"name\":\"As melhores entre as institui\u00e7\u00f5es p\u00fablicas\"}]},{\"@type\":\"WebSite\",\"@id\":\"https:\/\/publicacoes.estadao.com.br\/guia-da-faculdade-2022\/#website\",\"url\":\"https:\/\/publicacoes.estadao.com.br\/guia-da-faculdade-2022\/\",\"name\":\"Guia da Faculdade Estad\u00e3o\",\"description\":\"O guia completo dos cursos e faculdades mais bem avaliados do Brasil - parceria Quero Educa\u00e7\u00e3o\",\"potentialAction\":[{\"@type\":\"SearchAction\",\"target\":{\"@type\":\"EntryPoint\",\"urlTemplate\":\"https:\/\/publicacoes.estadao.com.br\/guia-da-faculdade-2022\/?s={search_term_string}\"},\"query-input\":\"required name=search_term_string\"}],\"inLanguage\":\"pt-BR\"}]}<\/script>\n<!-- \/ Yoast SEO plugin. -->","yoast_head_json":{"title":"Destaques Institui\u00e7\u00f5es P\u00fablicas - Cursos 5 Estrelas","description":"USP, Unesp, Unicamp, UFGRS, UFRJ lideram os destaques entre as Institui\u00e7\u00f5es P\u00fablicas com 5 estrelas avaliadas pelo Guia da Faculdade Estad\u00e3o.","robots":{"index":"noindex","follow":"follow","max-snippet":"max-snippet:-1","max-image-preview":"max-image-preview:large","max-video-preview":"max-video-preview:-1"},"og_locale":"pt_BR","og_type":"article","og_title":"Destaques Institui\u00e7\u00f5es P\u00fablicas - Cursos 5 Estrelas","og_description":"USP, Unesp, Unicamp, UFGRS, UFRJ lideram os destaques entre as Institui\u00e7\u00f5es P\u00fablicas com 5 estrelas avaliadas pelo Guia da Faculdade Estad\u00e3o.","og_url":"https:\/\/publicacoes.estadao.com.br\/guia-da-faculdade-2022\/destaque-publicas\/","og_site_name":"Guia da Faculdade Estad\u00e3o","article_modified_time":"2022-11-04T18:37:55+00:00","og_image":[{"url":"https:\/\/publicacoes.estadao.com.br\/guia-da-faculdade-2022\/wp-content\/uploads\/2020\/10\/estrelas-5.png"}],"twitter_card":"summary_large_image","twitter_misc":{"Est. tempo de leitura":"2 minutos"},"schema":{"@context":"https:\/\/schema.org","@graph":[{"@type":"WebPage","@id":"https:\/\/publicacoes.estadao.com.br\/guia-da-faculdade-2022\/destaque-publicas\/","url":"https:\/\/publicacoes.estadao.com.br\/guia-da-faculdade-2022\/destaque-publicas\/","name":"Destaques Institui\u00e7\u00f5es P\u00fablicas - Cursos 5 Estrelas","isPartOf":{"@id":"https:\/\/publicacoes.estadao.com.br\/guia-da-faculdade-2022\/#website"},"datePublished":"2022-10-27T13:09:51+00:00","dateModified":"2022-11-04T18:37:55+00:00","description":"USP, Unesp, Unicamp, UFGRS, UFRJ lideram os destaques entre as Institui\u00e7\u00f5es P\u00fablicas com 5 estrelas avaliadas pelo Guia da Faculdade Estad\u00e3o.","breadcrumb":{"@id":"https:\/\/publicacoes.estadao.com.br\/guia-da-faculdade-2022\/destaque-publicas\/#breadcrumb"},"inLanguage":"pt-BR","potentialAction":[{"@type":"ReadAction","target":["https:\/\/publicacoes.estadao.com.br\/guia-da-faculdade-2022\/destaque-publicas\/"]}]},{"@type":"BreadcrumbList","@id":"https:\/\/publicacoes.estadao.com.br\/guia-da-faculdade-2022\/destaque-publicas\/#breadcrumb","itemListElement":[{"@type":"ListItem","position":1,"name":"In\u00edcio","item":"https:\/\/publicacoes.estadao.com.br\/guia-da-faculdade-2022\/"},{"@type":"ListItem","position":2,"name":"As melhores entre as institui\u00e7\u00f5es p\u00fablicas"}]},{"@type":"WebSite","@id":"https:\/\/publicacoes.estadao.com.br\/guia-da-faculdade-2022\/#website","url":"https:\/\/publicacoes.estadao.com.br\/guia-da-faculdade-2022\/","name":"Guia da Faculdade Estad\u00e3o","description":"O guia completo dos cursos e faculdades mais bem avaliados do Brasil - parceria Quero Educa\u00e7\u00e3o","potentialAction":[{"@type":"SearchAction","target":{"@type":"EntryPoint","urlTemplate":"https:\/\/publicacoes.estadao.com.br\/guia-da-faculdade-2022\/?s={search_term_string}"},"query-input":"required name=search_term_string"}],"inLanguage":"pt-BR"}]}},"_links":{"self":[{"href":"https:\/\/publicacoes.estadao.com.br\/guia-da-faculdade-2022\/wp-json\/wp\/v2\/pages\/209446","targetHints":{"allow":["GET"]}}],"collection":[{"href":"https:\/\/publicacoes.estadao.com.br\/guia-da-faculdade-2022\/wp-json\/wp\/v2\/pages"}],"about":[{"href":"https:\/\/publicacoes.estadao.com.br\/guia-da-faculdade-2022\/wp-json\/wp\/v2\/types\/page"}],"author":[{"embeddable":true,"href":"https:\/\/publicacoes.estadao.com.br\/guia-da-faculdade-2022\/wp-json\/wp\/v2\/users\/13"}],"replies":[{"embeddable":true,"href":"https:\/\/publicacoes.estadao.com.br\/guia-da-faculdade-2022\/wp-json\/wp\/v2\/comments?post=209446"}],"version-history":[{"count":5,"href":"https:\/\/publicacoes.estadao.com.br\/guia-da-faculdade-2022\/wp-json\/wp\/v2\/pages\/209446\/revisions"}],"predecessor-version":[{"id":212601,"href":"https:\/\/publicacoes.estadao.com.br\/guia-da-faculdade-2022\/wp-json\/wp\/v2\/pages\/209446\/revisions\/212601"}],"wp:attachment":[{"href":"https:\/\/publicacoes.estadao.com.br\/guia-da-faculdade-2022\/wp-json\/wp\/v2\/media?parent=209446"}],"curies":[{"name":"wp","href":"https:\/\/api.w.org\/{rel}","templated":true}]}}