{"id":209442,"date":"2022-10-27T10:01:16","date_gmt":"2022-10-27T13:01:16","guid":{"rendered":"https:\/\/webapp332768.ip-97-107-134-248.cloudezapp.io\/?page_id=209442"},"modified":"2022-11-04T15:35:08","modified_gmt":"2022-11-04T18:35:08","slug":"destaque-privadas","status":"publish","type":"page","link":"https:\/\/publicacoes.estadao.com.br\/guia-da-faculdade-2022\/destaque-privadas\/","title":{"rendered":"As faculdades privadas mais estreladas"},"content":{"rendered":"<h2><strong>Institui\u00e7\u00f5es com mais cursos 5 estrelas<\/strong><\/h2>\n<table style=\"height: 770px;\" width=\"762\">\n<tbody>\n<tr>\n<td width=\"308\"><strong>Institui\u00e7\u00e3o<\/strong><\/td>\n<td width=\"177\"><strong>Cursos <img loading=\"lazy\" decoding=\"async\" class=\"alignnone size-full wp-image-115196\" src=\"https:\/\/publicacoes.estadao.com.br\/guia-da-faculdade-2022\/wp-content\/uploads\/2020\/10\/estrelas-5.png\" alt=\"\" width=\"140\" height=\"28\" \/><\/strong><\/td>\n<\/tr>\n<tr>\n<td width=\"308\">PUCPR<\/td>\n<td width=\"177\">14<\/td>\n<\/tr>\n<tr>\n<td width=\"308\">Unisinos<\/td>\n<td width=\"177\">11<\/td>\n<\/tr>\n<tr>\n<td width=\"308\">Mackenzie<\/td>\n<td width=\"177\">8<\/td>\n<\/tr>\n<tr>\n<td width=\"308\">PUC-Rio<\/td>\n<td width=\"177\">8<\/td>\n<\/tr>\n<tr>\n<td width=\"308\">PUCRS<\/td>\n<td width=\"177\">8<\/td>\n<\/tr>\n<tr>\n<td width=\"308\">Senac-SP<\/td>\n<td width=\"177\">8<\/td>\n<\/tr>\n<tr>\n<td width=\"308\">PUC-Campinas<\/td>\n<td width=\"177\">6<\/td>\n<\/tr>\n<tr>\n<td width=\"308\">PUC Minas<\/td>\n<td width=\"177\">6<\/td>\n<\/tr>\n<tr>\n<td width=\"308\">UCS<\/td>\n<td width=\"177\">6<\/td>\n<\/tr>\n<tr>\n<td width=\"308\">FGV<\/td>\n<td width=\"177\">5<\/td>\n<\/tr>\n<tr>\n<td width=\"308\">PUC-SP<\/td>\n<td width=\"177\">5<\/td>\n<\/tr>\n<\/tbody>\n<\/table>\n<p>&nbsp;<\/p>\n<div class=\"banner\">\n  <!-- In\u00edcio Banner 970x90 --> <\/p>\n<div class=\"dfp-hmeio1\"><\/div>\n<p> <script type=\"text\/javascript\"> DFP.renderHtml({ 'selector':'div.dfp-hmeio1', 'targets':{ 'formato':'hmeio1', 'tags':'' }, 'screenmap':'Horizontal_970_90_T_60', 'force': true }); <\/script> <!-- Fim Banner 970x90 -->\n<\/div>\n<p>&nbsp;<\/p>\n<div class=\"area_cor\">\n<h2><strong>Institui\u00e7\u00f5es com maior percentual de cursos 5 estrelas*<\/strong><\/h2>\n<table style=\"height: 880px;\" width=\"762\">\n<tbody>\n<tr>\n<td width=\"279\"><strong>Institui\u00e7\u00e3o<\/strong><\/td>\n<td width=\"161\"><strong>Cursos avaliados<\/strong><\/td>\n<td width=\"212\"><strong>% de cursos <img loading=\"lazy\" decoding=\"async\" class=\"alignnone size-full wp-image-115196\" src=\"https:\/\/publicacoes.estadao.com.br\/guia-da-faculdade-2022\/wp-content\/uploads\/2020\/10\/estrelas-5.png\" alt=\"\" width=\"140\" height=\"28\" \/><\/strong><\/td>\n<\/tr>\n<tr>\n<td width=\"279\">FGV<\/td>\n<td width=\"161\">9<\/td>\n<td width=\"212\">56%<\/td>\n<\/tr>\n<tr>\n<td width=\"279\">Faculdade Israelita de Ci\u00eancias da Sa\u00fade Albert Einstein<\/td>\n<td width=\"161\">2<\/td>\n<td width=\"212\">50%<\/td>\n<\/tr>\n<tr>\n<td width=\"279\">IED S\u00e3o Paulo<\/td>\n<td width=\"161\">2<\/td>\n<td width=\"212\">50%<\/td>\n<\/tr>\n<tr>\n<td width=\"279\">Fipecafi<\/td>\n<td width=\"161\">5<\/td>\n<td width=\"212\">40%<\/td>\n<\/tr>\n<tr>\n<td width=\"279\">FAC-SP<\/td>\n<td width=\"161\">3<\/td>\n<td width=\"212\">33%<\/td>\n<\/tr>\n<tr>\n<td width=\"279\">Faculdades EST<\/td>\n<td width=\"161\">3<\/td>\n<td width=\"212\">33%<\/td>\n<\/tr>\n<tr>\n<td width=\"279\">Fatec Pelotas<\/td>\n<td width=\"161\">4<\/td>\n<td width=\"212\">25%<\/td>\n<\/tr>\n<tr>\n<td width=\"279\">Inatel<\/td>\n<td width=\"161\">4<\/td>\n<td width=\"212\">25%<\/td>\n<\/tr>\n<tr>\n<td width=\"279\">PUC-Rio<\/td>\n<td width=\"161\">38<\/td>\n<td width=\"212\">21%<\/td>\n<\/tr>\n<tr>\n<td width=\"279\">AMF (Antonio Meneghetti Faculdade)<\/td>\n<td width=\"161\">5<\/td>\n<td width=\"212\">20%<\/td>\n<\/tr>\n<tr>\n<td width=\"279\">Faculdade Senac RJ<\/td>\n<td width=\"161\">5<\/td>\n<td width=\"212\">20%<\/td>\n<\/tr>\n<tr>\n<td width=\"279\">PUCRS<\/td>\n<td width=\"161\">41<\/td>\n<td width=\"212\">20%<\/td>\n<\/tr>\n<\/tbody>\n<\/table>\n<p><em>Entre as institui\u00e7\u00f5es privadas com um m\u00ednimo de dois cursos avaliados<\/em><\/p>\n<\/div>\n<p>&nbsp;<\/p>\n<blockquote><p>O n\u00famero de gradua\u00e7\u00f5es em faculdades privadas que conseguiram <strong>5 estrelas<\/strong> no Guia da Faculdade <strong>dobrou<\/strong>. Em 2021, foram 70 cursos; este ano, <strong>146<\/strong>, distribu\u00eddos em 60 diferentes institui\u00e7\u00f5es<\/p><\/blockquote>\n<blockquote><p>Entre os 146 cursos com nota m\u00e1xima este ano, <strong>23 s\u00e3o oferecidos na modalidade de ensino a dist\u00e2ncia<\/strong>. Por \u00e1rea de conhecimento, o destaque fica para Pedagogia, com 11 gradua\u00e7\u00f5es superestreladas<\/p><\/blockquote>\n<blockquote><p>Das 14 gradua\u00e7\u00f5es da PUCPR com nota m\u00e1xima, <strong>cinco s\u00e3o cursos superiores de curta dura\u00e7\u00e3o<\/strong>, que formam tecn\u00f3logos. Na Unisinos, <strong>cinco<\/strong> das 11 gradua\u00e7\u00f5es tamb\u00e9m t\u00eam esse tipo de titula\u00e7\u00e3o<\/p><\/blockquote>\n<blockquote><p>Com cinco dos seus nove cursos conquistando 5 estrelas, a <strong>FGV<\/strong> se mant\u00e9m como a institui\u00e7\u00e3o privada com <strong>maior percentual de cursos com nota m\u00e1xima<\/strong> no Guia<\/p><\/blockquote>\n","protected":false},"excerpt":{"rendered":"<p>Institui\u00e7\u00f5es com mais cursos 5 estrelas Institui\u00e7\u00e3o Cursos PUCPR 14 Unisinos 11 Mackenzie 8 PUC-Rio 8 PUCRS 8 Senac-SP 8 PUC-Campinas 6 PUC Minas 6 UCS 6 FGV 5 PUC-SP 5 &nbsp; &nbsp; Institui\u00e7\u00f5es com maior percentual de cursos 5 estrelas* Institui\u00e7\u00e3o Cursos avaliados % de cursos FGV 9 56% Faculdade Israelita de Ci\u00eancias da &hellip; <a href=\"https:\/\/publicacoes.estadao.com.br\/guia-da-faculdade-2022\/destaque-privadas\/\">Continued<\/a><\/p>\n","protected":false},"author":13,"featured_media":0,"parent":0,"menu_order":0,"comment_status":"closed","ping_status":"closed","template":"template-destaque-privadas-2022.php","meta":{"footnotes":""},"class_list":["post-209442","page","type-page","status-publish","hentry"],"yoast_head":"<!-- This site is optimized with the Yoast SEO plugin v19.9 - https:\/\/yoast.com\/wordpress\/plugins\/seo\/ -->\n<title>As faculdades privadas mais estreladas - Guia da Faculdade Estad\u00e3o<\/title>\n<meta name=\"robots\" content=\"noindex, follow, max-snippet:-1, max-image-preview:large, max-video-preview:-1\" \/>\n<meta property=\"og:locale\" content=\"pt_BR\" \/>\n<meta property=\"og:type\" content=\"article\" \/>\n<meta property=\"og:title\" content=\"As faculdades privadas mais estreladas - Guia da Faculdade Estad\u00e3o\" \/>\n<meta property=\"og:description\" content=\"Institui\u00e7\u00f5es com mais cursos 5 estrelas Institui\u00e7\u00e3o Cursos PUCPR 14 Unisinos 11 Mackenzie 8 PUC-Rio 8 PUCRS 8 Senac-SP 8 PUC-Campinas 6 PUC Minas 6 UCS 6 FGV 5 PUC-SP 5 &nbsp; &nbsp; Institui\u00e7\u00f5es com maior percentual de cursos 5 estrelas* Institui\u00e7\u00e3o Cursos avaliados % de cursos FGV 9 56% Faculdade Israelita de Ci\u00eancias da &hellip; Continued\" \/>\n<meta property=\"og:url\" content=\"https:\/\/publicacoes.estadao.com.br\/guia-da-faculdade-2022\/destaque-privadas\/\" \/>\n<meta property=\"og:site_name\" content=\"Guia da Faculdade Estad\u00e3o\" \/>\n<meta property=\"article:modified_time\" content=\"2022-11-04T18:35:08+00:00\" \/>\n<meta property=\"og:image\" content=\"https:\/\/publicacoes.estadao.com.br\/guia-da-faculdade-2022\/wp-content\/uploads\/2020\/10\/estrelas-5.png\" \/>\n<meta name=\"twitter:card\" content=\"summary_large_image\" \/>\n<meta name=\"twitter:label1\" content=\"Est. tempo de leitura\" \/>\n\t<meta name=\"twitter:data1\" content=\"2 minutos\" \/>\n<script type=\"application\/ld+json\" class=\"yoast-schema-graph\">{\"@context\":\"https:\/\/schema.org\",\"@graph\":[{\"@type\":\"WebPage\",\"@id\":\"https:\/\/publicacoes.estadao.com.br\/guia-da-faculdade-2022\/destaque-privadas\/\",\"url\":\"https:\/\/publicacoes.estadao.com.br\/guia-da-faculdade-2022\/destaque-privadas\/\",\"name\":\"As faculdades privadas mais estreladas - Guia da Faculdade Estad\u00e3o\",\"isPartOf\":{\"@id\":\"https:\/\/publicacoes.estadao.com.br\/guia-da-faculdade-2022\/#website\"},\"datePublished\":\"2022-10-27T13:01:16+00:00\",\"dateModified\":\"2022-11-04T18:35:08+00:00\",\"breadcrumb\":{\"@id\":\"https:\/\/publicacoes.estadao.com.br\/guia-da-faculdade-2022\/destaque-privadas\/#breadcrumb\"},\"inLanguage\":\"pt-BR\",\"potentialAction\":[{\"@type\":\"ReadAction\",\"target\":[\"https:\/\/publicacoes.estadao.com.br\/guia-da-faculdade-2022\/destaque-privadas\/\"]}]},{\"@type\":\"BreadcrumbList\",\"@id\":\"https:\/\/publicacoes.estadao.com.br\/guia-da-faculdade-2022\/destaque-privadas\/#breadcrumb\",\"itemListElement\":[{\"@type\":\"ListItem\",\"position\":1,\"name\":\"In\u00edcio\",\"item\":\"https:\/\/publicacoes.estadao.com.br\/guia-da-faculdade-2022\/\"},{\"@type\":\"ListItem\",\"position\":2,\"name\":\"As faculdades privadas mais estreladas\"}]},{\"@type\":\"WebSite\",\"@id\":\"https:\/\/publicacoes.estadao.com.br\/guia-da-faculdade-2022\/#website\",\"url\":\"https:\/\/publicacoes.estadao.com.br\/guia-da-faculdade-2022\/\",\"name\":\"Guia da Faculdade Estad\u00e3o\",\"description\":\"O guia completo dos cursos e faculdades mais bem avaliados do Brasil - parceria Quero Educa\u00e7\u00e3o\",\"potentialAction\":[{\"@type\":\"SearchAction\",\"target\":{\"@type\":\"EntryPoint\",\"urlTemplate\":\"https:\/\/publicacoes.estadao.com.br\/guia-da-faculdade-2022\/?s={search_term_string}\"},\"query-input\":\"required name=search_term_string\"}],\"inLanguage\":\"pt-BR\"}]}<\/script>\n<!-- \/ Yoast SEO plugin. -->","yoast_head_json":{"title":"As faculdades privadas mais estreladas - Guia da Faculdade Estad\u00e3o","robots":{"index":"noindex","follow":"follow","max-snippet":"max-snippet:-1","max-image-preview":"max-image-preview:large","max-video-preview":"max-video-preview:-1"},"og_locale":"pt_BR","og_type":"article","og_title":"As faculdades privadas mais estreladas - Guia da Faculdade Estad\u00e3o","og_description":"Institui\u00e7\u00f5es com mais cursos 5 estrelas Institui\u00e7\u00e3o Cursos PUCPR 14 Unisinos 11 Mackenzie 8 PUC-Rio 8 PUCRS 8 Senac-SP 8 PUC-Campinas 6 PUC Minas 6 UCS 6 FGV 5 PUC-SP 5 &nbsp; &nbsp; Institui\u00e7\u00f5es com maior percentual de cursos 5 estrelas* Institui\u00e7\u00e3o Cursos avaliados % de cursos FGV 9 56% Faculdade Israelita de Ci\u00eancias da &hellip; Continued","og_url":"https:\/\/publicacoes.estadao.com.br\/guia-da-faculdade-2022\/destaque-privadas\/","og_site_name":"Guia da Faculdade Estad\u00e3o","article_modified_time":"2022-11-04T18:35:08+00:00","og_image":[{"url":"https:\/\/publicacoes.estadao.com.br\/guia-da-faculdade-2022\/wp-content\/uploads\/2020\/10\/estrelas-5.png"}],"twitter_card":"summary_large_image","twitter_misc":{"Est. tempo de leitura":"2 minutos"},"schema":{"@context":"https:\/\/schema.org","@graph":[{"@type":"WebPage","@id":"https:\/\/publicacoes.estadao.com.br\/guia-da-faculdade-2022\/destaque-privadas\/","url":"https:\/\/publicacoes.estadao.com.br\/guia-da-faculdade-2022\/destaque-privadas\/","name":"As faculdades privadas mais estreladas - Guia da Faculdade Estad\u00e3o","isPartOf":{"@id":"https:\/\/publicacoes.estadao.com.br\/guia-da-faculdade-2022\/#website"},"datePublished":"2022-10-27T13:01:16+00:00","dateModified":"2022-11-04T18:35:08+00:00","breadcrumb":{"@id":"https:\/\/publicacoes.estadao.com.br\/guia-da-faculdade-2022\/destaque-privadas\/#breadcrumb"},"inLanguage":"pt-BR","potentialAction":[{"@type":"ReadAction","target":["https:\/\/publicacoes.estadao.com.br\/guia-da-faculdade-2022\/destaque-privadas\/"]}]},{"@type":"BreadcrumbList","@id":"https:\/\/publicacoes.estadao.com.br\/guia-da-faculdade-2022\/destaque-privadas\/#breadcrumb","itemListElement":[{"@type":"ListItem","position":1,"name":"In\u00edcio","item":"https:\/\/publicacoes.estadao.com.br\/guia-da-faculdade-2022\/"},{"@type":"ListItem","position":2,"name":"As faculdades privadas mais estreladas"}]},{"@type":"WebSite","@id":"https:\/\/publicacoes.estadao.com.br\/guia-da-faculdade-2022\/#website","url":"https:\/\/publicacoes.estadao.com.br\/guia-da-faculdade-2022\/","name":"Guia da Faculdade Estad\u00e3o","description":"O guia completo dos cursos e faculdades mais bem avaliados do Brasil - parceria Quero Educa\u00e7\u00e3o","potentialAction":[{"@type":"SearchAction","target":{"@type":"EntryPoint","urlTemplate":"https:\/\/publicacoes.estadao.com.br\/guia-da-faculdade-2022\/?s={search_term_string}"},"query-input":"required name=search_term_string"}],"inLanguage":"pt-BR"}]}},"_links":{"self":[{"href":"https:\/\/publicacoes.estadao.com.br\/guia-da-faculdade-2022\/wp-json\/wp\/v2\/pages\/209442","targetHints":{"allow":["GET"]}}],"collection":[{"href":"https:\/\/publicacoes.estadao.com.br\/guia-da-faculdade-2022\/wp-json\/wp\/v2\/pages"}],"about":[{"href":"https:\/\/publicacoes.estadao.com.br\/guia-da-faculdade-2022\/wp-json\/wp\/v2\/types\/page"}],"author":[{"embeddable":true,"href":"https:\/\/publicacoes.estadao.com.br\/guia-da-faculdade-2022\/wp-json\/wp\/v2\/users\/13"}],"replies":[{"embeddable":true,"href":"https:\/\/publicacoes.estadao.com.br\/guia-da-faculdade-2022\/wp-json\/wp\/v2\/comments?post=209442"}],"version-history":[{"count":8,"href":"https:\/\/publicacoes.estadao.com.br\/guia-da-faculdade-2022\/wp-json\/wp\/v2\/pages\/209442\/revisions"}],"predecessor-version":[{"id":212600,"href":"https:\/\/publicacoes.estadao.com.br\/guia-da-faculdade-2022\/wp-json\/wp\/v2\/pages\/209442\/revisions\/212600"}],"wp:attachment":[{"href":"https:\/\/publicacoes.estadao.com.br\/guia-da-faculdade-2022\/wp-json\/wp\/v2\/media?parent=209442"}],"curies":[{"name":"wp","href":"https:\/\/api.w.org\/{rel}","templated":true}]}}