{"id":209440,"date":"2022-10-26T20:44:07","date_gmt":"2022-10-26T23:44:07","guid":{"rendered":"https:\/\/webapp332768.ip-97-107-134-248.cloudezapp.io\/?page_id=209440"},"modified":"2022-12-06T18:35:48","modified_gmt":"2022-12-06T21:35:48","slug":"como-e-feita","status":"publish","type":"page","link":"https:\/\/publicacoes.estadao.com.br\/guia-da-faculdade-2022\/como-e-feita\/","title":{"rendered":"Como \u00e9 feito o Guia"},"content":{"rendered":"<h2><img loading=\"lazy\" decoding=\"async\" class=\"alignnone wp-image-212562 size-full\" src=\"https:\/\/publicacoes.estadao.com.br\/guia-da-faculdade-2022\/wp-content\/uploads\/2022\/11\/guia-da-faculade_como-foi-feito.png\" alt=\"\" width=\"800\" height=\"183\" srcset=\"https:\/\/publicacoes.estadao.com.br\/guia-da-faculdade-2022\/wp-content\/uploads\/2022\/11\/guia-da-faculade_como-foi-feito.png 800w, https:\/\/publicacoes.estadao.com.br\/guia-da-faculdade-2022\/wp-content\/uploads\/2022\/11\/guia-da-faculade_como-foi-feito-300x69.png 300w, https:\/\/publicacoes.estadao.com.br\/guia-da-faculdade-2022\/wp-content\/uploads\/2022\/11\/guia-da-faculade_como-foi-feito-768x176.png 768w, https:\/\/publicacoes.estadao.com.br\/guia-da-faculdade-2022\/wp-content\/uploads\/2022\/11\/guia-da-faculade_como-foi-feito-650x149.png 650w\" sizes=\"auto, (max-width: 800px) 100vw, 800px\" \/><\/h2>\n<p>&nbsp;<\/p>\n<h2><strong><img loading=\"lazy\" decoding=\"async\" class=\"size-full wp-image-212572 alignleft\" src=\"https:\/\/publicacoes.estadao.com.br\/guia-da-faculdade-2022\/wp-content\/uploads\/2022\/11\/icon1_instituicoes.png\" alt=\"\" width=\"80\" height=\"80\" \/><br \/>\nPARTICIPA\u00c7\u00c3O DAS INSTITUI\u00c7\u00d5ES<\/strong><\/h2>\n<ul>\n<li>Todas as institui\u00e7\u00f5es de Ensino Superior cadastradas no Minist\u00e9rio da Educa\u00e7\u00e3o<\/li>\n<\/ul>\n<p>(universidades, centros universit\u00e1rios, faculdades e institutos) s\u00e3o convidadas para fazer parte do Guia da Faculdade<\/p>\n<ul>\n<li>Ap\u00f3s se cadastrarem para participar da avalia\u00e7\u00e3o, as institui\u00e7\u00f5es indicam todos os cursos superiores que est\u00e3o recebendo novos alunos<\/li>\n<\/ul>\n<p>&nbsp;<\/p>\n<h2><strong><img loading=\"lazy\" decoding=\"async\" class=\"size-full wp-image-212570 alignleft\" src=\"https:\/\/publicacoes.estadao.com.br\/guia-da-faculdade-2022\/wp-content\/uploads\/2022\/11\/icon2_cursos.png\" alt=\"\" width=\"80\" height=\"80\" \/><br \/>\nCURSOS AVALIADOS<\/strong><\/h2>\n<ul>\n<li>Tanto os cursos da modalidade presencial como os da modalidade a dist\u00e2ncia s\u00e3o avaliados. Mas n\u00e3o s\u00e3o todas as gradua\u00e7\u00f5es que entram no processo de avalia\u00e7\u00e3o. Para serem analisadas, elas precisam ter ao menos uma primeira turma com alunos j\u00e1 formados, o que permite que o curso seja melhor conhecido pela comunidade acad\u00eamica em geral<\/li>\n<\/ul>\n<p>&nbsp;<\/p>\n<ul>\n<li>O Guia da Faculdade avalia os cursos de acordo com as cidades nos quais eles s\u00e3o oferecidos. Se a mesma institui\u00e7\u00e3o de ensino oferece o curso de Administra\u00e7\u00e3o em v\u00e1rias cidades, cada um deles recebe uma nota espec\u00edfica. Caso a institui\u00e7\u00e3o ofere\u00e7a o mesmo curso em diferentes unidades em uma mesma cidade, apenas o curso mais antigo da institui\u00e7\u00e3o naquela cidade \u00e9 avaliado<\/li>\n<\/ul>\n<p>&nbsp;<\/p>\n<h2><strong>INFORMA\u00c7\u00d5ES UTILIZADAS<\/strong><\/h2>\n<ul>\n<li>O coordenador de cada curso que ser\u00e1 avaliado recebe um question\u00e1rio no qual pode apresentar as principais caracter\u00edsticas da sua gradua\u00e7\u00e3o, com foco em tr\u00eas aspectos:\n<ul>\n<li><strong>Projeto pedag\u00f3gico<\/strong> &#8211; caracter\u00edsticas da proposta de ensino do curso<\/li>\n<li><strong>Corpo docente<\/strong> &#8211; perfil dos professores vinculados ao curso<\/li>\n<li><strong>Infraestrutura<\/strong> &#8211; condi\u00e7\u00f5es de materiais e equipamentos oferecidos<\/li>\n<\/ul>\n<\/li>\n<\/ul>\n<ul>\n<li>Existem modelos diferentes de question\u00e1rios para os cursos presenciais e para os cursos a dist\u00e2ncia. Esses question\u00e1rios servem de base para os avaliadores darem suas notas para os cursos<\/li>\n<\/ul>\n<p>&nbsp;<\/p>\n<h2><strong>AVALIADORES E NOTAS<\/strong><\/h2>\n<ul>\n<li>S\u00e3o mais de 10 mil coordenadores e professores do Ensino Superior brasileiro que se cadastraram para atuar como avaliadores do Guia da Faculdade. \u00c9 um trabalho volunt\u00e1rio, sem remunera\u00e7\u00e3o<\/li>\n<li>Os avaliadores s\u00e3o acionados para dar notas aos cursos das suas \u00e1reas de forma\u00e7\u00e3o e de institui\u00e7\u00f5es prioritariamente localizadas na mesma regi\u00e3o do pa\u00eds na qual trabalham<\/li>\n<li>Eles s\u00e3o convidados a dar tr\u00eas notas (de 1 a 5) para cada curso:\n<ul>\n<li><strong>Para a qualidade do projeto pedag\u00f3gico<\/strong><\/li>\n<li><strong>Para a qualidade do corpo docente<\/strong><\/li>\n<li><strong>Para a qualidade da infraestrutura<\/strong><\/li>\n<\/ul>\n<\/li>\n<li>Cada curso \u00e9 distribu\u00eddo para a avalia\u00e7\u00e3o de seis professores<\/li>\n<li>Caso um curso n\u00e3o receba pelo menos quatro notas dos avaliadores, ele \u00e9 considerado como \u201csem nota\u201d na avalia\u00e7\u00e3o<\/li>\n<\/ul>\n<p>&nbsp;<\/p>\n<h2><strong>RESULTADO FINAL <\/strong><\/h2>\n<ul>\n<li>A maior e a menor notas recebidas por cada curso s\u00e3o descartadas. O resultado num\u00e9rico do curso em 2022 \u00e9 a m\u00e9dia das notas intermedi\u00e1rias restantes<\/li>\n<li>O resultado num\u00e9rico de 2022 (com peso 3) \u00e9 somado ao resultado num\u00e9rico final do curso em 2021 (peso 2) e ao resultado num\u00e9rico final do curso em 2020 (peso 1) para se extrair o resultado num\u00e9rico final de cada curso. Se um curso n\u00e3o foi avaliado em um dos anos anteriores, esse ano \u00e9 desconsiderado da sua m\u00e9dia final<\/li>\n<li>O resultado num\u00e9rico final \u00e9 transformado em estrelas de acordo com as seguintes faixas de convers\u00e3o:<\/li>\n<li style=\"list-style-type: none;\">\n<ul>\n<li><strong>entre 5 e 4,50 &#8211; 5 estrelas<\/strong><\/li>\n<li><strong>menor que 4,50 a 3,50 &#8211; 4 estrelas<\/strong><\/li>\n<li><strong>menor que 3,50 a 2,50 &#8211; 3 estrelas<\/strong><\/li>\n<li><strong>menor que 2,50 &#8211; n\u00e3o-estrelado<\/strong><\/li>\n<\/ul>\n<\/li>\n<\/ul>\n<ul>\n<li>Um curso s\u00f3 pode ganhar ou perder 1 estrela de um ano para o outro da avalia\u00e7\u00e3o<\/li>\n<li>Ao final da avalia\u00e7\u00e3o, os cursos s\u00e3o apresentados de acordo com os seguintes conceitos:<\/li>\n<\/ul>\n<ul class=\"conceitos\">\n<li style=\"list-style-type: none;\">\n<ul class=\"conceitos\">\n<li><img loading=\"lazy\" decoding=\"async\" class=\"alignnone size-full wp-image-115246\" src=\"https:\/\/publicacoes.estadao.com.br\/guia-da-faculdade\/wp-content\/uploads\/2020\/10\/estrelas-5.png\" alt=\"\" width=\"140\" height=\"28\" \/><br \/>\n5 estrelas<br \/>\n(excelente)<\/li>\n<li><img loading=\"lazy\" decoding=\"async\" class=\"alignnone size-full wp-image-115245\" src=\"https:\/\/publicacoes.estadao.com.br\/guia-da-faculdade\/wp-content\/uploads\/2020\/10\/estrelas-4.png\" alt=\"\" width=\"118\" height=\"30\" \/><br \/>\n4 estrelas<br \/>\n(muito bom)<\/li>\n<li><img loading=\"lazy\" decoding=\"async\" class=\"alignnone size-full wp-image-115244\" src=\"https:\/\/publicacoes.estadao.com.br\/guia-da-faculdade\/wp-content\/uploads\/2020\/10\/estrelas-3.png\" alt=\"\" width=\"90\" height=\"29\" \/><br \/>\n3 estrelas<br \/>\n(bom)<\/li>\n<li><img loading=\"lazy\" decoding=\"async\" class=\"alignnone wp-image-115263 size-full\" src=\"https:\/\/publicacoes.estadao.com.br\/guia-da-faculdade\/wp-content\/uploads\/2020\/10\/sem_notas_g.png\" alt=\"\" width=\"30\" height=\"30\" \/><br \/>\nN\u00e3o estrelado<\/li>\n<li><img loading=\"lazy\" decoding=\"async\" class=\"alignnone wp-image-115261 size-full\" src=\"https:\/\/publicacoes.estadao.com.br\/guia-da-faculdade\/wp-content\/uploads\/2020\/10\/n_avaliado_g.png\" alt=\"\" width=\"25\" height=\"25\" \/><br \/>\nSem notas<\/li>\n<\/ul>\n<\/li>\n<\/ul>\n<p>&nbsp;<\/p>\n<h2><strong>PARCERIA ESTAD\u00c3O \/ QUERO EDUCA\u00c7\u00c3O<\/strong><\/h2>\n<p><img loading=\"lazy\" decoding=\"async\" class=\"alignright wp-image-212565 size-full\" src=\"https:\/\/publicacoes.estadao.com.br\/guia-da-faculdade-2022\/wp-content\/uploads\/2022\/11\/guia-da-faculade_estadao-quero.png\" alt=\"\" width=\"250\" height=\"169\" \/>O <strong>Guia da Faculdade <\/strong>nasceu de uma parceria, fechada no final de 2018, entre o <strong>Estad\u00e3o<\/strong> e uma das principais startups da \u00e1rea educacional do pa\u00eds, a <a href=\"https:\/\/quero.education\/\" target=\"_blank\" rel=\"noopener\"><strong>Quero Educa\u00e7\u00e3o<\/strong><\/a>, empresa com sede em S\u00e3o Jos\u00e9 dos Campos (SP).<\/p>\n<p>No projeto do Guia, coube \u00e0 equipe da Quero a montagem de todo o processo da avalia\u00e7\u00e3o de cursos, incluindo a defini\u00e7\u00e3o da metodologia utilizada, coleta de informa\u00e7\u00f5es das institui\u00e7\u00f5es de ensino, montagem do banco de avaliadores e tabula\u00e7\u00e3o dos dados obtidos.<\/p>\n<p>Os resultados finais da avalia\u00e7\u00e3o s\u00e3o divulgados com exclusividade pelo <strong>Estad\u00e3o<\/strong> em suas diversas plataformas.<\/p>\n<h3><strong>EQUIPE RESPONS\u00c1VEL NA QUERO EDUCA\u00c7\u00c3O<\/strong><\/h3>\n<p>&nbsp;<\/p>\n<h4><strong>L\u00edder do projeto<\/strong><\/h4>\n<p>Fabio Volpe<\/p>\n<p>&nbsp;<\/p>\n<h4><strong>L\u00edder de pesquisa<\/strong><\/h4>\n<p>Felipe Pedreira<\/p>\n<p>&nbsp;<\/p>\n<h4><strong>Pesquisadores<\/strong><\/h4>\n<p>Carolina Moradei, Guilherme Cerqueira, Gustavo Moreira, Larissa N\u00f3brega, Tatiana Rubin e Vict\u00f3ria Pereira<\/p>\n<p>&nbsp;<\/p>\n<h4><strong>Rep\u00f3rteres<\/strong><\/h4>\n<p>Amanda Nonato, Juliana Gottardi, Leonardo Messias, e Nat\u00e1lia Jorge<\/p>\n","protected":false},"excerpt":{"rendered":"<p>&nbsp; PARTICIPA\u00c7\u00c3O DAS INSTITUI\u00c7\u00d5ES Todas as institui\u00e7\u00f5es de Ensino Superior cadastradas no Minist\u00e9rio da Educa\u00e7\u00e3o (universidades, centros universit\u00e1rios, faculdades e institutos) s\u00e3o convidadas para fazer parte do Guia da Faculdade Ap\u00f3s se cadastrarem para participar da avalia\u00e7\u00e3o, as institui\u00e7\u00f5es indicam todos os cursos superiores que est\u00e3o recebendo novos alunos &nbsp; CURSOS AVALIADOS Tanto os cursos &hellip; <a href=\"https:\/\/publicacoes.estadao.com.br\/guia-da-faculdade-2022\/como-e-feita\/\">Continued<\/a><\/p>\n","protected":false},"author":13,"featured_media":0,"parent":0,"menu_order":0,"comment_status":"closed","ping_status":"closed","template":"template-como-e-feita-2022.php","meta":{"footnotes":""},"class_list":["post-209440","page","type-page","status-publish","hentry"],"yoast_head":"<!-- This site is optimized with the Yoast SEO plugin v19.9 - https:\/\/yoast.com\/wordpress\/plugins\/seo\/ -->\n<title>Como \u00e9 feito o Guia - Guia da Faculdade Estad\u00e3o<\/title>\n<meta name=\"robots\" content=\"noindex, follow, max-snippet:-1, max-image-preview:large, max-video-preview:-1\" \/>\n<meta property=\"og:locale\" content=\"pt_BR\" \/>\n<meta property=\"og:type\" content=\"article\" \/>\n<meta property=\"og:title\" content=\"Como \u00e9 feito o Guia - Guia da Faculdade Estad\u00e3o\" \/>\n<meta property=\"og:description\" content=\"&nbsp; PARTICIPA\u00c7\u00c3O DAS INSTITUI\u00c7\u00d5ES Todas as institui\u00e7\u00f5es de Ensino Superior cadastradas no Minist\u00e9rio da Educa\u00e7\u00e3o (universidades, centros universit\u00e1rios, faculdades e institutos) s\u00e3o convidadas para fazer parte do Guia da Faculdade Ap\u00f3s se cadastrarem para participar da avalia\u00e7\u00e3o, as institui\u00e7\u00f5es indicam todos os cursos superiores que est\u00e3o recebendo novos alunos &nbsp; CURSOS AVALIADOS Tanto os cursos &hellip; Continued\" \/>\n<meta property=\"og:url\" content=\"https:\/\/publicacoes.estadao.com.br\/guia-da-faculdade-2022\/como-e-feita\/\" \/>\n<meta property=\"og:site_name\" content=\"Guia da Faculdade Estad\u00e3o\" \/>\n<meta property=\"article:modified_time\" content=\"2022-12-06T21:35:48+00:00\" \/>\n<meta property=\"og:image\" content=\"https:\/\/publicacoes.estadao.com.br\/guia-da-faculdade-2022\/wp-content\/uploads\/2022\/11\/guia-da-faculade_como-foi-feito.png\" \/>\n<meta name=\"twitter:card\" content=\"summary_large_image\" \/>\n<meta name=\"twitter:label1\" content=\"Est. tempo de leitura\" \/>\n\t<meta name=\"twitter:data1\" content=\"6 minutos\" \/>\n<script type=\"application\/ld+json\" class=\"yoast-schema-graph\">{\"@context\":\"https:\/\/schema.org\",\"@graph\":[{\"@type\":\"WebPage\",\"@id\":\"https:\/\/publicacoes.estadao.com.br\/guia-da-faculdade-2022\/como-e-feita\/\",\"url\":\"https:\/\/publicacoes.estadao.com.br\/guia-da-faculdade-2022\/como-e-feita\/\",\"name\":\"Como \u00e9 feito o Guia - Guia da Faculdade Estad\u00e3o\",\"isPartOf\":{\"@id\":\"https:\/\/publicacoes.estadao.com.br\/guia-da-faculdade-2022\/#website\"},\"datePublished\":\"2022-10-26T23:44:07+00:00\",\"dateModified\":\"2022-12-06T21:35:48+00:00\",\"breadcrumb\":{\"@id\":\"https:\/\/publicacoes.estadao.com.br\/guia-da-faculdade-2022\/como-e-feita\/#breadcrumb\"},\"inLanguage\":\"pt-BR\",\"potentialAction\":[{\"@type\":\"ReadAction\",\"target\":[\"https:\/\/publicacoes.estadao.com.br\/guia-da-faculdade-2022\/como-e-feita\/\"]}]},{\"@type\":\"BreadcrumbList\",\"@id\":\"https:\/\/publicacoes.estadao.com.br\/guia-da-faculdade-2022\/como-e-feita\/#breadcrumb\",\"itemListElement\":[{\"@type\":\"ListItem\",\"position\":1,\"name\":\"In\u00edcio\",\"item\":\"https:\/\/publicacoes.estadao.com.br\/guia-da-faculdade-2022\/\"},{\"@type\":\"ListItem\",\"position\":2,\"name\":\"Como \u00e9 feito o Guia\"}]},{\"@type\":\"WebSite\",\"@id\":\"https:\/\/publicacoes.estadao.com.br\/guia-da-faculdade-2022\/#website\",\"url\":\"https:\/\/publicacoes.estadao.com.br\/guia-da-faculdade-2022\/\",\"name\":\"Guia da Faculdade Estad\u00e3o\",\"description\":\"O guia completo dos cursos e faculdades mais bem avaliados do Brasil - parceria Quero Educa\u00e7\u00e3o\",\"potentialAction\":[{\"@type\":\"SearchAction\",\"target\":{\"@type\":\"EntryPoint\",\"urlTemplate\":\"https:\/\/publicacoes.estadao.com.br\/guia-da-faculdade-2022\/?s={search_term_string}\"},\"query-input\":\"required name=search_term_string\"}],\"inLanguage\":\"pt-BR\"}]}<\/script>\n<!-- \/ Yoast SEO plugin. -->","yoast_head_json":{"title":"Como \u00e9 feito o Guia - Guia da Faculdade Estad\u00e3o","robots":{"index":"noindex","follow":"follow","max-snippet":"max-snippet:-1","max-image-preview":"max-image-preview:large","max-video-preview":"max-video-preview:-1"},"og_locale":"pt_BR","og_type":"article","og_title":"Como \u00e9 feito o Guia - Guia da Faculdade Estad\u00e3o","og_description":"&nbsp; PARTICIPA\u00c7\u00c3O DAS INSTITUI\u00c7\u00d5ES Todas as institui\u00e7\u00f5es de Ensino Superior cadastradas no Minist\u00e9rio da Educa\u00e7\u00e3o (universidades, centros universit\u00e1rios, faculdades e institutos) s\u00e3o convidadas para fazer parte do Guia da Faculdade Ap\u00f3s se cadastrarem para participar da avalia\u00e7\u00e3o, as institui\u00e7\u00f5es indicam todos os cursos superiores que est\u00e3o recebendo novos alunos &nbsp; CURSOS AVALIADOS Tanto os cursos &hellip; Continued","og_url":"https:\/\/publicacoes.estadao.com.br\/guia-da-faculdade-2022\/como-e-feita\/","og_site_name":"Guia da Faculdade Estad\u00e3o","article_modified_time":"2022-12-06T21:35:48+00:00","og_image":[{"url":"https:\/\/publicacoes.estadao.com.br\/guia-da-faculdade-2022\/wp-content\/uploads\/2022\/11\/guia-da-faculade_como-foi-feito.png"}],"twitter_card":"summary_large_image","twitter_misc":{"Est. tempo de leitura":"6 minutos"},"schema":{"@context":"https:\/\/schema.org","@graph":[{"@type":"WebPage","@id":"https:\/\/publicacoes.estadao.com.br\/guia-da-faculdade-2022\/como-e-feita\/","url":"https:\/\/publicacoes.estadao.com.br\/guia-da-faculdade-2022\/como-e-feita\/","name":"Como \u00e9 feito o Guia - Guia da Faculdade Estad\u00e3o","isPartOf":{"@id":"https:\/\/publicacoes.estadao.com.br\/guia-da-faculdade-2022\/#website"},"datePublished":"2022-10-26T23:44:07+00:00","dateModified":"2022-12-06T21:35:48+00:00","breadcrumb":{"@id":"https:\/\/publicacoes.estadao.com.br\/guia-da-faculdade-2022\/como-e-feita\/#breadcrumb"},"inLanguage":"pt-BR","potentialAction":[{"@type":"ReadAction","target":["https:\/\/publicacoes.estadao.com.br\/guia-da-faculdade-2022\/como-e-feita\/"]}]},{"@type":"BreadcrumbList","@id":"https:\/\/publicacoes.estadao.com.br\/guia-da-faculdade-2022\/como-e-feita\/#breadcrumb","itemListElement":[{"@type":"ListItem","position":1,"name":"In\u00edcio","item":"https:\/\/publicacoes.estadao.com.br\/guia-da-faculdade-2022\/"},{"@type":"ListItem","position":2,"name":"Como \u00e9 feito o Guia"}]},{"@type":"WebSite","@id":"https:\/\/publicacoes.estadao.com.br\/guia-da-faculdade-2022\/#website","url":"https:\/\/publicacoes.estadao.com.br\/guia-da-faculdade-2022\/","name":"Guia da Faculdade Estad\u00e3o","description":"O guia completo dos cursos e faculdades mais bem avaliados do Brasil - parceria Quero Educa\u00e7\u00e3o","potentialAction":[{"@type":"SearchAction","target":{"@type":"EntryPoint","urlTemplate":"https:\/\/publicacoes.estadao.com.br\/guia-da-faculdade-2022\/?s={search_term_string}"},"query-input":"required name=search_term_string"}],"inLanguage":"pt-BR"}]}},"_links":{"self":[{"href":"https:\/\/publicacoes.estadao.com.br\/guia-da-faculdade-2022\/wp-json\/wp\/v2\/pages\/209440","targetHints":{"allow":["GET"]}}],"collection":[{"href":"https:\/\/publicacoes.estadao.com.br\/guia-da-faculdade-2022\/wp-json\/wp\/v2\/pages"}],"about":[{"href":"https:\/\/publicacoes.estadao.com.br\/guia-da-faculdade-2022\/wp-json\/wp\/v2\/types\/page"}],"author":[{"embeddable":true,"href":"https:\/\/publicacoes.estadao.com.br\/guia-da-faculdade-2022\/wp-json\/wp\/v2\/users\/13"}],"replies":[{"embeddable":true,"href":"https:\/\/publicacoes.estadao.com.br\/guia-da-faculdade-2022\/wp-json\/wp\/v2\/comments?post=209440"}],"version-history":[{"count":13,"href":"https:\/\/publicacoes.estadao.com.br\/guia-da-faculdade-2022\/wp-json\/wp\/v2\/pages\/209440\/revisions"}],"predecessor-version":[{"id":212622,"href":"https:\/\/publicacoes.estadao.com.br\/guia-da-faculdade-2022\/wp-json\/wp\/v2\/pages\/209440\/revisions\/212622"}],"wp:attachment":[{"href":"https:\/\/publicacoes.estadao.com.br\/guia-da-faculdade-2022\/wp-json\/wp\/v2\/media?parent=209440"}],"curies":[{"name":"wp","href":"https:\/\/api.w.org\/{rel}","templated":true}]}}