{"id":115276,"date":"2020-10-24T10:23:18","date_gmt":"2020-10-24T13:23:18","guid":{"rendered":"https:\/\/publicacoes.estadao.com.br\/guia-da-faculdade\/?page_id=115276"},"modified":"2022-12-06T18:36:15","modified_gmt":"2022-12-06T21:36:15","slug":"entenda-as-informacoes","status":"publish","type":"page","link":"https:\/\/publicacoes.estadao.com.br\/guia-da-faculdade-2022\/entenda-as-informacoes\/","title":{"rendered":"Entenda as informa\u00e7\u00f5es &#8211; 2022"},"content":{"rendered":"<h2><strong>ESTRELAS<\/strong><\/h2>\n<p>Resultado ou status do curso na avalia\u00e7\u00e3o. Os conceitos podem ser:<\/p>\n<table width=\"100%\">\n<tbody>\n<tr>\n<td width=\"\"><img loading=\"lazy\" decoding=\"async\" class=\"alignnone size-full wp-image-115246\" src=\"https:\/\/publicacoes.estadao.com.br\/guia-da-faculdade\/wp-content\/uploads\/2020\/10\/estrelas-5.png\" alt=\"\" width=\"140\" height=\"28\" \/><\/td>\n<td width=\"\"><strong>5 estrelas:<\/strong> excelente<\/td>\n<\/tr>\n<tr>\n<td width=\"\"><img loading=\"lazy\" decoding=\"async\" class=\"alignnone size-full wp-image-115245\" src=\"https:\/\/publicacoes.estadao.com.br\/guia-da-faculdade\/wp-content\/uploads\/2020\/10\/estrelas-4.png\" alt=\"\" width=\"118\" height=\"30\" \/><\/td>\n<td width=\"\"><strong>4 estrelas:<\/strong> muito bom<\/td>\n<\/tr>\n<tr>\n<td width=\"\"><img loading=\"lazy\" decoding=\"async\" class=\"alignnone size-full wp-image-115244\" src=\"https:\/\/publicacoes.estadao.com.br\/guia-da-faculdade\/wp-content\/uploads\/2020\/10\/estrelas-3.png\" alt=\"\" width=\"90\" height=\"29\" \/><\/td>\n<td width=\"\"><strong>3 estrelas:<\/strong> bom<\/td>\n<\/tr>\n<tr>\n<td width=\"\"><img loading=\"lazy\" decoding=\"async\" class=\"alignnone size-full wp-image-115263\" src=\"https:\/\/publicacoes.estadao.com.br\/guia-da-faculdade\/wp-content\/uploads\/2020\/10\/sem_notas_g.png\" alt=\"\" width=\"30\" height=\"30\" \/><\/td>\n<td width=\"\"><strong>N\u00e3o estrelado:<\/strong> curso que n\u00e3o atingiu pelo menos 3 estrelas<\/td>\n<\/tr>\n<tr>\n<td width=\"\"><img loading=\"lazy\" decoding=\"async\" class=\"alignnone size-full wp-image-115262\" src=\"https:\/\/publicacoes.estadao.com.br\/guia-da-faculdade\/wp-content\/uploads\/2020\/10\/n_estrelado_g.png\" alt=\"\" width=\"29\" height=\"29\" \/><\/td>\n<td width=\"\"><strong>Sem notas:<\/strong> curso sem o n\u00ba m\u00ednimo de notas para receber uma avalia\u00e7\u00e3o<\/td>\n<\/tr>\n<tr>\n<td width=\"\"><img loading=\"lazy\" decoding=\"async\" class=\"alignnone size-full wp-image-115261\" src=\"https:\/\/publicacoes.estadao.com.br\/guia-da-faculdade\/wp-content\/uploads\/2020\/10\/n_avaliado_g.png\" alt=\"\" width=\"25\" height=\"25\" \/><\/td>\n<td width=\"\"><strong>N\u00e3o avaliado:<\/strong> curso que n\u00e3o atende aos crit\u00e9rios para ser avaliado<\/td>\n<\/tr>\n<\/tbody>\n<\/table>\n<p>&nbsp;<\/p>\n<h2><strong>IES<\/strong><\/h2>\n<p>Aqui aparece o nome da institui\u00e7\u00e3o de ensino superior que oferece o curso<\/p>\n<p>&nbsp;<\/p>\n<h2><strong>NOME\/CURSO<\/strong><\/h2>\n<p>Nome original do curso, como ele \u00e9 chamado dentro da institui\u00e7\u00e3o que o oferece. Exemplo: \u201cMatem\u00e1tica Aplicada a Neg\u00f3cios\u201d<\/p>\n<div class=\"container banner\">\n<!--\n\n<p class=\"patrocinado patrocinado-topo\">PATROCINADO<\/p>\n\n--><\/p>\n<div class='dfp-topo1 hidden-xs hidden-sm'><\/div>\n<div class='dfp-topo2 visible-sm'><\/div>\n<div class='dfp-topo3 visible-xs'><\/div>\n<\/div>\n<p><script type=\"text\/javascript\">\nDFP.renderHtml({\n'selector':'div.dfp-topo1',\n'targets':{\n'formato':'htopo',\n},\n'screenmap':'Horizontal_Max_N_T_60'\n});\nDFP.renderHtml({\n'selector':'div.dfp-topo2',\n'targets':{\n'formato':'htopo',\n},\n'screenmap':'Horizontal_728_N_T_90'\n});\nDFP.renderHtml({\n'selector':'div.dfp-topo3',\n'targets':{\n'formato':'htopo',\n},\n'screenmap':'Horizontal_300_N_T_50'\n});\n<\/script><br \/>\n&nbsp;<\/p>\n<h2><strong>VERBETE<\/strong><\/h2>\n<p>Nome do curso padronizado, que une tipos de gradua\u00e7\u00f5es semelhantes em todo o Pa\u00eds. Seguindo o exemplo acima, o verbete do curso seria \u201cMatem\u00e1tica\u201d<\/p>\n<p>&nbsp;<\/p>\n<h2><strong>TITULA\u00c7\u00c3O<\/strong><\/h2>\n<p>Tipo de titula\u00e7\u00e3o que o curso oferece. Pode ser:<\/p>\n<p>&#8211; Bacharelado<\/p>\n<p>&#8211; Licenciatura<\/p>\n<p>&#8211; Tecnol\u00f3gico<\/p>\n<p>&#8211; Bacharelado e Licenciatura<\/p>\n<p>&#8211; Bacharelado Interdisciplinar<\/p>\n<p>&#8211; Licenciatura Interdisciplinar<\/p>\n<p>&nbsp;<\/p>\n<h2><strong>C\u00c2MPUS<\/strong><\/h2>\n<p>Unidade da institui\u00e7\u00e3o na qual o curso \u00e9 oferecido<\/p>\n<p>&nbsp;<\/p>\n<h2><strong>CATEGORIA<\/strong><\/h2>\n<p>Categoria administrativa da institui\u00e7\u00e3o (p\u00fablica ou privada)<\/p>\n<p>&nbsp;<\/p>\n<h2><strong>DURA\u00c7\u00c3O<\/strong><\/h2>\n<p>Tempo de dura\u00e7\u00e3o do curso. A sigla \u201cn\/i\u201d indica \u201cn\u00e3o informado\u201d pela institui\u00e7\u00e3o<\/p>\n","protected":false},"excerpt":{"rendered":"<p>ESTRELAS Resultado ou status do curso na avalia\u00e7\u00e3o. Os conceitos podem ser: 5 estrelas: excelente 4 estrelas: muito bom 3 estrelas: bom N\u00e3o estrelado: curso que n\u00e3o atingiu pelo menos 3 estrelas Sem notas: curso sem o n\u00ba m\u00ednimo de notas para receber uma avalia\u00e7\u00e3o N\u00e3o avaliado: curso que n\u00e3o atende aos crit\u00e9rios para ser &hellip; <a href=\"https:\/\/publicacoes.estadao.com.br\/guia-da-faculdade-2022\/entenda-as-informacoes\/\">Continued<\/a><\/p>\n","protected":false},"author":5,"featured_media":0,"parent":0,"menu_order":0,"comment_status":"closed","ping_status":"closed","template":"template-entenda-as-informacoes-2022.php","meta":{"footnotes":""},"class_list":["post-115276","page","type-page","status-publish","hentry"],"yoast_head":"<!-- This site is optimized with the Yoast SEO plugin v19.9 - https:\/\/yoast.com\/wordpress\/plugins\/seo\/ -->\n<title>Entenda as informa\u00e7\u00f5es - 2022 - Guia da Faculdade Estad\u00e3o<\/title>\n<meta name=\"robots\" content=\"noindex, follow, max-snippet:-1, max-image-preview:large, max-video-preview:-1\" \/>\n<meta property=\"og:locale\" content=\"pt_BR\" \/>\n<meta property=\"og:type\" content=\"article\" \/>\n<meta property=\"og:title\" content=\"Entenda as informa\u00e7\u00f5es - 2022 - Guia da Faculdade Estad\u00e3o\" \/>\n<meta property=\"og:description\" content=\"ESTRELAS Resultado ou status do curso na avalia\u00e7\u00e3o. Os conceitos podem ser: 5 estrelas: excelente 4 estrelas: muito bom 3 estrelas: bom N\u00e3o estrelado: curso que n\u00e3o atingiu pelo menos 3 estrelas Sem notas: curso sem o n\u00ba m\u00ednimo de notas para receber uma avalia\u00e7\u00e3o N\u00e3o avaliado: curso que n\u00e3o atende aos crit\u00e9rios para ser &hellip; Continued\" \/>\n<meta property=\"og:url\" content=\"https:\/\/publicacoes.estadao.com.br\/guia-da-faculdade-2022\/entenda-as-informacoes\/\" \/>\n<meta property=\"og:site_name\" content=\"Guia da Faculdade Estad\u00e3o\" \/>\n<meta property=\"article:modified_time\" content=\"2022-12-06T21:36:15+00:00\" \/>\n<meta property=\"og:image\" content=\"https:\/\/publicacoes.estadao.com.br\/guia-da-faculdade\/wp-content\/uploads\/2020\/10\/estrelas-5.png\" \/>\n<meta name=\"twitter:card\" content=\"summary_large_image\" \/>\n<meta name=\"twitter:label1\" content=\"Est. tempo de leitura\" \/>\n\t<meta name=\"twitter:data1\" content=\"3 minutos\" \/>\n<script type=\"application\/ld+json\" class=\"yoast-schema-graph\">{\"@context\":\"https:\/\/schema.org\",\"@graph\":[{\"@type\":\"WebPage\",\"@id\":\"https:\/\/publicacoes.estadao.com.br\/guia-da-faculdade-2022\/entenda-as-informacoes\/\",\"url\":\"https:\/\/publicacoes.estadao.com.br\/guia-da-faculdade-2022\/entenda-as-informacoes\/\",\"name\":\"Entenda as informa\u00e7\u00f5es - 2022 - Guia da Faculdade Estad\u00e3o\",\"isPartOf\":{\"@id\":\"https:\/\/publicacoes.estadao.com.br\/guia-da-faculdade-2022\/#website\"},\"datePublished\":\"2020-10-24T13:23:18+00:00\",\"dateModified\":\"2022-12-06T21:36:15+00:00\",\"breadcrumb\":{\"@id\":\"https:\/\/publicacoes.estadao.com.br\/guia-da-faculdade-2022\/entenda-as-informacoes\/#breadcrumb\"},\"inLanguage\":\"pt-BR\",\"potentialAction\":[{\"@type\":\"ReadAction\",\"target\":[\"https:\/\/publicacoes.estadao.com.br\/guia-da-faculdade-2022\/entenda-as-informacoes\/\"]}]},{\"@type\":\"BreadcrumbList\",\"@id\":\"https:\/\/publicacoes.estadao.com.br\/guia-da-faculdade-2022\/entenda-as-informacoes\/#breadcrumb\",\"itemListElement\":[{\"@type\":\"ListItem\",\"position\":1,\"name\":\"In\u00edcio\",\"item\":\"https:\/\/publicacoes.estadao.com.br\/guia-da-faculdade-2022\/\"},{\"@type\":\"ListItem\",\"position\":2,\"name\":\"Entenda as informa\u00e7\u00f5es &#8211; 2022\"}]},{\"@type\":\"WebSite\",\"@id\":\"https:\/\/publicacoes.estadao.com.br\/guia-da-faculdade-2022\/#website\",\"url\":\"https:\/\/publicacoes.estadao.com.br\/guia-da-faculdade-2022\/\",\"name\":\"Guia da Faculdade Estad\u00e3o\",\"description\":\"O guia completo dos cursos e faculdades mais bem avaliados do Brasil - parceria Quero Educa\u00e7\u00e3o\",\"potentialAction\":[{\"@type\":\"SearchAction\",\"target\":{\"@type\":\"EntryPoint\",\"urlTemplate\":\"https:\/\/publicacoes.estadao.com.br\/guia-da-faculdade-2022\/?s={search_term_string}\"},\"query-input\":\"required name=search_term_string\"}],\"inLanguage\":\"pt-BR\"}]}<\/script>\n<!-- \/ Yoast SEO plugin. -->","yoast_head_json":{"title":"Entenda as informa\u00e7\u00f5es - 2022 - Guia da Faculdade Estad\u00e3o","robots":{"index":"noindex","follow":"follow","max-snippet":"max-snippet:-1","max-image-preview":"max-image-preview:large","max-video-preview":"max-video-preview:-1"},"og_locale":"pt_BR","og_type":"article","og_title":"Entenda as informa\u00e7\u00f5es - 2022 - Guia da Faculdade Estad\u00e3o","og_description":"ESTRELAS Resultado ou status do curso na avalia\u00e7\u00e3o. Os conceitos podem ser: 5 estrelas: excelente 4 estrelas: muito bom 3 estrelas: bom N\u00e3o estrelado: curso que n\u00e3o atingiu pelo menos 3 estrelas Sem notas: curso sem o n\u00ba m\u00ednimo de notas para receber uma avalia\u00e7\u00e3o N\u00e3o avaliado: curso que n\u00e3o atende aos crit\u00e9rios para ser &hellip; Continued","og_url":"https:\/\/publicacoes.estadao.com.br\/guia-da-faculdade-2022\/entenda-as-informacoes\/","og_site_name":"Guia da Faculdade Estad\u00e3o","article_modified_time":"2022-12-06T21:36:15+00:00","og_image":[{"url":"https:\/\/publicacoes.estadao.com.br\/guia-da-faculdade\/wp-content\/uploads\/2020\/10\/estrelas-5.png"}],"twitter_card":"summary_large_image","twitter_misc":{"Est. tempo de leitura":"3 minutos"},"schema":{"@context":"https:\/\/schema.org","@graph":[{"@type":"WebPage","@id":"https:\/\/publicacoes.estadao.com.br\/guia-da-faculdade-2022\/entenda-as-informacoes\/","url":"https:\/\/publicacoes.estadao.com.br\/guia-da-faculdade-2022\/entenda-as-informacoes\/","name":"Entenda as informa\u00e7\u00f5es - 2022 - Guia da Faculdade Estad\u00e3o","isPartOf":{"@id":"https:\/\/publicacoes.estadao.com.br\/guia-da-faculdade-2022\/#website"},"datePublished":"2020-10-24T13:23:18+00:00","dateModified":"2022-12-06T21:36:15+00:00","breadcrumb":{"@id":"https:\/\/publicacoes.estadao.com.br\/guia-da-faculdade-2022\/entenda-as-informacoes\/#breadcrumb"},"inLanguage":"pt-BR","potentialAction":[{"@type":"ReadAction","target":["https:\/\/publicacoes.estadao.com.br\/guia-da-faculdade-2022\/entenda-as-informacoes\/"]}]},{"@type":"BreadcrumbList","@id":"https:\/\/publicacoes.estadao.com.br\/guia-da-faculdade-2022\/entenda-as-informacoes\/#breadcrumb","itemListElement":[{"@type":"ListItem","position":1,"name":"In\u00edcio","item":"https:\/\/publicacoes.estadao.com.br\/guia-da-faculdade-2022\/"},{"@type":"ListItem","position":2,"name":"Entenda as informa\u00e7\u00f5es &#8211; 2022"}]},{"@type":"WebSite","@id":"https:\/\/publicacoes.estadao.com.br\/guia-da-faculdade-2022\/#website","url":"https:\/\/publicacoes.estadao.com.br\/guia-da-faculdade-2022\/","name":"Guia da Faculdade Estad\u00e3o","description":"O guia completo dos cursos e faculdades mais bem avaliados do Brasil - parceria Quero Educa\u00e7\u00e3o","potentialAction":[{"@type":"SearchAction","target":{"@type":"EntryPoint","urlTemplate":"https:\/\/publicacoes.estadao.com.br\/guia-da-faculdade-2022\/?s={search_term_string}"},"query-input":"required name=search_term_string"}],"inLanguage":"pt-BR"}]}},"_links":{"self":[{"href":"https:\/\/publicacoes.estadao.com.br\/guia-da-faculdade-2022\/wp-json\/wp\/v2\/pages\/115276","targetHints":{"allow":["GET"]}}],"collection":[{"href":"https:\/\/publicacoes.estadao.com.br\/guia-da-faculdade-2022\/wp-json\/wp\/v2\/pages"}],"about":[{"href":"https:\/\/publicacoes.estadao.com.br\/guia-da-faculdade-2022\/wp-json\/wp\/v2\/types\/page"}],"author":[{"embeddable":true,"href":"https:\/\/publicacoes.estadao.com.br\/guia-da-faculdade-2022\/wp-json\/wp\/v2\/users\/5"}],"replies":[{"embeddable":true,"href":"https:\/\/publicacoes.estadao.com.br\/guia-da-faculdade-2022\/wp-json\/wp\/v2\/comments?post=115276"}],"version-history":[{"count":2,"href":"https:\/\/publicacoes.estadao.com.br\/guia-da-faculdade-2022\/wp-json\/wp\/v2\/pages\/115276\/revisions"}],"predecessor-version":[{"id":212623,"href":"https:\/\/publicacoes.estadao.com.br\/guia-da-faculdade-2022\/wp-json\/wp\/v2\/pages\/115276\/revisions\/212623"}],"wp:attachment":[{"href":"https:\/\/publicacoes.estadao.com.br\/guia-da-faculdade-2022\/wp-json\/wp\/v2\/media?parent=115276"}],"curies":[{"name":"wp","href":"https:\/\/api.w.org\/{rel}","templated":true}]}}