{"id":180160,"date":"2021-10-19T12:10:05","date_gmt":"2021-10-19T15:10:05","guid":{"rendered":"https:\/\/publicacoes.estadao.com.br\/guia-da-faculdade\/?page_id=180160"},"modified":"2021-10-24T10:54:12","modified_gmt":"2021-10-24T13:54:12","slug":"presenciais-2021","status":"publish","type":"page","link":"https:\/\/publicacoes.estadao.com.br\/guia-da-faculdade-2021\/presenciais-2021\/","title":{"rendered":"Presenciais"},"content":{"rendered":"<h2><strong>Como consultar as informa\u00e7\u00f5es<\/strong><\/h2>\n<p>. A rela\u00e7\u00e3o dos melhores cursos presenciais de cada profiss\u00e3o \u00e9 apresentada nas faixas de 5, 4 e 3 estrelas da seguinte forma:<\/p>\n<p>. Por ordem alfab\u00e9tica da sigla do Estado<\/p>\n<p>. Por ordem alfab\u00e9tica do nome da cidade em que o curso \u00e9 oferecido<\/p>\n<p>. Por ordem alfab\u00e9tica da sigla da institui\u00e7\u00e3o de ensino do curso estrelado<\/p>\n<p>. Cursos com titula\u00e7\u00e3o de licenciatura s\u00e3o identificados pela letra \u201cL\u201d entre par\u00eanteses \u2013 (L). Os demais t\u00eam a titula\u00e7\u00e3o de bacharelado. Os cursos com a marca\u00e7\u00e3o \u201cB\/L\u201d oferecem as duas titula\u00e7\u00f5es<\/p>\n<p>. A aus\u00eancia da faixa de 5 estrelas em alguma profiss\u00e3o indica que nenhum curso atingiu esse resultado em 2021<\/p>\n<p>&nbsp;<\/p>\n<h2><strong>Os cursos com mais matr\u00edculas no Brasil<\/strong><\/h2>\n<p>&nbsp;<\/p>\n<table>\n<tbody>\n<tr>\n<td><strong>Curso<\/strong><\/td>\n<td><strong>N\u00ba de alunos matriculados<\/strong><\/td>\n<\/tr>\n<tr>\n<td>Direito<\/td>\n<td>831.350<\/td>\n<\/tr>\n<tr>\n<td>Pedagogia<\/td>\n<td>815.959<\/td>\n<\/tr>\n<tr>\n<td>Administra\u00e7\u00e3o<\/td>\n<td>645.777<\/td>\n<\/tr>\n<tr>\n<td>Ci\u00eancias Cont\u00e1beis<\/td>\n<td>358.240<\/td>\n<\/tr>\n<tr>\n<td>Enfermagem<\/td>\n<td>326.750<\/td>\n<\/tr>\n<tr>\n<td>Engenharia Civil<\/td>\n<td>275.537<\/td>\n<\/tr>\n<tr>\n<td>Psicologia<\/td>\n<td>270.239<\/td>\n<\/tr>\n<tr>\n<td>Educa\u00e7\u00e3o F\u00edsica<\/td>\n<td>222.677<\/td>\n<\/tr>\n<tr>\n<td>Medicina<\/td>\n<td>187.710<\/td>\n<\/tr>\n<tr>\n<td>Sistemas de informa\u00e7\u00e3o<\/td>\n<td>184.845<\/td>\n<\/tr>\n<\/tbody>\n<\/table>\n<p>Fonte: Censo da Educa\u00e7\u00e3o Superior de 2019 &#8211; Inep\/MEC<\/p>\n<blockquote><p><em>Se comparada \u00e0 do ano de 2009, a atual lista dos dez cursos com mais alunos matriculados no Pa\u00eds traz apenas duas mudan\u00e7as. Naquele ano, Servi\u00e7o Social e Fisioterapia estavam na lista. Agora, deram lugar para Engenharia Civil e Psicologia<\/em><\/p><\/blockquote>\n<h2><strong>As melhores gradua\u00e7\u00f5es por \u00e1rea de conhecimento:<\/strong><\/h2>\n<ul>\n<li><a href=\"https:\/\/publicacoes.estadao.com.br\/guia-da-faculdade\/administracao-negocios-e-servicos-2021\">Administra\u00e7\u00e3o, Neg\u00f3cios e Servi\u00e7os<\/a><\/li>\n<li><a href=\"https:\/\/publicacoes.estadao.com.br\/guia-da-faculdade\/artes-e-design-2021\">Artes e Design<\/a><\/li>\n<li><a href=\"https:\/\/publicacoes.estadao.com.br\/guia-da-faculdade\/ciencias-biologicas-e-da-terra-2021\">Ci\u00eancias Biol\u00f3gicas e da Terra<\/a><\/li>\n<li><a href=\"https:\/\/publicacoes.estadao.com.br\/guia-da-faculdade\/ciencias-exatas-e-informatica-2021\">Ci\u00eancias Exatas e Inform\u00e1tica<\/a><\/li>\n<li><a href=\"https:\/\/publicacoes.estadao.com.br\/guia-da-faculdade\/ciencias-humanas-e-comunicacao-2021\">Ci\u00eancias Humanas e Comunica\u00e7\u00e3o<\/a><\/li>\n<li><a href=\"https:\/\/publicacoes.estadao.com.br\/guia-da-faculdade\/engenharias-2021\">Engenharias<\/a><\/li>\n<li><a href=\"https:\/\/publicacoes.estadao.com.br\/guia-da-faculdade\/saude-e-bem-estar-2021\">Sa\u00fade e Bem-Estar<\/a><\/li>\n<\/ul>\n","protected":false},"excerpt":{"rendered":"<p>Como consultar as informa\u00e7\u00f5es . A rela\u00e7\u00e3o dos melhores cursos presenciais de cada profiss\u00e3o \u00e9 apresentada nas faixas de 5, 4 e 3 estrelas da seguinte forma: . Por ordem alfab\u00e9tica da sigla do Estado . Por ordem alfab\u00e9tica do nome da cidade em que o curso \u00e9 oferecido . Por ordem alfab\u00e9tica da sigla &hellip; <a href=\"https:\/\/publicacoes.estadao.com.br\/guia-da-faculdade-2021\/presenciais-2021\/\">Continued<\/a><\/p>\n","protected":false},"author":5,"featured_media":0,"parent":0,"menu_order":0,"comment_status":"closed","ping_status":"closed","template":"template-destaque-presenciais-2021.php","meta":{"footnotes":""},"class_list":["post-180160","page","type-page","status-publish","hentry"],"_links":{"self":[{"href":"https:\/\/publicacoes.estadao.com.br\/guia-da-faculdade-2021\/wp-json\/wp\/v2\/pages\/180160","targetHints":{"allow":["GET"]}}],"collection":[{"href":"https:\/\/publicacoes.estadao.com.br\/guia-da-faculdade-2021\/wp-json\/wp\/v2\/pages"}],"about":[{"href":"https:\/\/publicacoes.estadao.com.br\/guia-da-faculdade-2021\/wp-json\/wp\/v2\/types\/page"}],"author":[{"embeddable":true,"href":"https:\/\/publicacoes.estadao.com.br\/guia-da-faculdade-2021\/wp-json\/wp\/v2\/users\/5"}],"replies":[{"embeddable":true,"href":"https:\/\/publicacoes.estadao.com.br\/guia-da-faculdade-2021\/wp-json\/wp\/v2\/comments?post=180160"}],"version-history":[{"count":7,"href":"https:\/\/publicacoes.estadao.com.br\/guia-da-faculdade-2021\/wp-json\/wp\/v2\/pages\/180160\/revisions"}],"predecessor-version":[{"id":180240,"href":"https:\/\/publicacoes.estadao.com.br\/guia-da-faculdade-2021\/wp-json\/wp\/v2\/pages\/180160\/revisions\/180240"}],"wp:attachment":[{"href":"https:\/\/publicacoes.estadao.com.br\/guia-da-faculdade-2021\/wp-json\/wp\/v2\/media?parent=180160"}],"curies":[{"name":"wp","href":"https:\/\/api.w.org\/{rel}","templated":true}]}}