{"id":180099,"date":"2021-10-15T16:41:27","date_gmt":"2021-10-15T19:41:27","guid":{"rendered":"https:\/\/publicacoes.estadao.com.br\/guia-da-faculdade\/?page_id=180099"},"modified":"2021-10-24T10:53:26","modified_gmt":"2021-10-24T13:53:26","slug":"destaque-privadas-2021","status":"publish","type":"page","link":"https:\/\/publicacoes.estadao.com.br\/guia-da-faculdade-2021\/destaque-privadas-2021\/","title":{"rendered":"Os destaques entre as Institui\u00e7\u00f5es Privadas"},"content":{"rendered":"<p><span style=\"font-weight: 400;\">Entre as dez institui\u00e7\u00f5es privadas que mais se destacaram este ano, seis s\u00e3o pontif\u00edcias universidades cat\u00f3licas (PUCs), atuantes nos Estados de S\u00e3o Paulo, Rio de Janeiro, Minas Gerais, Rio Grande do Sul e Paran\u00e1. No topo desse ranking, no meio das PUCs, aparecem tamb\u00e9m a FGV e o Mackenzie.<\/span><\/p>\n<p><span style=\"font-weight: 400;\">Ainda em volume de gradua\u00e7\u00f5es com o conceito excelente, duas estreias no ranking top 10 deste ano: Anhembi Morumbi e Senac-SP. J\u00e1 na propor\u00e7\u00e3o de notas m\u00e1ximas por cursos avaliados, nenhuma institui\u00e7\u00e3o superou a FGV, com sete de seus nove cursos, oferecidos em tr\u00eas Estados, conquistando 5 estrelas.<\/span><\/p>\n<p>&nbsp;<\/p>\n<h2>As institui\u00e7\u00f5es privadas com mais cursos 5 estrelas<\/h2>\n<table width=\"80%\">\n<tbody>\n<tr>\n<td><b>Institui\u00e7\u00e3o<\/b><\/td>\n<td><b>Estado<\/b><\/td>\n<td><b>N\u00ba de cursos com 5 estrelas<\/b><\/td>\n<\/tr>\n<tr>\n<td><span style=\"font-weight: 400;\">FGV<\/span><\/p>\n<p><span style=\"font-weight: 400;\">PUC-SP<\/span><\/p>\n<p><span style=\"font-weight: 400;\">PUCRS<\/span><\/td>\n<td><span style=\"font-weight: 400;\">RJ\/SP\/DF<\/span><\/p>\n<p><span style=\"font-weight: 400;\">SP<\/span><\/p>\n<p><span style=\"font-weight: 400;\">RS<\/span><\/td>\n<td><span style=\"font-weight: 400;\">7<\/span><\/td>\n<\/tr>\n<tr>\n<td><span style=\"font-weight: 400;\">Mackenzie<\/span><span style=\"font-weight: 400;\"><br \/>\n<\/span><span style=\"font-weight: 400;\">PUC-Campinas<\/span><\/td>\n<td><span style=\"font-weight: 400;\">SP<\/span><\/p>\n<p><span style=\"font-weight: 400;\">SP<\/span><\/td>\n<td><span style=\"font-weight: 400;\">6<\/span><\/td>\n<\/tr>\n<tr>\n<td><span style=\"font-weight: 400;\">PUC-Rio<\/span><\/td>\n<td><span style=\"font-weight: 400;\">RJ<\/span><\/td>\n<td><span style=\"font-weight: 400;\">5<\/span><\/td>\n<\/tr>\n<tr>\n<td><span style=\"font-weight: 400;\">PUC MInas<\/span><\/p>\n<p><span style=\"font-weight: 400;\">PUCPR<\/span><\/td>\n<td><span style=\"font-weight: 400;\">MG<\/span><\/p>\n<p><span style=\"font-weight: 400;\">PR<\/span><\/td>\n<td><span style=\"font-weight: 400;\">4<\/span><\/td>\n<\/tr>\n<tr>\n<td><span style=\"font-weight: 400;\">Anhembi Morumbi<\/span><\/p>\n<p><span style=\"font-weight: 400;\">Senac-SP<\/span><\/p>\n<p><span style=\"font-weight: 400;\">Unisinos<\/span><\/td>\n<td><span style=\"font-weight: 400;\">SP<\/span><\/p>\n<p><span style=\"font-weight: 400;\">SP<\/span><\/p>\n<p><span style=\"font-weight: 400;\">RS<\/span><\/td>\n<td><span style=\"font-weight: 400;\">2<\/span><\/td>\n<\/tr>\n<\/tbody>\n<\/table>\n<p>&nbsp;<\/p>\n<p><i><span style=\"font-weight: 400;\">70 gradua\u00e7\u00f5es em institui\u00e7\u00f5es privadas atingiram 5 estrelas no <\/span><\/i><b><i>Guia da Faculdade<\/i><\/b><i><span style=\"font-weight: 400;\"> em 2021. Isso representa um crescimento de 34% em rela\u00e7\u00e3o ao n\u00famero obtido por essas institui\u00e7\u00f5es no ano passado (52 cursos com nota m\u00e1xima)<\/span><\/i><\/p>\n<p>&nbsp;<\/p>\n<div class=\"area_cor\">\n<h2>As institui\u00e7\u00f5es privadas com maior porcentual de cursos com 5 estrelas*<\/h2>\n<p>&nbsp;<\/p>\n<table>\n<tbody>\n<tr>\n<td><b>Institui\u00e7\u00e3o<\/b><\/td>\n<td><b>Estado<\/b><\/td>\n<td><b>% de cursos com 5 estrelas<\/b><\/td>\n<td><b>N\u00ba de cursos avaliados<\/b><\/td>\n<\/tr>\n<tr>\n<td><span style=\"font-weight: 400;\">FGV<\/span><\/td>\n<td><span style=\"font-weight: 400;\">RJ\/SP\/DF<\/span><\/td>\n<td><span style=\"font-weight: 400;\">78%<\/span><\/td>\n<td><span style=\"font-weight: 400;\">9<\/span><\/td>\n<\/tr>\n<tr>\n<td><span style=\"font-weight: 400;\">Fipecafi<\/span><\/td>\n<td><span style=\"font-weight: 400;\">SP<\/span><\/td>\n<td><span style=\"font-weight: 400;\">50%<\/span><\/td>\n<td><span style=\"font-weight: 400;\">2<\/span><\/td>\n<\/tr>\n<tr>\n<td><span style=\"font-weight: 400;\">Faculdades EST<\/span><\/td>\n<td><span style=\"font-weight: 400;\">RS<\/span><\/td>\n<td><span style=\"font-weight: 400;\">33%<\/span><\/td>\n<td><span style=\"font-weight: 400;\">3<\/span><\/td>\n<\/tr>\n<tr>\n<td><span style=\"font-weight: 400;\">PUC-SP<\/span><\/td>\n<td><span style=\"font-weight: 400;\">SP<\/span><\/td>\n<td><span style=\"font-weight: 400;\">23%<\/span><\/td>\n<td><span style=\"font-weight: 400;\">30<\/span><\/td>\n<\/tr>\n<tr>\n<td><span style=\"font-weight: 400;\">ESPM Sul<\/span><\/p>\n<p><span style=\"font-weight: 400;\">Insper<\/span><\/td>\n<td><span style=\"font-weight: 400;\">RS<\/span><\/p>\n<p><span style=\"font-weight: 400;\">SP<\/span><\/td>\n<td><span style=\"font-weight: 400;\">20%<\/span><\/td>\n<td><span style=\"font-weight: 400;\">5<\/span><\/p>\n<p><span style=\"font-weight: 400;\">5<\/span><\/td>\n<\/tr>\n<tr>\n<td><span style=\"font-weight: 400;\">PUCRS<\/span><\/td>\n<td><span style=\"font-weight: 400;\">RS<\/span><\/td>\n<td><span style=\"font-weight: 400;\">18%<\/span><\/td>\n<td><span style=\"font-weight: 400;\">40<\/span><\/td>\n<\/tr>\n<tr>\n<td><span style=\"font-weight: 400;\">Est\u00e1cio Europan<\/span><\/td>\n<td><span style=\"font-weight: 400;\">SP<\/span><\/td>\n<td><span style=\"font-weight: 400;\">17%<\/span><\/td>\n<td><span style=\"font-weight: 400;\">6<\/span><\/td>\n<\/tr>\n<tr>\n<td><span style=\"font-weight: 400;\">Mackenzie<\/span><\/td>\n<td><span style=\"font-weight: 400;\">SP<\/span><\/td>\n<td><span style=\"font-weight: 400;\">16%<\/span><\/td>\n<td><span style=\"font-weight: 400;\">37<\/span><\/td>\n<\/tr>\n<tr>\n<td><span style=\"font-weight: 400;\">ESPM SP<\/span><\/p>\n<p><span style=\"font-weight: 400;\">Fecap<\/span><\/td>\n<td><span style=\"font-weight: 400;\">SP<\/span><\/p>\n<p><span style=\"font-weight: 400;\">SP<\/span><\/td>\n<td><span style=\"font-weight: 400;\">14%<\/span><\/td>\n<td><span style=\"font-weight: 400;\">7<\/span><\/p>\n<p><span style=\"font-weight: 400;\">7<\/span><\/td>\n<\/tr>\n<\/tbody>\n<\/table>\n<p>&nbsp;<\/p>\n<p><i><span style=\"font-weight: 400;\">* Entre as institui\u00e7\u00f5es com um m\u00ednimo de dois cursos avaliados<\/span><\/i><\/p>\n<p><i><span style=\"font-weight: 400;\">Duas institui\u00e7\u00f5es que tiveram apenas um curso avaliado cada conseguiram a nota m\u00e1xima para as suas gradua\u00e7\u00f5es: em S\u00e3o Paulo, a Faculdade Israelita de Ci\u00eancias da Sa\u00fade Albert Einstein (Enfermagem); no Rio Grande do Sul, a FMP (Direito)<\/span><\/i>\n<\/div>\n","protected":false},"excerpt":{"rendered":"<p>Entre as dez institui\u00e7\u00f5es privadas que mais se destacaram este ano, seis s\u00e3o pontif\u00edcias universidades cat\u00f3licas (PUCs), atuantes nos Estados de S\u00e3o Paulo, Rio de Janeiro, Minas Gerais, Rio Grande do Sul e Paran\u00e1. No topo desse ranking, no meio das PUCs, aparecem tamb\u00e9m a FGV e o Mackenzie. Ainda em volume de gradua\u00e7\u00f5es com &hellip; <a href=\"https:\/\/publicacoes.estadao.com.br\/guia-da-faculdade-2021\/destaque-privadas-2021\/\">Continued<\/a><\/p>\n","protected":false},"author":5,"featured_media":0,"parent":0,"menu_order":0,"comment_status":"closed","ping_status":"closed","template":"template-destaque-privadas-2021.php","meta":{"footnotes":""},"class_list":["post-180099","page","type-page","status-publish","hentry"],"_links":{"self":[{"href":"https:\/\/publicacoes.estadao.com.br\/guia-da-faculdade-2021\/wp-json\/wp\/v2\/pages\/180099","targetHints":{"allow":["GET"]}}],"collection":[{"href":"https:\/\/publicacoes.estadao.com.br\/guia-da-faculdade-2021\/wp-json\/wp\/v2\/pages"}],"about":[{"href":"https:\/\/publicacoes.estadao.com.br\/guia-da-faculdade-2021\/wp-json\/wp\/v2\/types\/page"}],"author":[{"embeddable":true,"href":"https:\/\/publicacoes.estadao.com.br\/guia-da-faculdade-2021\/wp-json\/wp\/v2\/users\/5"}],"replies":[{"embeddable":true,"href":"https:\/\/publicacoes.estadao.com.br\/guia-da-faculdade-2021\/wp-json\/wp\/v2\/comments?post=180099"}],"version-history":[{"count":12,"href":"https:\/\/publicacoes.estadao.com.br\/guia-da-faculdade-2021\/wp-json\/wp\/v2\/pages\/180099\/revisions"}],"predecessor-version":[{"id":180236,"href":"https:\/\/publicacoes.estadao.com.br\/guia-da-faculdade-2021\/wp-json\/wp\/v2\/pages\/180099\/revisions\/180236"}],"wp:attachment":[{"href":"https:\/\/publicacoes.estadao.com.br\/guia-da-faculdade-2021\/wp-json\/wp\/v2\/media?parent=180099"}],"curies":[{"name":"wp","href":"https:\/\/api.w.org\/{rel}","templated":true}]}}